{"id":21274,"date":"2018-01-02T01:01:11","date_gmt":"2018-01-02T01:01:11","guid":{"rendered":"http:\/\/biblian.is\/videy\/nehemiabok-12-kafli\/"},"modified":"2018-01-02T01:01:11","modified_gmt":"2018-01-02T01:01:11","slug":"nehemiabok-12-kafli","status":"publish","type":"page","link":"https:\/\/biblian.is\/videy\/nehemiabok-12-kafli\/","title":{"rendered":"Nehem\u00edab\u00f3k 12. kafli"},"content":{"rendered":"<div class=\"fyrirsognVidey\">Upptaldir prestarnir og Lev\u00edtarnir. Borgarveggirnir v\u00edg\u00f0ir. Menn tilsettir til a\u00f0 hafa umsj\u00f3n yfir tekjum musterisins og s. fr.<\/div>\n<p><a name=\"1\"><span class=\"versanumer\">1<\/span><\/a>\u00deessir voru \u00feeir prestar og Lev\u00edtar, sem f\u00f3ru upp me\u00f0 S\u00f3r\u00f3babel Sealtielssyni og Jes\u00faa: Seraja, Jerem\u00eda, Esra.<a name=\"2\"><span class=\"versanumer\">2<\/span><\/a>Amr\u00eda, Malluk, Hatt\u00fas,<a name=\"3\"><span class=\"versanumer\">3<\/span><\/a>Sekania, Rehum, Meremot,<a name=\"4\"><span class=\"versanumer\">4<\/span><\/a>Iddo, Ginntoi, Ab\u00eda,<a name=\"5\"><span class=\"versanumer\">5<\/span><\/a>M\u00edamin, Maadia, Bilga,<a name=\"6\"><span class=\"versanumer\">6<\/span><\/a>Semeja, Jojarib, Jedaja.<a name=\"7\"><span class=\"versanumer\">7<\/span><\/a>Sallu, Amuk, Hilkia, Jedaia; \u00feetta voru h\u00f6f\u00f0ingjar prestanna og br\u00e6\u00f0ra \u00feeirra \u00e1 d\u00f6gum Jes\u00faa.<a name=\"8\"><span class=\"versanumer\">8<\/span><\/a>Lev\u00edtarnir: Jes\u00faa, Binnui, Kadmiel, Serebia, J\u00fada, Mattania hann og br\u00e6\u00f0ur hans voru settir yfir lofs\u00f6nginn,<a name=\"9\"><span class=\"versanumer\">9<\/span><\/a>og Bakb\u00fakia og Unni, br\u00e6\u00f0ur \u00feeirra, eins og \u00feeir til g\u00e6slu \u00fear \u00e1.<a name=\"10\"><span class=\"versanumer\">10<\/span><\/a>En Jes\u00faa gat J\u00f3jakim, og J\u00f3jakim gat El\u00edasib, og Eliasib gat J\u00f3jada,<a name=\"11\"><span class=\"versanumer\">11<\/span><\/a>og J\u00f3jada gat J\u00f3natan, og J\u00f3natan gat Jadd\u00faa.<br \/><a name=\"12\"><span class=\"versanumer\">12<\/span><\/a>\u00c1 d\u00f6gum J\u00f3jakims voru \u00feessir \u00e6ttar h\u00f6f\u00f0ingjar \u00e1 me\u00f0al prestanna: af <span class='VideyAth'>(ni\u00f0jum)<\/span> Seraja Meraja, af <span class='VideyAth'>(ni\u00f0jum)<\/span> Jerem\u00eda Hanan\u00eda,<a name=\"13\"><span class=\"versanumer\">13<\/span><\/a>af <span class='VideyAth'>(ni\u00f0jum)<\/span> Esra Mesullam, af <span class='VideyAth'>(ni\u00f0jum)<\/span> Amarja J\u00f3hanan,<a name=\"14\"><span class=\"versanumer\">14<\/span><\/a>af <span class='VideyAth'>(ni\u00f0jum)<\/span> Meluki J\u00f3natan, af <span class='VideyAth'>(ni\u00f0jum)<\/span> Sebania J\u00f3sep,<a name=\"15\"><span class=\"versanumer\">15<\/span><\/a>af <span class='VideyAth'>(ni\u00f0jum)<\/span> Harims Adna, af <span class='VideyAth'>(ni\u00f0jum)<\/span> Merajots Helkai,<a name=\"16\"><span class=\"versanumer\">16<\/span><\/a>af <span class='VideyAth'>(ni\u00f0jum)<\/span> Iddos Sakar\u00eda, af <span class='VideyAth'>(ni\u00f0jum)<\/span> Gintons Mesullam,<a name=\"17\"><span class=\"versanumer\">17<\/span><\/a>af <span class='VideyAth'>(ni\u00f0jum)<\/span> Ab\u00eda Sikri, af <span class='VideyAth'>(ni\u00f0jum)<\/span> Minjamin, <span class='VideyAth'>(kominn)<\/span> af Moadia, Piltai,<a name=\"18\"><span class=\"versanumer\">18<\/span><\/a>af <span class='VideyAth'>(ni\u00f0jum)<\/span> Bilga Sammua, af <span class='VideyAth'>(ni\u00f0jum)<\/span> Semaja J\u00f3natan,<a name=\"19\"><span class=\"versanumer\">19<\/span><\/a>af <span class='VideyAth'>(ni\u00f0jum)<\/span> J\u00f3jar\u00edbs Matnai, af <span class='VideyAth'>(ni\u00f0jum)<\/span> Jedaia Usi,<a name=\"20\"><span class=\"versanumer\">20<\/span><\/a>af <span class='VideyAth'>(ni\u00f0jum)<\/span> Sallai Kallai, af <span class='VideyAth'>(ni\u00f0jum)<\/span> Amos Eber,<a name=\"21\"><span class=\"versanumer\">21<\/span><\/a>af <span class='VideyAth'>(ni\u00f0jum)<\/span> Hilkia Hasabia, af <span class='VideyAth'>(ni\u00f0jum)<\/span> Jedaia Nethaneel. <br \/><a name=\"22\"><span class=\"versanumer\">22<\/span><\/a>\u00c1 d\u00f6gum Eliasibs, J\u00f3hanans og Jad\u00faa voru uppskrifa\u00f0ir af Lev\u00edtunum \u00e6tth\u00f6f\u00f0ingjarnir, og af prestunum undir Dar\u00edusar, ens persiska, r\u00edkisstj\u00f3rn,<a name=\"23\"><span class=\"versanumer\">23<\/span><\/a>\u00e6ttah\u00f6f\u00f0ingjar afkomenda Lev\u00ed, eru uppskrifa\u00f0ir \u00ed ann\u00e1lab\u00f3k \u00feeirrar t\u00ed\u00f0ar allt til dags J\u00f3hanans, sonar Eliasibs;<a name=\"24\"><span class=\"versanumer\">24<\/span><\/a>og voru h\u00f6f\u00f0ingjar Lev\u00edtanna \u00feessir: Hasabia, Serebia og Jes\u00faa Kadm\u00edelsson, gagnvart \u00feeim sem voru settir til a\u00f0 lofa og vegsama <span class='VideyAth'>(Gu\u00f0)<\/span> eftir reglugj\u00f6r\u00f0 Dav\u00ed\u00f0s, \u00feess gu\u00f0smanns, h\u00f3pur hj\u00e1 h\u00f3p <span class='VideyAth'>a)<\/span>.<a name=\"25\"><span class=\"versanumer\">25<\/span><\/a>Mattan\u00eda og Bakbukia, \u00d3bad\u00eda, Mesullam, Talmon, Akk\u00fab, h\u00e9ldu v\u00f6r\u00f0 sem dyraver\u00f0ir \u00e1 var\u00f0mannasv\u00e6\u00f0inu hj\u00e1 for\u00f0ab\u00farum portanna <span class='VideyAth'>b)<\/span>.<a name=\"26\"><span class=\"versanumer\">26<\/span><\/a>\u00deessir voru \u00e1 d\u00f6gum J\u00f3jakims, sonar Jes\u00faa, sonar Josadaks; og \u00e1 d\u00f6gum Nehem\u00eda landsh\u00f6f\u00f0ingja, og Esra prests, \u00feess skriftl\u00e6r\u00f0a. <br \/><a name=\"27\"><span class=\"versanumer\">27<\/span><\/a>\u00deegar borgarveggir Jer\u00fasalems \u00e1ttu a\u00f0 v\u00edgjast, kraf\u00f0i hann a\u00f0 menn skyldu s\u00e6kja Lev\u00edtana fr\u00e1 \u00f6llum \u00feeirra st\u00f6\u00f0um, til a\u00f0 halda v\u00edgslu- og gle\u00f0ih\u00e1t\u00ed\u00f0 me\u00f0 lofgj\u00f6r\u00f0ars\u00f6ngum og hlj\u00f3\u00f0f\u00e6rasl\u00e6tti, bumbum, hlj\u00f3\u00f0p\u00edpum og h\u00f6rpum.<a name=\"28\"><span class=\"versanumer\">28<\/span><\/a>\u00de\u00e1 s\u00f6fnu\u00f0ust saman allir s\u00f6ngvarar fr\u00e1 n\u00e1grenninu allt \u00ed kringum Jer\u00fasalem fr\u00e1 n\u00e1grenninu allt \u00ed kringum Jer\u00fasalem, og fr\u00e1 Natobi \u00feorpum,<a name=\"29\"><span class=\"versanumer\">29<\/span><\/a>fr\u00e1 Bet-Gilgal og landareign Giba og Asmavet; \u00fev\u00ed s\u00f6ngvararnir h\u00f6f\u00f0u byggt s\u00e9r b\u00e6i allt \u00ed kringum Jer\u00fasalem.<a name=\"30\"><span class=\"versanumer\">30<\/span><\/a>Og prestarnir og Lev\u00edtarnir hreinsu\u00f0u sig, \u00feeir hreinsu\u00f0u og l\u00fd\u00f0inn, borgarhli\u00f0in og borgarveggina.<a name=\"31\"><span class=\"versanumer\">31<\/span><\/a>A\u00f0 \u00fev\u00ed b\u00fanu l\u00e9t eg h\u00f6f\u00f0ingja J\u00fada <span class='VideyAth'>(\u00e6ttkv\u00edslar)<\/span> st\u00edga upp \u00e1 borgarvegginn og tilsetti tvo lofgj\u00f6r\u00f0ars\u00f6ngk\u00f3ra mikla, <span class='VideyAth'>(annar \u00feeirra)<\/span> skyldi ofan \u00e1, \u00e1 borgarveggnum, halda til h\u00e6gri handar, a\u00f0 Mykjuhli\u00f0inu,<a name=\"32\"><span class=\"versanumer\">32<\/span><\/a>og gekk H\u00f3sa\u00eda og helmingur af J\u00fada <span class='VideyAth'>(\u00e6ttkv\u00edslar)<\/span> h\u00f6f\u00f0ingjum \u00e1 eftir \u00feeim,<a name=\"33\"><span class=\"versanumer\">33<\/span><\/a>nefnilega: Asar\u00eda, Esra og Mesullam,<a name=\"34\"><span class=\"versanumer\">34<\/span><\/a>J\u00fada, Benjam\u00edn, Semaja og Jerem\u00eda;<a name=\"35\"><span class=\"versanumer\">35<\/span><\/a>og synir prestanna <span class='VideyAth'>c)<\/span> me\u00f0 b\u00e1s\u00fanum: Sakar\u00eda, sonur J\u00f3natans, sonar Semaja, sonar Mathan\u00eda, sonar Mikaja, sonar Sak\u00fars, sonar Asafs,<a name=\"36\"><span class=\"versanumer\">36<\/span><\/a>og br\u00e6\u00f0ur hans: Semaja og Asareel, Milelai, Gilelai, Maai, Nethanael og J\u00fada, Hanani me\u00f0 hlj\u00f3\u00f0f\u00e6rum Dav\u00ed\u00f0s, gu\u00f0smanns, og Esra, hinn skriftl\u00e6r\u00f0i <span class='VideyAth'>(var)<\/span> fyrir \u00feeim.<a name=\"37\"><span class=\"versanumer\">37<\/span><\/a>Og hj\u00e1 brunnhli\u00f0inu <span class='VideyAth'>d)<\/span> gagnvart \u00feeim gengu \u00feeir upp tr\u00f6ppur Dav\u00ed\u00f0sborgar, \u00fear sem gengi\u00f0 er upp \u00e1 borgarvegginn, fyrir ofan Dav\u00ed\u00f0sh\u00fas allt til Vatnshli\u00f0sins, \u00e1 m\u00f3ti austri.<a name=\"38\"><span class=\"versanumer\">38<\/span><\/a>En annar lofgj\u00f6r\u00f0ars\u00f6ngk\u00f3rinn h\u00e9lt gagnst\u00e6\u00f0an veg, og eg \u00e1 eftir \u00feeim og helmingur l\u00fd\u00f0sins, yfir borgarvegginn, yfir Ofnturninn, allt til Brei\u00f0aveggjarins, og yfir Efraimshli\u00f0, yfir Gamlahli\u00f0i\u00f0<a name=\"39\"><span class=\"versanumer\">39<\/span><\/a>og yfir Fiskahli\u00f0i\u00f0 og Hananeelsturn og turninn Mea, allt til Fj\u00e1rhli\u00f0sins og nam sta\u00f0ar vi\u00f0 myrkvastofuhli\u00f0i\u00f0.<a name=\"40\"><span class=\"versanumer\">40<\/span><\/a>Og svo st\u00f3\u00f0u b\u00e1\u00f0ir lofgj\u00f6r\u00f0ars\u00f6ngk\u00f3rarnir hj\u00e1 Gu\u00f0s h\u00fasi, og eg, og helmingur forst\u00f6\u00f0umanna l\u00fd\u00f0sins.<a name=\"41\"><span class=\"versanumer\">41<\/span><\/a>Og prestarnir: El\u00edakim, Maese\u00eda, Min\u00edamin, Mikaia, Elionai, Sakar\u00eda og Hanan\u00eda me\u00f0 b\u00e1s\u00fanum,<a name=\"42\"><span class=\"versanumer\">42<\/span><\/a>og Maeseia, Semaira og Eleaser, og Usi og J\u00f3hanan, og Malkia, Elam og Eser, og s\u00f6ngvararnir l\u00e9ku \u00e1 hlj\u00f3\u00f0f\u00e6ri, en Jesrahia var fyrirli\u00f0inn.<a name=\"43\"><span class=\"versanumer\">43<\/span><\/a>Menn framb\u00e1ru \u00feenna dag mikla sl\u00e1tursf\u00f3rnir og gl\u00f6ddu sig, \u00fev\u00ed Gu\u00f0 haf\u00f0i veitt \u00feeim mikla gle\u00f0i, og konur og b\u00f6rn gl\u00f6ddu sig l\u00edka; og \u00feessi gle\u00f0i Jer\u00fasalems fr\u00e9ttist v\u00ed\u00f0svegar. <br \/><a name=\"44\"><span class=\"versanumer\">44<\/span><\/a>\u00c1 sama degi voru settir menn yfir for\u00f0ab\u00far fj\u00e1rhirslunnar fyrir upplyftingarf\u00f3rnir, frumgr\u00f3\u00f0a f\u00f3rnir og t\u00edundir, til \u00feess \u00feanga\u00f0 v\u00e6ri fluttur s\u00e1 hluti af l\u00f6ndum sta\u00f0anna, sem prestunum og Lev\u00edtunum bar eftir l\u00f6gm\u00e1linu, \u00fev\u00ed a\u00f0 J\u00fadaland gladdist yfir prestunum og Lev\u00edtunum;<a name=\"45\"><span class=\"versanumer\">45<\/span><\/a>og a\u00f0 \u00feeir g\u00e6ttu \u00feess, sem g\u00e6ta \u00e1tti fyrir Gu\u00f0i, og \u00feess sem g\u00e6ta <span class='VideyAth'>a)<\/span> \u00e1tti hreinsuninni vi\u00f0komandi, og svo hva\u00f0 s\u00f6ngvurunum og dyrav\u00f6r\u00f0um vi\u00f0kom, samkv\u00e6mt \u00fev\u00ed sem Dav\u00ed\u00f0 og hans sonur Salm\u00f3n h\u00f6f\u00f0u tilsett.<a name=\"46\"><span class=\"versanumer\">46<\/span><\/a>\u00dev\u00ed for\u00f0um \u00e1 d\u00f6gum Dav\u00ed\u00f0s og Asafs, voru h\u00f6f\u00f0ingjar yfir s\u00f6ngvurunum, til voru og lofgj\u00f6r\u00f0ar- og \u00feakkl\u00e6tiss\u00f6ngvar til Gu\u00f0s.<a name=\"47\"><span class=\"versanumer\">47<\/span><\/a>Og allur \u00cdsraelsl\u00fd\u00f0ur \u00e1kvar\u00f0a\u00f0i \u00e1 d\u00f6gum S\u00f3r\u00f3babels og d\u00f6gum Nehem\u00eda v\u00edst tilteki\u00f0 fyrir s\u00f6ngvarana og dyraver\u00f0ina, vissan skerf fyrir hv\u00f6rn dag; og hann helga\u00f0i <span class='VideyAth'>(v\u00edst tilteki\u00f0)<\/span> Lev\u00edtunum og Lev\u00edtarnir Aronsni\u00f0jum <span class='VideyAth'>b)<\/span>.<\/p>\n<div class=\"footnoteVidey\">V. 9. \u00cd 4 M\u00f3s. 10,10. er \u00fat\u00ferykkilega bo\u00f0i\u00f0 af Drottni a\u00f0 \u00ed b\u00e1s\u00fanur skuli bl\u00e1sast \u00e1 h\u00e1t\u00ed\u00f0um og \u00feegar \u00e1 musterisins altari v\u00e6ri f\u00f3rnf\u00e6rt, og Dav\u00ed\u00f0 setti s\u00ed\u00f0ar til, a\u00f0 s\u00f6ngur og hlj\u00f3\u00f0f\u00e6ra sl\u00e1ttur skyldi br\u00fakast vi\u00f0 gu\u00f0s\u00fej\u00f3nustuna og skipti \u00feeim Lev\u00edtum \u00ed flokka, sem a\u00f0 \u00fev\u00ed \u00fej\u00f3nu\u00f0u, sj\u00e1 1 Kron. 24,5. 26,1\u20137. Sbr. 2 Kron. 5,11\u201313. o. s. fr. V. 24. a. L\u00edklegast meintur: s\u00f6ngk\u00f3rah\u00f3pur, sem \u00e1ttu a\u00f0 leika \u00e1 hlj\u00f3\u00f0f\u00e6ri og syngja \u00e1 v\u00edxl, sbr. 2 Kron. 7,6.  V. 25. b. L\u00edklega meint: port forgar\u00f0a musterisins.  V. 35. c. \u00de. e. l\u00e6risveinar \u00feeirra og \u00feeir sem st\u00f3\u00f0u til a\u00f0 ver\u00f0a prestar.  V. 37. d. Er l\u00e1 vestanvert inn til borgarinnar, vi\u00f0 S\u00edonsfjalls r\u00e6tur.  V. 45. a. Nefnil. a\u00f0 musterinu og \u00fev\u00ed vi\u00f0komandi v\u00e6ri hreinu haldi\u00f0, a\u00f0 ekkert \u00f3hreint k\u00e6mi n\u00e6rri \u00fev\u00ed, skera \u00far hva\u00f0 \u00f3hreint v\u00e6ri, og hva\u00f0 vi\u00f0 \u00fea\u00f0 v\u00e6ri a\u00f0 gj\u00f6ra og s. fr: eins og tilteki\u00f0 er \u00ed M\u00f3sesl\u00f6gum.  V. 47. b. \u00de. e. prestunum. Kap. 13,1. c. sj\u00e1 5 M\u00f3s. 23,3.<\/div>\n","protected":false},"excerpt":{"rendered":"<p>Upptaldir prestarnir og Lev\u00edtarnir. Borgarveggirnir v\u00edg\u00f0ir. Menn tilsettir til a\u00f0 hafa umsj\u00f3n yfir tekjum musterisins og s. fr. 1\u00deessir voru \u00feeir prestar og Lev\u00edtar, sem f\u00f3ru upp me\u00f0 S\u00f3r\u00f3babel Sealtielssyni og Jes\u00faa: Seraja, Jerem\u00eda, Esra.2Amr\u00eda, Malluk, Hatt\u00fas,3Sekania, Rehum, Meremot,4Iddo, Ginntoi, Ab\u00eda,5M\u00edamin, Maadia, Bilga,6Semeja, Jojarib, Jedaja.7Sallu, Amuk, Hilkia, Jedaia; \u00feetta voru h\u00f6f\u00f0ingjar prestanna og br\u00e6\u00f0ra \u00feeirra \u00e1 d\u00f6gum Jes\u00faa.8Lev\u00edtarnir: Jes\u00faa, Binnui, Kadmiel, Serebia, J\u00fada, Mattania hann og br\u00e6\u00f0ur hans voru settir yfir lofs\u00f6nginn,9og Bakb\u00fakia og Unni, br\u00e6\u00f0ur \u00feeirra, eins og \u00feeir til g\u00e6slu \u00fear \u00e1.10En Jes\u00faa gat J\u00f3jakim, og J\u00f3jakim gat El\u00edasib, og Eliasib gat J\u00f3jada,11og J\u00f3jada gat J\u00f3natan, og J\u00f3natan <a href=\"https:\/\/biblian.is\/videy\/nehemiabok-12-kafli\/\"> [&#8230;]<\/a><\/p>\n","protected":false},"author":1,"featured_media":0,"parent":0,"menu_order":0,"comment_status":"open","ping_status":"open","template":"bibliukaflar.php","meta":{"footnotes":""},"class_list":["post-21274","page","type-page","status-publish","hentry"],"_links":{"self":[{"href":"https:\/\/biblian.is\/videy\/wp-json\/wp\/v2\/pages\/21274","targetHints":{"allow":["GET"]}}],"collection":[{"href":"https:\/\/biblian.is\/videy\/wp-json\/wp\/v2\/pages"}],"about":[{"href":"https:\/\/biblian.is\/videy\/wp-json\/wp\/v2\/types\/page"}],"author":[{"embeddable":true,"href":"https:\/\/biblian.is\/videy\/wp-json\/wp\/v2\/users\/1"}],"replies":[{"embeddable":true,"href":"https:\/\/biblian.is\/videy\/wp-json\/wp\/v2\/comments?post=21274"}],"version-history":[{"count":0,"href":"https:\/\/biblian.is\/videy\/wp-json\/wp\/v2\/pages\/21274\/revisions"}],"wp:attachment":[{"href":"https:\/\/biblian.is\/videy\/wp-json\/wp\/v2\/media?parent=21274"}],"curies":[{"name":"wp","href":"https:\/\/api.w.org\/{rel}","templated":true}]}}