{"id":21273,"date":"2018-01-02T01:01:11","date_gmt":"2018-01-02T01:01:11","guid":{"rendered":"http:\/\/biblian.is\/videy\/nehemiabok-11-kafli\/"},"modified":"2018-01-02T01:01:11","modified_gmt":"2018-01-02T01:01:11","slug":"nehemiabok-11-kafli","status":"publish","type":"page","link":"https:\/\/biblian.is\/videy\/nehemiabok-11-kafli\/","title":{"rendered":"Nehem\u00edab\u00f3k 11. kafli"},"content":{"rendered":"<div class=\"fyrirsognVidey\">Um \u00fea\u00f0 hv\u00f6rjir bjuggu \u00ed Jer\u00fasalem og \u00feorpunum.<\/div>\n<p><a name=\"1\"><span class=\"versanumer\">1<\/span><\/a>H\u00f6f\u00f0ingjar l\u00fd\u00f0sins bjuggu \u00ed Jer\u00fasalem; en hinir af l\u00fd\u00f0num v\u00f6rpu\u00f0u hlutkesti <span class='VideyAth'>(\u00fear um \u00feannig)<\/span>, a\u00f0 einn af t\u00edu t\u00e6ki s\u00e9r b\u00fasta\u00f0 \u00ed Jer\u00fasalem, \u00feeirri helgu borg, en hinir n\u00edu <span class='VideyAth'>(v\u00e6ru)<\/span> \u00ed hinum st\u00f6\u00f0unum;<a name=\"2\"><span class=\"versanumer\">2<\/span><\/a>og l\u00fd\u00f0urinn blessa\u00f0i \u00fe\u00e1, sem s\u00fdndu sig f\u00fasa til a\u00f0 b\u00faa \u00ed Jer\u00fasalem.<br \/><a name=\"3\"><span class=\"versanumer\">3<\/span><\/a>\u00deessir eru h\u00f6f\u00f0ingjar landsins, sem bjuggu \u00ed Jer\u00fasalem. En \u00ed J\u00fadalandsst\u00f6\u00f0um, bj\u00f3 hv\u00f6r \u00e1 eign sinni \u00ed s\u00ednum \u00feorpum: \u00cdsraelsmenn, prestarnir, Lev\u00edtarnir, helgid\u00f3ms\u00fej\u00f3narnir og afkomendur \u00fej\u00f3na Sal\u00f3mons.<a name=\"4\"><span class=\"versanumer\">4<\/span><\/a>\u00cd Jer\u00fasalem bjuggu af J\u00fada og Benjam\u00edns afkomendum: Af afkomendum J\u00fada: Atai Usias son, sonar Sakaria, sonar Amaria, sonar Sefatia, sonar Mahelalels af afkomendum Peres,<a name=\"5\"><span class=\"versanumer\">5<\/span><\/a>og Maeseia, sonur Bar\u00faks, sonar Kol-Hofes, sonar Hasaia, sonar Adajas, sonar Jojaribs, sonar Sakaria, sonar Salons.<a name=\"6\"><span class=\"versanumer\">6<\/span><\/a>Allir synir Peres <span class='VideyAth'>(samtaldir)<\/span> sem bjuggu \u00ed Jer\u00fasalem v\u00f3ru fj\u00f6gur hundru\u00f0, sext\u00edu og \u00e1tta, vaskir menn.<a name=\"7\"><span class=\"versanumer\">7<\/span><\/a>En afkomendur Benjam\u00edns v\u00f3ru: Sallu, sonur Mesullams, sonar J\u00f3eds, sonar Pedaja, sonar K\u00f3laia, sonar Maeseia, sonar Itiels, sonar Jesaja,<a name=\"8\"><span class=\"versanumer\">8<\/span><\/a>og eftir hann Gabai, Sallai, n\u00edu hundru\u00f0, tuttugu og \u00e1tta;<a name=\"9\"><span class=\"versanumer\">9<\/span><\/a>og J\u00f3el, sonur Sikris var yfirma\u00f0ur \u00feeirra, og J\u00fada, sonur Sen\u00faa, var annar \u00e6\u00f0stur yfir borginni.<a name=\"10\"><span class=\"versanumer\">10<\/span><\/a>Af prestunum: Jedaia, sonur Jojaribs, Jakin,<a name=\"11\"><span class=\"versanumer\">11<\/span><\/a>Seraja, sonur Hilkia, sonar Mesullams, sonar Sadoks, sonar Merajots, sonar Ahitobs, umsj\u00f3narmanns Gu\u00f0s h\u00fass,<a name=\"12\"><span class=\"versanumer\">12<\/span><\/a>og br\u00e6\u00f0ur \u00feeirra, sem gj\u00f6r\u00f0u \u00fea\u00f0 sem gj\u00f6ra \u00feurfti \u00ed h\u00fasinu <span class='VideyAth'>e)<\/span>, alls \u00e1tta hundru\u00f0, tuttugu og tveir, og Adaia, sonur Jer\u00f3hams, sonar Pelalia, sonar Amisi, sonar Sakaria, sonar Pash\u00fars, sonar Malkia,<a name=\"13\"><span class=\"versanumer\">13<\/span><\/a>og br\u00e6\u00f0ur hans h\u00f6f\u00f0ingjar \u00e6ttfe\u00f0ra <span class='VideyAth'>(h\u00fasa)<\/span>, tv\u00f6 hundru\u00f0, fj\u00f6rut\u00edu og tveir, og Amasai, sonur Asarels, sonur Ahesaia, sonar Mesillemots, sonar Immers,<a name=\"14\"><span class=\"versanumer\">14<\/span><\/a>og \u00feeirra br\u00e6\u00f0ur, er v\u00f3ru miklar hetjur <span class='VideyAth'>(alls)<\/span> hundra\u00f0, tuttugu og \u00e1tta, og yfirma\u00f0ur \u00feeirra var Sabdiel, sonur Gedolims.<a name=\"15\"><span class=\"versanumer\">15<\/span><\/a>En af Lev\u00edtunum: Semaja, sonur Has\u00fab, Asrikams, sonar Hasabia, sonar B\u00fani,<a name=\"16\"><span class=\"versanumer\">16<\/span><\/a>og af h\u00f6f\u00f0ingjum Lev\u00edtanna: Sabtai og J\u00f3sabad, <span class='VideyAth'>(sem settir voru)<\/span> til a\u00f0 sj\u00e1 um utanh\u00fassverk Gu\u00f0s h\u00fass,<a name=\"17\"><span class=\"versanumer\">17<\/span><\/a>og Mathan\u00eda, Mikkasson, sonar Sabdis, sonar Asafs, sem var fyrirli\u00f0i \u00feeirra er byrju\u00f0u lofgj\u00f6r\u00f0ars\u00f6nginn, og Bakbukia n\u00e6stur eftir hann af br\u00e6\u00f0rum hans, og Abda, sonur Sammua, sonur Galals, sonar Jed\u00fat\u00fan;<a name=\"18\"><span class=\"versanumer\">18<\/span><\/a>allir Lev\u00edtarnir \u00ed borginni helgu, voru tv\u00f6 hundru\u00f0, \u00e1ttat\u00edu og fj\u00f3rir.<a name=\"19\"><span class=\"versanumer\">19<\/span><\/a>En dyraver\u00f0irnir v\u00f3ru: Akub, Talm\u00f3n og \u00feeirra br\u00e6\u00f0ur, sem h\u00e9ldu v\u00f6r\u00f0 vi\u00f0 hli\u00f0in, hundra\u00f0, sj\u00f6t\u00edu og tveir.<a name=\"20\"><span class=\"versanumer\">20<\/span><\/a>En hinir a\u00f0rir af \u00cdsraels l\u00fd\u00f0, prestarnir og Lev\u00edtarnir, bjuggu \u00ed \u00f6llum \u00f6\u00f0rum st\u00f6\u00f0um J\u00fadalands, hv\u00f6r \u00e1 eign sinni.<a name=\"21\"><span class=\"versanumer\">21<\/span><\/a>En helgid\u00f3ms\u00fej\u00f3narnir bjuggu \u00e1 h\u00e6\u00f0inni <span class='VideyAth'>a)<\/span>, og S\u00edha og Gisfa voru settir yfir \u00fe\u00e1.<a name=\"22\"><span class=\"versanumer\">22<\/span><\/a>En umsj\u00f3narma\u00f0ur Lev\u00edtanna \u00ed Jer\u00fasalem, var Usi Banisson, sonar Hasabia, sonar Mathan\u00eda, sonar Mika, afkomandi Asafs, fyrirli\u00f0i s\u00f6ngvaranna vi\u00f0 \u00fej\u00f3nustuna \u00ed Gu\u00f0s h\u00fasi.<a name=\"23\"><span class=\"versanumer\">23<\/span><\/a>\u00dev\u00ed bo\u00f0or\u00f0 var af k\u00f3nginum gefi\u00f0 um \u00fe\u00e1 og vist kaup handa s\u00f6ngvurunum fyrir hv\u00f6rn dag;<a name=\"24\"><span class=\"versanumer\">24<\/span><\/a>\u00fev\u00ed Petaia, sonur Mesesabels, einn af afkomendum Seras, J\u00fadasonar, var k\u00f3nginum vi\u00f0 h\u00f6nd \u00ed \u00f6llu \u00fev\u00ed sem l\u00fd\u00f0num vi\u00f0kom. <br \/><a name=\"25\"><span class=\"versanumer\">25<\/span><\/a>Hva\u00f0 \u00feorpin snertir \u00ed l\u00f6ndum \u00feeirra, \u00fe\u00e1 bjuggu nokkrir af afkomendum J\u00fada \u00ed Kirjat-Arba og \u00feorpunum, sem undir hana liggja, og \u00ed Dibon og \u00feorpum hennar og Kapsel og hennar \u00feorpum,<a name=\"26\"><span class=\"versanumer\">26<\/span><\/a>og \u00ed Jes\u00faa, og Molada og Bet-Palet,<a name=\"27\"><span class=\"versanumer\">27<\/span><\/a>og \u00ed Hasar-S\u00faal og Ber-Seba og \u00feorpunum, sem undir hana liggja,<a name=\"28\"><span class=\"versanumer\">28<\/span><\/a>og \u00ed Siklag og Makona og hennar \u00feorpum,<a name=\"29\"><span class=\"versanumer\">29<\/span><\/a>\u00ed En-Rimmon, Sora og Jarm\u00fat,<a name=\"30\"><span class=\"versanumer\">30<\/span><\/a>\u00ed Sanoa, Adullam og \u00feeirra \u00feorpum, \u00ed Lakis og landi hennar, \u00ed Aseka og undirliggjandi \u00feorpum, og h\u00f6f\u00f0u tj\u00f6ld s\u00edn fr\u00e1 Ber-Seba og allt til Hinnomsdals <span class='VideyAth'>b)<\/span>.<a name=\"31\"><span class=\"versanumer\">31<\/span><\/a>En Benjam\u00ednsafkomendur fr\u00e1 Geba bjuggu \u00ed Mikmas, Aja og Bet-El og hennar \u00feorpum,<a name=\"32\"><span class=\"versanumer\">32<\/span><\/a>\u00ed Anatot, Nob, Anania,<a name=\"33\"><span class=\"versanumer\">33<\/span><\/a>Hasor, Rama og Gitaim,<a name=\"34\"><span class=\"versanumer\">34<\/span><\/a>Hadid, Seboim, Neballat;<a name=\"35\"><span class=\"versanumer\">35<\/span><\/a>Lod og Ono, og \u00ed Smi\u00f0adalnum <span class='VideyAth'>c)<\/span>. <br \/><a name=\"36\"><span class=\"versanumer\">36<\/span><\/a>Nokkrir af Lev\u00edtanna flokkum, sem \u00e1ttu b\u00fasta\u00f0 \u00ed J\u00fada <span class='VideyAth'>(\u00e6ttkv\u00edslar)<\/span> landi, bjuggu \u00ed landi Benjam\u00edn\u00edtanna.<\/p>\n<div class=\"footnoteVidey\">V. 12. e. \u00de. e. \u00ed musterinu sj\u00e1lfu.  V. 21. a. H\u00e6\u00f0 \u00e1 S\u00edonsfjalli.  V. 30. b. d. Dalur su\u00f0austur undan Jer\u00fasalem.  V. 35. Dalur n\u00e1l\u00e6gt Jer\u00fasalem \u00e1 takm\u00f6rkum J\u00fada \u00e6ttkv\u00edslar og Benjamins.<\/div>\n","protected":false},"excerpt":{"rendered":"<p>Um \u00fea\u00f0 hv\u00f6rjir bjuggu \u00ed Jer\u00fasalem og \u00feorpunum. 1H\u00f6f\u00f0ingjar l\u00fd\u00f0sins bjuggu \u00ed Jer\u00fasalem; en hinir af l\u00fd\u00f0num v\u00f6rpu\u00f0u hlutkesti (\u00fear um \u00feannig), a\u00f0 einn af t\u00edu t\u00e6ki s\u00e9r b\u00fasta\u00f0 \u00ed Jer\u00fasalem, \u00feeirri helgu borg, en hinir n\u00edu (v\u00e6ru) \u00ed hinum st\u00f6\u00f0unum;2og l\u00fd\u00f0urinn blessa\u00f0i \u00fe\u00e1, sem s\u00fdndu sig f\u00fasa til a\u00f0 b\u00faa \u00ed Jer\u00fasalem.3\u00deessir eru h\u00f6f\u00f0ingjar landsins, sem bjuggu \u00ed Jer\u00fasalem. En \u00ed J\u00fadalandsst\u00f6\u00f0um, bj\u00f3 hv\u00f6r \u00e1 eign sinni \u00ed s\u00ednum \u00feorpum: \u00cdsraelsmenn, prestarnir, Lev\u00edtarnir, helgid\u00f3ms\u00fej\u00f3narnir og afkomendur \u00fej\u00f3na Sal\u00f3mons.4\u00cd Jer\u00fasalem bjuggu af J\u00fada og Benjam\u00edns afkomendum: Af afkomendum J\u00fada: Atai Usias son, sonar Sakaria, sonar Amaria, sonar Sefatia, sonar Mahelalels <a href=\"https:\/\/biblian.is\/videy\/nehemiabok-11-kafli\/\"> [&#8230;]<\/a><\/p>\n","protected":false},"author":1,"featured_media":0,"parent":0,"menu_order":0,"comment_status":"open","ping_status":"open","template":"bibliukaflar.php","meta":{"footnotes":""},"class_list":["post-21273","page","type-page","status-publish","hentry"],"_links":{"self":[{"href":"https:\/\/biblian.is\/videy\/wp-json\/wp\/v2\/pages\/21273","targetHints":{"allow":["GET"]}}],"collection":[{"href":"https:\/\/biblian.is\/videy\/wp-json\/wp\/v2\/pages"}],"about":[{"href":"https:\/\/biblian.is\/videy\/wp-json\/wp\/v2\/types\/page"}],"author":[{"embeddable":true,"href":"https:\/\/biblian.is\/videy\/wp-json\/wp\/v2\/users\/1"}],"replies":[{"embeddable":true,"href":"https:\/\/biblian.is\/videy\/wp-json\/wp\/v2\/comments?post=21273"}],"version-history":[{"count":0,"href":"https:\/\/biblian.is\/videy\/wp-json\/wp\/v2\/pages\/21273\/revisions"}],"wp:attachment":[{"href":"https:\/\/biblian.is\/videy\/wp-json\/wp\/v2\/media?parent=21273"}],"curies":[{"name":"wp","href":"https:\/\/api.w.org\/{rel}","templated":true}]}}