{"id":21272,"date":"2018-01-02T01:01:11","date_gmt":"2018-01-02T01:01:11","guid":{"rendered":"http:\/\/biblian.is\/videy\/nehemiabok-10-kafli\/"},"modified":"2018-01-02T01:01:11","modified_gmt":"2018-01-02T01:01:11","slug":"nehemiabok-10-kafli","status":"publish","type":"page","link":"https:\/\/biblian.is\/videy\/nehemiabok-10-kafli\/","title":{"rendered":"Nehem\u00edab\u00f3k 10. kafli"},"content":{"rendered":"<div class=\"fyrirsognVidey\">F\u00f3lki\u00f0 \u00e1n\u00fdjar s\u00e1ttm\u00e1la sinn vi\u00f0 Gu\u00f0.<\/div>\n<p><a name=\"1\"><span class=\"versanumer\">1<\/span><\/a>\u00c1hr\u00e6randi allt \u00feetta gj\u00f6r\u00f0um v\u00e9r sta\u00f0fastan s\u00e1ttm\u00e1la og h\u00f6f\u00f0ingjar vorir, Lev\u00edtar og prestar innsiglu\u00f0u hann.<a name=\"2\"><span class=\"versanumer\">2<\/span><\/a>Og \u00feeir er innsiglu\u00f0u voru \u00feessir: Nehem\u00eda Tirsasiti, sonur Hakalia og Sedekia,<a name=\"3\"><span class=\"versanumer\">3<\/span><\/a>Seraia, Asaria, Jerem\u00eda,<a name=\"4\"><span class=\"versanumer\">4<\/span><\/a>Pas\u00far, Amaria, Malkia,<a name=\"5\"><span class=\"versanumer\">5<\/span><\/a>Hattus, Sebania, Mal\u00fak,<a name=\"6\"><span class=\"versanumer\">6<\/span><\/a>Harim, Meremot, \u00d3badia,<a name=\"7\"><span class=\"versanumer\">7<\/span><\/a>Dan\u00edel, Ginton, Bar\u00fak,<a name=\"8\"><span class=\"versanumer\">8<\/span><\/a>Mesuallam, Abia, Miamin,<a name=\"9\"><span class=\"versanumer\">9<\/span><\/a>Maasia, Bilgai, Semaja; \u00feetta voru prestarnir.<a name=\"10\"><span class=\"versanumer\">10<\/span><\/a>En Lev\u00edtar <span class='VideyAth'>(v\u00f3ru \u00feessir)<\/span>: Jesua, sonur Asania, Binn\u00fai, einn af sonum Henedads, Kadmiel,<a name=\"11\"><span class=\"versanumer\">11<\/span><\/a>og br\u00e6\u00f0ur \u00feeirra: Sebania, Hod\u00eda, Kl\u00edta, Pelaia, Hanan,<a name=\"12\"><span class=\"versanumer\">12<\/span><\/a>Mika, Rehob, Hasabia,<a name=\"13\"><span class=\"versanumer\">13<\/span><\/a>Sakur, Serabia, Sebania,<a name=\"14\"><span class=\"versanumer\">14<\/span><\/a>Hodia, Bani, Beninu;<a name=\"15\"><span class=\"versanumer\">15<\/span><\/a>h\u00f6f\u00f0ingjar l\u00fd\u00f0sins voru: Pareos, Pahat, M\u00f3ab, Elam, Sat\u00fa, Bani,<a name=\"16\"><span class=\"versanumer\">16<\/span><\/a>Buni, Asgad, Bebai,<a name=\"17\"><span class=\"versanumer\">17<\/span><\/a>Adonia, Bigvai, Adin,<a name=\"18\"><span class=\"versanumer\">18<\/span><\/a>Ater, Himskia, Aj\u00far,<a name=\"19\"><span class=\"versanumer\">19<\/span><\/a>Hodia, Hasum, Besai,<a name=\"20\"><span class=\"versanumer\">20<\/span><\/a>Harit, Anatot, Nevbai,<a name=\"21\"><span class=\"versanumer\">21<\/span><\/a>Magpias, Mes\u00fallam, Hes\u00edr,<a name=\"22\"><span class=\"versanumer\">22<\/span><\/a>Mesesabel, Sadok, Jad\u00faa,<a name=\"23\"><span class=\"versanumer\">23<\/span><\/a>Platia, Hanon, Anaia,<a name=\"24\"><span class=\"versanumer\">24<\/span><\/a>H\u00f3sea, Hanania, Has\u00fab,<a name=\"25\"><span class=\"versanumer\">25<\/span><\/a>Hal\u00f3hes, Pila, S\u00f3bek,<a name=\"26\"><span class=\"versanumer\">26<\/span><\/a>Reh\u00fam, Hasabna, Maeseia,<a name=\"27\"><span class=\"versanumer\">27<\/span><\/a>Ahia, Hanan, Anan,<a name=\"28\"><span class=\"versanumer\">28<\/span><\/a>Mall\u00fak, Harim, Baena.<a name=\"29\"><span class=\"versanumer\">29<\/span><\/a>Og hinir af l\u00fd\u00f0num, prestarnir, dyraver\u00f0irnir, Lev\u00edtarnir, s\u00f6ngvararnir, helgid\u00f3ms\u00fej\u00f3narnir, og s\u00e9rhv\u00f6r s\u00e1, sem haf\u00f0i teki\u00f0 sig fr\u00e1 \u00fej\u00f3\u00f0um <span class='VideyAth'>(hei\u00f0nu)<\/span> landanna, til <span class='VideyAth'>(hl\u00fd\u00f0ni)<\/span> vi\u00f0 l\u00f6gm\u00e1l Gu\u00f0s, konur \u00feeirra, synir og d\u00e6tur, s\u00e9rhv\u00f6r skynugur og vitur,<a name=\"30\"><span class=\"versanumer\">30<\/span><\/a>gekk \u00ed flokk me\u00f0 s\u00ednum g\u00f6fugari br\u00e6\u00f0rum, og \u00ed ei\u00f0 og svardaga <span class='VideyAth'>(me\u00f0 \u00feeim)<\/span>, a\u00f0 \u00feeir vildu fylgja l\u00f6gm\u00e1li Gu\u00f0s, sem hann gaf fyrir h\u00f6nd M\u00f3sis, \u00fej\u00f3ns \u00fe\u00edns, og halda og uppfylla \u00f6ll bo\u00f0or\u00f0 Drottins vors Herra, og hans r\u00e9ttindi og setninga;<a name=\"31\"><span class=\"versanumer\">31<\/span><\/a>og a\u00f0 v\u00e9r ekki skyldum gefa d\u00e6tur vorar \u00fej\u00f3\u00f0um landsins og v\u00e9r ekki taka \u00feeirra d\u00e6tur handa sonum vorum;<a name=\"32\"><span class=\"versanumer\">32<\/span><\/a>og \u00feegar l\u00fd\u00f0ir landsins f\u00e6r\u00f0u oss varning og alls lags korn til kaups, a\u00f0 v\u00e9r eigi skyldum taka vi\u00f0 \u00fev\u00ed af \u00feeim \u00e1 hv\u00edldardegi, e\u00f0a \u00f6\u00f0rum helgum d\u00f6gum <span class='VideyAth'>a)<\/span>; og a\u00f0 v\u00e9r skyldum l\u00e1ta sj\u00f6unda \u00e1ri\u00f0 yrkingarlaust <span class='VideyAth'>b)<\/span>, og gefa upp allar skuldir. <br \/><a name=\"33\"><span class=\"versanumer\">33<\/span><\/a>Og v\u00e9r l\u00f6g\u00f0um \u00e1 oss \u00fea\u00f0 l\u00f6gm\u00e1l: \u00e1rlega a\u00f0 gefa \u00feri\u00f0ja part sikils til \u00fej\u00f3nustuh\u00fass Gu\u00f0s vors,<a name=\"34\"><span class=\"versanumer\">34<\/span><\/a>til sko\u00f0unarbrau\u00f0a, st\u00f6\u00f0ugra matf\u00f3rna, st\u00f6\u00f0ugra brennif\u00f3rna \u00e1 hv\u00edldard\u00f6gum, \u00e1 tunglkomuh\u00e1t\u00ed\u00f0um og <span class='VideyAth'>(\u00f6\u00f0rum)<\/span> f\u00f6stum h\u00e1t\u00ed\u00f0um, og til \u00feess sem helga\u00f0 er, og til syndaf\u00f3rna til a\u00f0 forl\u00edka fyrir \u00cdsraelsl\u00fd\u00f0s og til alls konar verks \u00ed h\u00fasi Gu\u00f0s vors.<a name=\"35\"><span class=\"versanumer\">35<\/span><\/a>Og v\u00e9r v\u00f6rpu\u00f0um hlutkesti um g\u00e1furnar til brennivi\u00f0arins, prestarnir, Lev\u00edtarnir og l\u00fd\u00f0urinn <span class='VideyAth'>a)<\/span>, eftir fe\u00f0ra vorra h\u00fasum, um a\u00f0 flytja hann til h\u00fass Gu\u00f0s vors \u00e1 \u00e1kve\u00f0num t\u00edmum, \u00e1r eftir \u00e1r, til eldsneytis \u00e1 altari Drottins vors Gu\u00f0s, eins og fyrir er m\u00e6lt \u00ed l\u00f6gm\u00e1linu.<a name=\"36\"><span class=\"versanumer\">36<\/span><\/a>S\u00f6mulei\u00f0is <span class='VideyAth'>(vi\u00f0t\u00f3kum v\u00e9r)<\/span> \u00e1r eftir \u00e1r a\u00f0 koma me\u00f0 til h\u00fass Drottins frumgr\u00f3\u00f0a lands vors og aldinvi\u00f0ar;<a name=\"37\"><span class=\"versanumer\">37<\/span><\/a>frumbur\u00f0i vorra sona og f\u00e9na\u00f0ar, eins og skrifa\u00f0 er \u00ed l\u00f6gm\u00e1linu; og a\u00f0 f\u00e6ra til h\u00fass Gu\u00f0s vors, til prestanna, sem \u00fej\u00f3na \u00ed h\u00fasi vors Gu\u00f0s, frumbur\u00f0i nautpenings vors og sm\u00e1f\u00e9na\u00f0ar;<a name=\"38\"><span class=\"versanumer\">38<\/span><\/a>og hi\u00f0 fyrsta af vorum upplyftingarf\u00f3rnum og \u00e1v\u00f6xtum allra trj\u00e1a; og a\u00f0 v\u00e9r af n\u00fdju v\u00edni og vi\u00f0smj\u00f6ri skyldum f\u00e6ra prestunum \u00ed sali h\u00fass Gu\u00f0s vors, og Lev\u00edtunum t\u00edund af landi voru, \u00fev\u00ed Lev\u00edtarnir eiga a\u00f0 gjalda <span class='VideyAth'>(aftur)<\/span> t\u00edund af hverri \u00feeirri borg <span class='VideyAth'>(sem liggur \u00fear, sem)<\/span> v\u00e9r h\u00f6fum akuryrkju <span class='VideyAth'>b)<\/span>;<a name=\"39\"><span class=\"versanumer\">39<\/span><\/a>og presturinn <span class='VideyAth'>c)<\/span>, ni\u00f0ji Arons, skal vera hj\u00e1 Lev\u00edtunum, \u00feegar \u00feeir grei\u00f0a t\u00edundina; \u00fev\u00ed Lev\u00edtarnir eiga a\u00f0 koma me\u00f0 t\u00edundina af t\u00edundinni upp til h\u00fass Gu\u00f0s vors, til sala fj\u00e1rhirslu h\u00fassins <span class='VideyAth'>d)<\/span>;<a name=\"40\"><span class=\"versanumer\">40<\/span><\/a>\u00fev\u00ed til \u00feessara sala skulu \u00cdsraels menn og Lev\u00edtarnir koma me\u00f0 upplyftingar f\u00f3rnir kornsins, \u00feess n\u00fdja v\u00edns og vi\u00f0smj\u00f6rs: <span class='VideyAth'>(\u00fear eru \u00feau helgu ker, prestarnir, sem \u00fej\u00f3nustunnar g\u00e6ta, dyraver\u00f0irnir og s\u00f6ngvararnir)<\/span>, svo a\u00f0 v\u00e9r ekki yfirgefum h\u00fas Gu\u00f0s vors.<\/p>\n<div class=\"footnoteVidey\">V. 35. a. L\u00edklegast: vissir \u00fatvaldir af l\u00fd\u00f0num.  V. 38. b. Lev\u00edtarnir fengu ekkert akurlendi heldur beitiland einungis 1000 \u00e1lnir \u00fat fr\u00e1 borgum \u00feeirra \u00e1 alla vegu allt \u00ed kring, 4 M\u00f3s. 35,1\u20135; \u00fear fyrir utan l\u00e1gu akurl\u00f6nd annarra \u00cdsraelsmanna.  V. 39. c. L\u00edklegast: \u00e6\u00f0sti presturinn. d. \u00cd s\u00f6lunum, sem voru bygg\u00f0ir \u00ed kringum musteri, en ei \u00e1fastir vi\u00f0 \u00fea\u00f0, bjuggu prestarnir; \u00fear voru og geymdir d\u00fdrgripir og fj\u00e1rsj\u00f3\u00f0ur musterisins, og \u00fea\u00f0 \u00fev\u00ed galst.<\/div>\n","protected":false},"excerpt":{"rendered":"<p>F\u00f3lki\u00f0 \u00e1n\u00fdjar s\u00e1ttm\u00e1la sinn vi\u00f0 Gu\u00f0. 1\u00c1hr\u00e6randi allt \u00feetta gj\u00f6r\u00f0um v\u00e9r sta\u00f0fastan s\u00e1ttm\u00e1la og h\u00f6f\u00f0ingjar vorir, Lev\u00edtar og prestar innsiglu\u00f0u hann.2Og \u00feeir er innsiglu\u00f0u voru \u00feessir: Nehem\u00eda Tirsasiti, sonur Hakalia og Sedekia,3Seraia, Asaria, Jerem\u00eda,4Pas\u00far, Amaria, Malkia,5Hattus, Sebania, Mal\u00fak,6Harim, Meremot, \u00d3badia,7Dan\u00edel, Ginton, Bar\u00fak,8Mesuallam, Abia, Miamin,9Maasia, Bilgai, Semaja; \u00feetta voru prestarnir.10En Lev\u00edtar (v\u00f3ru \u00feessir): Jesua, sonur Asania, Binn\u00fai, einn af sonum Henedads, Kadmiel,11og br\u00e6\u00f0ur \u00feeirra: Sebania, Hod\u00eda, Kl\u00edta, Pelaia, Hanan,12Mika, Rehob, Hasabia,13Sakur, Serabia, Sebania,14Hodia, Bani, Beninu;15h\u00f6f\u00f0ingjar l\u00fd\u00f0sins voru: Pareos, Pahat, M\u00f3ab, Elam, Sat\u00fa, Bani,16Buni, Asgad, Bebai,17Adonia, Bigvai, Adin,18Ater, Himskia, Aj\u00far,19Hodia, Hasum, Besai,20Harit, Anatot, Nevbai,21Magpias, Mes\u00fallam, Hes\u00edr,22Mesesabel, Sadok, Jad\u00faa,23Platia, Hanon, Anaia,24H\u00f3sea, Hanania, Has\u00fab,25Hal\u00f3hes, <a href=\"https:\/\/biblian.is\/videy\/nehemiabok-10-kafli\/\"> [&#8230;]<\/a><\/p>\n","protected":false},"author":1,"featured_media":0,"parent":0,"menu_order":0,"comment_status":"open","ping_status":"open","template":"bibliukaflar.php","meta":{"footnotes":""},"class_list":["post-21272","page","type-page","status-publish","hentry"],"_links":{"self":[{"href":"https:\/\/biblian.is\/videy\/wp-json\/wp\/v2\/pages\/21272","targetHints":{"allow":["GET"]}}],"collection":[{"href":"https:\/\/biblian.is\/videy\/wp-json\/wp\/v2\/pages"}],"about":[{"href":"https:\/\/biblian.is\/videy\/wp-json\/wp\/v2\/types\/page"}],"author":[{"embeddable":true,"href":"https:\/\/biblian.is\/videy\/wp-json\/wp\/v2\/users\/1"}],"replies":[{"embeddable":true,"href":"https:\/\/biblian.is\/videy\/wp-json\/wp\/v2\/comments?post=21272"}],"version-history":[{"count":0,"href":"https:\/\/biblian.is\/videy\/wp-json\/wp\/v2\/pages\/21272\/revisions"}],"wp:attachment":[{"href":"https:\/\/biblian.is\/videy\/wp-json\/wp\/v2\/media?parent=21272"}],"curies":[{"name":"wp","href":"https:\/\/api.w.org\/{rel}","templated":true}]}}