{"id":21270,"date":"2018-01-02T01:01:11","date_gmt":"2018-01-02T01:01:11","guid":{"rendered":"http:\/\/biblian.is\/videy\/nehemiabok-8-kafli\/"},"modified":"2018-01-02T01:01:11","modified_gmt":"2018-01-02T01:01:11","slug":"nehemiabok-8-kafli","status":"publish","type":"page","link":"https:\/\/biblian.is\/videy\/nehemiabok-8-kafli\/","title":{"rendered":"Nehem\u00edab\u00f3k 8. kafli"},"content":{"rendered":"<div class=\"fyrirsognVidey\">Esra les l\u00f6gm\u00e1li\u00f0 fyrir f\u00f3lkinu.<\/div>\n<p><a name=\"1\"><span class=\"versanumer\">1<\/span><\/a>Og allt f\u00f3lki\u00f0 safna\u00f0ist n\u00fa eins og einn ma\u00f0ur \u00e1 torgi\u00f0, sem var andsp\u00e6nis vatnshli\u00f0inu og m\u00e6ltu vi\u00f0 Esra enn skriftl\u00e6r\u00f0a: a\u00f0 hann k\u00e6mi fram me\u00f0 l\u00f6gm\u00e1lsb\u00f3k M\u00f3sis, sem Gu\u00f0 haf\u00f0i sett \u00cdsrael.<a name=\"2\"><span class=\"versanumer\">2<\/span><\/a>Og frambar presturinn Esra, \u00e1 fyrsta degi \u00feess 7da m\u00e1na\u00f0ar, l\u00f6gm\u00e1li\u00f0 fyrir samkomuna, svo vel karl sem konu, og alla sem vit h\u00f6f\u00f0u \u00e1 eftir a\u00f0 taka,<a name=\"3\"><span class=\"versanumer\">3<\/span><\/a>og las \u00fea\u00f0 upp \u00e1 torginu fyrir framan vatnsporti\u00f0 fr\u00e1 birtingu og allt til mi\u00f0degis, fyrir k\u00f6rlum og konum og \u00feeim sem skilning h\u00f6f\u00f0u, og allra eyru hneig\u00f0u sig a\u00f0 l\u00f6gm\u00e1lsb\u00f3kinni.<a name=\"4\"><span class=\"versanumer\">4<\/span><\/a>Esra, enn skriftl\u00e6r\u00f0i st\u00f3\u00f0 \u00e1 h\u00e1um tr\u00e9st\u00f3l, sem menn h\u00f6f\u00f0u gj\u00f6rt til \u00feess; en honum vi\u00f0 h\u00e6gri hli\u00f0 st\u00f3\u00f0u Matitia, Sama, Anaia, Uria, Hilkia og Maeseia, en Fedaia, Misael, Malkia, Hasum, Hasbuddana, Sakaria og Mesullam vi\u00f0 hans vinstri.<a name=\"5\"><span class=\"versanumer\">5<\/span><\/a>S\u00e1 skriftl\u00e6r\u00f0i Esra lauk upp b\u00f3kinni \u00ed augs\u00fdn alls f\u00f3lksins, \u00fev\u00ed hann st\u00f3\u00f0 h\u00e6rra en allt f\u00f3lki\u00f0, og \u00feegar h\u00fan var opnu\u00f0, st\u00f3\u00f0 allt f\u00f3lki\u00f0 upp.<a name=\"6\"><span class=\"versanumer\">6<\/span><\/a>Og Esra lofa\u00f0i Drottin, \u00feann mikla Gu\u00f0, og allt f\u00f3lki\u00f0 svara\u00f0i: Amen, amen! \u00ed \u00fev\u00ed \u00fea\u00f0 f\u00f3rna\u00f0i upp h\u00f6ndunum, beyg\u00f0u sig og f\u00e9llu fram \u00e1 s\u00ednar \u00e1sj\u00f3nur til jar\u00f0ar fyrir Drottni.<a name=\"7\"><span class=\"versanumer\">7<\/span><\/a>Jes\u00faa, Bani, Serebia, Jamin, Akub, Sabtai, Hodia, Maeseia, Klita, Asaria, J\u00f3sabad, Hanan og Felaia og Lev\u00edtarnir \u00fat\u00fe\u00fdddu l\u00f6gm\u00e1li\u00f0 fyrir f\u00f3lkinu, en f\u00f3lki\u00f0 st\u00f3\u00f0 kyrrt \u00e1 s\u00ednum sta\u00f0.<a name=\"8\"><span class=\"versanumer\">8<\/span><\/a>Og \u00feeir l\u00e1su sk\u00fdrt \u00ed Gu\u00f0s l\u00f6gm\u00e1lsb\u00f3k og g\u00e1fu \u00fatsk\u00fdringar og \u00fatl\u00f6g\u00f0u undir eins og \u00feeir l\u00e1su. <br \/><a name=\"9\"><span class=\"versanumer\">9<\/span><\/a>Og Nehem\u00eda, sem var landsh\u00f6f\u00f0ingi, og Esra, sem var prestur og skriftl\u00e6r\u00f0ur og Lev\u00edtarnir sem kenndu f\u00f3lkinu, s\u00f6g\u00f0u til gj\u00f6rvalls l\u00fd\u00f0sins: \u00feessi dagur er helga\u00f0ur Drottni y\u00f0ar Gu\u00f0i. Veri\u00f0 hv\u00f6rki syrgjandi n\u00e9 gr\u00e1tandi! \u00fev\u00ed allt f\u00f3lki\u00f0 gr\u00e9t \u00feegar \u00fea\u00f0 heyr\u00f0i l\u00f6gm\u00e1li\u00f0.<a name=\"10\"><span class=\"versanumer\">10<\/span><\/a>Og hann sag\u00f0i til \u00feeirra: eti\u00f0 hi\u00f0 feita og drekki\u00f0 hi\u00f0 s\u00e6ta og sendi\u00f0 skerf til \u00feeirra sem ekkert hafa tilreitt, \u00fev\u00ed \u00feessi dagur er heilagur fyrir Drottni vorum, veri\u00f0 ekki sorgbitnir, gle\u00f0i \u00ed Gu\u00f0i s\u00e9 y\u00f0ar h\u00e6li.<a name=\"11\"><span class=\"versanumer\">11<\/span><\/a>Lev\u00edtarnir \u00fe\u00f6ggu\u00f0u ni\u00f0ur gr\u00e1t f\u00f3lksins og s\u00f6g\u00f0u: h\u00e6tti\u00f0 \u00fe\u00e9r a\u00f0 gr\u00e1ta, \u00fev\u00ed \u00feessi dagur er heilagur, veri\u00f0 \u00fev\u00ed ekki sorgbitnir,<a name=\"12\"><span class=\"versanumer\">12<\/span><\/a>og allt f\u00f3lki\u00f0 f\u00f3r n\u00fa til a\u00f0 eta og til a\u00f0 drekka og sendu skerfi og h\u00e9ldu mikla gle\u00f0ih\u00e1t\u00ed\u00f0, \u00fev\u00ed \u00feeir h\u00f6f\u00f0u skili\u00f0 \u00feau or\u00f0, er menn h\u00f6f\u00f0u kunngj\u00f6rt \u00feeim. <br \/><a name=\"13\"><span class=\"versanumer\">13<\/span><\/a>Deginum eftir s\u00f6fnu\u00f0ust yfirmenn \u00e6tta alls f\u00f3lksins, prestarnir og Lev\u00edtarnir til Esra ens skriftl\u00e6r\u00f0a, til a\u00f0 skyggnast inn \u00ed or\u00f0 l\u00f6gm\u00e1lsins.<a name=\"14\"><span class=\"versanumer\">14<\/span><\/a>Og fundu \u00feeir a\u00f0 skrifa\u00f0 var \u00ed l\u00f6gm\u00e1linu af M\u00f3ses eftir Gu\u00f0s skipan, a\u00f0 \u00cdsraelsb\u00f6rn \u00e6ttu a\u00f0 b\u00faa \u00ed laufsk\u00e1lum <span class='VideyAth'>a)<\/span> \u00e1 h\u00e1t\u00ed\u00f0inni \u00ed sj\u00f6unda m\u00e1nu\u00f0inum.<a name=\"15\"><span class=\"versanumer\">15<\/span><\/a>\u00deeir \u00e6ttu a\u00f0 kunngj\u00f6ra og bo\u00f0skap l\u00e1ta \u00fatganga um allar \u00feeirra borgir og \u00ed Jer\u00fasalem svol\u00e1tandi: fari\u00f0 \u00fat til fjallsins og komi\u00f0 me\u00f0 vi\u00f0smj\u00f6rsvi\u00f0arbl\u00f6\u00f0, vi\u00f0smj\u00f6rsvi\u00f0argreinir, myrtusvi\u00f0argreinir, p\u00e1lmavi\u00f0argreinir, og greinir af \u00fe\u00e9ttlaufgu\u00f0um trj\u00e1m, til a\u00f0 byggja laufsk\u00e1la, samkv\u00e6mt \u00fev\u00ed sem fyrirskrifa\u00f0 er.<a name=\"16\"><span class=\"versanumer\">16<\/span><\/a>F\u00f3lki\u00f0 f\u00f3r \u00fat og kom me\u00f0 \u00feetta, og bjuggu \u00feeir s\u00e9r til laufsk\u00e1la hv\u00f6r \u00e1 s\u00ednu \u00feaki, og \u00ed forg\u00f6r\u00f0um s\u00ednum, og \u00ed forg\u00f6r\u00f0um Gu\u00f0s h\u00fass, og \u00e1 torginu vi\u00f0 vatnshli\u00f0i\u00f0 og vi\u00f0 Efraimshli\u00f0.<a name=\"17\"><span class=\"versanumer\">17<\/span><\/a>Og allur m\u00fagurinn sem aftur var kominn \u00far herlei\u00f0ingunni, bygg\u00f0u laufsk\u00e1la og bjuggu \u00ed laufsk\u00e1lum; \u00fev\u00ed allt fr\u00e1 d\u00f6gum J\u00f3s\u00faa Nunssonar og allt til \u00feessa dags, h\u00f6f\u00f0u \u00cdsraels menn ekki gj\u00f6rt \u00fea\u00f0. Og var\u00f0 \u00fea\u00f0 mikil gle\u00f0i.<a name=\"18\"><span class=\"versanumer\">18<\/span><\/a>Og menn l\u00e1su \u00ed l\u00f6gm\u00e1lsb\u00f3k Gu\u00f0s dag eftir dag, fr\u00e1 fyrsta deginum til ens s\u00ed\u00f0asta. \u00deeir h\u00e9ldu h\u00e1t\u00ed\u00f0ina \u00ed 7 daga og \u00e1 8da deginum h\u00e1t\u00ed\u00f0arsamkomuna eins og vera \u00e1tti <span class='VideyAth'>b)<\/span>.<\/p>\n<div class=\"footnoteVidey\">V. 14. a. 3 M\u00f3s. 23,34.  V. 18. b. Sj\u00e1 3 M\u00f3s. 28,36. 4 M\u00f3s. 29,35.<\/div>\n","protected":false},"excerpt":{"rendered":"<p>Esra les l\u00f6gm\u00e1li\u00f0 fyrir f\u00f3lkinu. 1Og allt f\u00f3lki\u00f0 safna\u00f0ist n\u00fa eins og einn ma\u00f0ur \u00e1 torgi\u00f0, sem var andsp\u00e6nis vatnshli\u00f0inu og m\u00e6ltu vi\u00f0 Esra enn skriftl\u00e6r\u00f0a: a\u00f0 hann k\u00e6mi fram me\u00f0 l\u00f6gm\u00e1lsb\u00f3k M\u00f3sis, sem Gu\u00f0 haf\u00f0i sett \u00cdsrael.2Og frambar presturinn Esra, \u00e1 fyrsta degi \u00feess 7da m\u00e1na\u00f0ar, l\u00f6gm\u00e1li\u00f0 fyrir samkomuna, svo vel karl sem konu, og alla sem vit h\u00f6f\u00f0u \u00e1 eftir a\u00f0 taka,3og las \u00fea\u00f0 upp \u00e1 torginu fyrir framan vatnsporti\u00f0 fr\u00e1 birtingu og allt til mi\u00f0degis, fyrir k\u00f6rlum og konum og \u00feeim sem skilning h\u00f6f\u00f0u, og allra eyru hneig\u00f0u sig a\u00f0 l\u00f6gm\u00e1lsb\u00f3kinni.4Esra, enn skriftl\u00e6r\u00f0i st\u00f3\u00f0 \u00e1 h\u00e1um tr\u00e9st\u00f3l, <a href=\"https:\/\/biblian.is\/videy\/nehemiabok-8-kafli\/\"> [&#8230;]<\/a><\/p>\n","protected":false},"author":1,"featured_media":0,"parent":0,"menu_order":0,"comment_status":"open","ping_status":"open","template":"bibliukaflar.php","meta":{"footnotes":""},"class_list":["post-21270","page","type-page","status-publish","hentry"],"_links":{"self":[{"href":"https:\/\/biblian.is\/videy\/wp-json\/wp\/v2\/pages\/21270","targetHints":{"allow":["GET"]}}],"collection":[{"href":"https:\/\/biblian.is\/videy\/wp-json\/wp\/v2\/pages"}],"about":[{"href":"https:\/\/biblian.is\/videy\/wp-json\/wp\/v2\/types\/page"}],"author":[{"embeddable":true,"href":"https:\/\/biblian.is\/videy\/wp-json\/wp\/v2\/users\/1"}],"replies":[{"embeddable":true,"href":"https:\/\/biblian.is\/videy\/wp-json\/wp\/v2\/comments?post=21270"}],"version-history":[{"count":0,"href":"https:\/\/biblian.is\/videy\/wp-json\/wp\/v2\/pages\/21270\/revisions"}],"wp:attachment":[{"href":"https:\/\/biblian.is\/videy\/wp-json\/wp\/v2\/media?parent=21270"}],"curies":[{"name":"wp","href":"https:\/\/api.w.org\/{rel}","templated":true}]}}