{"id":21269,"date":"2018-01-02T01:01:05","date_gmt":"2018-01-02T01:01:05","guid":{"rendered":"http:\/\/biblian.is\/videy\/nehemiabok-7-kafli\/"},"modified":"2018-01-02T01:01:05","modified_gmt":"2018-01-02T01:01:05","slug":"nehemiabok-7-kafli","status":"publish","type":"page","link":"https:\/\/biblian.is\/videy\/nehemiabok-7-kafli\/","title":{"rendered":"Nehem\u00edab\u00f3k 7. kafli"},"content":{"rendered":"<div class=\"fyrirsognVidey\">Nehem\u00edas l\u00e6tur setja var\u00f0menn \u00ed borgarhli\u00f0in og upp \u00e1 m\u00farana. Finnur uppteiknan \u00e1 \u00feeim sem komi\u00f0 h\u00f6f\u00f0u me\u00f0 S\u00f3r\u00f3babel. (Samanber Esra 2 kap.).<\/div>\n<p><a name=\"1\"><span class=\"versanumer\">1<\/span><\/a>Og \u00fea\u00f0 ske\u00f0i \u00feegar v\u00e9r vorum b\u00fanir a\u00f0 byggja m\u00farinn, a\u00f0 eg innsetti ogsvo hli\u00f0in og tilsetti hli\u00f0aver\u00f0i og ver\u00f0i \u00e1 borgarveggjunum og Lev\u00edta,<a name=\"2\"><span class=\"versanumer\">2<\/span><\/a>og eg setti Hanani, br\u00f3\u00f0ur minn, og Hanania v\u00edgisins yfirmann, yfir Jer\u00fasalem, \u00fev\u00ed hann leit \u00fat fyrir hreinskilinn mann og \u00f3tta\u00f0ist Drottin m\u00f6rgum fremur.<a name=\"3\"><span class=\"versanumer\">3<\/span><\/a>Og eg sag\u00f0i vi\u00f0 \u00fe\u00e1: ekki skulu Jer\u00fasalemsport opnast fyrri en s\u00f3lin er h\u00e1tt \u00e1 lofti og me\u00f0an \u00fei\u00f0 standi\u00f0 \u00fear hj\u00e1, skulu hur\u00f0irnar lokast og vera l\u00e6star, s\u00f6mulei\u00f0is skulu\u00f0 \u00fe\u00e9r setja Jer\u00fasalemsborgara sem var\u00f0menn, hv\u00f6rn \u00fear sem hann \u00e1 v\u00f6r\u00f0ur a\u00f0 vera, s\u00e9rhv\u00f6rn andsp\u00e6nis s\u00ednu h\u00fasi.<a name=\"4\"><span class=\"versanumer\">4<\/span><\/a>En sta\u00f0urinn var mikill a\u00f0 umm\u00e1li og st\u00f3r, en f\u00f3lki\u00f0 f\u00e1mennt \u00ed honum, og engin h\u00fas uppbygg\u00f0.<a name=\"5\"><span class=\"versanumer\">5<\/span><\/a>\u00de\u00e1 skaut Gu\u00f0 m\u00e9r \u00fev\u00ed \u00ed brj\u00f3st a\u00f0 eg samansafna\u00f0i \u00feeim g\u00f6fugu og yfirm\u00f6nnunum og f\u00f3lkinu til manntals eftir \u00e6ttum. Eg fann manntal \u00feeirra eftir \u00e6ttum, sem fyrst h\u00f6f\u00f0u fari\u00f0 upp til Jer\u00fasalem, og eg fann \u00fear rita\u00f0: <br \/><a name=\"6\"><span class=\"versanumer\">6<\/span><\/a>\u00deessir eru \u00feeir sem f\u00e6ddir voru \u00ed skattlandinu, sem komu \u00far herlei\u00f0ingunni \u00ed framandi landi, hv\u00f6rja Neb\u00fakadnesar k\u00f3ngurinn \u00ed Babel haf\u00f0i flutt burtu; \u00feeir sem sneru aftur til Jer\u00fasalem og J\u00fadalands, hv\u00f6r til sinnar borgar.<a name=\"7\"><span class=\"versanumer\">7<\/span><\/a>\u00deeir sem komu me\u00f0 S\u00f3r\u00f3babel: Jesua, Nehem\u00eda, Asaria, Raam\u00eda, Nahamani, Mardokai, Bilkan, Missaret, Bigva\u00ed, Nehum og Baana. \u00deessi er tala \u00cdsraelsmanna:<a name=\"8\"><span class=\"versanumer\">8<\/span><\/a>Faros afkomendur: tv\u00f6 \u00fe\u00fasund, eitt hundra\u00f0, sj\u00f6t\u00edu og tveir.<a name=\"9\"><span class=\"versanumer\">9<\/span><\/a>Sefat\u00edas afkomendur: \u00ferj\u00fa hundru\u00f0, sj\u00f6t\u00edu og tveir.<a name=\"10\"><span class=\"versanumer\">10<\/span><\/a>Aras afkomendur: sex hundru\u00f0, fimmt\u00edu og tveir.<a name=\"11\"><span class=\"versanumer\">11<\/span><\/a>Fahat M\u00f3abs afkomendur af Jes\u00faa og J\u00f3abs \u00e6tt: tv\u00f6 \u00fe\u00fasund, \u00e1tta hundru\u00f0, og \u00e1tj\u00e1n.<a name=\"12\"><span class=\"versanumer\">12<\/span><\/a>Elams afkomendur: eitt \u00fe\u00fasund, tv\u00f6 hundru\u00f0 og fimmt\u00edu og fj\u00f3rir.<a name=\"13\"><span class=\"versanumer\">13<\/span><\/a>Sathusar afkomendur: \u00e1tta hundru\u00f0 fj\u00f6rut\u00edu og fimm.<a name=\"14\"><span class=\"versanumer\">14<\/span><\/a>Sakais afkomendur: sj\u00f6 hundru\u00f0, og sext\u00edu.<a name=\"15\"><span class=\"versanumer\">15<\/span><\/a>Binnuis afkomendur: sex hundru\u00f0, fj\u00f6rut\u00edu og \u00e1tta.<a name=\"16\"><span class=\"versanumer\">16<\/span><\/a>Bebais afkomendur: sex hundru\u00f0, tuttugu og \u00e1tta.<a name=\"17\"><span class=\"versanumer\">17<\/span><\/a>Afga\u00f0s afkomendur: tv\u00f6 \u00fe\u00fasund, \u00ferj\u00fa hundru\u00f0, tuttugu og tveir.<a name=\"18\"><span class=\"versanumer\">18<\/span><\/a>Adonikams afkomendur: sex hundru\u00f0, sext\u00edu og sj\u00f6.<a name=\"19\"><span class=\"versanumer\">19<\/span><\/a>Bigvais afkomendur: tv\u00f6 \u00fe\u00fasund, sext\u00edu og sj\u00f6.<a name=\"20\"><span class=\"versanumer\">20<\/span><\/a>Adins afkomendur: sex hundru\u00f0, fimmt\u00edu og fimm.<a name=\"21\"><span class=\"versanumer\">21<\/span><\/a>Aters afkomendur og \u00fea\u00f0 af \u00e6tt Hiskia: n\u00edut\u00edu og \u00e1tta.<a name=\"22\"><span class=\"versanumer\">22<\/span><\/a>Hasums afkomendur: \u00ferj\u00fa hundru\u00f0, tuttugu og \u00e1tta.<a name=\"23\"><span class=\"versanumer\">23<\/span><\/a>Besais afkomendur: \u00ferj\u00fa hundru\u00f0, tuttugu og fj\u00f3rir.<a name=\"24\"><span class=\"versanumer\">24<\/span><\/a>Harifs afkomendur: eitt hundra\u00f0 og t\u00f3lf.<a name=\"25\"><span class=\"versanumer\">25<\/span><\/a>\u00c6tta\u00f0ir fr\u00e1 G\u00edbeon: n\u00edut\u00edu og fimm.<a name=\"26\"><span class=\"versanumer\">26<\/span><\/a>\u00c6tta\u00f0ir fr\u00e1 Betlehem og Netofa: eitt hundra\u00f0, \u00e1ttat\u00edu og \u00e1tta.<a name=\"27\"><span class=\"versanumer\">27<\/span><\/a>\u00c6tta\u00f0ir fr\u00e1 Anatot: eitt hundra\u00f0, tuttugu og \u00e1tta.<a name=\"28\"><span class=\"versanumer\">28<\/span><\/a>\u00c6tta\u00f0ir fr\u00e1 Asmavet: fj\u00f6rut\u00edu og tveir.<a name=\"29\"><span class=\"versanumer\">29<\/span><\/a>\u00c6tta\u00f0ir fr\u00e1 Kirjat-Jearim, Kerifa og Beerot: sj\u00f6 hundru\u00f0, fj\u00f6rut\u00edu og tveir.<a name=\"30\"><span class=\"versanumer\">30<\/span><\/a>\u00c6tta\u00f0ir fr\u00e1 Rama og Geba: sex hundru\u00f0, tuttugu og einn.<a name=\"31\"><span class=\"versanumer\">31<\/span><\/a>\u00c6tta\u00f0ir fr\u00e1 Mikmas: eitt hundra\u00f0, tuttugu og tveir.<a name=\"32\"><span class=\"versanumer\">32<\/span><\/a>\u00c6tta\u00f0ir fr\u00e1 Bethel og Ai: eitt hundra\u00f0, tuttugu og \u00fer\u00edr.<a name=\"33\"><span class=\"versanumer\">33<\/span><\/a>Nebos afkomendur: fimmt\u00edu og tveir.<a name=\"34\"><span class=\"versanumer\">34<\/span><\/a>Elams afkomendur: eitt \u00fe\u00fasund, tv\u00f6 hundru\u00f0 fimmt\u00edu og fj\u00f3rir.<a name=\"35\"><span class=\"versanumer\">35<\/span><\/a>Harims afkomendur: \u00ferj\u00fa hundru\u00f0 og tuttugu.<a name=\"36\"><span class=\"versanumer\">36<\/span><\/a>\u00c6tta\u00f0ir fr\u00e1 Jer\u00edk\u00f3: \u00ferj\u00fa hundru\u00f0 fj\u00f6rut\u00edu og fimm.<a name=\"37\"><span class=\"versanumer\">37<\/span><\/a>\u00c6tta\u00f0ir fr\u00e1 Lydda, Hadid og Ono: sj\u00f6 hundru\u00f0, tuttugu og einn.<a name=\"38\"><span class=\"versanumer\">38<\/span><\/a>Senaas ni\u00f0jar: \u00ferj\u00fa \u00fe\u00fasund, n\u00edu hundru\u00f0 og \u00ferj\u00e1t\u00edu.<a name=\"39\"><span class=\"versanumer\">39<\/span><\/a>Prestar afkomendur Jedaia af \u00e6tt Jes\u00faa: n\u00edu hundru\u00f0, fj\u00f6rut\u00edu og \u00fer\u00edr.<a name=\"40\"><span class=\"versanumer\">40<\/span><\/a>Immers afkomendur: eitt \u00fe\u00fasund, fimmt\u00edu og tveir.<a name=\"41\"><span class=\"versanumer\">41<\/span><\/a>Fasurs afkomendur: eitt \u00fe\u00fasund, tv\u00f6 hundru\u00f0, fj\u00f6rut\u00edu og sj\u00f6.<a name=\"42\"><span class=\"versanumer\">42<\/span><\/a>Harims afkomendur: eitt \u00fe\u00fasund og seytj\u00e1n.<a name=\"43\"><span class=\"versanumer\">43<\/span><\/a>Lev\u00edtar, afkomendur Jes\u00faa, Kadm\u00edels, Bani og Hodavia: sj\u00f6t\u00edu og fj\u00f3rir.<a name=\"44\"><span class=\"versanumer\">44<\/span><\/a>S\u00f6ngvarar af Asafs afkomendur: eitt hundra\u00f0, fj\u00f6rut\u00edu og \u00e1tta.<a name=\"45\"><span class=\"versanumer\">45<\/span><\/a>Dyraver\u00f0ir, afkomendur Salloms, Aters, Talmons, Ahubs, Hat\u00edta, Sobais: eitt hundra\u00f0, \u00ferj\u00e1t\u00edu og \u00e1tta.<a name=\"46\"><span class=\"versanumer\">46<\/span><\/a>Helgid\u00f3msins \u00fej\u00f3nar afkomendur Siha, Hasufa, Tabaot.<a name=\"47\"><span class=\"versanumer\">47<\/span><\/a>Keros, Siga, Fadons.<a name=\"48\"><span class=\"versanumer\">48<\/span><\/a>Lebana, Hagaba, Salma\u00ed.<a name=\"49\"><span class=\"versanumer\">49<\/span><\/a>Hanans, Giddels, Gahars.<a name=\"50\"><span class=\"versanumer\">50<\/span><\/a>Reaja, Refins, Nekuda.<a name=\"51\"><span class=\"versanumer\">51<\/span><\/a>Gasams, Ussa, Faseas.<a name=\"52\"><span class=\"versanumer\">52<\/span><\/a>Besa\u00ed, Meunims, Nafisims.<a name=\"53\"><span class=\"versanumer\">53<\/span><\/a>Bakubs, Harhufa, Harhurs.<a name=\"54\"><span class=\"versanumer\">54<\/span><\/a>Baflits, Mehida, Harsa.<a name=\"55\"><span class=\"versanumer\">55<\/span><\/a>Barkos, Sissera, Tama.<a name=\"56\"><span class=\"versanumer\">56<\/span><\/a>Nes\u00eda, Hatifa.<a name=\"57\"><span class=\"versanumer\">57<\/span><\/a>Enn framar afkomendur Sotais, Soferets, Perida.<a name=\"58\"><span class=\"versanumer\">58<\/span><\/a>Jaela, Darkons, Giddels.<a name=\"59\"><span class=\"versanumer\">59<\/span><\/a>Sefatia, Hattil, Fokerets, Hasebaims, Amons.<a name=\"60\"><span class=\"versanumer\">60<\/span><\/a>Allir helgid\u00f3msins \u00fej\u00f3nar, og afkomendur Sal\u00f3mons \u00fer\u00e6la: \u00ferj\u00fa hundru\u00f0, n\u00edut\u00edu og tveir.<a name=\"61\"><span class=\"versanumer\">61<\/span><\/a>\u00deessir eru \u00feeir sem f\u00f3ru fr\u00e1 Tel-melak, Tel-Harsa, Ker\u00fab, Addon og Immer til Jer\u00fasalem, en g\u00e1tu ekki sk\u00edrt fr\u00e1 \u00e6tt fe\u00f0ra sinna, e\u00f0a afkomendum \u00feeirra hv\u00f6rt \u00feeir voru <span class='VideyAth'>(komnir)<\/span> af \u00cdsrael.<a name=\"62\"><span class=\"versanumer\">62<\/span><\/a>Afkomendur Dela\u00edas, Tobia, Nek\u00f3da, sex hundru\u00f0, fj\u00f6rut\u00edu og tveir;<a name=\"63\"><span class=\"versanumer\">63<\/span><\/a>og af prestunum, afkomendur Habaia, Hakos og Barsillai, <span class='VideyAth'>(sem haf\u00f0i teki\u00f0 s\u00e9r konu af d\u00e6trum Barsillai fr\u00e1 G\u00edlea\u00f0)<\/span> og hann var nefndur eftir nafni \u00feeirra.<a name=\"64\"><span class=\"versanumer\">64<\/span><\/a>\u00deessir leitu\u00f0u a\u00f0 \u00e6ttart\u00f6lu sinni, en g\u00e1tu ekki fundi\u00f0 hana, og \u00feess vegna voru \u00feeir \u00fatiloka\u00f0ir fr\u00e1 prestaemb\u00e6ttinu.<a name=\"65\"><span class=\"versanumer\">65<\/span><\/a>En s\u00e1 persiski landsh\u00f6f\u00f0ingi sag\u00f0i vi\u00f0 \u00fe\u00e1: menn neyti ekki af \u00fev\u00ed heilaga \u00ed helgid\u00f3minum fyrri en b\u00fai\u00f0 er a\u00f0 setja prest fyrir urim og tummim.<a name=\"66\"><span class=\"versanumer\">66<\/span><\/a>Allur m\u00fagurinn til samans, fj\u00f6rut\u00edu \u00fe\u00fasundir, \u00ferj\u00fa hundru\u00f0, og sext\u00edu;<a name=\"67\"><span class=\"versanumer\">67<\/span><\/a>auk \u00feeirra \u00fej\u00f3na og amb\u00e1tta, sem voru sj\u00f6 \u00fe\u00fasund, \u00ferj\u00fa hundru\u00f0, \u00ferj\u00e1t\u00edu og sj\u00f6. \u00dear a\u00f0 auki h\u00f6f\u00f0u \u00feeir tv\u00f6 hundru\u00f0, fj\u00f6rut\u00edu og fimm s\u00f6ngvara af k\u00f6llum og konum.<a name=\"68\"><span class=\"versanumer\">68<\/span><\/a>Sj\u00f6 hundru\u00f0, \u00ferj\u00e1t\u00edu og sex hesta\u2014tv\u00f6 hundru\u00f0, fj\u00f6rut\u00edu og fimm m\u00falasna.<a name=\"69\"><span class=\"versanumer\">69<\/span><\/a>Fj\u00f6gur hundru\u00f0, \u00ferj\u00e1t\u00edu og fimm \u00falfalda; sex \u00fe\u00fasund, sj\u00f6 hundru\u00f0 og tuttugu asna.<a name=\"70\"><span class=\"versanumer\">70<\/span><\/a>Og nokkrir af \u00e6ttkv\u00edslanna yfirm\u00f6nnum g\u00e1fu til fyrirt\u00e6kisins, landsh\u00f6f\u00f0inginn gaf til samskotseyrisins \u00ed gulli, \u00fe\u00fasund darkemona, fimmt\u00edu sk\u00e1lar, fimm hundru\u00f0 og \u00ferj\u00e1t\u00edu prestakl\u00e6\u00f0na\u00f0i.<a name=\"71\"><span class=\"versanumer\">71<\/span><\/a>Af \u00e6ttkv\u00edslanna yfirm\u00f6nnum var lagt til \u00feess gjalds, sem br\u00fakast \u00e1tti til verksins, tuttugu \u00fe\u00fasundir darkemona \u00ed gulli, og tuttugu og tv\u00e6r minur <span class='VideyAth'>a)<\/span>, \u00ed silfri.<a name=\"72\"><span class=\"versanumer\">72<\/span><\/a>\u00dea\u00f0 sem hitt af f\u00f3lkinu gaf, var tuttugu \u00fe\u00fasundir darkemona \u00ed gulli, tv\u00e6r \u00fe\u00fasundir silfurminur og sext\u00edu og sj\u00f6 prestan\u00e6rkyrtla.<a name=\"73\"><span class=\"versanumer\">73<\/span><\/a>Og n\u00fa bjuggu prestarnir, Lev\u00edtarnir, dyraver\u00f0irnir, s\u00f6ngvararnir og a\u00f0rir af f\u00f3lkinu, helgid\u00f3ms\u00fej\u00f3narnir og allur \u00cdsrael, hv\u00f6r \u00ed sinni borg.<\/p>\n<div class=\"footnoteVidey\">V. 71. a. M\u00edna: h\u00e9r um bil eins og hj\u00e1 Grikkjum. Mna: 28\u00bd l\u00f3\u00f0 a\u00f0 vigt; en sem peningamynt 22\u00bd r\u00edkisdalur k\u00farant.<\/div>\n","protected":false},"excerpt":{"rendered":"<p>Nehem\u00edas l\u00e6tur setja var\u00f0menn \u00ed borgarhli\u00f0in og upp \u00e1 m\u00farana. Finnur uppteiknan \u00e1 \u00feeim sem komi\u00f0 h\u00f6f\u00f0u me\u00f0 S\u00f3r\u00f3babel. (Samanber Esra 2 kap.). 1Og \u00fea\u00f0 ske\u00f0i \u00feegar v\u00e9r vorum b\u00fanir a\u00f0 byggja m\u00farinn, a\u00f0 eg innsetti ogsvo hli\u00f0in og tilsetti hli\u00f0aver\u00f0i og ver\u00f0i \u00e1 borgarveggjunum og Lev\u00edta,2og eg setti Hanani, br\u00f3\u00f0ur minn, og Hanania v\u00edgisins yfirmann, yfir Jer\u00fasalem, \u00fev\u00ed hann leit \u00fat fyrir hreinskilinn mann og \u00f3tta\u00f0ist Drottin m\u00f6rgum fremur.3Og eg sag\u00f0i vi\u00f0 \u00fe\u00e1: ekki skulu Jer\u00fasalemsport opnast fyrri en s\u00f3lin er h\u00e1tt \u00e1 lofti og me\u00f0an \u00fei\u00f0 standi\u00f0 \u00fear hj\u00e1, skulu hur\u00f0irnar lokast og vera l\u00e6star, s\u00f6mulei\u00f0is skulu\u00f0 \u00fe\u00e9r <a href=\"https:\/\/biblian.is\/videy\/nehemiabok-7-kafli\/\"> [&#8230;]<\/a><\/p>\n","protected":false},"author":1,"featured_media":0,"parent":0,"menu_order":0,"comment_status":"open","ping_status":"open","template":"bibliukaflar.php","meta":{"footnotes":""},"class_list":["post-21269","page","type-page","status-publish","hentry"],"_links":{"self":[{"href":"https:\/\/biblian.is\/videy\/wp-json\/wp\/v2\/pages\/21269","targetHints":{"allow":["GET"]}}],"collection":[{"href":"https:\/\/biblian.is\/videy\/wp-json\/wp\/v2\/pages"}],"about":[{"href":"https:\/\/biblian.is\/videy\/wp-json\/wp\/v2\/types\/page"}],"author":[{"embeddable":true,"href":"https:\/\/biblian.is\/videy\/wp-json\/wp\/v2\/users\/1"}],"replies":[{"embeddable":true,"href":"https:\/\/biblian.is\/videy\/wp-json\/wp\/v2\/comments?post=21269"}],"version-history":[{"count":0,"href":"https:\/\/biblian.is\/videy\/wp-json\/wp\/v2\/pages\/21269\/revisions"}],"wp:attachment":[{"href":"https:\/\/biblian.is\/videy\/wp-json\/wp\/v2\/media?parent=21269"}],"curies":[{"name":"wp","href":"https:\/\/api.w.org\/{rel}","templated":true}]}}