{"id":21268,"date":"2018-01-02T01:01:05","date_gmt":"2018-01-02T01:01:05","guid":{"rendered":"http:\/\/biblian.is\/videy\/nehemiabok-6-kafli\/"},"modified":"2018-01-02T01:01:05","modified_gmt":"2018-01-02T01:01:05","slug":"nehemiabok-6-kafli","status":"publish","type":"page","link":"https:\/\/biblian.is\/videy\/nehemiabok-6-kafli\/","title":{"rendered":"Nehem\u00edab\u00f3k 6. kafli"},"content":{"rendered":"<div class=\"fyrirsognVidey\">Nehem\u00edas f\u00e6r umfl\u00fai\u00f0 r\u00e1\u00f0abrugg \u00f3vinanna gegn honum.<\/div>\n<p><a name=\"1\"><span class=\"versanumer\">1<\/span><\/a>Og \u00fea\u00f0 ske\u00f0i \u00feegar Sanballat heyr\u00f0i \u00feetta, og Tobia og Gesem s\u00e1 arabiski og a\u00f0rir vorir \u00f3vinir heyr\u00f0u a\u00f0 eg hef\u00f0i byggt upp m\u00farinn og a\u00f0 sk\u00f6r\u00f0 v\u00e6ru ekki framar or\u00f0in \u00ed honum, einasta haf\u00f0i eg enn n\u00fa ekki sett \u00ed hli\u00f0in,<a name=\"2\"><span class=\"versanumer\">2<\/span><\/a>\u00fe\u00e1 sendi Sanballat og Gesem bo\u00f0 til m\u00edn og l\u00e9t segja m\u00e9r: l\u00e1tum oss koma saman \u00ed einu af \u00feorpunum \u00ed dalnum Ono, en \u00feeir hugsu\u00f0u a\u00f0 gj\u00f6ra m\u00e9r illt;<a name=\"3\"><span class=\"versanumer\">3<\/span><\/a>eg sendi til \u00feeirra sendibo\u00f0a er skyldi segja \u00feeim: eg hefi miki\u00f0 starf fyrir hendi og get ekki komi\u00f0\u2014skyldi verki\u00f0 hv\u00edla \u00feess vegna, a\u00f0 eg sl\u00e6gi sl\u00f6ku vi\u00f0 \u00fea\u00f0 og f\u00e6ri ni\u00f0ur til ykkar?<a name=\"4\"><span class=\"versanumer\">4<\/span><\/a>Fj\u00f3rum sinnum sendu \u00feeir til m\u00edn me\u00f0 \u00feessum skilabo\u00f0um og eg sendi \u00fe\u00e1 aftur me\u00f0 s\u00f6mu or\u00f0um.<a name=\"5\"><span class=\"versanumer\">5<\/span><\/a>Og Sanballat sendi \u00ed fimmta sinni til m\u00edn svein sinn me\u00f0 s\u00f6mu skilabo\u00f0um og f\u00e9kk honum opi\u00f0 br\u00e9f.<a name=\"6\"><span class=\"versanumer\">6<\/span><\/a>\u00cd \u00fev\u00ed var rita\u00f0: s\u00fa fregn berst hj\u00e1 <span class='VideyAth'>(n\u00e1b\u00faa)<\/span>\u00fej\u00f3\u00f0unum, og Gasmu segir: a\u00f0 \u00fe\u00fa og Gy\u00f0ingar hafi\u00f0 uppreisn \u00ed hyggju, \u00feess vegna byggir \u00fe\u00fa borgarveggina og a\u00f0 \u00fe\u00fa girnist a\u00f0 ver\u00f0a k\u00f3ngur \u00feeirra; svona segja \u00feeir.<a name=\"7\"><span class=\"versanumer\">7<\/span><\/a>S\u00f6mulei\u00f0is: a\u00f0 \u00fe\u00fa hafir tilsett sp\u00e1menn til a\u00f0 \u00fathr\u00f3pa um \u00feig \u00ed Jer\u00fasalem og segja: \u201ehann er k\u00f3ngur Gy\u00f0inga\u201c. \u00deessi or\u00f0r\u00f3mur mun n\u00fa berast til k\u00f3ngsins; kom n\u00fa \u00feess vegna, svo v\u00e9r sameiginlega getum talast vi\u00f0 um \u00feetta.<a name=\"8\"><span class=\"versanumer\">8<\/span><\/a>Eg sendi aftur til hans og l\u00e9t segja honum: ekki er \u00feetta \u00feannig, sem \u00fe\u00fa segir, \u00fev\u00ed a\u00f0 af eigin hug\u00fe\u00f3tta hefir \u00fe\u00fa \u00feetta uppspunni\u00f0.<a name=\"9\"><span class=\"versanumer\">9<\/span><\/a>\u00dev\u00ed a\u00f0 \u00feeir vildu allir gj\u00f6ra oss hr\u00e6dda, og \u00feenktu: \u00feeir munu l\u00e1ta hendurnar falla fr\u00e1 verkinu og h\u00e6tta vi\u00f0 svo b\u00fai\u00f0. En styrk n\u00fa hendur m\u00ednar <span class='VideyAth'>(\u00f3 Gu\u00f0)<\/span>!<br \/><a name=\"10\"><span class=\"versanumer\">10<\/span><\/a>Eg gekk \u00fat til h\u00fass Semai\u00e6 sonar Delei\u00e6, sonar Mehetabels, sem haf\u00f0i inniloka\u00f0 sig, og hann sag\u00f0i: l\u00e1tum oss sameiginlega fara inn \u00ed Gu\u00f0s h\u00fas, mitt inn \u00ed helgid\u00f3minn, og l\u00e1tum oss loka dyrum helgid\u00f3msins, \u00fev\u00ed nokkrir eru \u00e1 lei\u00f0inni til a\u00f0 myr\u00f0a \u00feig, og \u00feeir koma \u00ed n\u00f3tt til a\u00f0 fyrirfara \u00fe\u00e9r;<a name=\"11\"><span class=\"versanumer\">11<\/span><\/a>og eg svara\u00f0i honum: hv\u00f6rt skyldi ma\u00f0ur, eins og eg, fl\u00fdja, og hv\u00f6r er s\u00e1 af m\u00ednum l\u00edkum <span class='VideyAth'>a)<\/span> er gengi\u00f0 geti inn \u00ed helgid\u00f3minn, og haldi\u00f0 l\u00edfi? eg fer ekki.<a name=\"12\"><span class=\"versanumer\">12<\/span><\/a>Og eg virti hann fyrir m\u00e9r, og sj\u00e1! ekki haf\u00f0i Gu\u00f0 sent hann til \u00feess a\u00f0 hann sp\u00e1\u00f0i fyrir m\u00e9r, heldur h\u00f6f\u00f0u Tob\u00eda og Sanballat keypt hann.<a name=\"13\"><span class=\"versanumer\">13<\/span><\/a>\u00deess vegna var hann keyptur, a\u00f0 eg skyldi ver\u00f0a hr\u00e6ddur og gj\u00f6ra \u00feannig og syndga, og \u00fea\u00f0 skyldi ver\u00f0a \u00feeim tilefni til ills umtals, svo \u00feeir g\u00e6tu brigsla\u00f0 m\u00e9r.<a name=\"14\"><span class=\"versanumer\">14<\/span><\/a>Minnstu, Drottinn minn! Tob\u00ed\u00e6 og Sanballats, eftir sem a\u00f0fer\u00f0 \u00feeirra ver\u00f0skuldar og l\u00edka sp\u00e1konunnar Noadiu og hinna annarra sp\u00e1manna, sem leitu\u00f0ust vi\u00f0 a\u00f0 skelfa mig.<a name=\"15\"><span class=\"versanumer\">15<\/span><\/a>Og \u00feeir luku vi\u00f0 m\u00farinn \u00feann tuttugasta og fimmta elul <span class='VideyAth'>b)<\/span>, eftir fimmt\u00edu og tvo daga. <br \/><a name=\"16\"><span class=\"versanumer\">16<\/span><\/a>Og \u00fea\u00f0 ske\u00f0i \u00feegar allir \u00f3vinir vorir spur\u00f0u \u00feetta, a\u00f0 allar \u00fe\u00e6r \u00fej\u00f3\u00f0ir sem bjuggu \u00ed kring ur\u00f0u \u00f3ttaslegnar og \u00fe\u00e6r r\u00fdrnu\u00f0u miki\u00f0 \u00ed s\u00ednum eigin augum, \u00fev\u00ed \u00fe\u00e6r \u00feekktu n\u00fa a\u00f0 \u00fea\u00f0 kom fr\u00e1 Gu\u00f0i vorum, a\u00f0 v\u00e9r fengum unni\u00f0 \u00feetta verk.<br \/><a name=\"17\"><span class=\"versanumer\">17<\/span><\/a>Um \u00feessar mundir skrifu\u00f0u margir g\u00f6fugir menn Gy\u00f0inganna br\u00e9f og l\u00e9tu \u00feau fara til Tob\u00eda, eins og l\u00edka fr\u00e1 Tob\u00eda komu br\u00e9f til \u00feeirra;<a name=\"18\"><span class=\"versanumer\">18<\/span><\/a>\u00fev\u00ed a\u00f0 margir \u00ed Gy\u00f0ingalandi h\u00f6f\u00f0u svari\u00f0 honum ei\u00f0, \u00fev\u00ed a\u00f0 hann var d\u00f3ttur ma\u00f0ur Sekania Arahssonar og J\u00f3hanan sonur hans haf\u00f0i teki\u00f0 d\u00f3ttur Mesullams Barak\u00edasonar til ekta.<a name=\"19\"><span class=\"versanumer\">19<\/span><\/a>L\u00edka t\u00f6lu\u00f0u \u00feeir margt gott um hann vi\u00f0 mig og b\u00e1ru honum aftur or\u00f0 m\u00edn, en Tob\u00eda skrifa\u00f0i br\u00e9f til a\u00f0 skelfa mig.<\/p>\n<div class=\"footnoteVidey\">V. 11. a. \u00de. e. sem ekki er prestur, samanber. 4 M\u00f3s. 18,3 og 7.  V. 15. b. \u00de. e. september.<\/div>\n","protected":false},"excerpt":{"rendered":"<p>Nehem\u00edas f\u00e6r umfl\u00fai\u00f0 r\u00e1\u00f0abrugg \u00f3vinanna gegn honum. 1Og \u00fea\u00f0 ske\u00f0i \u00feegar Sanballat heyr\u00f0i \u00feetta, og Tobia og Gesem s\u00e1 arabiski og a\u00f0rir vorir \u00f3vinir heyr\u00f0u a\u00f0 eg hef\u00f0i byggt upp m\u00farinn og a\u00f0 sk\u00f6r\u00f0 v\u00e6ru ekki framar or\u00f0in \u00ed honum, einasta haf\u00f0i eg enn n\u00fa ekki sett \u00ed hli\u00f0in,2\u00fe\u00e1 sendi Sanballat og Gesem bo\u00f0 til m\u00edn og l\u00e9t segja m\u00e9r: l\u00e1tum oss koma saman \u00ed einu af \u00feorpunum \u00ed dalnum Ono, en \u00feeir hugsu\u00f0u a\u00f0 gj\u00f6ra m\u00e9r illt;3eg sendi til \u00feeirra sendibo\u00f0a er skyldi segja \u00feeim: eg hefi miki\u00f0 starf fyrir hendi og get ekki komi\u00f0\u2014skyldi verki\u00f0 hv\u00edla \u00feess vegna, <a href=\"https:\/\/biblian.is\/videy\/nehemiabok-6-kafli\/\"> [&#8230;]<\/a><\/p>\n","protected":false},"author":1,"featured_media":0,"parent":0,"menu_order":0,"comment_status":"open","ping_status":"open","template":"bibliukaflar.php","meta":{"footnotes":""},"class_list":["post-21268","page","type-page","status-publish","hentry"],"_links":{"self":[{"href":"https:\/\/biblian.is\/videy\/wp-json\/wp\/v2\/pages\/21268","targetHints":{"allow":["GET"]}}],"collection":[{"href":"https:\/\/biblian.is\/videy\/wp-json\/wp\/v2\/pages"}],"about":[{"href":"https:\/\/biblian.is\/videy\/wp-json\/wp\/v2\/types\/page"}],"author":[{"embeddable":true,"href":"https:\/\/biblian.is\/videy\/wp-json\/wp\/v2\/users\/1"}],"replies":[{"embeddable":true,"href":"https:\/\/biblian.is\/videy\/wp-json\/wp\/v2\/comments?post=21268"}],"version-history":[{"count":0,"href":"https:\/\/biblian.is\/videy\/wp-json\/wp\/v2\/pages\/21268\/revisions"}],"wp:attachment":[{"href":"https:\/\/biblian.is\/videy\/wp-json\/wp\/v2\/media?parent=21268"}],"curies":[{"name":"wp","href":"https:\/\/api.w.org\/{rel}","templated":true}]}}