{"id":21267,"date":"2018-01-02T01:01:05","date_gmt":"2018-01-02T01:01:05","guid":{"rendered":"http:\/\/biblian.is\/videy\/nehemiabok-5-kafli\/"},"modified":"2018-01-02T01:01:05","modified_gmt":"2018-01-02T01:01:05","slug":"nehemiabok-5-kafli","status":"publish","type":"page","link":"https:\/\/biblian.is\/videy\/nehemiabok-5-kafli\/","title":{"rendered":"Nehem\u00edab\u00f3k 5. kafli"},"content":{"rendered":"<div class=\"fyrirsognVidey\">Nehem\u00eda fyrirb\u00fd\u00f0ur okur. T\u00f3k sj\u00e1lfur engin laun, en h\u00e9lt jafnvel marga \u00e1 s\u00ednum kosti.<\/div>\n<p><a name=\"1\"><span class=\"versanumer\">1<\/span><\/a>En n\u00fa var\u00f0 \u00f3p f\u00f3lksins og kvennanna miki\u00f0 yfir br\u00e6\u00f0rum \u00feeirra Gy\u00f0ingunum.<a name=\"2\"><span class=\"versanumer\">2<\/span><\/a>\u00deeir voru til sem s\u00f6g\u00f0u: v\u00e9r eigum sonu og d\u00e6tur og v\u00e9r erum margir og v\u00e9r ver\u00f0um a\u00f0 f\u00e1 korn, svo v\u00e9r f\u00e1um eti\u00f0 og lifa\u00f0.<a name=\"3\"><span class=\"versanumer\">3<\/span><\/a>\u00dear voru og \u00feeir er s\u00f6g\u00f0u: akra vora, v\u00edngar\u00f0a, og h\u00fas vor h\u00f6fum v\u00e9r ve\u00f0sett svo v\u00e9r fengjum korn \u00ed hungrinu,<a name=\"4\"><span class=\"versanumer\">4<\/span><\/a>og svo voru \u00feeir sem s\u00f6g\u00f0u: v\u00e9r h\u00f6fum l\u00e1na\u00f0 peninga upp \u00e1 akra vora og v\u00edngar\u00f0a \u00ed skatt handa k\u00f3nginum,<a name=\"5\"><span class=\"versanumer\">5<\/span><\/a>og \u00fe\u00f3 er vort hold eins og hold br\u00e6\u00f0ra vorra og vor b\u00f6rn eins og \u00feeirra b\u00f6rn, og sj\u00e1! v\u00e9r megum selja syni vora og d\u00e6tur \u00ed \u00e1nau\u00f0, og sumar af d\u00e6trum vorum eru \u00e1nau\u00f0ugar, og ekkert er \u00ed vorri hendi, akrar vorir og v\u00edngar\u00f0ar eru annarra eign. <br \/><a name=\"6\"><span class=\"versanumer\">6<\/span><\/a>\u00de\u00e1 reiddist eg mj\u00f6g, \u00fe\u00e1 eg heyr\u00f0i her\u00f3p \u00feeirra og \u00feessi \u00feeirra or\u00f0,<a name=\"7\"><span class=\"versanumer\">7<\/span><\/a>og eg yfirvega\u00f0i \u00feetta me\u00f0 sj\u00e1lfum m\u00e9r og eg deildi \u00e1 \u00fe\u00e1 heldri yfirmennina og sag\u00f0i vi\u00f0 \u00fe\u00e1: taki\u00f0 \u00fe\u00e9r okur hv\u00f6r af br\u00e6\u00f0rum s\u00ednum? Og eg kalla\u00f0i saman fj\u00f6lmenna samkomu m\u00f3ti \u00feeim,<a name=\"8\"><span class=\"versanumer\">8<\/span><\/a>og sag\u00f0i vi\u00f0 \u00fe\u00e1: v\u00e9r h\u00f6fum eftir m\u00e6tti keypt lausa br\u00e6\u00f0ur vora Gy\u00f0ingana, sem seldir voru hei\u00f0ingjunum, en \u00fe\u00e9r vilji\u00f0 selja br\u00e6\u00f0ur y\u00f0ar, skulu \u00feeir n\u00fa selja sig oss? en \u00feeir \u00fe\u00f6g\u00f0u vi\u00f0 og g\u00e1tu engu svara\u00f0.<a name=\"9\"><span class=\"versanumer\">9<\/span><\/a>S\u00ed\u00f0an sag\u00f0i eg: ekki er \u00fea\u00f0 gott sem \u00fe\u00e9r hafi\u00f0 gj\u00f6rt, og \u00e1ttu\u00f0 \u00fe\u00e9r ekki a\u00f0 ganga \u00ed \u00f3tta Gu\u00f0s vors, e\u00f0a blyg\u00f0ast y\u00f0ar fyrir \u00fej\u00f3\u00f0unum, sem eru y\u00f0ar \u00f3vinir?<a name=\"10\"><span class=\"versanumer\">10<\/span><\/a>Og svo eg, br\u00e6\u00f0ur m\u00ednir og sveinar m\u00ednir h\u00f6fum l\u00e1ti\u00f0 \u00fe\u00e1 f\u00e1 silfur og korn. L\u00e1tum oss gefa \u00feeim upp \u00feessa skuld!<a name=\"11\"><span class=\"versanumer\">11<\/span><\/a>Eg bi\u00f0 y\u00f0ur! skili\u00f0 \u00feeim aftur \u00ed dag, \u00f6krum \u00feeirra og v\u00edng\u00f6r\u00f0um, vi\u00f0smj\u00f6rsvi\u00f0arg\u00f6r\u00f0um og h\u00fasum \u00feeirra og hundra\u00f0asta parti silfursins, kornsins, v\u00ednsins og vi\u00f0smj\u00f6rsins, sem \u00fe\u00e9r hafi\u00f0 okra\u00f0 af \u00feeim.<a name=\"12\"><span class=\"versanumer\">12<\/span><\/a>Og \u00feeir sv\u00f6ru\u00f0u: v\u00e9r viljum skila \u00fev\u00ed aftur og ekki heimta af \u00feeim; v\u00e9r viljum gj\u00f6ra eins og \u00fe\u00fa hefir sagt; og eg kalla\u00f0i \u00e1 prestana og t\u00f3k ei\u00f0 af \u00feeim a\u00f0 breyta \u00feessu samkv\u00e6mt.<a name=\"13\"><span class=\"versanumer\">13<\/span><\/a>Eg hristi ogsvo kl\u00e6\u00f0afald minn og sag\u00f0i: \u00feannig burthristi l\u00edka Gu\u00f0 hv\u00f6rn \u00feann mann, sem ekki heldur \u00feetta, reki fr\u00e1 heimili hans og eignum hans, og hann skal ver\u00f0a hrakinn og allslaus! \u00fe\u00e1 hr\u00f3pa\u00f0i \u00f6ll samkoman: ver\u00f0i \u00fea\u00f0 svo! og \u00feeir vegs\u00f6mu\u00f0u Gu\u00f0 og f\u00f3lki\u00f0 gj\u00f6r\u00f0i eins og fyrir var m\u00e6lt.<br \/><a name=\"14\"><span class=\"versanumer\">14<\/span><\/a>Upp fr\u00e1 \u00feeim degi, \u00fe\u00e1 k\u00f3ngurinn setti mig til landsh\u00f6f\u00f0ingja \u00ed J\u00fadalandi, fr\u00e1 Artaxerxes tuttugasta til \u00fer\u00edtugasta og annars \u00e1rs, \u00ed t\u00f3lf \u00e1r, naut eg og br\u00e6\u00f0ur m\u00ednir ekki landsh\u00f6f\u00f0ingja bor\u00f0eyris <span class='VideyAth'>a)<\/span>,<a name=\"15\"><span class=\"versanumer\">15<\/span><\/a>en hinir fyrri landsh\u00f6f\u00f0ingjar, sem \u00e1 undan m\u00e9r voru, h\u00f6f\u00f0u lagt \u00feungt ok \u00e1 f\u00f3lki\u00f0, og t\u00f3ku af \u00fev\u00ed korn og v\u00edn, og \u00fear a\u00f0 auk 40 sikla silfurs <span class='VideyAth'>b)<\/span>. Sveinar \u00feeirra drottnu\u00f0u og svo yfir f\u00f3lkinu; en ekki breytti eg \u00feannig; \u00fev\u00ed eg \u00f3tta\u00f0ist Gu\u00f0.<a name=\"16\"><span class=\"versanumer\">16<\/span><\/a>L\u00edka vann eg a\u00f0 borgarveggjabyggingunni, og ekki keyptum v\u00e9r heldur akurlendi og allir sveinar m\u00ednir s\u00f6fnu\u00f0ust \u00feess vegna \u00feanga\u00f0 til a\u00f0 \u00fej\u00f3na a\u00f0 byggingunni.<a name=\"17\"><span class=\"versanumer\">17<\/span><\/a>Og Gy\u00f0ingarnir og yfirmennirnir hundra\u00f0 og fimmt\u00edu manns, komu til m\u00edn fr\u00e1 \u00fej\u00f3\u00f0unum sem bjuggu \u00ed kring, auk \u00feeirra manna sem s\u00e1tu vi\u00f0 mitt bor\u00f0.<a name=\"18\"><span class=\"versanumer\">18<\/span><\/a>Og \u00fea\u00f0 sem daglega var matreitt, var eitt naut, sex feitar sau\u00f0kindur, en fuglar v\u00f3ru matreiddir handa m\u00e9r; \u00e1 t\u00edu daga fresti <span class='VideyAth'>(var og f\u00e6rt m\u00e9r)<\/span> allra handa v\u00edn \u00ed n\u00e6gtum, en allt fyrir \u00fea\u00f0 kraf\u00f0i eg ekki landsh\u00f6f\u00f0ingja bor\u00f0eyris, \u00fev\u00ed \u00e1kl\u00f6gur \u00feungar l\u00e1gu \u00e1 f\u00f3lki \u00feessu.<a name=\"19\"><span class=\"versanumer\">19<\/span><\/a>Minnstu m\u00edn, Gu\u00f0 minn! til ens g\u00f3\u00f0a; alls sem eg hefi gj\u00f6rt fyrir f\u00f3lk \u00feetta.<\/p>\n<div class=\"footnoteVidey\">V. 14. a. Bor\u00f0eyrir k\u00f6llu\u00f0ust \u00f6ll \u00feau gj\u00f6ld \u00ed vistum, v\u00edni og skotgjaldi, er skattl\u00f6ndin m\u00e1ttu grei\u00f0a til bor\u00f0halds landsh\u00f6f\u00f0ingjans og manna hans.  V. 15. b. Hv\u00f6r sikill er eftir Persa reikningi, h\u00e9r um 20 sk. silfurs.<\/div>\n","protected":false},"excerpt":{"rendered":"<p>Nehem\u00eda fyrirb\u00fd\u00f0ur okur. T\u00f3k sj\u00e1lfur engin laun, en h\u00e9lt jafnvel marga \u00e1 s\u00ednum kosti. 1En n\u00fa var\u00f0 \u00f3p f\u00f3lksins og kvennanna miki\u00f0 yfir br\u00e6\u00f0rum \u00feeirra Gy\u00f0ingunum.2\u00deeir voru til sem s\u00f6g\u00f0u: v\u00e9r eigum sonu og d\u00e6tur og v\u00e9r erum margir og v\u00e9r ver\u00f0um a\u00f0 f\u00e1 korn, svo v\u00e9r f\u00e1um eti\u00f0 og lifa\u00f0.3\u00dear voru og \u00feeir er s\u00f6g\u00f0u: akra vora, v\u00edngar\u00f0a, og h\u00fas vor h\u00f6fum v\u00e9r ve\u00f0sett svo v\u00e9r fengjum korn \u00ed hungrinu,4og svo voru \u00feeir sem s\u00f6g\u00f0u: v\u00e9r h\u00f6fum l\u00e1na\u00f0 peninga upp \u00e1 akra vora og v\u00edngar\u00f0a \u00ed skatt handa k\u00f3nginum,5og \u00fe\u00f3 er vort hold eins og hold br\u00e6\u00f0ra vorra og <a href=\"https:\/\/biblian.is\/videy\/nehemiabok-5-kafli\/\"> [&#8230;]<\/a><\/p>\n","protected":false},"author":1,"featured_media":0,"parent":0,"menu_order":0,"comment_status":"open","ping_status":"open","template":"bibliukaflar.php","meta":{"footnotes":""},"class_list":["post-21267","page","type-page","status-publish","hentry"],"_links":{"self":[{"href":"https:\/\/biblian.is\/videy\/wp-json\/wp\/v2\/pages\/21267","targetHints":{"allow":["GET"]}}],"collection":[{"href":"https:\/\/biblian.is\/videy\/wp-json\/wp\/v2\/pages"}],"about":[{"href":"https:\/\/biblian.is\/videy\/wp-json\/wp\/v2\/types\/page"}],"author":[{"embeddable":true,"href":"https:\/\/biblian.is\/videy\/wp-json\/wp\/v2\/users\/1"}],"replies":[{"embeddable":true,"href":"https:\/\/biblian.is\/videy\/wp-json\/wp\/v2\/comments?post=21267"}],"version-history":[{"count":0,"href":"https:\/\/biblian.is\/videy\/wp-json\/wp\/v2\/pages\/21267\/revisions"}],"wp:attachment":[{"href":"https:\/\/biblian.is\/videy\/wp-json\/wp\/v2\/media?parent=21267"}],"curies":[{"name":"wp","href":"https:\/\/api.w.org\/{rel}","templated":true}]}}