{"id":21265,"date":"2018-01-02T01:01:05","date_gmt":"2018-01-02T01:01:05","guid":{"rendered":"http:\/\/biblian.is\/videy\/nehemiabok-3-kafli\/"},"modified":"2018-01-02T01:01:05","modified_gmt":"2018-01-02T01:01:05","slug":"nehemiabok-3-kafli","status":"publish","type":"page","link":"https:\/\/biblian.is\/videy\/nehemiabok-3-kafli\/","title":{"rendered":"Nehem\u00edab\u00f3k 3. kafli"},"content":{"rendered":"<div class=\"fyrirsognVidey\">Borgarm\u00fararnir eru aftur uppbygg\u00f0ir.<\/div>\n<p><a name=\"1\"><span class=\"versanumer\">1<\/span><\/a>Og Eliasib, \u00e6\u00f0sti presturinn og prestarnir, sem tilheyr\u00f0u s\u00f6mu \u00e6ttkv\u00edsl bjuggust til og bygg\u00f0u upp Fj\u00e1rhli\u00f0i\u00f0 <span class='VideyAth'>b)<\/span> og \u00feeir v\u00edg\u00f0u \u00fea\u00f0 og settu \u00fear \u00ed v\u00e6ngjahur\u00f0ir\u2014og allt a\u00f0 turninum Mea v\u00edg\u00f0u \u00feeir \u00fea\u00f0, j\u00e1, allt til Hananels turns.<a name=\"2\"><span class=\"versanumer\">2<\/span><\/a>Vi\u00f0 hli\u00f0ina \u00e1 honum bygg\u00f0u Jer\u00edkosmenn og vi\u00f0 a\u00f0ra hli\u00f0 hans bygg\u00f0i Sak\u00fa Imrison. <br \/><a name=\"3\"><span class=\"versanumer\">3<\/span><\/a>Fiskihli\u00f0i\u00f0 bygg\u00f0u synir Senaa og settu \u00fear dyraumb\u00fana\u00f0, v\u00e6ngjahur\u00f0ir \u00e1samt lokum og slagbr\u00f6ndum.<a name=\"4\"><span class=\"versanumer\">4<\/span><\/a>Og vi\u00f0 hli\u00f0ina \u00e1 \u00feeim endurb\u00e6tti Meremot sonur Uria, sonar Hakusar; og vi\u00f0 hli\u00f0ina \u00e1 \u00feeim endurb\u00e6tti Mesullam son Barakia sonar Meseisabels og vi\u00f0 hli\u00f0ina \u00e1 \u00feeim endurb\u00e6tti Sadok Baanasson,<a name=\"5\"><span class=\"versanumer\">5<\/span><\/a>og vi\u00f0 hli\u00f0ina \u00e1 \u00feeim \u00feeir fr\u00e1 Tekoa, en \u00feeir voldugu af \u00feeim vildu ekki beygja h\u00e1ls sinn til a\u00f0 \u00fej\u00f3na herra \u00feeirra.<br \/><a name=\"6\"><span class=\"versanumer\">6<\/span><\/a>Hi\u00f0 gamla hli\u00f0 endurb\u00e6tti J\u00f3iada sonur Pasea og Mesullam Besodiason og \u00feeir settu \u00fear dyraumb\u00fana\u00f0, v\u00e6ngjahur\u00f0ir, lokur og slagbranda.<a name=\"7\"><span class=\"versanumer\">7<\/span><\/a>Og vi\u00f0 hli\u00f0ina \u00e1 \u00feeim bygg\u00f0i Malatia fr\u00e1 G\u00edbeon og Jadon fr\u00e1 Meratan \u00e1samt \u00f6\u00f0rum fr\u00e1 G\u00edbeon og Mispa \u00far umd\u00e6mi landsh\u00f6f\u00f0ingjans fyrir handan flj\u00f3ti\u00f0.<a name=\"8\"><span class=\"versanumer\">8<\/span><\/a>Vi\u00f0 hina hli\u00f0ina \u00e1 \u00feeim endurb\u00e6tti Ussiel Harhajuson, einn af gullsmi\u00f0unum og vi\u00f0 hli\u00f0 hans endurb\u00e6tti Hanania smyrslagj\u00f6rari, <span class='VideyAth'>(\u00feeir a) h\u00f6f\u00f0u hl\u00edft Jer\u00fasalem allt a\u00f0 brei\u00f0a borgarveggnum)<\/span>.<a name=\"9\"><span class=\"versanumer\">9<\/span><\/a>Og vi\u00f0 hli\u00f0ina \u00e1 \u00feeim endurb\u00e6tti Refaia Hursson, umr\u00e1\u00f0ama\u00f0ur yfir helmingi landsins \u00ed kringum Jer\u00fasalem.<a name=\"10\"><span class=\"versanumer\">10<\/span><\/a>Vi\u00f0 hli\u00f0ina \u00e1 \u00feeim endurb\u00e6tti Jedaia Harumafsson, andsp\u00e6nis h\u00fasi s\u00ednu, og vi\u00f0 hli\u00f0ina \u00e1 honum endurb\u00e6tti Hattus, sonur Hasabn\u00edu.<a name=\"11\"><span class=\"versanumer\">11<\/span><\/a>Hinn partinn endurb\u00e6tti Malkia Harumsson og Hasub Fahat M\u00f3absson og bakaraofnsturninn.<a name=\"12\"><span class=\"versanumer\">12<\/span><\/a>Vi\u00f0 hli\u00f0ina \u00e1 honum endurb\u00e6tti Sallum Hallohesson, umr\u00e1\u00f0ama\u00f0ur yfir helmingi landsins \u00ed kringum Jer\u00fasalem, hann og d\u00e6tur hans. <br \/><a name=\"13\"><span class=\"versanumer\">13<\/span><\/a>Dalhli\u00f0i\u00f0 endurb\u00e6tti Hanun og Sanoas innb\u00faar, \u00feeir bygg\u00f0u \u00fea\u00f0 og settu \u00fear \u00ed v\u00e6ngjahur\u00f0 og lokur og slagbranda og \u00fe\u00fasund \u00e1lnir af borgarveggnum allt a\u00f0 Mykjuhli\u00f0inu.<a name=\"14\"><span class=\"versanumer\">14<\/span><\/a>Mykjuhli\u00f0i\u00f0 endurb\u00e6tti Malhia Rehabsson, umr\u00e1\u00f0ama\u00f0ur yfir Bet-Haharems h\u00e9ra\u00f0i, hann bygg\u00f0i \u00fea\u00f0 og setti \u00fear \u00ed v\u00e6ngjahur\u00f0ir, lokur og slagbranda.<a name=\"15\"><span class=\"versanumer\">15<\/span><\/a>Brunnhli\u00f0i\u00f0 <span class='VideyAth'>b)<\/span> endurb\u00e6tti Sallum, sonur Kolhofs, umr\u00e1\u00f0ama\u00f0ur yfir Mispah\u00e9ra\u00f0i, hann bygg\u00f0i \u00fea\u00f0 og \u00feakti \u00fea\u00f0 og setti \u00fear \u00ed v\u00e6ngjahur\u00f0ir, lokur og slagbranda, s\u00f6mulei\u00f0is m\u00far Siloa vatnsveitinga, hj\u00e1 aldingar\u00f0i k\u00f3ngsins, allt a\u00f0 tr\u00f6ppunum, hvar gengi\u00f0 er ni\u00f0ur \u00far Dav\u00ed\u00f0sborg <span class='VideyAth'>c)<\/span>. <br \/><a name=\"16\"><span class=\"versanumer\">16<\/span><\/a>N\u00e6st eftir hann endurb\u00e6tti Nehemia Asb\u00faksson, umr\u00e1\u00f0ama\u00f0ur yfir helmingi af Betsur h\u00e9ra\u00f0i, Dav\u00ed\u00f0s gr\u00f6f <span class='VideyAth'>d)<\/span> gagnvart og allt a\u00f0 fiskivatninu sem haf\u00f0i veri\u00f0 gj\u00f6rt <span class='VideyAth'>e)<\/span>, og til h\u00fass enna sterku <span class='VideyAth'>f)<\/span>.<a name=\"17\"><span class=\"versanumer\">17<\/span><\/a>Vi\u00f0 hli\u00f0ina \u00e1 honum endurb\u00e6ttu Lev\u00edtarnir Rehum Banison, vi\u00f0 hli\u00f0ina \u00e1 honum l\u00e9t Hasab\u00eda, umr\u00e1\u00f0ama\u00f0ur yfir helmingnum af h\u00e9ra\u00f0inu Keila endurb\u00e6ta af s\u00edns h\u00e9ra\u00f0s m\u00f6nnum;<a name=\"18\"><span class=\"versanumer\">18<\/span><\/a>eftir hann endurb\u00e6ttu br\u00e6\u00f0ur \u00feeirra Bavai Henadadsson umr\u00e1\u00f0ama\u00f0ur hins helmingsins af Keila,<a name=\"19\"><span class=\"versanumer\">19<\/span><\/a>vi\u00f0 hli\u00f0ina \u00e1 honum endurb\u00e6tti Eser Jesuason, umr\u00e1\u00f0ama\u00f0ur yfir Mispa, annan hluta andsp\u00e6nis uppganginum upp \u00ed vopnahirsluna <span class='VideyAth'>g)<\/span> \u00e1 horninu;<a name=\"20\"><span class=\"versanumer\">20<\/span><\/a>eftir hann endurb\u00e6tti me\u00f0 miklu kappi Baruk Sabbaison, annan hluta fr\u00e1 horninu, allt a\u00f0 dyrunum \u00e1 Eliasibsh\u00fasi, ens ypparsta prests,<a name=\"21\"><span class=\"versanumer\">21<\/span><\/a>eftir hann endurb\u00e6tti Meremot sonur Uri\u00e6, sonar Hakkos, hinn hlutann fr\u00e1 dyrunum \u00e1 Eliasibs h\u00fasi til endans \u00e1 \u00fev\u00ed;<a name=\"22\"><span class=\"versanumer\">22<\/span><\/a>eftir hann bygg\u00f0u prestarnir \u00fear \u00far n\u00e1grenninu;<a name=\"23\"><span class=\"versanumer\">23<\/span><\/a>eftir hann endurb\u00e6ttu Benjain og Hasub andsp\u00e6nis \u00feeirra h\u00fasum, eftir \u00fe\u00e1 endurb\u00e6ttu Asaria son Maeseiu, sonar Ananiu hj\u00e1 h\u00fasi s\u00ednu;<a name=\"24\"><span class=\"versanumer\">24<\/span><\/a>eftir hann endurb\u00e6tti Binnui sonur Henadads annan hluta fr\u00e1 h\u00fasi Asaria allt a\u00f0 horninu til turnsins \u00fear.<a name=\"25\"><span class=\"versanumer\">25<\/span><\/a>Falal Ussaison andsp\u00e6nis horninu og turninum sem gengur \u00fat fr\u00e1 h\u00fasi k\u00f3ngsins, \u00fev\u00ed h\u00e6sta af forbyrgi fangah\u00fassins; og eftir hann bygg\u00f0i Fidaia Farossson.<a name=\"26\"><span class=\"versanumer\">26<\/span><\/a>En helgid\u00f3msins \u00fe\u00e9narar bjuggu \u00e1 h\u00e6\u00f0inni sem er andsp\u00e6nis vatnshli\u00f0inu <span class='VideyAth'>a)<\/span> austanvert fr\u00e1 \u00feeim framstandandi turni.<a name=\"27\"><span class=\"versanumer\">27<\/span><\/a>Eftir hann endurb\u00e6ttu \u00feeir fr\u00e1 Tekoa annan hluta, fr\u00e1 \u00fev\u00ed st\u00f3ra framstandandi hli\u00f0i, allt a\u00f0 veggi h\u00e6\u00f0arinnar <span class='VideyAth'>b)<\/span>.<a name=\"28\"><span class=\"versanumer\">28<\/span><\/a>Fyrir ofan hestaporti\u00f0 endurb\u00e6ttu prestarnir, s\u00e9rhv\u00f6r andsp\u00e6nis s\u00ednu h\u00fasi.<a name=\"29\"><span class=\"versanumer\">29<\/span><\/a>N\u00e6st eftir \u00fe\u00e1 Sadok Immersson, gegnt s\u00ednu h\u00fasi; eftir hann Semaia Seaniuson, v\u00f6r\u00f0ur hli\u00f0s \u00feess sem er gegnt s\u00f3laruppg\u00f6ngu;<a name=\"30\"><span class=\"versanumer\">30<\/span><\/a>eftir hann Hanania Selemiason; og Hanun, sj\u00e1 sj\u00f6tti me\u00f0al Selefssona, annan hluta; eftir hann endurb\u00e6tti Mesullam Barakiuson andsp\u00e6nis s\u00ednu herbergi <span class='VideyAth'>c)<\/span>.<a name=\"31\"><span class=\"versanumer\">31<\/span><\/a>Eftir hann endurb\u00e6tti Malkia Sorfison allt a\u00f0 h\u00fasi helgid\u00f3msins \u00fej\u00f3na og kaupmanna, andsp\u00e6nis var\u00f0mannaturninum allt a\u00f0 herberginu \u00e1 hornturninum;<a name=\"32\"><span class=\"versanumer\">32<\/span><\/a>\u00e1 millum \u00feessa herbergis og fj\u00e1rhli\u00f0sins endurb\u00e6ttu gullsmi\u00f0irnir og kaupmennirnir.<\/p>\n<div class=\"footnoteVidey\">V. 1. b. Kalla\u00f0ist svo af \u00fev\u00ed a\u00f0 \u00e1 torginu \u00fear hj\u00e1 var f\u00f3rnarf\u00e9na\u00f0ur seldur.  V. 2. c. Af fiski sem \u00fear var haf\u00f0ur \u00e1 bo\u00f0st\u00f3lum.  V. 8. a. \u00de. e. \u00f3vinirnir.  V. 15. b. T\u00f3k nafn af brunninum Gihon, vestan til vi\u00f0 borgina, sem spratt \u00fev\u00ed n\u00e6r upp vi\u00f0 r\u00e6tur Sionsfjalls. c. Dav\u00ed\u00f0sborg st\u00f3\u00f0 \u00e1 \u00feessu fjalli, hva\u00f0an tr\u00f6ppur l\u00e1gu ni\u00f0r\u00ed l\u00e6gri hluta sta\u00f0arins.  V. 16. d. Var h\u00f6ggvin \u00ed klettinn. c. \u00de. e. Silva. f. 2 Sam. 21,16.18. er geti\u00f0 um gamla kanan\u00edtiska \u00fej\u00f3\u00f0 austanmegin J\u00f3rdanar, nafntoga\u00f0rar fyrir st\u00e6r\u00f0 s\u00edna, \u00e1\u00f0ur er \u00feeirra geti\u00f0 \u00ed 1 M\u00f3s. 14,5. og 15,20. og Esaia 17,5 17,5. er geti\u00f0 um Refaimsdal; hvar k\u00f3ngur \u00feeirra \u00e1samt me\u00f0 m\u00f6nnum s\u00ednum var greftra\u00f0ur, sj\u00e1 5 M\u00f3s. 3,11.  V. 19. g. Sj\u00e1 1 K\u00f3ng. 7,2. Samanbori\u00f0 vi\u00f0 10,17.  V. 26. a. T\u00f3k nafn sitt af l\u00e6knum Kedron sem rann \u00fear hj\u00e1.  V. 27. b. Svo kalla\u00f0ist brekka austanvert \u00e1 S\u00edonsfjalli.  V. 30. c. Hebreska or\u00f0i\u00f0 br\u00fakast um byggingar sem voru \u00ed forgar\u00f0i musterisins.<\/div>\n","protected":false},"excerpt":{"rendered":"<p>Borgarm\u00fararnir eru aftur uppbygg\u00f0ir. 1Og Eliasib, \u00e6\u00f0sti presturinn og prestarnir, sem tilheyr\u00f0u s\u00f6mu \u00e6ttkv\u00edsl bjuggust til og bygg\u00f0u upp Fj\u00e1rhli\u00f0i\u00f0 b) og \u00feeir v\u00edg\u00f0u \u00fea\u00f0 og settu \u00fear \u00ed v\u00e6ngjahur\u00f0ir\u2014og allt a\u00f0 turninum Mea v\u00edg\u00f0u \u00feeir \u00fea\u00f0, j\u00e1, allt til Hananels turns.2Vi\u00f0 hli\u00f0ina \u00e1 honum bygg\u00f0u Jer\u00edkosmenn og vi\u00f0 a\u00f0ra hli\u00f0 hans bygg\u00f0i Sak\u00fa Imrison. 3Fiskihli\u00f0i\u00f0 bygg\u00f0u synir Senaa og settu \u00fear dyraumb\u00fana\u00f0, v\u00e6ngjahur\u00f0ir \u00e1samt lokum og slagbr\u00f6ndum.4Og vi\u00f0 hli\u00f0ina \u00e1 \u00feeim endurb\u00e6tti Meremot sonur Uria, sonar Hakusar; og vi\u00f0 hli\u00f0ina \u00e1 \u00feeim endurb\u00e6tti Mesullam son Barakia sonar Meseisabels og vi\u00f0 hli\u00f0ina \u00e1 \u00feeim endurb\u00e6tti Sadok Baanasson,5og vi\u00f0 hli\u00f0ina \u00e1 <a href=\"https:\/\/biblian.is\/videy\/nehemiabok-3-kafli\/\"> [&#8230;]<\/a><\/p>\n","protected":false},"author":1,"featured_media":0,"parent":0,"menu_order":0,"comment_status":"open","ping_status":"open","template":"bibliukaflar.php","meta":{"footnotes":""},"class_list":["post-21265","page","type-page","status-publish","hentry"],"_links":{"self":[{"href":"https:\/\/biblian.is\/videy\/wp-json\/wp\/v2\/pages\/21265","targetHints":{"allow":["GET"]}}],"collection":[{"href":"https:\/\/biblian.is\/videy\/wp-json\/wp\/v2\/pages"}],"about":[{"href":"https:\/\/biblian.is\/videy\/wp-json\/wp\/v2\/types\/page"}],"author":[{"embeddable":true,"href":"https:\/\/biblian.is\/videy\/wp-json\/wp\/v2\/users\/1"}],"replies":[{"embeddable":true,"href":"https:\/\/biblian.is\/videy\/wp-json\/wp\/v2\/comments?post=21265"}],"version-history":[{"count":0,"href":"https:\/\/biblian.is\/videy\/wp-json\/wp\/v2\/pages\/21265\/revisions"}],"wp:attachment":[{"href":"https:\/\/biblian.is\/videy\/wp-json\/wp\/v2\/media?parent=21265"}],"curies":[{"name":"wp","href":"https:\/\/api.w.org\/{rel}","templated":true}]}}