{"id":21263,"date":"2018-01-02T01:01:05","date_gmt":"2018-01-02T01:01:05","guid":{"rendered":"http:\/\/biblian.is\/videy\/nehemiabok-1-kafli\/"},"modified":"2018-01-02T01:01:05","modified_gmt":"2018-01-02T01:01:05","slug":"nehemiabok-1-kafli","status":"publish","type":"page","link":"https:\/\/biblian.is\/videy\/nehemiabok-1-kafli\/","title":{"rendered":"Nehem\u00edab\u00f3k 1. kafli"},"content":{"rendered":"<div class=\"fyrirsognVidey\">Nehem\u00edas fregnar Gy\u00f0inganna b\u00e1gu kringumst\u00e6\u00f0ur \u00ed Jer\u00fasalem, og bi\u00f0ur Gu\u00f0 a\u00f0 hj\u00e1lpa s\u00e9r til, a\u00f0 ver\u00f0a \u00feeim til li\u00f0s hj\u00e1 Persak\u00f3ngi.<\/div>\n<p><a name=\"1\"><span class=\"versanumer\">1<\/span><\/a>Or\u00f0 <span class='VideyAth'>(gj\u00f6rningar)<\/span> Nehemi\u00e6 Hakalinsonar. Og \u00fea\u00f0 ske\u00f0i \u00ed m\u00e1nu\u00f0inum kislev <span class='VideyAth'>a)<\/span> tuttugasta \u00e1ri\u00f0 <span class='VideyAth'>b)<\/span> a\u00f0 eg var \u00ed S\u00fasan h\u00f6fu\u00f0sta\u00f0num <span class='VideyAth'>c)<\/span>.<a name=\"2\"><span class=\"versanumer\">2<\/span><\/a>Og Hanani kom \u00feanga\u00f0, einn af m\u00ednum br\u00e6\u00f0rum, hann og nokkrir menn fr\u00e1 J\u00fadeu, og eg spur\u00f0i hann um Gy\u00f0ingana sem afkomust, \u00fe\u00e1 sem eftir ur\u00f0u af enum f\u00f6ngnu, og um Jer\u00fasalem,<a name=\"3\"><span class=\"versanumer\">3<\/span><\/a>og \u00feeir s\u00f6g\u00f0u m\u00e9r: leifar \u00fe\u00e6r, er eftir ur\u00f0u af \u00feeim f\u00f6ngum \u00fear \u00ed landinu eru \u00ed miklum b\u00e1gindum og fyrirlitningu og m\u00farar Jer\u00fasalems eru ni\u00f0urbrotnir og borgarhli\u00f0 hennar brennd \u00ed eldi.<a name=\"4\"><span class=\"versanumer\">4<\/span><\/a>Og \u00fea\u00f0 ske\u00f0i \u00feegar eg heyr\u00f0i \u00feetta, \u00fe\u00e1 sat eg og gr\u00e9t og var hryggur marga daga og eg fasta\u00f0i og eg gj\u00f6r\u00f0i b\u00e6n m\u00edna til himnanna Gu\u00f0s.<a name=\"5\"><span class=\"versanumer\">5<\/span><\/a>Og eg sag\u00f0i: \u00f3 minn Gu\u00f0! himnanna Drottinn! \u00fe\u00fa mikli og \u00f3ttalegi, sem g\u00e6tir lofor\u00f0a og n\u00e1\u00f0ar vi\u00f0 \u00fe\u00e1 sem elska og var\u00f0veita \u00fe\u00edn bo\u00f0;<a name=\"6\"><span class=\"versanumer\">6<\/span><\/a>L\u00e1t eyra \u00feitt til vor hneigjast og \u00fe\u00edn augu vera opin, svo \u00fe\u00fa heyrir b\u00e6n \u00fe\u00edns \u00fej\u00f3ns, sem eg ber fram fyrir \u00feig daga og n\u00e6tur, sakir \u00cdsraelssona, \u00feinna d\u00fdrkennda, eg me\u00f0kenni syndir \u00cdsraelsmanna, sem \u00feeir hafa dr\u00fdgt m\u00f3ti \u00fe\u00e9r, einnig eg og h\u00fas f\u00f6\u00f0ur m\u00edns h\u00f6fum syndga\u00f0.<a name=\"7\"><span class=\"versanumer\">7<\/span><\/a>V\u00e9r h\u00f6fum brug\u00f0i\u00f0 vor heit vi\u00f0 \u00feig og ekki g\u00e6tt \u00feeirra bo\u00f0a, laga og r\u00e9ttinda, sem \u00fe\u00fa birtir \u00fej\u00f3ni \u00fe\u00ednum M\u00f3ses,<a name=\"8\"><span class=\"versanumer\">8<\/span><\/a>minnstu n\u00fa \u00feess, er \u00fe\u00fa sag\u00f0ir: \u00fe\u00e9r munu\u00f0 syndga, en eg mun tv\u00edstra y\u00f0ur \u00e1 me\u00f0al \u00fej\u00f3\u00f0anna.<a name=\"9\"><span class=\"versanumer\">9<\/span><\/a>Svo a\u00f0 \u00fe\u00e9r sn\u00fai\u00f0 y\u00f0ur til m\u00edn og g\u00e6ti\u00f0 minna r\u00e9ttinda og gj\u00f6ri\u00f0 \u00feau\u2014\u00fe\u00f3 a\u00f0 \u00fatleg\u00f0ar menn y\u00f0ar v\u00e6ru undir hinu ysta himinsins skauti, \u00fe\u00e1 mundi eg safna \u00feeim \u00fea\u00f0an og lei\u00f0a \u00fe\u00e1 til \u00feess sta\u00f0ar, sem eg hefi \u00fatvali\u00f0 til \u00feess a\u00f0 nafn mitt <span class='VideyAth'>d)<\/span> b\u00fai \u00fear.<a name=\"10\"><span class=\"versanumer\">10<\/span><\/a>\u00dev\u00ed a\u00f0 \u00fe\u00ednir \u00fej\u00f3nar eru \u00feeir og \u00feitt f\u00f3lk, sem \u00fe\u00fa frelsa\u00f0ir me\u00f0 m\u00e6tti \u00fe\u00ednum, enum mikla, og \u00feinni voldugu hendi.<a name=\"11\"><span class=\"versanumer\">11<\/span><\/a>\u00d3! Herra minn! hneig eyra \u00feitt a\u00f0 b\u00e6num \u00fej\u00f3ns \u00fe\u00edns, og a\u00f0 b\u00e6n \u00feinna \u00fe\u00e9nara, sem hneig\u00f0ir eru til a\u00f0 \u00f3ttast \u00feitt nafn; fars\u00e6l n\u00fa \u00fej\u00f3n \u00feinn \u00ed dag og l\u00e1t honum hlotnast a\u00f0 finna me\u00f0aumkvan hj\u00e1 manni \u00feessum. Eg var \u00fe\u00e1 k\u00f3ngsins skenkjari.<\/p>\n<div class=\"footnoteVidey\">V. 1. a. \u00de. e. desember. b. \u00de. e. tuttugasta r\u00edkisstj\u00f3rnar \u00e1r Artaxerxis. c. Vetrarsetur enna persisku k\u00f3nga.  V. 9. d. \u00de. e. d\u00fdrkan m\u00edn.<\/div>\n","protected":false},"excerpt":{"rendered":"<p>Nehem\u00edas fregnar Gy\u00f0inganna b\u00e1gu kringumst\u00e6\u00f0ur \u00ed Jer\u00fasalem, og bi\u00f0ur Gu\u00f0 a\u00f0 hj\u00e1lpa s\u00e9r til, a\u00f0 ver\u00f0a \u00feeim til li\u00f0s hj\u00e1 Persak\u00f3ngi. 1Or\u00f0 (gj\u00f6rningar) Nehemi\u00e6 Hakalinsonar. Og \u00fea\u00f0 ske\u00f0i \u00ed m\u00e1nu\u00f0inum kislev a) tuttugasta \u00e1ri\u00f0 b) a\u00f0 eg var \u00ed S\u00fasan h\u00f6fu\u00f0sta\u00f0num c).2Og Hanani kom \u00feanga\u00f0, einn af m\u00ednum br\u00e6\u00f0rum, hann og nokkrir menn fr\u00e1 J\u00fadeu, og eg spur\u00f0i hann um Gy\u00f0ingana sem afkomust, \u00fe\u00e1 sem eftir ur\u00f0u af enum f\u00f6ngnu, og um Jer\u00fasalem,3og \u00feeir s\u00f6g\u00f0u m\u00e9r: leifar \u00fe\u00e6r, er eftir ur\u00f0u af \u00feeim f\u00f6ngum \u00fear \u00ed landinu eru \u00ed miklum b\u00e1gindum og fyrirlitningu og m\u00farar Jer\u00fasalems eru ni\u00f0urbrotnir og borgarhli\u00f0 <a href=\"https:\/\/biblian.is\/videy\/nehemiabok-1-kafli\/\"> [&#8230;]<\/a><\/p>\n","protected":false},"author":1,"featured_media":0,"parent":0,"menu_order":0,"comment_status":"open","ping_status":"open","template":"bibliukaflar.php","meta":{"footnotes":""},"class_list":["post-21263","page","type-page","status-publish","hentry"],"_links":{"self":[{"href":"https:\/\/biblian.is\/videy\/wp-json\/wp\/v2\/pages\/21263","targetHints":{"allow":["GET"]}}],"collection":[{"href":"https:\/\/biblian.is\/videy\/wp-json\/wp\/v2\/pages"}],"about":[{"href":"https:\/\/biblian.is\/videy\/wp-json\/wp\/v2\/types\/page"}],"author":[{"embeddable":true,"href":"https:\/\/biblian.is\/videy\/wp-json\/wp\/v2\/users\/1"}],"replies":[{"embeddable":true,"href":"https:\/\/biblian.is\/videy\/wp-json\/wp\/v2\/comments?post=21263"}],"version-history":[{"count":0,"href":"https:\/\/biblian.is\/videy\/wp-json\/wp\/v2\/pages\/21263\/revisions"}],"wp:attachment":[{"href":"https:\/\/biblian.is\/videy\/wp-json\/wp\/v2\/media?parent=21263"}],"curies":[{"name":"wp","href":"https:\/\/api.w.org\/{rel}","templated":true}]}}