{"id":21261,"date":"2018-01-02T01:01:05","date_gmt":"2018-01-02T01:01:05","guid":{"rendered":"http:\/\/biblian.is\/videy\/esrabok-9-kafli\/"},"modified":"2018-01-02T01:01:05","modified_gmt":"2018-01-02T01:01:05","slug":"esrabok-9-kafli","status":"publish","type":"page","link":"https:\/\/biblian.is\/videy\/esrabok-9-kafli\/","title":{"rendered":"Esrab\u00f3k 9. kafli"},"content":{"rendered":"<div class=\"fyrirsognVidey\">\u00cdsraels menn, jafnvel prestar og Lev\u00edtar h\u00f6f\u00f0u teki\u00f0 s\u00e9r \u00fatlendar konur. Esra gj\u00f6rir i\u00f0ran f\u00f3lksins vegna.<\/div>\n<p><a name=\"1\"><span class=\"versanumer\">1<\/span><\/a>\u00deegar \u00f6llu \u00feessu var loki\u00f0 komu \u00feeir yppurstu til m\u00edn og s\u00f6g\u00f0u: \u00cdsraelsl\u00fd\u00f0ur og prestarnir og Lev\u00edtarnir hafa ekki haldi\u00f0 s\u00e9r fr\u00e1 \u00fej\u00f3\u00f0um \u00feeirra landa sem \u00f3hrein eru <span class='VideyAth'>c)<\/span>, fr\u00e1 Kanan\u00edtum, Heth\u00edtum, Feres\u00edtum, Jeb\u00fas\u00edtum, Ammon\u00edtum, M\u00f3ab\u00edtum, Egypskum og Amor\u00edtum.<a name=\"2\"><span class=\"versanumer\">2<\/span><\/a>\u00dev\u00ed \u00feeir hafa gift sig \u00feeirra d\u00e6trum og sonu s\u00edna og samblanda\u00f0 enum helga \u00e6ttstofni vi\u00f0 landsins innb\u00faa, og nokkrir af \u00feeim yppurstu og yfirm\u00f6nnunum hafa or\u00f0i\u00f0 fyrstir til \u00feess.<a name=\"3\"><span class=\"versanumer\">3<\/span><\/a>\u00deegar eg heyr\u00f0i \u00feetta, reif eg kyrtil minn, og yfirh\u00f6fn, reytti h\u00e1r af h\u00f6f\u00f0i m\u00e9r og skegg og sat fr\u00e1 m\u00e9r numinn.<a name=\"4\"><span class=\"versanumer\">4<\/span><\/a>N\u00fa s\u00f6fnu\u00f0ust til m\u00edn allir, sem \u00f3ttu\u00f0ust or\u00f0 \u00cdsraels Gu\u00f0s, sakir misgj\u00f6r\u00f0ar \u00fatleg\u00f0armannanna; en eg sat \u00f3ttasleginn allt til kv\u00f6ldf\u00f3rnar <span class='VideyAth'>(t\u00edmans)<\/span> <span class='VideyAth'>d)<\/span>.<a name=\"5\"><span class=\"versanumer\">5<\/span><\/a>\u00deegar a\u00f0 kv\u00f6ldf\u00f3rninni var komi\u00f0, st\u00f3\u00f0 eg upp fr\u00e1 f\u00f6stu minni me\u00f0 rifnum kyrtli og yfirh\u00f6fn, f\u00e9ll \u00e1 kn\u00e9 og f\u00f3rna\u00f0i h\u00f6ndum m\u00ednum til Gu\u00f0s, Drottins m\u00edns.<a name=\"6\"><span class=\"versanumer\">6<\/span><\/a>Og eg sag\u00f0i: Gu\u00f0 minn! eg fyrirver\u00f0 mig og blyg\u00f0ast m\u00edn a\u00f0 upplyfta til \u00fe\u00edn, Drottinn minn! augliti m\u00ednu, \u00fev\u00ed syndir vorar taka upp yfir h\u00f6fu\u00f0 vor, og eru svo st\u00f3rar, a\u00f0 \u00fe\u00e6r n\u00e1 til himins.<a name=\"7\"><span class=\"versanumer\">7<\/span><\/a>Allt fr\u00e1 d\u00f6gum fe\u00f0ra vorra vorum v\u00e9r \u00ed mikillri sekt allt til \u00feessa dags og vegna vorra synda erum v\u00e9r ofurgefnir, k\u00f3ngar vorir og prestar vorir \u00ed h\u00f6nd k\u00f3nga hinna annarra landa, undir sver\u00f0i\u00f0, til fangelsis, herfangs og blyg\u00f0unar, eins og \u00e1 \u00feessum degi.<a name=\"8\"><span class=\"versanumer\">8<\/span><\/a>Og n\u00fa fyrir skemmstu hefur miskunn ske\u00f0 af Gu\u00f0i Drottni vorum, \u00fear e\u00f0 hann hefir l\u00e1ti\u00f0 eftir ver\u00f0a leifar af oss og veitt oss f\u00f3tfesti \u00e1 \u00feeim heilaga sta\u00f0, svo a\u00f0 Gu\u00f0 vor uppl\u00fdsti vor augu og l\u00e9ti oss litla stund lifna vi\u00f0 aftur \u00ed \u00e1nau\u00f0 vorri.<a name=\"9\"><span class=\"versanumer\">9<\/span><\/a>\u00dev\u00ed \u00e1nau\u00f0ugir erum v\u00e9r og \u00ed \u00e1nau\u00f0 vorri hefir Gu\u00f0 vor ekki yfirgefi\u00f0 oss, heldur hneigt til vor r\u00e1\u00f0 Persakonunga, svo \u00feeir \u00feyrmdu l\u00edfi voru, svo a\u00f0 v\u00e9r fengjum uppbyggt h\u00fas Gu\u00f0s vors og vi\u00f0r\u00e9tt r\u00fastir \u00feess, og g\u00e1fu oss umgirtan sta\u00f0 \u00ed J\u00fadeu og \u00ed Jer\u00fasalem.<a name=\"10\"><span class=\"versanumer\">10<\/span><\/a>En hva\u00f0 eigum v\u00e9r n\u00fa a\u00f0 segja, vor Gu\u00f0! eftir allt \u00feetta? \u00fev\u00ed v\u00e9r h\u00f6fum yfirgefi\u00f0 \u00fe\u00edn bo\u00f0,<a name=\"11\"><span class=\"versanumer\">11<\/span><\/a>sem \u00fe\u00fa hefir gefi\u00f0 oss fyrir h\u00f6nd \u00feinna \u00fej\u00f3na sp\u00e1mannanna, er \u00fe\u00fa sag\u00f0ir: \u00fea\u00f0 land, til hv\u00f6rs \u00fe\u00e9r fari\u00f0 til a\u00f0 inntaka \u00fea\u00f0, er or\u00f0i\u00f0 \u00f3hreint vegna afgu\u00f0ad\u00fdrkunar f\u00f3lksins \u00ed landinu, vegna vi\u00f0urstyggilegleika \u00feess sem \u00feeir hafa fyllt \u00fea\u00f0 me\u00f0 fr\u00e1 einum enda til annars, me\u00f0 \u00feeirra saurugleika.<a name=\"12\"><span class=\"versanumer\">12<\/span><\/a>\u00deess vegna skulu\u00f0 \u00fe\u00e9r ekki gefa d\u00e6tur y\u00f0ar sonum \u00feeirra, og synir \u00feeirra ekki taka s\u00e9r d\u00e6tur y\u00f0ar og ekki skulu\u00f0 \u00fe\u00e9r \u00e6vinlega leita \u00feeirra s\u00e6lu og velvegnunar, svo a\u00f0 \u00fe\u00e9r ver\u00f0i\u00f0 voldugir og f\u00e1i\u00f0 a\u00f0 nj\u00f3ta landsins g\u00e6\u00f0a og eftirl\u00e1ti\u00f0 \u00fea\u00f0 sonum y\u00f0ar \u00e6vinlega \u00far \u00fev\u00ed.<a name=\"13\"><span class=\"versanumer\">13<\/span><\/a>Eftir a\u00f0 n\u00fa allt \u00feetta er komi\u00f0 yfir oss, vegna vorra vondra verka og vorra st\u00f3ru yfirsj\u00f3na <span class='VideyAth'>(\u00fev\u00ed \u00fe\u00fa, Drottinn vor, hefir au\u00f0m\u00fdkt oss minna heldur en vorar syndir hafa tilunni\u00f0 og s\u00f6mulei\u00f0is veitt oss frelsan)<\/span>.<a name=\"14\"><span class=\"versanumer\">14<\/span><\/a>Hv\u00f6rt skyldum v\u00e9r \u00fe\u00e1 sn\u00faa aftur til a\u00f0 rj\u00fafa \u00fe\u00edn r\u00e9ttindi og tengjast hj\u00faskaparb\u00f6ndum vi\u00f0 \u00feessar \u00f3h\u00e6fu \u00fej\u00f3\u00f0ir? munt \u00fe\u00fa ekki rei\u00f0ast oss og \u00fev\u00ed n\u00e6r gj\u00f6rey\u00f0a oss, svo enginn ver\u00f0i eftir og frelsist?<a name=\"15\"><span class=\"versanumer\">15<\/span><\/a>Gu\u00f0, Drottinn \u00cdsraels! \u00fe\u00fa ert r\u00e9ttl\u00e1tur, \u00fev\u00ed enn \u00fe\u00e1 til \u00feessa dags hefir \u00fe\u00fa eftirskili\u00f0 leifar af oss\u2014sj\u00e1! v\u00e9r st\u00f6ndum fyrir \u00fe\u00ednu augliti \u00ed vorum \u00e1vir\u00f0ingum, \u00fev\u00ed vegna \u00feeirra f\u00e6r enginn sta\u00f0ist fyrir \u00fe\u00e9r.<\/p>\n<div class=\"footnoteVidey\">V. 1. c. Samanber 5 M\u00f3s. 7,1\u20133.  V. 4. d. Samanber 2 M\u00f3s. 29,39.41. og 3 M\u00f3s. 23,4.<\/div>\n","protected":false},"excerpt":{"rendered":"<p>\u00cdsraels menn, jafnvel prestar og Lev\u00edtar h\u00f6f\u00f0u teki\u00f0 s\u00e9r \u00fatlendar konur. Esra gj\u00f6rir i\u00f0ran f\u00f3lksins vegna. 1\u00deegar \u00f6llu \u00feessu var loki\u00f0 komu \u00feeir yppurstu til m\u00edn og s\u00f6g\u00f0u: \u00cdsraelsl\u00fd\u00f0ur og prestarnir og Lev\u00edtarnir hafa ekki haldi\u00f0 s\u00e9r fr\u00e1 \u00fej\u00f3\u00f0um \u00feeirra landa sem \u00f3hrein eru c), fr\u00e1 Kanan\u00edtum, Heth\u00edtum, Feres\u00edtum, Jeb\u00fas\u00edtum, Ammon\u00edtum, M\u00f3ab\u00edtum, Egypskum og Amor\u00edtum.2\u00dev\u00ed \u00feeir hafa gift sig \u00feeirra d\u00e6trum og sonu s\u00edna og samblanda\u00f0 enum helga \u00e6ttstofni vi\u00f0 landsins innb\u00faa, og nokkrir af \u00feeim yppurstu og yfirm\u00f6nnunum hafa or\u00f0i\u00f0 fyrstir til \u00feess.3\u00deegar eg heyr\u00f0i \u00feetta, reif eg kyrtil minn, og yfirh\u00f6fn, reytti h\u00e1r af h\u00f6f\u00f0i m\u00e9r og skegg <a href=\"https:\/\/biblian.is\/videy\/esrabok-9-kafli\/\"> [&#8230;]<\/a><\/p>\n","protected":false},"author":1,"featured_media":0,"parent":0,"menu_order":0,"comment_status":"open","ping_status":"open","template":"bibliukaflar.php","meta":{"footnotes":""},"class_list":["post-21261","page","type-page","status-publish","hentry"],"_links":{"self":[{"href":"https:\/\/biblian.is\/videy\/wp-json\/wp\/v2\/pages\/21261","targetHints":{"allow":["GET"]}}],"collection":[{"href":"https:\/\/biblian.is\/videy\/wp-json\/wp\/v2\/pages"}],"about":[{"href":"https:\/\/biblian.is\/videy\/wp-json\/wp\/v2\/types\/page"}],"author":[{"embeddable":true,"href":"https:\/\/biblian.is\/videy\/wp-json\/wp\/v2\/users\/1"}],"replies":[{"embeddable":true,"href":"https:\/\/biblian.is\/videy\/wp-json\/wp\/v2\/comments?post=21261"}],"version-history":[{"count":0,"href":"https:\/\/biblian.is\/videy\/wp-json\/wp\/v2\/pages\/21261\/revisions"}],"wp:attachment":[{"href":"https:\/\/biblian.is\/videy\/wp-json\/wp\/v2\/media?parent=21261"}],"curies":[{"name":"wp","href":"https:\/\/api.w.org\/{rel}","templated":true}]}}