{"id":21260,"date":"2018-01-02T01:01:05","date_gmt":"2018-01-02T01:01:05","guid":{"rendered":"http:\/\/biblian.is\/videy\/esrabok-8-kafli\/"},"modified":"2018-01-02T01:01:05","modified_gmt":"2018-01-02T01:01:05","slug":"esrabok-8-kafli","status":"publish","type":"page","link":"https:\/\/biblian.is\/videy\/esrabok-8-kafli\/","title":{"rendered":"Esrab\u00f3k 8. kafli"},"content":{"rendered":"<div class=\"fyrirsognVidey\">Fer\u00f0 Esras til Jer\u00fasalem.<\/div>\n<p><a name=\"1\"><span class=\"versanumer\">1<\/span><\/a>\u00deessir eru \u00feeir helstu af \u00e6ttfe\u00f0runum sem l\u00e9tu rita n\u00f6fn s\u00edn \u00ed \u00e6ttart\u00f6lub\u00e6kurnar og sem upp eftir f\u00f3ru me\u00f0 m\u00e9r undir r\u00edkisstj\u00f3rn Artaxerxis k\u00f3ngs \u00ed Babylon.<a name=\"2\"><span class=\"versanumer\">2<\/span><\/a>Af Fineasars afkomendum Gersom, af Itamars afkomendum Daniel, af Dav\u00ed\u00f0s afkomendum Hattus.<a name=\"3\"><span class=\"versanumer\">3<\/span><\/a>Af afkomendum Sehania og af Faross afkomendum Sakaria og karlmenn sem me\u00f0 honum v\u00f3ru, t\u00f6ldust eitt hundra\u00f0 og fimmt\u00edu.<a name=\"4\"><span class=\"versanumer\">4<\/span><\/a>Af Fahat M\u00f3abs afkomendum Elioeni Serahiason og me\u00f0 honum tv\u00f6 hundru\u00f0 karlmanna.<a name=\"5\"><span class=\"versanumer\">5<\/span><\/a>Af afkomendum Sehania sonar Jahasiels og me\u00f0 honum \u00ferj\u00fa hundru\u00f0 af karlm\u00f6nnum,<a name=\"6\"><span class=\"versanumer\">6<\/span><\/a>og af afkomendum Adins: Ebed sonur J\u00f3natans og me\u00f0 honum fimmt\u00edu karlmanna;<a name=\"7\"><span class=\"versanumer\">7<\/span><\/a>af Elams afkomendum Esais Athaliuson og me\u00f0 honum sj\u00f6tygir karlmanna.<a name=\"8\"><span class=\"versanumer\">8<\/span><\/a>Af Safatia afkomendum Sebadia Mikaels son og me\u00f0 honum \u00e1ttat\u00edu karlmanna.<a name=\"9\"><span class=\"versanumer\">9<\/span><\/a>Af J\u00f3abs afkomendum: \u00d3badia Jehielsson og me\u00f0 honum tv\u00f6 hundru\u00f0 og \u00e1tj\u00e1n karlmenn.<a name=\"10\"><span class=\"versanumer\">10<\/span><\/a>Af afkomendum Sel\u00f3mitis: sonur J\u00f3sisia og me\u00f0 honum eitt hundra\u00f0 og sext\u00edu karlmanna.<a name=\"11\"><span class=\"versanumer\">11<\/span><\/a>Af Bebai afkomendum Sakaria Bebaison og me\u00f0 honum tuttugu og \u00e1tta karlmenn.<a name=\"12\"><span class=\"versanumer\">12<\/span><\/a>Af Afga\u00f0s afkomendum Johanan Hakatansson og me\u00f0 honum eitt hundra\u00f0 og t\u00edu karlmenn,<a name=\"13\"><span class=\"versanumer\">13<\/span><\/a>og loksins af Adonikams afkomendum: og eru \u00feessi n\u00f6fn \u00feeirra Elifelet, Jeguel, Semaia og me\u00f0 \u00feeim sext\u00edu karlmanna.<a name=\"14\"><span class=\"versanumer\">14<\/span><\/a>Af Bigvais afkomendum: Utai og Sabbud og \u00e1samt \u00feeim sj\u00f6t\u00edu karlmanna.<a name=\"15\"><span class=\"versanumer\">15<\/span><\/a>\u00deessum samansafna\u00f0i eg vi\u00f0 flj\u00f3t \u00fea\u00f0 er rennur til Ahava, og l\u00e1gum \u00fear \u00ed herb\u00fa\u00f0um \u00ed \u00ferj\u00e1 daga og sem eg gaf gaum a\u00f0 f\u00f3lkinu og prestunum, \u00fe\u00e1 fann eg \u00fear engan af Levi afkomendum;<a name=\"16\"><span class=\"versanumer\">16<\/span><\/a>eg sendi \u00feess vegna Elieser, Ariel, Semaia, Elnatan, Natan, Sakar\u00eda, Mesuallam \u00fe\u00e1 helstu, Ivarib og Elnatan, fr\u00f3\u00f0a menn;<a name=\"17\"><span class=\"versanumer\">17<\/span><\/a>og eg l\u00e9t skipan \u00fatganga til Iddo, ens ypparsta \u00ed h\u00e9ra\u00f0inu Kaffea og eg lag\u00f0i \u00feeim or\u00f0 \u00ed munn, er \u00feeir skyldu segja vi\u00f0 Iddo og br\u00e6\u00f0ur hans, sem v\u00f3ru helgid\u00f3msins \u00fej\u00f3nar \u00e1 \u00feessum sta\u00f0, a\u00f0 hann \u00fatvega\u00f0i oss \u00fej\u00f3nustumenn handa Gu\u00f0s h\u00fasi.<a name=\"18\"><span class=\"versanumer\">18<\/span><\/a>Fyrir tilstilli Gu\u00f0s vors, ens g\u00f3\u00f0a, sem var yfir oss, sendu \u00feeir oss Serebia vitran mann af Maheli afkomendum, son Levi, son \u00cdsraels, \u00e1samt me\u00f0 hans sonum og br\u00e6\u00f0rum, \u00e1tj\u00e1n;<a name=\"19\"><span class=\"versanumer\">19<\/span><\/a>Hasabia og me\u00f0 honum Jesaia af Merari afkomendum, \u00e1samt sonum hans og br\u00e6\u00f0rum, tuttugu;<a name=\"20\"><span class=\"versanumer\">20<\/span><\/a>af helgid\u00f3msins \u00fej\u00f3num, sem Dav\u00ed\u00f0 og hans h\u00f6f\u00f0ingjar h\u00f6f\u00f0u sett til a\u00f0 \u00fej\u00f3na Lev\u00edtunum, tv\u00f6 hundru\u00f0 og tuttugu, sem allir v\u00f3ru nefndir me\u00f0 nafni.<a name=\"21\"><span class=\"versanumer\">21<\/span><\/a>S\u00ed\u00f0an l\u00e9t eg bo\u00f0a \u00fear f\u00f6stu vi\u00f0 flj\u00f3ti\u00f0 Ahava, til \u00feess a\u00f0 v\u00e9r skyldum au\u00f0m\u00fdkja oss fyrir Gu\u00f0i vorum, og bi\u00f0ja hann um fars\u00e6la fer\u00f0 fyrir oss, b\u00f6rn vor og allar vorar eigur,<a name=\"22\"><span class=\"versanumer\">22<\/span><\/a>\u00fev\u00ed eg fyrirvar\u00f0 mig a\u00f0 bi\u00f0ja k\u00f3nginn um her og riddarali\u00f0 oss til verndar fyrir \u00f3vinum \u00e1 lei\u00f0inni, \u00fev\u00ed vi\u00f0 h\u00f6f\u00f0um sagt k\u00f3nginum: a\u00f0 Gu\u00f0s h\u00f6nd v\u00e6ri yfir \u00f6llum \u00feeim sem leitu\u00f0u hans til ens g\u00f3\u00f0a, en makt hans og rei\u00f0i yfir \u00f6llum sem yfirg\u00e6fu hann.<a name=\"23\"><span class=\"versanumer\">23<\/span><\/a>V\u00e9r f\u00f6stu\u00f0um \u00feess vegna og b\u00e1\u00f0um til Gu\u00f0s vors, og hann b\u00e6nheyr\u00f0i oss.<a name=\"24\"><span class=\"versanumer\">24<\/span><\/a>S\u00ed\u00f0an t\u00f3k eg t\u00f3lf fr\u00e1, af \u00feeim helstu prestum: Serebia, Hasabia og t\u00edu af \u00feeirra br\u00e6\u00f0rum me\u00f0 \u00feeim;<a name=\"25\"><span class=\"versanumer\">25<\/span><\/a>og eg \u00fatv\u00f3g \u00feeim silfur og gull og ker, g\u00e1fur h\u00fass Gu\u00f0s vors, sem k\u00f3ngurinn haf\u00f0i gefi\u00f0 og hans r\u00e1\u00f0gjafar og hans g\u00e6\u00f0ingar og allur \u00cdsrael, sem var \u00fear n\u00e1l\u00e6gur;<a name=\"26\"><span class=\"versanumer\">26<\/span><\/a>og eg v\u00f3g \u00ed hendur \u00feeirra silfur, sex hundru\u00f0 og fimmt\u00edu talentur, og silfur ker fyrir hundra\u00f0 talentur, og hundra\u00f0 talentur \u00ed gulli.<a name=\"27\"><span class=\"versanumer\">27<\/span><\/a>K\u00f6nnur af gulli, tuttugu \u00fe\u00fasund darkemona jafngildi <span class='VideyAth'>a)<\/span>, tv\u00f6 ker af kopar, sem v\u00f3ru n\u00e6sta f\u00f6gur og vi\u00f0l\u00edka matin og gull;<a name=\"28\"><span class=\"versanumer\">28<\/span><\/a>og eg sag\u00f0i vi\u00f0 \u00fe\u00e1, \u00fe\u00e9r eru\u00f0 Gu\u00f0i helga\u00f0ir og svo kerin eru helgid\u00f3mar til silfri\u00f0 og gulli\u00f0 eru fr\u00edviljugar g\u00e1fur til Gu\u00f0s, Drottins fe\u00f0ra y\u00f0varra.<a name=\"29\"><span class=\"versanumer\">29<\/span><\/a>Vaki\u00f0 og var\u00f0veiti\u00f0 \u00feetta \u00feanga\u00f0 til \u00fe\u00e9r vegi\u00f0 \u00fea\u00f0 aftur \u00fat \u00ed augs\u00fdn enna \u00e6\u00f0stu presta og Lev\u00edtanna og enna helstu \u00e6ttfe\u00f0ra \u00cdsraels \u00ed Jer\u00fasalem, \u00ed h\u00f6llum Gu\u00f0s h\u00fass.<a name=\"30\"><span class=\"versanumer\">30<\/span><\/a>Prestarnir og Lev\u00edtarnir t\u00f3ku vi\u00f0 silfrinu og gullinu og kerunum eftir vigt, til a\u00f0 flytja \u00fea\u00f0 til Jer\u00fasalem til h\u00fass Gu\u00f0s vors.<a name=\"31\"><span class=\"versanumer\">31<\/span><\/a>\u00c1 t\u00f3lfta deginum \u00ed \u00feeim fyrsta m\u00e1nu\u00f0i l\u00f6g\u00f0um vi\u00f0 upp fr\u00e1 \u00e1nni Ahava \u00e1 lei\u00f0 til Jer\u00fasalem og vernda\u00f0i Gu\u00f0s vors g\u00f3\u00f0a h\u00f6nd oss fyrir \u00f3vina h\u00f6ndum og launs\u00e1trum <span class='VideyAth'>b)<\/span>.<a name=\"32\"><span class=\"versanumer\">32<\/span><\/a>\u00deegar vi\u00f0 vorum komnir til Jer\u00fasalem, hv\u00edldustum vi\u00f0 \u00fear \u00ed \u00ferj\u00e1 daga,<a name=\"33\"><span class=\"versanumer\">33<\/span><\/a>en \u00e1 fj\u00f3r\u00f0a deginum afhentum vi\u00f0 silfri\u00f0, gulli\u00f0 og kerin \u00ed musteri Gu\u00f0s vors eftir vigt \u00ed h\u00f6ndur Meremots sonar Uria prests, og Eleasars sonar Fineasars sem var honum vi\u00f0 h\u00f6nd, og Levitanna Josabads Jes\u00faasonar og Noad\u00eda Binnuisonar, sem \u00feeim v\u00f3ru vi\u00f0 h\u00f6nd,<a name=\"34\"><span class=\"versanumer\">34<\/span><\/a>me\u00f0 t\u00f6lu og vigt \u00e1 \u00f6llu og var vigtin samstundis uppskrifu\u00f0.<a name=\"35\"><span class=\"versanumer\">35<\/span><\/a>\u00datlagarnir sem n\u00fa komu heim aftur f\u00e6r\u00f0u \u00cdsraels Drottni brennif\u00f3rnir, t\u00f3lf naut fyrir allan \u00cdsrael, n\u00edutygir og sex hr\u00fata, sj\u00f6tygir og sj\u00f6 l\u00f6mb, t\u00f3lf hafra sem syndaf\u00f3rn\u2014\u00f6llu var \u00feessu offra\u00f0 Gu\u00f0i.<a name=\"36\"><span class=\"versanumer\">36<\/span><\/a>S\u00ed\u00f0an afhentu \u00feeir bo\u00f0or\u00f0 k\u00f3ngsins landsh\u00f6f\u00f0ingjum hans og lendum m\u00f6nnum hinumegin flj\u00f3tsins, og veittu \u00feeir f\u00f3lkinu og Gu\u00f0s h\u00fasi a\u00f0sto\u00f0 s\u00edna.<\/p>\n<div class=\"footnoteVidey\">V. 27. a. Sj\u00e1 2,69.  V. 31. b. Lei\u00f0in fr\u00e1 Babylon til Jer\u00fasalem l\u00e1 um h\u00e6ttulega ey\u00f0im\u00f6rku, hvar reyfarar uppih\u00e9ldu s\u00e9r.<\/div>\n","protected":false},"excerpt":{"rendered":"<p>Fer\u00f0 Esras til Jer\u00fasalem. 1\u00deessir eru \u00feeir helstu af \u00e6ttfe\u00f0runum sem l\u00e9tu rita n\u00f6fn s\u00edn \u00ed \u00e6ttart\u00f6lub\u00e6kurnar og sem upp eftir f\u00f3ru me\u00f0 m\u00e9r undir r\u00edkisstj\u00f3rn Artaxerxis k\u00f3ngs \u00ed Babylon.2Af Fineasars afkomendum Gersom, af Itamars afkomendum Daniel, af Dav\u00ed\u00f0s afkomendum Hattus.3Af afkomendum Sehania og af Faross afkomendum Sakaria og karlmenn sem me\u00f0 honum v\u00f3ru, t\u00f6ldust eitt hundra\u00f0 og fimmt\u00edu.4Af Fahat M\u00f3abs afkomendum Elioeni Serahiason og me\u00f0 honum tv\u00f6 hundru\u00f0 karlmanna.5Af afkomendum Sehania sonar Jahasiels og me\u00f0 honum \u00ferj\u00fa hundru\u00f0 af karlm\u00f6nnum,6og af afkomendum Adins: Ebed sonur J\u00f3natans og me\u00f0 honum fimmt\u00edu karlmanna;7af Elams afkomendum Esais Athaliuson og me\u00f0 honum sj\u00f6tygir <a href=\"https:\/\/biblian.is\/videy\/esrabok-8-kafli\/\"> [&#8230;]<\/a><\/p>\n","protected":false},"author":1,"featured_media":0,"parent":0,"menu_order":0,"comment_status":"open","ping_status":"open","template":"bibliukaflar.php","meta":{"footnotes":""},"class_list":["post-21260","page","type-page","status-publish","hentry"],"_links":{"self":[{"href":"https:\/\/biblian.is\/videy\/wp-json\/wp\/v2\/pages\/21260","targetHints":{"allow":["GET"]}}],"collection":[{"href":"https:\/\/biblian.is\/videy\/wp-json\/wp\/v2\/pages"}],"about":[{"href":"https:\/\/biblian.is\/videy\/wp-json\/wp\/v2\/types\/page"}],"author":[{"embeddable":true,"href":"https:\/\/biblian.is\/videy\/wp-json\/wp\/v2\/users\/1"}],"replies":[{"embeddable":true,"href":"https:\/\/biblian.is\/videy\/wp-json\/wp\/v2\/comments?post=21260"}],"version-history":[{"count":0,"href":"https:\/\/biblian.is\/videy\/wp-json\/wp\/v2\/pages\/21260\/revisions"}],"wp:attachment":[{"href":"https:\/\/biblian.is\/videy\/wp-json\/wp\/v2\/media?parent=21260"}],"curies":[{"name":"wp","href":"https:\/\/api.w.org\/{rel}","templated":true}]}}