{"id":21259,"date":"2018-01-02T01:01:05","date_gmt":"2018-01-02T01:01:05","guid":{"rendered":"http:\/\/biblian.is\/videy\/esrabok-7-kafli\/"},"modified":"2018-01-02T01:01:05","modified_gmt":"2018-01-02T01:01:05","slug":"esrabok-7-kafli","status":"publish","type":"page","link":"https:\/\/biblian.is\/videy\/esrabok-7-kafli\/","title":{"rendered":"Esrab\u00f3k 7. kafli"},"content":{"rendered":"<div class=\"fyrirsognVidey\">Esra f\u00e6r skriflega skipan hj\u00e1 Xerxes til gjaldkerans, a\u00f0 hann l\u00e1ti hann f\u00e1 \u00fdmislegt er hann \u00feurfi til gu\u00f0s\u00fej\u00f3nustunnar.<\/div>\n<p><a name=\"1\"><span class=\"versanumer\">1<\/span><\/a>\u00c1 r\u00edkisstj\u00f3rnard\u00f6gum Artaxerxis <span class='VideyAth'>d)<\/span> Persak\u00f3ngs var Esra sonur Seraia, sonar Asaria, sonar Hilkia,<a name=\"2\"><span class=\"versanumer\">2<\/span><\/a>sonar Sallums, sonar Sadoks, sonar Ahitubs,<a name=\"3\"><span class=\"versanumer\">3<\/span><\/a>sonar Amaria, sonar Asaria, sonar Meraiots,<a name=\"4\"><span class=\"versanumer\">4<\/span><\/a>sonar Serahia sonar Ussi, sonar Buki,<a name=\"5\"><span class=\"versanumer\">5<\/span><\/a>sonar Abisugs, sonar Fineas, sonar Eteasars, sonar Arons ens \u00e6\u00f0sta prests.<a name=\"6\"><span class=\"versanumer\">6<\/span><\/a>\u00deessi er s\u00e1 Esra, sem f\u00f3r fr\u00e1 Bab\u00fdlon, ma\u00f0ur vel a\u00f0 s\u00e9r \u00ed M\u00f3sisl\u00f6gum, sem Gu\u00f0 \u00cdsraels Drottinn hefir gefi\u00f0 og k\u00f3ngurinn veitti honum allar hans b\u00e6nir, fyrir tilstilli Gu\u00f0s sem var yfir honum.<a name=\"7\"><span class=\"versanumer\">7<\/span><\/a>L\u00edka f\u00f3ru nokkrir af \u00cdsraelsm\u00f6nnum og af prestunum og Lev\u00edtunum og s\u00f6ngvurunum og dyrav\u00f6r\u00f0unum og musteris\u00fej\u00f3nunum upp til Jer\u00fasalem \u00e1 sj\u00f6unda \u00e1ri Artaxerxis k\u00f3ngs.<a name=\"8\"><span class=\"versanumer\">8<\/span><\/a>Og \u00feeir komu til Jer\u00fasalem \u00e1 fimmta m\u00e1nu\u00f0i \u00feess sj\u00f6unda \u00e1rs k\u00f3ngsins.<a name=\"9\"><span class=\"versanumer\">9<\/span><\/a>\u00dev\u00ed \u00e1 fyrsta degi ens fyrsta m\u00e1na\u00f0ar, \u00fe\u00e1 var byrju\u00f0 fer\u00f0in fr\u00e1 Bab\u00fdlon, og \u00e1 fyrsta degi ens fimmta m\u00e1na\u00f0ar, kom hann til Jer\u00fasalem, fyrir ena g\u00f3\u00f0u Gu\u00f0s h\u00f6nd, sem yfir honum var.<a name=\"10\"><span class=\"versanumer\">10<\/span><\/a>\u00dev\u00ed Esra haf\u00f0i sn\u00fai\u00f0 s\u00ednu hjarta til a\u00f0 rannsaka l\u00f6gm\u00e1l Drottins og til a\u00f0 framfylgja \u00fev\u00ed og fr\u00e6\u00f0a \u00cdsraelsmenn \u00ed l\u00f6gum og r\u00e9tti. <br \/><a name=\"11\"><span class=\"versanumer\">11<\/span><\/a>\u00deannig hlj\u00f3\u00f0ar br\u00e9fi\u00f0 sem a\u00f0 k\u00f3ngurinn Artaxerxes f\u00e9kk Esra, \u00feeim vitra presti, sem var l\u00e6r\u00f0ur \u00ed \u00fev\u00ed er vi\u00f0v\u00e9k bo\u00f0or\u00f0um Gu\u00f0s og setningum \u00cdsraelsmanna.<a name=\"12\"><span class=\"versanumer\">12<\/span><\/a>Artaxerxes k\u00f3ngur konunganna <span class='VideyAth'>(heilsar)<\/span> Esra \u00feeim fullkomlega vitra presti \u00ed l\u00f6gm\u00e1li Gu\u00f0s himinsins og svo frv.<a name=\"13\"><span class=\"versanumer\">13<\/span><\/a>\u00dea\u00f0 er minn vilji, a\u00f0 s\u00e9rhv\u00f6r \u00ed r\u00edki m\u00ednu, af \u00cdsraelsl\u00fd\u00f0, svo vel prestar sem Lev\u00edtar, sem f\u00fas er til a\u00f0 fara til Jer\u00fasalem me\u00f0 \u00fe\u00e9r, a\u00f0 hann fari.<a name=\"14\"><span class=\"versanumer\">14<\/span><\/a>\u00deess vegna me\u00f0 \u00fev\u00ed a\u00f0 \u00fe\u00fa ert sendur af konunginum og hans sj\u00f6 r\u00e1\u00f0gj\u00f6fum til a\u00f0 hafa umsj\u00f3n yfir J\u00fadeu og Jer\u00fasalem eftir \u00fev\u00ed l\u00f6gm\u00e1li Gu\u00f0s \u00fe\u00edns, sem \u00fe\u00fa hefir \u00ed h\u00f6ndum,<a name=\"15\"><span class=\"versanumer\">15<\/span><\/a>og til a\u00f0 flytja \u00fea\u00f0 silfur og gull sem k\u00f3ngurinn og hans r\u00e1\u00f0gjafar fr\u00edviljuglega hafa gefi\u00f0 \u00cdsraels Gu\u00f0i, sem er \u00ed Jer\u00fasalem b\u00faandi,<a name=\"16\"><span class=\"versanumer\">16<\/span><\/a>og allt silfur og gull sem finnst \u00ed Bab\u00fdlons skattlandi, og \u00fe\u00e6r fr\u00edviljugu g\u00e1fur f\u00f3lksins, og prestanna fr\u00edviljugu g\u00e1fur til h\u00fassins Gu\u00f0s \u00feeirra \u00ed Jer\u00fasalem;<a name=\"17\"><span class=\"versanumer\">17<\/span><\/a>\u00fe\u00e1 kaup kostg\u00e6filega fyrir peninga \u00feessa, naut, hr\u00fata og l\u00f6mb, og \u00fear til heyrandi matf\u00f3rnir og drykkjarf\u00f3rnir og framber \u00fea\u00f0 \u00e1 altari\u00f0, sem er \u00ed h\u00fasi y\u00f0vars Gu\u00f0s, \u00ed Jer\u00fasalem.<a name=\"18\"><span class=\"versanumer\">18<\/span><\/a>Og \u00fea\u00f0 sem \u00fe\u00e9r og br\u00e6\u00f0rum \u00fe\u00ednum \u00fe\u00f3knast a\u00f0 gj\u00f6ra vi\u00f0 leifar silfursins og gullsins, \u00fe\u00e1 gj\u00f6ri\u00f0 eins og Gu\u00f0i y\u00f0ar \u00fe\u00f3knast,<a name=\"19\"><span class=\"versanumer\">19<\/span><\/a>og kerin sem \u00fe\u00e9r munu ver\u00f0a fengin til gu\u00f0s\u00fej\u00f3nustunnar \u00ed Gu\u00f0s h\u00fasi, \u00feau skaltu aftur setja frammi fyrir Drottin \u00ed Jer\u00fasalem;<a name=\"20\"><span class=\"versanumer\">20<\/span><\/a>en hitt anna\u00f0, sem me\u00f0\u00fearf til \u00fatgjalds \u00ed h\u00fasi Gu\u00f0s \u00fe\u00edns, \u00fea\u00f0 skal takast af k\u00f3ngsins fj\u00e1rhirslu <span class='VideyAth'>a)<\/span>.<a name=\"21\"><span class=\"versanumer\">21<\/span><\/a>Eg k\u00f3ngur Artaxerxes gef \u00fe\u00e1 skipan fr\u00e1 m\u00e9r til allra gjaldkera, sem eru hinumegin flj\u00f3tsins, a\u00f0 hv\u00f6rs sem presturinn Esra \u00e6skir, \u00feessi vitringur \u00ed l\u00f6gm\u00e1li Gu\u00f0s himnanna, \u00fea\u00f0 skal tafarlaust veitast honum,<a name=\"22\"><span class=\"versanumer\">22<\/span><\/a>allt a\u00f0 einu hundra\u00f0i talenta <span class='VideyAth'>b)<\/span> silfurs og allt a\u00f0 einu hundra\u00f0i k\u00f3rum af hveiti <span class='VideyAth'>c)<\/span> og eitt hundra\u00f0 bat v\u00edns <span class='VideyAth'>d)<\/span> og eitt hundra\u00f0 bat vi\u00f0smj\u00f6rs, en salt <span class='VideyAth'>c)<\/span> eftir vel\u00fe\u00f3knan,<a name=\"23\"><span class=\"versanumer\">23<\/span><\/a>allt sem er samkv\u00e6mt bo\u00f0um Gu\u00f0s himinsins, \u00fea\u00f0 skal tafarlaust flytjast til h\u00fass Gu\u00f0s himnanna, svo a\u00f0 hann l\u00e1ti ekki rei\u00f0i s\u00edna koma yfir r\u00edki k\u00f3ngsins og hans afkomenda;<a name=\"24\"><span class=\"versanumer\">24<\/span><\/a>og \u00f6llum y\u00f0ur s\u00e9 vitanlegt, a\u00f0 \u00e1 alla presta, Lev\u00edta, s\u00f6ngvara, dyraver\u00f0i, Lev\u00edtanna \u00fej\u00f3na og a\u00f0ra helgid\u00f3msins \u00fej\u00f3na, leyfist ekki a\u00f0 leggja toll, gj\u00f6ld, e\u00f0ur skatt.<a name=\"25\"><span class=\"versanumer\">25<\/span><\/a>En \u00fe\u00fa, Esra! eftir \u00feeirri \u00feekkingu, sem \u00fe\u00fa hefir \u00e1 Drottni \u00fe\u00ednum, \u00fe\u00e1 tilset \u00fe\u00fa d\u00f3mara og f\u00f3veta, <span class='VideyAth'>(svo \u00feeir s\u00e9u gj\u00f6r\u00f0armenn \u00e1 me\u00f0al alls f\u00f3lksins, sem er hinumegin vi\u00f0 flj\u00f3ti\u00f0)<\/span>, af \u00f6llum \u00feeim sem kunnugir eru l\u00f6gm\u00e1li Drottins, Gu\u00f0s \u00fe\u00edns, en uppfr\u00e6\u00f0 \u00fe\u00fa \u00fe\u00e1 sem \u00fear \u00ed eru f\u00e1kunnandi.<a name=\"26\"><span class=\"versanumer\">26<\/span><\/a>Og s\u00e9rhv\u00f6r sem ekki er hl\u00fd\u00f0inn l\u00f6gm\u00e1li Drottins \u00fe\u00edns og k\u00f3ngsins, \u00e1 \u00fe\u00e1 skaltu leggja straff er sambo\u00f0i\u00f0 s\u00e9 \u00fev\u00ed, sem hann hefir gj\u00f6rt, anna\u00f0hv\u00f6rt til dau\u00f0a, e\u00f0ur til \u00fatleg\u00f0ar, e\u00f0ur til fj\u00e1r \u00fatl\u00e1ta, e\u00f0ur til fangelsis.<br \/><a name=\"27\"><span class=\"versanumer\">27<\/span><\/a>Lofa\u00f0ur veri Gu\u00f0 Drottins fe\u00f0ra vorra, sem inngaf \u00fea\u00f0 hjarta k\u00f3ngsins, a\u00f0 gj\u00f6ra d\u00fdrlegt h\u00fas Drottins \u00ed Jer\u00fasalem,<a name=\"28\"><span class=\"versanumer\">28<\/span><\/a>og sem hneig\u00f0i til m\u00edn n\u00e1\u00f0 k\u00f3ngsins, r\u00e1\u00f0gjafa hans, h\u00f6f\u00f0ingja og hersh\u00f6f\u00f0ingja;<a name=\"29\"><span class=\"versanumer\">29<\/span><\/a>en eg framfylgdi verkinu fyrir a\u00f0sto\u00f0 Gu\u00f0s Drottins er yfir m\u00e9r var, og eg samansafna\u00f0i \u00feeim helstu af \u00cdsraelsm\u00f6nnum til a\u00f0 fara me\u00f0 m\u00e9r uppeftir.<\/p>\n<div class=\"footnoteVidey\">V. 1. d. H\u00e9r sama sem Xerxes, sonur og eftirma\u00f0ur Dar\u00edusar.  V. 20. a. Eins og sagt er a\u00f0 framan \u00ed 8,6.  V. 22. b. S\u00e9rhv\u00f6rt talentum var 3000 helgid\u00f3ms siklar, sem eftir persiskum reikningi ver\u00f0ur sama sem 625 rbd. silfurs, sj\u00e1 Xen: Anab: 1,5,\u00a7. 6. c. K\u00f3r var m\u00e6lir \u00e1 \u00feurrum v\u00f6rum, h\u00e9r um bil 60 skeppur. d. Bat var 48 pottar. c. Salti\u00f0 var br\u00faka\u00f0 vi\u00f0 f\u00f3rnir.<\/div>\n","protected":false},"excerpt":{"rendered":"<p>Esra f\u00e6r skriflega skipan hj\u00e1 Xerxes til gjaldkerans, a\u00f0 hann l\u00e1ti hann f\u00e1 \u00fdmislegt er hann \u00feurfi til gu\u00f0s\u00fej\u00f3nustunnar. 1\u00c1 r\u00edkisstj\u00f3rnard\u00f6gum Artaxerxis d) Persak\u00f3ngs var Esra sonur Seraia, sonar Asaria, sonar Hilkia,2sonar Sallums, sonar Sadoks, sonar Ahitubs,3sonar Amaria, sonar Asaria, sonar Meraiots,4sonar Serahia sonar Ussi, sonar Buki,5sonar Abisugs, sonar Fineas, sonar Eteasars, sonar Arons ens \u00e6\u00f0sta prests.6\u00deessi er s\u00e1 Esra, sem f\u00f3r fr\u00e1 Bab\u00fdlon, ma\u00f0ur vel a\u00f0 s\u00e9r \u00ed M\u00f3sisl\u00f6gum, sem Gu\u00f0 \u00cdsraels Drottinn hefir gefi\u00f0 og k\u00f3ngurinn veitti honum allar hans b\u00e6nir, fyrir tilstilli Gu\u00f0s sem var yfir honum.7L\u00edka f\u00f3ru nokkrir af \u00cdsraelsm\u00f6nnum og af prestunum og Lev\u00edtunum og <a href=\"https:\/\/biblian.is\/videy\/esrabok-7-kafli\/\"> [&#8230;]<\/a><\/p>\n","protected":false},"author":1,"featured_media":0,"parent":0,"menu_order":0,"comment_status":"open","ping_status":"open","template":"bibliukaflar.php","meta":{"footnotes":""},"class_list":["post-21259","page","type-page","status-publish","hentry"],"_links":{"self":[{"href":"https:\/\/biblian.is\/videy\/wp-json\/wp\/v2\/pages\/21259","targetHints":{"allow":["GET"]}}],"collection":[{"href":"https:\/\/biblian.is\/videy\/wp-json\/wp\/v2\/pages"}],"about":[{"href":"https:\/\/biblian.is\/videy\/wp-json\/wp\/v2\/types\/page"}],"author":[{"embeddable":true,"href":"https:\/\/biblian.is\/videy\/wp-json\/wp\/v2\/users\/1"}],"replies":[{"embeddable":true,"href":"https:\/\/biblian.is\/videy\/wp-json\/wp\/v2\/comments?post=21259"}],"version-history":[{"count":0,"href":"https:\/\/biblian.is\/videy\/wp-json\/wp\/v2\/pages\/21259\/revisions"}],"wp:attachment":[{"href":"https:\/\/biblian.is\/videy\/wp-json\/wp\/v2\/media?parent=21259"}],"curies":[{"name":"wp","href":"https:\/\/api.w.org\/{rel}","templated":true}]}}