{"id":21258,"date":"2018-01-02T01:01:05","date_gmt":"2018-01-02T01:01:05","guid":{"rendered":"http:\/\/biblian.is\/videy\/esrabok-6-kafli\/"},"modified":"2018-01-02T01:01:05","modified_gmt":"2018-01-02T01:01:05","slug":"esrabok-6-kafli","status":"publish","type":"page","link":"https:\/\/biblian.is\/videy\/esrabok-6-kafli\/","title":{"rendered":"Esrab\u00f3k 6. kafli"},"content":{"rendered":"<div class=\"fyrirsognVidey\">Dar\u00edus gefur leyfi til \u00e1framhalds byggingarinnar. Musteri\u00f0 er v\u00edgt.<\/div>\n<p><a name=\"1\"><span class=\"versanumer\">1<\/span><\/a>S\u00ed\u00f0an \u00fatgaf Dar\u00edus k\u00f3ngur skipan, a\u00f0 leita\u00f0 v\u00e6ri \u00ed ritasafni \u00fev\u00ed, sem lagt haf\u00f0i veri\u00f0 til geymslu \u00fear sem fj\u00e1rhirslan er \u00ed Babylon.<a name=\"2\"><span class=\"versanumer\">2<\/span><\/a>Og fundu menn \u00ed Ekbatana <span class='VideyAth'>b)<\/span>, k\u00f3ngssetrinu \u00ed skattlandinu Med\u00edu, handrit, og st\u00f3\u00f0 \u00fear \u00ed \u00feessi minnisgrein ritu\u00f0:<a name=\"3\"><span class=\"versanumer\">3<\/span><\/a>\u00e1 fyrsta \u00e1ri S\u00fdrusar k\u00f3ngs \u00fatgaf S\u00fdrus \u00fe\u00e1 skipan: h\u00fas Drottins \u00ed Jer\u00fasalem skal uppbyggjast til musteris, sem s\u00e1 sta\u00f0ur, hvar f\u00f3rnf\u00e6ringar skulu t\u00ed\u00f0kast og h\u00e1ir grundvellir <span class='VideyAth'>(gj\u00f6rast)<\/span>, h\u00e6\u00f0in s\u00e9 60 \u00e1lnir og breiddin sext\u00edu \u00e1lnir.<a name=\"4\"><span class=\"versanumer\">4<\/span><\/a>\u00derj\u00fa l\u00f6g af st\u00f3rum steinum og eitt lag af tr\u00e9, og skal kostna\u00f0urinn takast fr\u00e1 k\u00f3ngsins h\u00fasi.<a name=\"5\"><span class=\"versanumer\">5<\/span><\/a>L\u00edka skulu \u00feau ker \u00ed Gu\u00f0s h\u00fasi, sem eru \u00far gulli og silfri, sem Neb\u00fakadnesar flutti \u00far musterinu \u00ed Jer\u00fasalem til musterisins \u00ed Babylon, skilast aftur og flytjast til musterisins, sem er \u00ed Jer\u00fasalem, til s\u00edns fyrri sta\u00f0ar og f\u00e6rast \u00ed Gu\u00f0s h\u00fas.<a name=\"6\"><span class=\"versanumer\">6<\/span><\/a>\u00deess vegna skulu\u00f0 \u00fe\u00e9r Tatnai landsh\u00f6f\u00f0ingi hinumegin flj\u00f3tsins, Star-Bosnai og y\u00f0ar emb\u00e6ttisbr\u00e6\u00f0ur fr\u00e1 Afarsaka, sem a\u00f0 eru hinumegin flj\u00f3tsins, n\u00fa halda y\u00f0ur \u00fear fr\u00e1.<a name=\"7\"><span class=\"versanumer\">7<\/span><\/a>Skulu\u00f0 \u00fe\u00e9r l\u00e1ta menn <span class='VideyAth'>(\u00ed fri\u00f0i)<\/span> vinna a\u00f0 \u00feessu Gu\u00f0s h\u00fasi, yfirmenn Gy\u00f0inganna og \u00f6ldungar \u00feeirra, mega byggja h\u00fas Drottins \u00e1 s\u00ednum fyrri sta\u00f0.<a name=\"8\"><span class=\"versanumer\">8<\/span><\/a>\u00dev\u00ed n\u00e6st gj\u00f6ri eg \u00fe\u00e1 skipan vi\u00f0v\u00edkjandi \u00feeirri a\u00f0sto\u00f0 er y\u00f0ur ber a\u00f0 veita \u00f6ldungum Gy\u00f0inganna til byggingar \u00feessa Gu\u00f0s h\u00fass af eignum k\u00f3ngsins, nefnilega tekjum af landinu hinumegin <span class='VideyAth'>(flj\u00f3tsins)<\/span> skal kostna\u00f0urinn tafarlaust takast handa m\u00f6nnunum til \u00feessa, svo verki\u00f0 ekki dragist.<a name=\"9\"><span class=\"versanumer\">9<\/span><\/a>Og hva\u00f0 me\u00f0\u00fearf, naut, hr\u00fata og l\u00f6mb til brennif\u00f3rna handa himinsins Herra, hveiti, salt, v\u00edn og vi\u00f0smj\u00f6r, eftir fyrirs\u00f6gn prestanna \u00ed Jer\u00fasalem, \u00fea\u00f0 skal l\u00e1tast \u00feeim \u00ed t\u00e9 dag eftir dag \u00e1n tafar,<a name=\"10\"><span class=\"versanumer\">10<\/span><\/a>svo a\u00f0 Drottni himinsins ver\u00f0i frambornar f\u00f3rnir til s\u00e6tleiks ilms og be\u00f0i\u00f0 ver\u00f0i fyrir l\u00edfi k\u00f3ngsins og sona hans.<a name=\"11\"><span class=\"versanumer\">11<\/span><\/a>S\u00f6mulei\u00f0is hefi eg bo\u00f0i\u00f0, a\u00f0 ef s\u00e1 er nokkur sem breytir \u00e1 m\u00f3ti \u00feessari skipun, \u00fe\u00e1 skuli bj\u00e1lki takast \u00far h\u00fasi hans, reisast upp, og hann krossfestast <span class='VideyAth'>a)<\/span> \u00e1 honum og h\u00fas hans \u00feess vegna ver\u00f0a a\u00f0 moldarr\u00fast.<a name=\"12\"><span class=\"versanumer\">12<\/span><\/a>En s\u00e1 Gu\u00f0 sem \u00fear b\u00fdr, hann fyrirfari s\u00e9rhv\u00f6rjum \u00feeim k\u00f3ngi og \u00fej\u00f3\u00f0, sem \u00fatr\u00e9ttir h\u00f6nd s\u00edna til a\u00f0 breyta \u00feessu e\u00f0ur r\u00edfa, ni\u00f0urbrj\u00f3ta \u00feetta Gu\u00f0s h\u00fas \u00ed Jer\u00fasalem; eg Dar\u00edus hefi gefi\u00f0 \u00feetta bo\u00f0or\u00f0: a\u00f0 menn kostg\u00e6filega fulln\u00e6gi \u00fev\u00ed. <br \/><a name=\"13\"><span class=\"versanumer\">13<\/span><\/a>Tatnai landsh\u00f6f\u00f0ingi hinumegin flj\u00f3tsins og Star-Bosnai og \u00feeirra f\u00e9lagar hl\u00fdddu \u00feessu kostg\u00e6filega, vegna \u00feessa bo\u00f0skapar Dar\u00edusar k\u00f3ngs.<a name=\"14\"><span class=\"versanumer\">14<\/span><\/a>Og \u00f6ldungar Gy\u00f0inganna h\u00e9ldu \u00e1fram byggingunni og f\u00e9kk \u00fea\u00f0 g\u00f3\u00f0an framgang eftir sp\u00e1d\u00f3mi sp\u00e1mannsins Haggais og Sakaraisar Iddossonar og bygg\u00f0u \u00feeir og luku byggingunni eftir bo\u00f0i Gu\u00f0s \u00cdsraels, og eftir skipan S\u00fdrusar og Dar\u00edusar og Artaxerxis Persakonunga.<a name=\"15\"><span class=\"versanumer\">15<\/span><\/a>Og var h\u00fasi \u00feessu loki\u00f0 \u00e1 \u00feri\u00f0ja degi \u00ed m\u00e1nu\u00f0inum adar <span class='VideyAth'>b)<\/span> \u00e1 sj\u00f6tta r\u00edkisstj\u00f3rnar\u00e1ri Dariusar k\u00f3ngs,<a name=\"16\"><span class=\"versanumer\">16<\/span><\/a>og h\u00e9ldu \u00cdsraelsmenn, prestarnir og Lev\u00edtarnir og hinir a\u00f0rir af \u00feeim herleiddu, v\u00edgslu h\u00e1t\u00ed\u00f0 \u00feessa Gu\u00f0s h\u00fass, me\u00f0 f\u00f6gnu\u00f0i.<a name=\"17\"><span class=\"versanumer\">17<\/span><\/a>Og framb\u00e1ru sem v\u00edgsluf\u00f3rn \u00feessa Gu\u00f0s h\u00fass, hundra\u00f0 naut, tv\u00f6 hundru\u00f0 hr\u00fata, fj\u00f6gur hundru\u00f0 l\u00f6mb, og 12 geithafra, sem syndaf\u00f3rn fyrir alla \u00cdsraelsmenn, eftir \u00cdsraels \u00e6ttkv\u00edsla t\u00f6lu.<a name=\"18\"><span class=\"versanumer\">18<\/span><\/a>Og tilsettu presta eftir \u00e1kve\u00f0inni r\u00f6\u00f0 og Lev\u00edta eftir \u00e1kve\u00f0inni r\u00f6\u00f0 til gu\u00f0s\u00fej\u00f3nustunnar \u00ed Jer\u00fasalem eftir fyrirs\u00f6gn M\u00f3sisb\u00f3kar <span class='VideyAth'>c)<\/span>. <br \/><a name=\"19\"><span class=\"versanumer\">19<\/span><\/a>\u00deeir sem \u00far herlei\u00f0ingunni voru komnir h\u00e9ldu p\u00e1ska \u00e1 fj\u00f3rt\u00e1nda degi \u00ed fyrsta m\u00e1nu\u00f0inum.<a name=\"20\"><span class=\"versanumer\">20<\/span><\/a>\u00dev\u00ed a\u00f0 prestarnir og Lev\u00edtarnir, hv\u00f6r og einn \u00feeirra, haf\u00f0i hreinsa\u00f0 sig, svo \u00feeir voru allir hreinir og \u00feeir sl\u00e1tru\u00f0u p\u00e1skalambinu fyrir alla \u00fe\u00e1, sem \u00ed \u00fatleg\u00f0inni h\u00f6f\u00f0u veri\u00f0, fyrir br\u00e6\u00f0ur \u00feeirra, prestana, og fyrir sig.<a name=\"21\"><span class=\"versanumer\">21<\/span><\/a>S\u00ed\u00f0an neyttu \u00cdsraelsmenn sem \u00far \u00fatleg\u00f0inni voru komnir og allir sem h\u00f6f\u00f0u a\u00f0skili\u00f0 sig fr\u00e1 \u00feeim \u00f3hreinu \u00fej\u00f3\u00f0um landsins \u00e1 me\u00f0al \u00feeirra, til a\u00f0 leita Drottins, \u00cdsraels Gu\u00f0s.<a name=\"22\"><span class=\"versanumer\">22<\/span><\/a>S\u00ed\u00f0an h\u00e9ldu \u00feeir \u00ed sj\u00f6 daga h\u00e1t\u00ed\u00f0 enna \u00f3s\u00fdr\u00f0u brau\u00f0a me\u00f0 f\u00f6gnu\u00f0i, \u00fev\u00ed Gu\u00f0 haf\u00f0i glatt \u00fe\u00e1 og sneri hjarta Ass\u00fdr\u00edukonungs til \u00feeirra, til a\u00f0 styrkja h\u00f6ndur \u00feeirra vi\u00f0 byggingu Gu\u00f0s h\u00fass, Gu\u00f0s \u00cdsraels.<\/p>\n<div class=\"footnoteVidey\">V. 2. b. H\u00f6fu\u00f0borgin \u00ed g\u00f6mlu Med\u00edu, og sumara\u00f0setur persisku k\u00f3nganna.  V. 11. a. Krossfesting var og t\u00ed\u00f0ku\u00f0 hj\u00e1 Persum.  V. 15. b. Gy\u00f0ingarnir reiknu\u00f0u m\u00e1nu\u00f0ina eftir tunglkomum, \u00feannig byrja\u00f0i m\u00e1nu\u00f0urinn adar \u00e1 n\u00fdju tungli \u00ed marti\u00f3 og enda\u00f0i \u00e1 n\u00fdju tungli \u00ed aprilis.  V. 18. c. 4 M\u00f3s. 3,6.<\/div>\n","protected":false},"excerpt":{"rendered":"<p>Dar\u00edus gefur leyfi til \u00e1framhalds byggingarinnar. Musteri\u00f0 er v\u00edgt. 1S\u00ed\u00f0an \u00fatgaf Dar\u00edus k\u00f3ngur skipan, a\u00f0 leita\u00f0 v\u00e6ri \u00ed ritasafni \u00fev\u00ed, sem lagt haf\u00f0i veri\u00f0 til geymslu \u00fear sem fj\u00e1rhirslan er \u00ed Babylon.2Og fundu menn \u00ed Ekbatana b), k\u00f3ngssetrinu \u00ed skattlandinu Med\u00edu, handrit, og st\u00f3\u00f0 \u00fear \u00ed \u00feessi minnisgrein ritu\u00f0:3\u00e1 fyrsta \u00e1ri S\u00fdrusar k\u00f3ngs \u00fatgaf S\u00fdrus \u00fe\u00e1 skipan: h\u00fas Drottins \u00ed Jer\u00fasalem skal uppbyggjast til musteris, sem s\u00e1 sta\u00f0ur, hvar f\u00f3rnf\u00e6ringar skulu t\u00ed\u00f0kast og h\u00e1ir grundvellir (gj\u00f6rast), h\u00e6\u00f0in s\u00e9 60 \u00e1lnir og breiddin sext\u00edu \u00e1lnir.4\u00derj\u00fa l\u00f6g af st\u00f3rum steinum og eitt lag af tr\u00e9, og skal kostna\u00f0urinn takast fr\u00e1 k\u00f3ngsins h\u00fasi.5L\u00edka <a href=\"https:\/\/biblian.is\/videy\/esrabok-6-kafli\/\"> [&#8230;]<\/a><\/p>\n","protected":false},"author":1,"featured_media":0,"parent":0,"menu_order":0,"comment_status":"open","ping_status":"open","template":"bibliukaflar.php","meta":{"footnotes":""},"class_list":["post-21258","page","type-page","status-publish","hentry"],"_links":{"self":[{"href":"https:\/\/biblian.is\/videy\/wp-json\/wp\/v2\/pages\/21258","targetHints":{"allow":["GET"]}}],"collection":[{"href":"https:\/\/biblian.is\/videy\/wp-json\/wp\/v2\/pages"}],"about":[{"href":"https:\/\/biblian.is\/videy\/wp-json\/wp\/v2\/types\/page"}],"author":[{"embeddable":true,"href":"https:\/\/biblian.is\/videy\/wp-json\/wp\/v2\/users\/1"}],"replies":[{"embeddable":true,"href":"https:\/\/biblian.is\/videy\/wp-json\/wp\/v2\/comments?post=21258"}],"version-history":[{"count":0,"href":"https:\/\/biblian.is\/videy\/wp-json\/wp\/v2\/pages\/21258\/revisions"}],"wp:attachment":[{"href":"https:\/\/biblian.is\/videy\/wp-json\/wp\/v2\/media?parent=21258"}],"curies":[{"name":"wp","href":"https:\/\/api.w.org\/{rel}","templated":true}]}}