{"id":21254,"date":"2018-01-02T01:01:05","date_gmt":"2018-01-02T01:01:05","guid":{"rendered":"http:\/\/biblian.is\/videy\/esrabok-2-kafli\/"},"modified":"2018-01-02T01:01:05","modified_gmt":"2018-01-02T01:01:05","slug":"esrabok-2-kafli","status":"publish","type":"page","link":"https:\/\/biblian.is\/videy\/esrabok-2-kafli\/","title":{"rendered":"Esrab\u00f3k 2. kafli"},"content":{"rendered":"<div class=\"fyrirsognVidey\">\u00c6ttartala og tala \u00feeirra sem fyrstir sneru aftur til Jer\u00fasalem og J\u00fada.<\/div>\n<p><a name=\"1\"><span class=\"versanumer\">1<\/span><\/a>\u00deessir eru \u00feeir sem \u00ed skattl\u00f6ndunum h\u00f6f\u00f0u b\u00fai\u00f0 <span class='VideyAth'>a)<\/span>, sem f\u00f3ru \u00far \u00fatleg\u00f0inni, h\u00f3pur \u00fatleg\u00f0armanna, hv\u00f6rn Neb\u00fakadnesar k\u00f3ngur haf\u00f0i flutt til Babylon, er sneru n\u00fa aftur til Jer\u00fasalem og til J\u00fadeu, hv\u00f6r til sinnar borgar.<a name=\"2\"><span class=\"versanumer\">2<\/span><\/a>\u00deeir sem komu me\u00f0 S\u00f3r\u00f3babel voru: Jes\u00faa, Nehemia, Seraia, Reelia, Mardokai, Bilsan, Misfar, Bigvai, Rehum og Baana, \u00feetta er talan \u00e1 m\u00f6nnum \u00cdsraelsf\u00f3lks.<a name=\"3\"><span class=\"versanumer\">3<\/span><\/a>Afkomendur Farefars, voru: tv\u00f6 \u00fe\u00fasund, eitt hundra\u00f0 sj\u00f6t\u00edu og tveir.<a name=\"4\"><span class=\"versanumer\">4<\/span><\/a>Afkomendur Sefatia: \u00ferj\u00fa hundru\u00f0, sj\u00f6t\u00edu og tveir.<a name=\"5\"><span class=\"versanumer\">5<\/span><\/a>Arhas afkomendur: sj\u00f6 hundru\u00f0, sj\u00f6t\u00edu og fimm.<a name=\"6\"><span class=\"versanumer\">6<\/span><\/a>Fahat M\u00f3abs afkomendur, af \u00e6tt Jes\u00faa J\u00f3abs: tv\u00f6 \u00fe\u00fasund, \u00e1tta hundru\u00f0 og t\u00f3lf.<a name=\"7\"><span class=\"versanumer\">7<\/span><\/a>Elams afkomendur: eitt \u00fe\u00fasund, tv\u00f6 hundru\u00f0, fimmt\u00edu og fj\u00f3rir.<a name=\"8\"><span class=\"versanumer\">8<\/span><\/a>Satusar afkomendur: n\u00edu hundru\u00f0, fj\u00f6rut\u00edu og fimm.<a name=\"9\"><span class=\"versanumer\">9<\/span><\/a>Saka\u00eds afkomendur: sj\u00f6 hundru\u00f0 og sext\u00edu.<a name=\"10\"><span class=\"versanumer\">10<\/span><\/a>Bani afkomendur: sex hundru\u00f0, fj\u00f6rut\u00edu og tveir.<a name=\"11\"><span class=\"versanumer\">11<\/span><\/a>Bebais afkomendur: sex hundru\u00f0, tuttugu og \u00fer\u00edr.<a name=\"12\"><span class=\"versanumer\">12<\/span><\/a>Afga\u00f0s afkomendur: eitt \u00fe\u00fasund, tv\u00f6 hundru\u00f0, tuttugu og tveir.<a name=\"13\"><span class=\"versanumer\">13<\/span><\/a>Adonikams afkomendur: sex hundru\u00f0, sext\u00edu og sex.<a name=\"14\"><span class=\"versanumer\">14<\/span><\/a>Bigvais afkomendur: tv\u00f6 \u00fe\u00fasund, fimmt\u00edu og sex.<a name=\"15\"><span class=\"versanumer\">15<\/span><\/a>Adins afkomendur: fj\u00f6gur hundru\u00f0, fimmt\u00edu og fj\u00f3rir.<a name=\"16\"><span class=\"versanumer\">16<\/span><\/a>Aters afkomendur og \u00fea\u00f0 af Hiskia \u00e6tt: n\u00edut\u00edu og \u00e1tta.<a name=\"17\"><span class=\"versanumer\">17<\/span><\/a>Betsais afkomendur: \u00ferj\u00fa hundru\u00f0, tuttugu og \u00fer\u00edr.<a name=\"18\"><span class=\"versanumer\">18<\/span><\/a>J\u00f3ras afkomendur: eitt hundra\u00f0 og t\u00f3lf.<a name=\"19\"><span class=\"versanumer\">19<\/span><\/a>Hasums afkomendur: tv\u00f6 hundru\u00f0, tuttugu og \u00fer\u00edr.<a name=\"20\"><span class=\"versanumer\">20<\/span><\/a>Gibbars afkomendur: n\u00edut\u00edu og fimm.<a name=\"21\"><span class=\"versanumer\">21<\/span><\/a>\u00c6tta\u00f0ir fr\u00e1 Betlehem: eitt hundra\u00f0, tuttugu og \u00fer\u00edr.<a name=\"22\"><span class=\"versanumer\">22<\/span><\/a>Menn fr\u00e1 Netafa: fimmt\u00edu og sex.<a name=\"23\"><span class=\"versanumer\">23<\/span><\/a>Fr\u00e1 Anatot: eitt hundra\u00f0, tuttugu og \u00e1tta.<a name=\"24\"><span class=\"versanumer\">24<\/span><\/a>\u00c6tta\u00f0ir fr\u00e1 Asmavet: fj\u00f6rut\u00edu og tveir.<a name=\"25\"><span class=\"versanumer\">25<\/span><\/a>\u00c6tta\u00f0ir fr\u00e1 Kiriat-Jearim, Kefira og Beerot: sj\u00f6 hundru\u00f0, fj\u00f6rut\u00edu og \u00fer\u00edr.<a name=\"26\"><span class=\"versanumer\">26<\/span><\/a>\u00c6tta\u00f0ir fr\u00e1 Rama og Geba: sex hundru\u00f0, tuttugu og einn.<a name=\"27\"><span class=\"versanumer\">27<\/span><\/a>Fr\u00e1 Mikmas: hundra\u00f0, tuttugu og tveir.<a name=\"28\"><span class=\"versanumer\">28<\/span><\/a>Fr\u00e1 Bethel og Ai: tv\u00f6 hundru\u00f0, tuttugu og \u00fer\u00edr.<a name=\"29\"><span class=\"versanumer\">29<\/span><\/a>Fr\u00e1 Nebo: fimmt\u00edu og tveir.<a name=\"30\"><span class=\"versanumer\">30<\/span><\/a>Magbiss afkomendur: eitt hundra\u00f0 fimmt\u00edu og sex.<a name=\"31\"><span class=\"versanumer\">31<\/span><\/a>Elams afkomendur: eitt \u00fe\u00fasund, tv\u00f6 hundru\u00f0, fimmt\u00edu og fj\u00f3rir.<a name=\"32\"><span class=\"versanumer\">32<\/span><\/a>Afkomendur Harims: \u00ferj\u00fa hundru\u00f0 og tuttugu.<a name=\"33\"><span class=\"versanumer\">33<\/span><\/a>\u00c6tta\u00f0ir fr\u00e1 Lydda, Hadid og Ono: sj\u00f6 hundru\u00f0, tuttugu og fimm.<a name=\"34\"><span class=\"versanumer\">34<\/span><\/a>\u00c6tta\u00f0ir fr\u00e1 Jerik\u00f3: \u00ferj\u00fa hundru\u00f0, fj\u00f6rut\u00edu og fimm.<a name=\"35\"><span class=\"versanumer\">35<\/span><\/a>\u00c6tta\u00f0ir fr\u00e1 Sena: \u00ferj\u00fa \u00fe\u00fasund, sex hundru\u00f0 og \u00ferj\u00e1t\u00edu.<a name=\"36\"><span class=\"versanumer\">36<\/span><\/a>Prestarnir, Jedaias afkomendur, af Jesua \u00e6tt voru: n\u00edu hundru\u00f0, sj\u00f6t\u00edu og \u00fer\u00edr.<a name=\"37\"><span class=\"versanumer\">37<\/span><\/a>Immars afkomendur: eitt \u00fe\u00fasund fimmt\u00edu og tveir.<a name=\"38\"><span class=\"versanumer\">38<\/span><\/a>Afkomendur Fasurs: eitt \u00fe\u00fasund, tv\u00f6 hundru\u00f0, fj\u00f6rut\u00edu og sj\u00f6.<a name=\"39\"><span class=\"versanumer\">39<\/span><\/a>Afkomendur Harims: eitt \u00fe\u00fasund, og seytj\u00e1n.<a name=\"40\"><span class=\"versanumer\">40<\/span><\/a>Lev\u00edtarnir af Jesua, Kadmiels, Libni og Hodav\u00eda \u00e6tt: sj\u00f6t\u00edu og fj\u00f3rir.<a name=\"41\"><span class=\"versanumer\">41<\/span><\/a>S\u00f6ngvarar af Asafs afkomendum voru: eitt hundra\u00f0 tuttugu og \u00e1tta.<a name=\"42\"><span class=\"versanumer\">42<\/span><\/a>Afkomendur dyravaktaranna, Salloms, Aters, Talmons, Akubs, Hatita og Sobai, til samans: eitt hundra\u00f0, \u00ferj\u00e1t\u00edu og n\u00edu.<a name=\"43\"><span class=\"versanumer\">43<\/span><\/a>Helgid\u00f3msins \u00fer\u00e6lar, afkomendur Siha, Hasus\u00e6 Tabaots.<a name=\"44\"><span class=\"versanumer\">44<\/span><\/a>Keros, Sigaha, Fadons.<a name=\"45\"><span class=\"versanumer\">45<\/span><\/a>Lebana, Hagaba, Akubs.<a name=\"46\"><span class=\"versanumer\">46<\/span><\/a>Hagabs, Samlai, Hanans.<a name=\"47\"><span class=\"versanumer\">47<\/span><\/a>Giddels, Gahars, Raaia.<a name=\"48\"><span class=\"versanumer\">48<\/span><\/a>Refins, Nekoda, Gasams.<a name=\"49\"><span class=\"versanumer\">49<\/span><\/a>Ussa, Faseaks, Besa\u00ed.<a name=\"50\"><span class=\"versanumer\">50<\/span><\/a>Asna, Meunim, Nafufims.<a name=\"51\"><span class=\"versanumer\">51<\/span><\/a>Bakbuks, Kakkufa, Harhurs.<a name=\"52\"><span class=\"versanumer\">52<\/span><\/a>Baseluts, Mahida, Harsa.<a name=\"53\"><span class=\"versanumer\">53<\/span><\/a>Barkos, Sissera, Tamas.<a name=\"54\"><span class=\"versanumer\">54<\/span><\/a>Nesias, Hatifa.<a name=\"55\"><span class=\"versanumer\">55<\/span><\/a>Enn framar Sal\u00f3mons \u00fer\u00e6lar, afkomendur Sotai, Hassoferet, Feruda.<a name=\"56\"><span class=\"versanumer\">56<\/span><\/a>Jaela, Darkuns, Gidels.<a name=\"57\"><span class=\"versanumer\">57<\/span><\/a>Sefatia, Hattils, Foherets, Hasebaims, Ami.<a name=\"58\"><span class=\"versanumer\">58<\/span><\/a>Allir helgid\u00f3msins \u00fer\u00e6lar og afkomendur \u00fer\u00e6la Sal\u00f3mons, voru: \u00ferj\u00fa hundru\u00f0, n\u00edut\u00edu og tveir.<a name=\"59\"><span class=\"versanumer\">59<\/span><\/a>\u00deessir f\u00f3ru og upp til Gy\u00f0ingalands fr\u00e1 Tel-Mela, Tel-Harsa, Kerub, Addan og Immer, en g\u00e1tu ekki sanna\u00f0 uppruna sinn, hv\u00f6rt \u00feeir v\u00e6ru komnir af \u00cdsrael.<a name=\"60\"><span class=\"versanumer\">60<\/span><\/a>Dela\u00edas, Tobiasar og Nekudas afkomendur: sex hundru\u00f0, fimmt\u00edu og tveir.<a name=\"61\"><span class=\"versanumer\">61<\/span><\/a>Og af presta\u00e6tt: afkomendur Habaiasar, Koss og Barsillai, sem haf\u00f0i ekta\u00f0 d\u00f3ttur Barsillai fr\u00e1 G\u00edlea\u00f0 og var \u00fev\u00ed talinn me\u00f0 \u00feeim.<a name=\"62\"><span class=\"versanumer\">62<\/span><\/a>\u00deessir leitu\u00f0u a\u00f0 \u00e6ttart\u00f6lu sinni, svo \u00feeir g\u00e6tu l\u00e1ti\u00f0 innf\u00e6ra n\u00f6fn s\u00edn \u00ed \u00e6ttart\u00f6luregistri\u00f0, en fundust ekki, og var \u00feeim \u00feess vegna b\u00e6gt fr\u00e1 prestsemb\u00e6tti.<a name=\"63\"><span class=\"versanumer\">63<\/span><\/a>S\u00e1 persiski landsh\u00f6f\u00f0ingi <span class='VideyAth'>(S\u00f3r\u00f3babel)<\/span> sag\u00f0i vi\u00f0 \u00fe\u00e1: menn neyti ekki af \u00fev\u00ed h\u00e1heilaga fyrr en prestur er settur fyrir urim og tumim <span class='VideyAth'>a)<\/span>.<a name=\"64\"><span class=\"versanumer\">64<\/span><\/a>Allur \u00feessi h\u00f3pur til samans var fj\u00f6rut\u00edu og tv\u00e6r \u00fe\u00fasundir, \u00ferj\u00fa hundru\u00f0 og sext\u00edu,<a name=\"65\"><span class=\"versanumer\">65<\/span><\/a>auk \u00fej\u00f3na og \u00fej\u00f3nustumeyja, sem voru sj\u00f6 \u00fe\u00fasundir, \u00ferj\u00fa hundru\u00f0, \u00ferj\u00e1t\u00edu og sj\u00f6, og \u00feeir h\u00f6f\u00f0u tv\u00f6 hundru\u00f0 s\u00f6ngvara og s\u00f6ngkonur.<a name=\"66\"><span class=\"versanumer\">66<\/span><\/a>Hestar \u00feeirra voru: sj\u00f6 hundru\u00f0, \u00ferj\u00e1t\u00edu og sex, m\u00falasnar \u00feeirra tv\u00f6 hundru\u00f0, fj\u00f6rut\u00edu og fimm.<a name=\"67\"><span class=\"versanumer\">67<\/span><\/a>\u00dalfaldar \u00feeirra: fj\u00f6gur hundru\u00f0, \u00ferj\u00e1t\u00edu og fim, og asnar sex \u00fe\u00fasund, sj\u00f6 hundru\u00f0 og tuttugu. <br \/><a name=\"68\"><span class=\"versanumer\">68<\/span><\/a>En h\u00f6fu\u00f0 \u00e6ttfe\u00f0ranna, \u00feegar \u00feeir komu til Gu\u00f0s h\u00fass \u00ed Jer\u00fasalem, \u00fe\u00e1 skutu \u00feeir af f\u00fasum vilja saman til Drottins h\u00fass, svo \u00fea\u00f0 yr\u00f0i byggt a\u00f0 n\u00fdju.<a name=\"69\"><span class=\"versanumer\">69<\/span><\/a>\u00deeir g\u00e1fu eftir efnum samskotseyrir til verks \u00feessa, sext\u00edu og einn darkemon \u00ed gulli <span class='VideyAth'>b)<\/span>. Fimm \u00fe\u00fasund minur \u00ed silfri <span class='VideyAth'>c)<\/span>, og eitt hundra\u00f0 prestaserki.<a name=\"70\"><span class=\"versanumer\">70<\/span><\/a>Og t\u00f3ku s\u00e9r n\u00fa b\u00f3lfestu prestarnir, Lev\u00edtarnir og hinir a\u00f0rir af f\u00f3lkinu, s\u00f6ngvararnir og dyraver\u00f0irnir og musteris\u00fej\u00f3narnir hv\u00f6r \u00ed sinni borg; allir \u00cdsraelsmenn hv\u00f6r \u00ed sinni borg.<\/p>\n<div class=\"footnoteVidey\">V. 1. a. Samanber 8,20. \u00cd fyrstu l\u00edklega herteknir menn, sem (l\u00edklega og geti\u00f0 er \u00ed 4 M\u00f3sb. 31,28.30.37.) gefnir v\u00f3ru prestunum og Lev\u00edtunum til a\u00f0sto\u00f0ar, l\u00edklega eru \u00feeir \u00ed 54 v. umgetnu svolei\u00f0is tilkomnir \u0254: gefnir \u00feeim af Sal\u00f3moni, samanber 1 K\u00f3ng. 9,21.  V. 63. a. Samanber 2 M\u00f3s. 28,30.  V. 69. b. L\u00edklega sama sem adarkon \u00ed 8,27. sem var persisk mynt, h\u00e9r um bil 6 rbd. 64 sk. hv\u00f6r. c. M\u00edna var 22 rbd.<\/div>\n","protected":false},"excerpt":{"rendered":"<p>\u00c6ttartala og tala \u00feeirra sem fyrstir sneru aftur til Jer\u00fasalem og J\u00fada. 1\u00deessir eru \u00feeir sem \u00ed skattl\u00f6ndunum h\u00f6f\u00f0u b\u00fai\u00f0 a), sem f\u00f3ru \u00far \u00fatleg\u00f0inni, h\u00f3pur \u00fatleg\u00f0armanna, hv\u00f6rn Neb\u00fakadnesar k\u00f3ngur haf\u00f0i flutt til Babylon, er sneru n\u00fa aftur til Jer\u00fasalem og til J\u00fadeu, hv\u00f6r til sinnar borgar.2\u00deeir sem komu me\u00f0 S\u00f3r\u00f3babel voru: Jes\u00faa, Nehemia, Seraia, Reelia, Mardokai, Bilsan, Misfar, Bigvai, Rehum og Baana, \u00feetta er talan \u00e1 m\u00f6nnum \u00cdsraelsf\u00f3lks.3Afkomendur Farefars, voru: tv\u00f6 \u00fe\u00fasund, eitt hundra\u00f0 sj\u00f6t\u00edu og tveir.4Afkomendur Sefatia: \u00ferj\u00fa hundru\u00f0, sj\u00f6t\u00edu og tveir.5Arhas afkomendur: sj\u00f6 hundru\u00f0, sj\u00f6t\u00edu og fimm.6Fahat M\u00f3abs afkomendur, af \u00e6tt Jes\u00faa J\u00f3abs: tv\u00f6 \u00fe\u00fasund, \u00e1tta hundru\u00f0 <a href=\"https:\/\/biblian.is\/videy\/esrabok-2-kafli\/\"> [&#8230;]<\/a><\/p>\n","protected":false},"author":1,"featured_media":0,"parent":0,"menu_order":0,"comment_status":"open","ping_status":"open","template":"bibliukaflar.php","meta":{"footnotes":""},"class_list":["post-21254","page","type-page","status-publish","hentry"],"_links":{"self":[{"href":"https:\/\/biblian.is\/videy\/wp-json\/wp\/v2\/pages\/21254","targetHints":{"allow":["GET"]}}],"collection":[{"href":"https:\/\/biblian.is\/videy\/wp-json\/wp\/v2\/pages"}],"about":[{"href":"https:\/\/biblian.is\/videy\/wp-json\/wp\/v2\/types\/page"}],"author":[{"embeddable":true,"href":"https:\/\/biblian.is\/videy\/wp-json\/wp\/v2\/users\/1"}],"replies":[{"embeddable":true,"href":"https:\/\/biblian.is\/videy\/wp-json\/wp\/v2\/comments?post=21254"}],"version-history":[{"count":0,"href":"https:\/\/biblian.is\/videy\/wp-json\/wp\/v2\/pages\/21254\/revisions"}],"wp:attachment":[{"href":"https:\/\/biblian.is\/videy\/wp-json\/wp\/v2\/media?parent=21254"}],"curies":[{"name":"wp","href":"https:\/\/api.w.org\/{rel}","templated":true}]}}