{"id":21253,"date":"2018-01-02T01:01:05","date_gmt":"2018-01-02T01:01:05","guid":{"rendered":"http:\/\/biblian.is\/videy\/esrabok-1-kafli\/"},"modified":"2018-01-02T01:01:05","modified_gmt":"2018-01-02T01:01:05","slug":"esrabok-1-kafli","status":"publish","type":"page","link":"https:\/\/biblian.is\/videy\/esrabok-1-kafli\/","title":{"rendered":"Esrab\u00f3k 1. kafli"},"content":{"rendered":"<div class=\"fyrirsognVidey\">S\u00fdrus leyfir \u00cdsrael\u00edtunum a\u00f0 sn\u00faa aftur til f\u00f6\u00f0urlands \u00feeirra og a\u00f0 byggja \u00fear musteri\u00f0. L\u00e6tur skila aftur musterisins kj\u00f6rgripum.<\/div>\n<p><a name=\"1\"><span class=\"versanumer\">1<\/span><\/a>\u00c1 enu fyrsta stj\u00f3rnar\u00e1ri S\u00fdrusar Persak\u00f3ngs, svo a\u00f0 uppfylltist or\u00f0 Gu\u00f0s fyrir munn Jerem\u00edasar, \u00fe\u00e1 uppvakti Drottinn anda S\u00fdrusar Persakonungs, svo a\u00f0 hann l\u00e9t \u00fatganga bo\u00f0skap um allt r\u00edki sitt og l\u00edka me\u00f0 br\u00e9fum kunngj\u00f6ra:<a name=\"2\"><span class=\"versanumer\">2<\/span><\/a>Svo segir S\u00fdrus Persakonungur: \u00f6ll jar\u00f0arinnar r\u00edki hefir Drottinn himnanna Gu\u00f0 gefi\u00f0 m\u00e9r og skipa\u00f0 m\u00e9r a\u00f0 byggja s\u00e9r musteri \u00ed Jer\u00fasalem, sem er \u00ed J\u00fadeu.<a name=\"3\"><span class=\"versanumer\">3<\/span><\/a>Hv\u00f6r s\u00e1 \u00e1 me\u00f0al y\u00f0ar er af \u00f6llu hans f\u00f3lki, me\u00f0 honum mun Gu\u00f0 vera, hann fari upp til Jer\u00fasalem, sem liggur \u00ed Gy\u00f0ingalandi og byggi \u00fear Drottni \u00cdsraels Gu\u00f0i, h\u00fas! hann er s\u00e1 Gu\u00f0 sem er \u00ed Jer\u00fasalem.<a name=\"4\"><span class=\"versanumer\">4<\/span><\/a>En s\u00e9rhv\u00f6r s\u00e1 sem eftir ver\u00f0ur, hv\u00f6r og einn \u00ed \u00feeim sta\u00f0 hvar hann er \u00fatlendur, f\u00e1i honum silfur, gull, fj\u00e1rmuni og kvikf\u00e9na\u00f0, og a\u00f0rar fr\u00edviljugar g\u00e1fur handa h\u00fasi Gu\u00f0s sem er \u00ed Jer\u00fasalem.<a name=\"5\"><span class=\"versanumer\">5<\/span><\/a>N\u00fa risu upp enir helstu af \u00e6ttfe\u00f0rum J\u00fadeu og Benjam\u00edns og prestarnir og Lev\u00edtarnir og allir hv\u00f6rra anda Drottinn haf\u00f0i uppvaki\u00f0, svo \u00feeir f\u00e6ru og bygg\u00f0u h\u00fas \u00feeim Gu\u00f0i, sem er \u00ed Jer\u00fasalem.<a name=\"6\"><span class=\"versanumer\">6<\/span><\/a>En n\u00e1grannar \u00feeirra hj\u00e1lpu\u00f0u \u00feeim um \u00e1h\u00f6ld \u00far silfri, um gull, fj\u00e1rmuni, kvikf\u00e9na\u00f0 og kj\u00f6rgripi, auk alls annars, er \u00feeir fr\u00edviljuglega g\u00e1fu.<a name=\"7\"><span class=\"versanumer\">7<\/span><\/a>K\u00f3ngurinn S\u00fdrus l\u00e9t ogsvo af hendi \u00feau \u00e1h\u00f6ld er tilheyr\u00f0u Gu\u00f0s h\u00fasi sem Neb\u00fakadnesar haf\u00f0i flutt fr\u00e1 Jer\u00fasalem og sett \u00ed s\u00edns Gu\u00f0s musteri.<a name=\"8\"><span class=\"versanumer\">8<\/span><\/a>S\u00fdrus Persak\u00f3ngur f\u00e9kk \u00feau \u00ed hendur Mitredans, sem var gjaldkeri, og hann taldi \u00feau \u00fat \u00ed hendur S\u00f3r\u00f3babels h\u00f6f\u00f0ingja J\u00fada \u00e6ttkv\u00edslar.<a name=\"9\"><span class=\"versanumer\">9<\/span><\/a>En \u00feeirra tala var \u00feessi: f\u00f3rnarsk\u00e1lar \u00far gulli \u00ferj\u00e1t\u00edu, \u00fe\u00fasund f\u00f3rnarsk\u00e1lar \u00far silfri, tuttugu og n\u00edu f\u00f3rnar kn\u00edfar.<a name=\"10\"><span class=\"versanumer\">10<\/span><\/a>\u00derj\u00e1t\u00edu k\u00f6nnur \u00far gulli, silfurk\u00f6nnur minnih\u00e1ttar fj\u00f6gur hundru\u00f0 og t\u00edu, \u00f6nnur ker \u00fe\u00fasund,<a name=\"11\"><span class=\"versanumer\">11<\/span><\/a>\u00f6ll kerin af gulli og silfri, fimm \u00fe\u00fasund og fj\u00f6gur hundru\u00f0; allt \u00feetta flutti Sor\u00f3babel \u00e1samt me\u00f0 \u00feeim er uppeftir f\u00f3ru \u00far \u00fatleg\u00f0inni fr\u00e1 Babylon til Jer\u00fasalem.<\/p>\n<div class=\"footnoteVidey\"><\/div>\n","protected":false},"excerpt":{"rendered":"<p>S\u00fdrus leyfir \u00cdsrael\u00edtunum a\u00f0 sn\u00faa aftur til f\u00f6\u00f0urlands \u00feeirra og a\u00f0 byggja \u00fear musteri\u00f0. L\u00e6tur skila aftur musterisins kj\u00f6rgripum. 1\u00c1 enu fyrsta stj\u00f3rnar\u00e1ri S\u00fdrusar Persak\u00f3ngs, svo a\u00f0 uppfylltist or\u00f0 Gu\u00f0s fyrir munn Jerem\u00edasar, \u00fe\u00e1 uppvakti Drottinn anda S\u00fdrusar Persakonungs, svo a\u00f0 hann l\u00e9t \u00fatganga bo\u00f0skap um allt r\u00edki sitt og l\u00edka me\u00f0 br\u00e9fum kunngj\u00f6ra:2Svo segir S\u00fdrus Persakonungur: \u00f6ll jar\u00f0arinnar r\u00edki hefir Drottinn himnanna Gu\u00f0 gefi\u00f0 m\u00e9r og skipa\u00f0 m\u00e9r a\u00f0 byggja s\u00e9r musteri \u00ed Jer\u00fasalem, sem er \u00ed J\u00fadeu.3Hv\u00f6r s\u00e1 \u00e1 me\u00f0al y\u00f0ar er af \u00f6llu hans f\u00f3lki, me\u00f0 honum mun Gu\u00f0 vera, hann fari upp til Jer\u00fasalem, sem liggur <a href=\"https:\/\/biblian.is\/videy\/esrabok-1-kafli\/\"> [&#8230;]<\/a><\/p>\n","protected":false},"author":1,"featured_media":0,"parent":0,"menu_order":0,"comment_status":"open","ping_status":"open","template":"bibliukaflar.php","meta":{"footnotes":""},"class_list":["post-21253","page","type-page","status-publish","hentry"],"_links":{"self":[{"href":"https:\/\/biblian.is\/videy\/wp-json\/wp\/v2\/pages\/21253","targetHints":{"allow":["GET"]}}],"collection":[{"href":"https:\/\/biblian.is\/videy\/wp-json\/wp\/v2\/pages"}],"about":[{"href":"https:\/\/biblian.is\/videy\/wp-json\/wp\/v2\/types\/page"}],"author":[{"embeddable":true,"href":"https:\/\/biblian.is\/videy\/wp-json\/wp\/v2\/users\/1"}],"replies":[{"embeddable":true,"href":"https:\/\/biblian.is\/videy\/wp-json\/wp\/v2\/comments?post=21253"}],"version-history":[{"count":0,"href":"https:\/\/biblian.is\/videy\/wp-json\/wp\/v2\/pages\/21253\/revisions"}],"wp:attachment":[{"href":"https:\/\/biblian.is\/videy\/wp-json\/wp\/v2\/media?parent=21253"}],"curies":[{"name":"wp","href":"https:\/\/api.w.org\/{rel}","templated":true}]}}