{"id":21252,"date":"2018-01-02T01:01:05","date_gmt":"2018-01-02T01:01:05","guid":{"rendered":"http:\/\/biblian.is\/videy\/sidari-kronikubok-36-kafli\/"},"modified":"2018-01-02T01:01:05","modified_gmt":"2018-01-02T01:01:05","slug":"sidari-kronikubok-36-kafli","status":"publish","type":"page","link":"https:\/\/biblian.is\/videy\/sidari-kronikubok-36-kafli\/","title":{"rendered":"S\u00ed\u00f0ari kron\u00edkub\u00f3k 36. kafli"},"content":{"rendered":"<div class=\"fyrirsognVidey\">J\u00f3ahas r\u00edkir og J\u00f3akim. Herlei\u00f0ing J\u00f3akims. Sedek\u00edas r\u00edkir. Jer\u00fasalem unnin. \u00d6nnur herlei\u00f0ing. Leyft a\u00f0 fara heim aftur. (2 Kgb. 23,31\u201336. 24,7\u201318. 25,21. Esra 1,1.2.)<\/div>\n<p><a name=\"1\"><span class=\"versanumer\">1<\/span><\/a>Og landsf\u00f3lki\u00f0 t\u00f3k J\u00f3ahas J\u00f3s\u00edason og gj\u00f6r\u00f0i hann a\u00f0 k\u00f3ngi \u00ed Jer\u00fasalem \u00ed sta\u00f0 f\u00f6\u00f0ur hans.<a name=\"2\"><span class=\"versanumer\">2<\/span><\/a>Hann haf\u00f0i \u00ferj\u00e1 um tv\u00edtugt, \u00fe\u00e1 hann var\u00f0 k\u00f3ngur, og r\u00edkti \u00ferj\u00e1 m\u00e1nu\u00f0i \u00ed Jer\u00fasalem.<a name=\"3\"><span class=\"versanumer\">3<\/span><\/a>Og Egyptalandsk\u00f3ngur setti hann fr\u00e1 v\u00f6ldum \u00ed Jer\u00fasalem og lag\u00f0i \u00fatl\u00e1t \u00e1 landi\u00f0 hundra\u00f0 v\u00e6ttir silfurs og eina v\u00e6tt gulls.<a name=\"4\"><span class=\"versanumer\">4<\/span><\/a>Og Egyptalandsk\u00f3ngur gj\u00f6r\u00f0i El\u00edakim, br\u00f3\u00f0ur hans a\u00f0 konungi yfir J\u00fada og Jer\u00fasalem, og breytti nafni hans, <span class='VideyAth'>(og kalla\u00f0i)<\/span> J\u00f3jakim, og t\u00f3k J\u00f3ahas br\u00f3\u00f0ur hans og flutti me\u00f0 s\u00e9r til Egyptalands.<a name=\"5\"><span class=\"versanumer\">5<\/span><\/a>J\u00f3jakim haf\u00f0i 5 um tv\u00edtugt \u00fe\u00e1 hann var\u00f0 k\u00f3ngur, og r\u00edkti 11 \u00e1r \u00ed Jer\u00fasalem, og hann gj\u00f6r\u00f0i \u00fea\u00f0 sem illt var \u00ed augs\u00fdn Drottins s\u00edns Gu\u00f0s.<a name=\"6\"><span class=\"versanumer\">6<\/span><\/a>Neb\u00fakadnesar, k\u00f3ngur \u00ed Babel, f\u00f3r herf\u00f6r m\u00f3ti honum, batt hann fj\u00f6trum og f\u00f3r me\u00f0 hann til Babel.<a name=\"7\"><span class=\"versanumer\">7<\/span><\/a>Nokku\u00f0 af \u00e1h\u00f6ldum Drottins h\u00fass flutti Neb\u00fakadnesar l\u00edka til Babel, og l\u00e9t \u00feau \u00ed sitt musteri \u00ed Babel. <br \/><a name=\"8\"><span class=\"versanumer\">8<\/span><\/a>En hin \u00f6nnur saga J\u00f3jakims og hans vi\u00f0bj\u00f3\u00f0ur, sem hann a\u00f0haf\u00f0ist, og \u00fea\u00f0 illt sem hann haf\u00f0i til a\u00f0 bera, sj\u00e1! \u00fear um er skrifa\u00f0 \u00ed b\u00f3k \u00cdsraels- og J\u00fadak\u00f3nga. Og J\u00f3jakin hans son var\u00f0 k\u00f3ngur \u00ed hans sta\u00f0. <br \/><a name=\"9\"><span class=\"versanumer\">9<\/span><\/a>\u00c1tj\u00e1n \u00e1ra gamall var J\u00f3jakin \u00fe\u00e1 hann var\u00f0 k\u00f3ngur, og \u00ferj\u00e1 m\u00e1nu\u00f0i og 10 daga r\u00edkti hann \u00ed Jer\u00fasalem. Og hann gj\u00f6r\u00f0i \u00fea\u00f0 sem illt var \u00ed augs\u00fdn Drottins.<a name=\"10\"><span class=\"versanumer\">10<\/span><\/a>En a\u00f0 \u00e1ri li\u00f0nu sendi k\u00f3ngur Neb\u00fakadnesar og l\u00e9t flytja hann til Babel, samt \u00feau d\u00fdru \u00e1h\u00f6ld Drottins h\u00fass, og gj\u00f6r\u00f0i Sedek\u00eda, br\u00f3\u00f0ur hans, konung yfir J\u00fada og Jer\u00fasalem. <br \/><a name=\"11\"><span class=\"versanumer\">11<\/span><\/a>Sedek\u00edas var tv\u00edtugur, \u00fe\u00e1 hann var\u00f0 k\u00f3ngur og r\u00edkti 11 \u00e1r \u00ed Jer\u00fasalem.<a name=\"12\"><span class=\"versanumer\">12<\/span><\/a>Og hann a\u00f0haf\u00f0ist \u00fea\u00f0 sem illt var \u00ed augs\u00fdn Drottins, s\u00edns Gu\u00f0s; hann au\u00f0m\u00fdkti sig ekki fyrir Jerem\u00eda sp\u00e1manni, <span class='VideyAth'>(sem til hans tala\u00f0i)<\/span> af munni Drottins.<a name=\"13\"><span class=\"versanumer\">13<\/span><\/a>L\u00edka gekk hann undan Neb\u00fakadnesar k\u00f3ngi, sem haf\u00f0i l\u00e1ti\u00f0 hann sverja vi\u00f0 Gu\u00f0, og var \u00feverbrotinn og forherti sitt hjarta, svo hann vildi ei sn\u00faa s\u00e9r til Drottins, \u00cdsraels Gu\u00f0s.<a name=\"14\"><span class=\"versanumer\">14<\/span><\/a>L\u00edka samanhr\u00fagu\u00f0u h\u00f6f\u00f0ingjar prestanna og f\u00f3lksins misgj\u00f6r\u00f0um, \u00e1\u00feekkt \u00f6llum \u00fej\u00f3\u00f0anna vi\u00f0bj\u00f3\u00f0, og saurgu\u00f0u Drottins h\u00fas, \u00fea\u00f0 sem hann haf\u00f0i helga\u00f0 \u00ed Jer\u00fasalem.<a name=\"15\"><span class=\"versanumer\">15<\/span><\/a>Og Drottinn, Gu\u00f0 \u00feeirra fe\u00f0ra, sendi til \u00feeirra, fyrir h\u00f6nd sinna sendibo\u00f0a; hann gj\u00f6r\u00f0i \u00fea\u00f0 r\u00e6kilega; \u00fev\u00ed hann hl\u00edf\u00f0ist vi\u00f0 sitt f\u00f3lk og vi\u00f0 sinn b\u00fasta\u00f0.<a name=\"16\"><span class=\"versanumer\">16<\/span><\/a>En \u00feeir gj\u00f6r\u00f0u Gu\u00f0s sendibo\u00f0um h\u00e1\u00f0ungar, og forsm\u00e1\u00f0u \u00feeirra or\u00f0, og gj\u00f6r\u00f0u gys a\u00f0 hans sp\u00e1m\u00f6nnum, \u00feanga\u00f0 til Drottins rei\u00f0i vi\u00f0 hans f\u00f3lk, \u00fer\u00f3a\u00f0ist svo, a\u00f0 \u00fear var engin l\u00edkn. <br \/><a name=\"17\"><span class=\"versanumer\">17<\/span><\/a>\u00de\u00e1 l\u00e9t hann yfir \u00fe\u00e1 koma Kaldeumannak\u00f3ng, sem drap \u00feeirra ungu menn me\u00f0 sver\u00f0i \u00ed \u00feeirra helgid\u00f3mi, og spara\u00f0i ekki unglinga og meyjar, ekki aldra\u00f0a n\u00e9 \u00f6rvasa; allt gaf hann \u00ed hans h\u00f6nd.<a name=\"18\"><span class=\"versanumer\">18<\/span><\/a>Og \u00f6ll \u00e1h\u00f6ld Gu\u00f0s h\u00fass, st\u00f3r og sm\u00e1, og fj\u00e1rsj\u00f3\u00f0u Drottins h\u00fass, og fj\u00e1rsj\u00f3\u00f0u k\u00f3ngsins og hans h\u00f6f\u00f0ingja, flutti hann allt til Babel.<a name=\"19\"><span class=\"versanumer\">19<\/span><\/a>Og \u00feeir brenndu upp Gu\u00f0s h\u00fas og rifu ni\u00f0ur Jer\u00fasalems m\u00fara, og allar hennar hallir brenndu \u00feeir \u00ed eldi og alla d\u00fdra b\u00fashluti skemmdu \u00feeir.<a name=\"20\"><span class=\"versanumer\">20<\/span><\/a>Og hann f\u00f3r burt me\u00f0 \u00fea\u00f0 sem til var af sver\u00f0um til Babel, og \u00fear \u00fej\u00f3nu\u00f0u \u00feeir honum og hans syni, \u00feanga\u00f0 til Persar fengu yfirr\u00e1\u00f0in.<a name=\"21\"><span class=\"versanumer\">21<\/span><\/a>Til \u00feess a\u00f0 or\u00f0 Drottins fyrir munn Jerem\u00eda r\u00e6ttist, \u00feanga\u00f0 til landi\u00f0 haf\u00f0i unni\u00f0 upp s\u00edn hv\u00edldar\u00e1r, \u00fev\u00ed allan ey\u00f0ileggingarinnar t\u00edma haf\u00f0i \u00fea\u00f0 hv\u00edld, \u00feanga\u00f0 til 70 \u00e1r voru li\u00f0in. <span class='VideyAth'>(3 Msb. 26,34.)<\/span><br \/><a name=\"22\"><span class=\"versanumer\">22<\/span><\/a>Og \u00e1 fyrsta \u00e1ri S\u00fdrusar <span class='VideyAth'>*)<\/span>, Persak\u00f3ngs, til \u00feess or\u00f0 Drottins fyrir munn Jerem\u00eda skyldi r\u00e6tast, vakti Drottinn anda S\u00fdrusar Persak\u00f3ngs, svo hann l\u00e9t kunngj\u00f6ra um allt sitt r\u00edki, og l\u00edka me\u00f0 br\u00e9fum, og m\u00e6lti:<a name=\"23\"><span class=\"versanumer\">23<\/span><\/a>\u201eSvo segir S\u00fdrus Persak\u00f3ngur: \u00f6ll r\u00edki jar\u00f0arinnar hefir Drottinn himinsins Gu\u00f0 gefi\u00f0 m\u00e9r, og hann hefir bo\u00f0i\u00f0 m\u00e9r a\u00f0 byggja s\u00e9r h\u00fas \u00ed Jer\u00fasalem \u00ed J\u00fadalandi\u201c. Hv\u00f6r sem n\u00fa er me\u00f0al y\u00f0ar af hans f\u00f3lki, me\u00f0 honum s\u00e9 Drottinn hans Gu\u00f0, og fari hann \u00feanga\u00f0.<\/p>\n<div class=\"footnoteVidey\">*) Hebr: Kores.<\/div>\n","protected":false},"excerpt":{"rendered":"<p>J\u00f3ahas r\u00edkir og J\u00f3akim. Herlei\u00f0ing J\u00f3akims. Sedek\u00edas r\u00edkir. Jer\u00fasalem unnin. \u00d6nnur herlei\u00f0ing. Leyft a\u00f0 fara heim aftur. (2 Kgb. 23,31\u201336. 24,7\u201318. 25,21. Esra 1,1.2.) 1Og landsf\u00f3lki\u00f0 t\u00f3k J\u00f3ahas J\u00f3s\u00edason og gj\u00f6r\u00f0i hann a\u00f0 k\u00f3ngi \u00ed Jer\u00fasalem \u00ed sta\u00f0 f\u00f6\u00f0ur hans.2Hann haf\u00f0i \u00ferj\u00e1 um tv\u00edtugt, \u00fe\u00e1 hann var\u00f0 k\u00f3ngur, og r\u00edkti \u00ferj\u00e1 m\u00e1nu\u00f0i \u00ed Jer\u00fasalem.3Og Egyptalandsk\u00f3ngur setti hann fr\u00e1 v\u00f6ldum \u00ed Jer\u00fasalem og lag\u00f0i \u00fatl\u00e1t \u00e1 landi\u00f0 hundra\u00f0 v\u00e6ttir silfurs og eina v\u00e6tt gulls.4Og Egyptalandsk\u00f3ngur gj\u00f6r\u00f0i El\u00edakim, br\u00f3\u00f0ur hans a\u00f0 konungi yfir J\u00fada og Jer\u00fasalem, og breytti nafni hans, (og kalla\u00f0i) J\u00f3jakim, og t\u00f3k J\u00f3ahas br\u00f3\u00f0ur hans og flutti me\u00f0 s\u00e9r <a href=\"https:\/\/biblian.is\/videy\/sidari-kronikubok-36-kafli\/\"> [&#8230;]<\/a><\/p>\n","protected":false},"author":1,"featured_media":0,"parent":0,"menu_order":0,"comment_status":"open","ping_status":"open","template":"bibliukaflar.php","meta":{"footnotes":""},"class_list":["post-21252","page","type-page","status-publish","hentry"],"_links":{"self":[{"href":"https:\/\/biblian.is\/videy\/wp-json\/wp\/v2\/pages\/21252","targetHints":{"allow":["GET"]}}],"collection":[{"href":"https:\/\/biblian.is\/videy\/wp-json\/wp\/v2\/pages"}],"about":[{"href":"https:\/\/biblian.is\/videy\/wp-json\/wp\/v2\/types\/page"}],"author":[{"embeddable":true,"href":"https:\/\/biblian.is\/videy\/wp-json\/wp\/v2\/users\/1"}],"replies":[{"embeddable":true,"href":"https:\/\/biblian.is\/videy\/wp-json\/wp\/v2\/comments?post=21252"}],"version-history":[{"count":0,"href":"https:\/\/biblian.is\/videy\/wp-json\/wp\/v2\/pages\/21252\/revisions"}],"wp:attachment":[{"href":"https:\/\/biblian.is\/videy\/wp-json\/wp\/v2\/media?parent=21252"}],"curies":[{"name":"wp","href":"https:\/\/api.w.org\/{rel}","templated":true}]}}