{"id":21251,"date":"2018-01-02T01:01:05","date_gmt":"2018-01-02T01:01:05","guid":{"rendered":"http:\/\/biblian.is\/videy\/sidari-kronikubok-35-kafli\/"},"modified":"2018-01-02T01:01:05","modified_gmt":"2018-01-02T01:01:05","slug":"sidari-kronikubok-35-kafli","status":"publish","type":"page","link":"https:\/\/biblian.is\/videy\/sidari-kronikubok-35-kafli\/","title":{"rendered":"S\u00ed\u00f0ari kron\u00edkub\u00f3k 35. kafli"},"content":{"rendered":"<div class=\"fyrirsognVidey\">Sama efni.<\/div>\n<p><a name=\"1\"><span class=\"versanumer\">1<\/span><\/a>Og J\u00f3sia h\u00e9lt Drottni p\u00e1ska \u00ed Jer\u00fasalem og sl\u00e1tra\u00f0i p\u00e1skalambinu \u00e1 14da degi hins fyrsta m\u00e1na\u00f0ar.<a name=\"2\"><span class=\"versanumer\">2<\/span><\/a>Og hann setti prestana til \u00feeirra s\u00fdslunar, og upphvatti \u00fe\u00e1 til \u00fej\u00f3nustu Drottins h\u00fass.<a name=\"3\"><span class=\"versanumer\">3<\/span><\/a>Og hann sag\u00f0i til Lev\u00edtanna, sem menntu\u00f0u allan \u00cdsrael, sem voru Drottni helga\u00f0ir: setji\u00f0 \u00fe\u00e1 helgu \u00f6rk \u00ed h\u00fasi\u00f0, sem Sal\u00f3mon, Dav\u00ed\u00f0sson, \u00cdsraelsk\u00f3ngur bygg\u00f0i; h\u00fan er y\u00f0ur ei framar byr\u00f0i \u00e1 her\u00f0um. \u00dej\u00f3ni\u00f0 n\u00fa Drottni, y\u00f0ar Gu\u00f0i, og hans f\u00f3lki \u00cdsrael,<a name=\"4\"><span class=\"versanumer\">4<\/span><\/a>og veri\u00f0 n\u00fa rei\u00f0ub\u00fanir, eftir y\u00f0ar \u00e6ttum, eftir y\u00f0ar ni\u00f0urskipan, samkv\u00e6mt Dav\u00ed\u00f0s reglugj\u00f6r\u00f0, \u00cdsraelsk\u00f3ngs, og samkv\u00e6mt Dav\u00ed\u00f0s reglugj\u00f6r\u00f0, \u00cdsraelsk\u00f3ngs, og samkv\u00e6mt riti Sal\u00f3mons sonar hans,<a name=\"5\"><span class=\"versanumer\">5<\/span><\/a>og standi\u00f0 \u00ed helgid\u00f3minum, eftir greinum y\u00f0ar br\u00e6\u00f0ra \u00e6tta, f\u00f3lksins sona, og eftir ni\u00f0urskipun Lev\u00edtanna \u00e6ttli\u00f0a;<a name=\"6\"><span class=\"versanumer\">6<\/span><\/a>og sl\u00e1tri\u00f0 p\u00e1skalambi, og helgi\u00f0 y\u00f0ur og tilrei\u00f0i\u00f0 \u00fea\u00f0 handa y\u00f0ar br\u00e6\u00f0rum, svo \u00fe\u00e9r gj\u00f6ri\u00f0 eftir Drottins or\u00f0i fyrir M\u00f3ses.<a name=\"7\"><span class=\"versanumer\">7<\/span><\/a>Og J\u00f3sia lag\u00f0i til sonum f\u00f3lksins l\u00f6mb og ki\u00f0 <span class='VideyAth'>(allt til p\u00e1skaf\u00f3rnar fyrir alla sem \u00fear voru)<\/span> a\u00f0 t\u00f6lu 30 \u00fe\u00fasund, og af nautum 30 \u00fe\u00fasund, allt af k\u00f3ngsins eign.<a name=\"8\"><span class=\"versanumer\">8<\/span><\/a>Og hans yfirmenn l\u00e9tu sj\u00e1lfviljuglega af hendi vi\u00f0 f\u00f3lki\u00f0, prestana og Lev\u00edtana. Hilkia og Sakaria og Jehiel, yfirforst\u00f6\u00f0umenn Gu\u00f0s h\u00fass g\u00e1fu prestunum til p\u00e1skaf\u00f3rnar 2 \u00fe\u00fasund og 6 hundru\u00f0 <span class='VideyAth'>(l\u00f6mb)<\/span> og naut og 3 hundru\u00f0.<a name=\"9\"><span class=\"versanumer\">9<\/span><\/a>Og Kanania, og Semaja og Netaneel hans br\u00e6\u00f0ur, og Hasabia og Jegiel og J\u00f3sabad, yfirmenn Lev\u00edtanna, l\u00f6g\u00f0u Lev\u00edtunum til p\u00e1skaf\u00f3rnar 5 \u00fe\u00fasund l\u00f6mb, og 5 hundru\u00f0 naut.<a name=\"10\"><span class=\"versanumer\">10<\/span><\/a>Svo var \u00fej\u00f3nustugj\u00f6r\u00f0inni r\u00e1\u00f0stafa\u00f0 og prestarnir st\u00f3\u00f0u \u00e1 s\u00ednum sta\u00f0 og Lev\u00edtarnir eftir \u00feeirra ni\u00f0urskipun, eftir bo\u00f0i k\u00f3ngsins.<a name=\"11\"><span class=\"versanumer\">11<\/span><\/a>Og <span class='VideyAth'>(Lev\u00edtarnir)<\/span> sl\u00e1tru\u00f0u p\u00e1skal\u00f6mbum og prestarnir st\u00f6kktu <span class='VideyAth'>(bl\u00f3\u00f0inu)<\/span> me\u00f0 sinni hendi, og Lev\u00edtarnir fl\u00e1\u00f0u <span class='VideyAth'>(l\u00f6mbin)<\/span>.<a name=\"12\"><span class=\"versanumer\">12<\/span><\/a>Og \u00feeir t\u00f3ku fr\u00e1 brennif\u00f3rnina, til \u00feess a\u00f0 gefa hana greinum f\u00f3lksins \u00e6tta, til a\u00f0 frambera hana fyrir Drottin, eins og skrifa\u00f0 stendur \u00ed M\u00f3sis l\u00f6gm\u00e1li, og eins f\u00f3ru \u00feeir me\u00f0 nautin.<a name=\"13\"><span class=\"versanumer\">13<\/span><\/a>Og \u00feeir steiktu p\u00e1skalambi\u00f0 eftir venju, og su\u00f0u \u00fea\u00f0 helga\u00f0a \u00ed pottum og k\u00f6tlum og p\u00f6nnum, og f\u00e6r\u00f0u \u00fea\u00f0 skj\u00f3tlega \u00f6llu f\u00f3lkinu.<a name=\"14\"><span class=\"versanumer\">14<\/span><\/a>Og \u00fear eftir matreiddu \u00feeir handa s\u00e9r og prestunum; \u00fev\u00ed prestarnir, Aronssynir, voru vi\u00f0 offur brennif\u00f3rnarinnar og fitustykkjanna fram \u00e1 n\u00f3tt og matreiddu Lev\u00edtarnir fyrir sig og fyrir Aronssyni, prestana.<a name=\"15\"><span class=\"versanumer\">15<\/span><\/a>Og s\u00f6ngvararnir, synir Asafs, voru vi\u00f0 s\u00edna s\u00fdslan eftir bo\u00f0i Dav\u00ed\u00f0s, og Asafs og Hemans og Jedutuns k\u00f3ngsins sj\u00e1anda, og dyraver\u00f0ir \u00ed hv\u00f6rjum dyrum; \u00feeir \u00feurftu ei a\u00f0 v\u00edkja fr\u00e1 sinni \u00fej\u00f3nustu, \u00fev\u00ed \u00feeirra br\u00e6\u00f0ur Lev\u00edtarnir matbjuggu fyrir \u00fe\u00e1.<a name=\"16\"><span class=\"versanumer\">16<\/span><\/a>\u00deannig var r\u00e1\u00f0stafa\u00f0 allri gu\u00f0s\u00fej\u00f3nustugj\u00f6r\u00f0inni \u00e1 \u00feeim sama degi, a\u00f0 menn sl\u00e1tru\u00f0u p\u00e1skal\u00f6mbum, og brennif\u00f3rn offru\u00f0u \u00feeir \u00e1 Drottins altari, eftir bo\u00f0i J\u00f3s\u00eda k\u00f3ngs.<a name=\"17\"><span class=\"versanumer\">17<\/span><\/a>Og \u00cdsraelssynir, sem \u00fear voru, h\u00e9ldu p\u00e1ska \u00e1 \u00feeim sama t\u00edma og 7 daga \u00feeirra \u00f3s\u00fdr\u00f0u <span class='VideyAth'>(brau\u00f0a)<\/span>.<a name=\"18\"><span class=\"versanumer\">18<\/span><\/a>Og \u00f6ngvir p\u00e1skar h\u00f6f\u00f0u veri\u00f0 haldnir, sem \u00feessir, \u00ed \u00cdsrael, fr\u00e1 t\u00edmum Sam\u00faels sp\u00e1manns; og allir \u00cdsraelsk\u00f3ngar h\u00f6f\u00f0u enga sl\u00edka p\u00e1ska haldi\u00f0 sem J\u00f3s\u00eda h\u00e9lt, og prestarnir og Lev\u00edtarnir og allur J\u00fada og \u00cdsrael, sem \u00fear var, og Jer\u00fasalems innb\u00faar.<a name=\"19\"><span class=\"versanumer\">19<\/span><\/a>\u00c1 \u00e1tj\u00e1nda \u00e1ri r\u00edkisstj\u00f3rnar J\u00f3s\u00eda voru \u00feessir p\u00e1skar haldnir. <br \/><a name=\"20\"><span class=\"versanumer\">20<\/span><\/a>Eftir allt \u00feetta, \u00feegar J\u00f3s\u00eda haf\u00f0i sett h\u00fasi\u00f0 \u00ed lag, f\u00f3r Nek\u00f3, Egyptalandsk\u00f3ngur, herf\u00f6r m\u00f3ti Karkemis hj\u00e1 Evfrat, og J\u00f3s\u00eda f\u00f3r \u00e1 m\u00f3ti honum.<a name=\"21\"><span class=\"versanumer\">21<\/span><\/a>Og hann sendi til hans sendibo\u00f0a og m\u00e6lti: hva\u00f0 hefi eg vi\u00f0 \u00feig a\u00f0 s\u00fdsla J\u00fadak\u00f3ngur? Eg kem ekki m\u00f3ti \u00fe\u00e9r, heldur m\u00f3ti \u00fev\u00ed f\u00f3lki sem eg \u00e1 str\u00ed\u00f0 vi\u00f0, og Gu\u00f0 hefir \u00e1lykta\u00f0 a\u00f0 l\u00e1ta mig hra\u00f0a m\u00e9r. Far \u00fe\u00fa \u00far vegi fr\u00e1 Gu\u00f0i, sem me\u00f0 m\u00e9r er, svo hann gj\u00f6ri \u00fe\u00e9r ekki tj\u00f3n!<a name=\"22\"><span class=\"versanumer\">22<\/span><\/a>En J\u00f3sia f\u00f3r ekki \u00far vegi fr\u00e1 honum, heldur gj\u00f6r\u00f0i sig torkennilegan, til \u00feess <span class='VideyAth'>(svo)<\/span> a\u00f0 str\u00ed\u00f0a vi\u00f0 hann, og gegndi ekki Nekos tali af Gu\u00f0s munni og kom til orrustu \u00ed dalnum Megiddo.<a name=\"23\"><span class=\"versanumer\">23<\/span><\/a>\u00de\u00e1 skutu skotmennirnir \u00e1 J\u00f3sia, og k\u00f3ngurinn sag\u00f0i til sinna \u00fej\u00f3na: f\u00e6ri\u00f0 mig h\u00e9\u00f0an, \u00fev\u00ed eg er miki\u00f0 s\u00e1r.<a name=\"24\"><span class=\"versanumer\">24<\/span><\/a>Og hans \u00fej\u00f3nar fluttu hann \u00far vagninum og settu hann \u00e1 annan vagn, og f\u00f3ru me\u00f0 hann til Jer\u00fasalem. Og hann d\u00f3 og var grafinn \u00ed gr\u00f6fum sinna fe\u00f0ra, og allur J\u00fadal\u00fd\u00f0ur og Jer\u00fasalem harma\u00f0i J\u00f3s\u00eda.<a name=\"25\"><span class=\"versanumer\">25<\/span><\/a>Og Jerem\u00edas orti sorgarlj\u00f3\u00f0 eftir J\u00f3s\u00eda og allir s\u00f6ngmenn og s\u00f6ngkvinnur sungu um J\u00f3s\u00eda \u00ed \u00feeirra harmas\u00f6ng, allt til \u00feessa dags, og gj\u00f6r\u00f0u \u00fea\u00f0 a\u00f0 si\u00f0vana \u00ed \u00cdsrael; og sj\u00e1! \u00feessi <span class='VideyAth'>(lj\u00f3\u00f0)<\/span> eru skrifu\u00f0 me\u00f0al sorgarlj\u00f3\u00f0anna. <br \/><a name=\"26\"><span class=\"versanumer\">26<\/span><\/a>Enn \u00f6nnur J\u00f3s\u00eda saga og hans gu\u00f0legu verk, samkv\u00e6m \u00feeim sem skrifu\u00f0 standa \u00ed Drottins l\u00f6gm\u00e1li,<a name=\"27\"><span class=\"versanumer\">27<\/span><\/a>og hans saga hin fyrri og seinni, um \u00feetta er skrifa\u00f0 \u00ed \u00cdsraels- og J\u00fadak\u00f3ngab\u00f3k.<\/p>\n<div class=\"footnoteVidey\"><\/div>\n","protected":false},"excerpt":{"rendered":"<p>Sama efni. 1Og J\u00f3sia h\u00e9lt Drottni p\u00e1ska \u00ed Jer\u00fasalem og sl\u00e1tra\u00f0i p\u00e1skalambinu \u00e1 14da degi hins fyrsta m\u00e1na\u00f0ar.2Og hann setti prestana til \u00feeirra s\u00fdslunar, og upphvatti \u00fe\u00e1 til \u00fej\u00f3nustu Drottins h\u00fass.3Og hann sag\u00f0i til Lev\u00edtanna, sem menntu\u00f0u allan \u00cdsrael, sem voru Drottni helga\u00f0ir: setji\u00f0 \u00fe\u00e1 helgu \u00f6rk \u00ed h\u00fasi\u00f0, sem Sal\u00f3mon, Dav\u00ed\u00f0sson, \u00cdsraelsk\u00f3ngur bygg\u00f0i; h\u00fan er y\u00f0ur ei framar byr\u00f0i \u00e1 her\u00f0um. \u00dej\u00f3ni\u00f0 n\u00fa Drottni, y\u00f0ar Gu\u00f0i, og hans f\u00f3lki \u00cdsrael,4og veri\u00f0 n\u00fa rei\u00f0ub\u00fanir, eftir y\u00f0ar \u00e6ttum, eftir y\u00f0ar ni\u00f0urskipan, samkv\u00e6mt Dav\u00ed\u00f0s reglugj\u00f6r\u00f0, \u00cdsraelsk\u00f3ngs, og samkv\u00e6mt Dav\u00ed\u00f0s reglugj\u00f6r\u00f0, \u00cdsraelsk\u00f3ngs, og samkv\u00e6mt riti Sal\u00f3mons sonar hans,5og standi\u00f0 \u00ed helgid\u00f3minum, eftir greinum <a href=\"https:\/\/biblian.is\/videy\/sidari-kronikubok-35-kafli\/\"> [&#8230;]<\/a><\/p>\n","protected":false},"author":1,"featured_media":0,"parent":0,"menu_order":0,"comment_status":"open","ping_status":"open","template":"bibliukaflar.php","meta":{"footnotes":""},"class_list":["post-21251","page","type-page","status-publish","hentry"],"_links":{"self":[{"href":"https:\/\/biblian.is\/videy\/wp-json\/wp\/v2\/pages\/21251","targetHints":{"allow":["GET"]}}],"collection":[{"href":"https:\/\/biblian.is\/videy\/wp-json\/wp\/v2\/pages"}],"about":[{"href":"https:\/\/biblian.is\/videy\/wp-json\/wp\/v2\/types\/page"}],"author":[{"embeddable":true,"href":"https:\/\/biblian.is\/videy\/wp-json\/wp\/v2\/users\/1"}],"replies":[{"embeddable":true,"href":"https:\/\/biblian.is\/videy\/wp-json\/wp\/v2\/comments?post=21251"}],"version-history":[{"count":0,"href":"https:\/\/biblian.is\/videy\/wp-json\/wp\/v2\/pages\/21251\/revisions"}],"wp:attachment":[{"href":"https:\/\/biblian.is\/videy\/wp-json\/wp\/v2\/media?parent=21251"}],"curies":[{"name":"wp","href":"https:\/\/api.w.org\/{rel}","templated":true}]}}