{"id":21250,"date":"2018-01-02T01:01:05","date_gmt":"2018-01-02T01:01:05","guid":{"rendered":"http:\/\/biblian.is\/videy\/sidari-kronikubok-34-kafli\/"},"modified":"2018-01-02T01:01:05","modified_gmt":"2018-01-02T01:01:05","slug":"sidari-kronikubok-34-kafli","status":"publish","type":"page","link":"https:\/\/biblian.is\/videy\/sidari-kronikubok-34-kafli\/","title":{"rendered":"S\u00ed\u00f0ari kron\u00edkub\u00f3k 34. kafli"},"content":{"rendered":"<div class=\"fyrirsognVidey\">J\u00f3sia gu\u00f0r\u00e6kilega r\u00edkisstj\u00f3rn. (2 Kgb. 22,1. 23,30.)<\/div>\n<p><a name=\"1\"><span class=\"versanumer\">1<\/span><\/a>J\u00f3sia var \u00e1tta \u00e1ra gamall \u00fe\u00e1 hann var\u00f0 k\u00f3ngur, og 31 \u00e1r r\u00edkti hann \u00ed Jer\u00fasalem.<a name=\"2\"><span class=\"versanumer\">2<\/span><\/a>Og hann gj\u00f6r\u00f0i \u00fea\u00f0 sem r\u00e9tt var \u00ed augs\u00fdn Drottins, og gekk \u00e1 vegum f\u00f6\u00f0ur s\u00edns Dav\u00ed\u00f0s og v\u00e9k hv\u00f6rki til h\u00e6gri n\u00e9 vinstri.<a name=\"3\"><span class=\"versanumer\">3<\/span><\/a>Og \u00e1 \u00e1ttunda \u00e1ri sinnar r\u00edkisstj\u00f3rnar me\u00f0an hann enn n\u00fa var unglingur byrja\u00f0i hann a\u00f0 leita Gu\u00f0s, f\u00f6\u00f0ur s\u00edns Dav\u00ed\u00f0s; og \u00e1 t\u00f3lfta \u00e1ri byrja\u00f0i hann a\u00f0 hreinsa J\u00fada og Jer\u00fasalem af h\u00e6\u00f0um og bl\u00f3tlundum og \u00fatskornum og steyptum b\u00edl\u00e6tum.<a name=\"4\"><span class=\"versanumer\">4<\/span><\/a>Og \u00feeir rifu ni\u00f0ur fyrir hans augum Baals \u00f6lturu, og s\u00f3lb\u00edl\u00e6tin, sem \u00e1 \u00feeim st\u00f3\u00f0u, hj\u00f3 hann burt, og lundana og \u00feau \u00fatskornu og steyptu b\u00edl\u00e6ti braut hann og sundurmola\u00f0i og dreif\u00f0i <span class='VideyAth'>(molunum)<\/span> yfir grafir \u00feeirra sem h\u00f6f\u00f0u f\u00e6rt \u00feeim f\u00f3rnir.<a name=\"5\"><span class=\"versanumer\">5<\/span><\/a>Og prestanna beinum brenndi hann \u00e1 \u00feeirra \u00f6lturum, og hreinsa\u00f0i \u00feannig J\u00fada og Jer\u00fasalem.<a name=\"6\"><span class=\"versanumer\">6<\/span><\/a>Og \u00ed Manassis, Efraims og S\u00edmeons st\u00f6\u00f0um, og allt til Naftali leita\u00f0i hann \u00ed h\u00fasunum allt um kring.<a name=\"7\"><span class=\"versanumer\">7<\/span><\/a>Og hann reif ni\u00f0ur \u00f6lturun og lundana, braut og sundurmola\u00f0i <span class='VideyAth'>(go\u00f0in)<\/span> go\u00f0ab\u00edl\u00e6tin, og \u00f6ll s\u00f3lb\u00edl\u00e6tin hj\u00f3 hann ni\u00f0ur \u00ed \u00f6llu \u00cdsraelslandi, og svo f\u00f3r hann heim aftur til Jer\u00fasalem. <br \/><a name=\"8\"><span class=\"versanumer\">8<\/span><\/a>Og \u00e1 \u00e1tj\u00e1nda \u00e1ri sinnar r\u00edkisstj\u00f3rnar, eftir a\u00f0 hann haf\u00f0i hreinsa\u00f0 landi\u00f0 og h\u00fasi\u00f0 <span class='VideyAth'>(Drottins)<\/span>, sendi hann Safan Asal\u00eduson, og Maeseja, borgmeistara, og J\u00f3a, J\u00f3ahasson kansellera, til a\u00f0 endurb\u00e6ta h\u00fas Drottins s\u00edns Gu\u00f0s.<a name=\"9\"><span class=\"versanumer\">9<\/span><\/a>Og \u00feeir komu til h\u00f6fu\u00f0prestsins Hilkia, og \u00feeim voru fengnir \u00feeir peningar sem bornir h\u00f6f\u00f0u veri\u00f0 \u00ed Drottins h\u00fas, sem Lev\u00edtarnir, nl: dyraver\u00f0irnir, h\u00f6f\u00f0u safna\u00f0 af Manasse og Efraim og af \u00f6llum \u00cdsraels eftiror\u00f0nu, og af \u00f6llum J\u00fada og Benjam\u00edn, og af \u00f6llum Jer\u00fasalems innb\u00faum;<a name=\"10\"><span class=\"versanumer\">10<\/span><\/a>og \u00feeir afhentu \u00feeim \u00feetta, sem fyrir verkinu st\u00f3\u00f0u, sem til \u00feess voru settir \u00ed Drottins h\u00fasi, og \u00feeir sem fyrir verkinu st\u00f3\u00f0u, g\u00e1fu \u00fea\u00f0, til \u00feess a\u00f0 setja \u00ed samt lag og endurb\u00e6ta Drottins h\u00fas, \u00feeim sem a\u00f0 verkinu unnu,<a name=\"11\"><span class=\"versanumer\">11<\/span><\/a>\u00feeir g\u00e1fu \u00fea\u00f0 tr\u00e9smi\u00f0unum og byggingarm\u00f6nnunum, til a\u00f0 kaupa fyrir h\u00f6ggna steina og vi\u00f0 til a\u00f0 <span class='VideyAth'>(gj\u00f6ra \u00far)<\/span> samtengingarbj\u00e1lka og bj\u00e1lka \u00ed h\u00fasin sem J\u00fadak\u00f3ngar h\u00f6f\u00f0u skemmt.<a name=\"12\"><span class=\"versanumer\">12<\/span><\/a>Og mennirnir stundu\u00f0u verki\u00f0 r\u00e1\u00f0vandlega. Og yfir \u00fe\u00e1 voru settir Lev\u00edtarnir Jahat og \u00d3bad\u00eda, af sonum Kahat\u00edta, til umsj\u00f3nar, og Lev\u00edtarnir kunnu allir vel \u00e1 hlj\u00f3\u00f0f\u00e6ri;<a name=\"13\"><span class=\"versanumer\">13<\/span><\/a>l\u00edka voru \u00feeir yfir \u00feeim sem a\u00f0fluttu, og umsj\u00f3narmenn yfir \u00f6llum sem fyrir verkinu st\u00f3\u00f0u, hv\u00f6rju sem helst verki; og af Lev\u00edtunum voru <span class='VideyAth'>(teknir)<\/span> skrifarar, forst\u00f6\u00f0umenn og dyraver\u00f0ir.<a name=\"14\"><span class=\"versanumer\">14<\/span><\/a>En sem \u00feeir t\u00f3ku upp \u00fe\u00e1 peninga sem bornir h\u00f6f\u00f0u veri\u00f0 \u00ed Drottins h\u00fas, fann presturinn Hilkia l\u00f6gb\u00f3k Drottins, sem \u00fat var gefin af M\u00f3ses.<a name=\"15\"><span class=\"versanumer\">15<\/span><\/a>\u00de\u00e1 h\u00f3f Hilkia \u00feannig <span class='VideyAth'>(tal sitt)<\/span> og m\u00e6lti vi\u00f0 Safan skrifara: l\u00f6gb\u00f3kina hefi eg fundi\u00f0 \u00ed h\u00fasi Drottins, og Hilkia f\u00e9kk Safan b\u00f3kina.<a name=\"16\"><span class=\"versanumer\">16<\/span><\/a>Og Safan f\u00e6r\u00f0i konunginum b\u00f3kina, og f\u00e6r\u00f0i honum fregn og m\u00e6lti: allt \u00fea\u00f0 sem \u00fe\u00e9nurunum er tr\u00faa\u00f0 fyrir, \u00fea\u00f0 gj\u00f6ra \u00feeir.<a name=\"17\"><span class=\"versanumer\">17<\/span><\/a>Og \u00feeir hafa \u00fatil\u00e1ti\u00f0 \u00fe\u00e1 peninga, sem fundust \u00ed Drottins h\u00fasi, og fengi\u00f0 \u00fe\u00e1 \u00feeim sem standa fyrir verkinu, og \u00ed h\u00f6nd \u00feeirra sem a\u00f0 verkinu vinna.<a name=\"18\"><span class=\"versanumer\">18<\/span><\/a>Og Safan, skrifari, sag\u00f0i <span class='VideyAth'>(ennfremur)<\/span> vi\u00f0 k\u00f3nginn og m\u00e6lti: Hilkia prestur hefir fengi\u00f0 m\u00e9r b\u00f3k, og Safan las \u00ed henni fyrir k\u00f3nginum. <br \/><a name=\"19\"><span class=\"versanumer\">19<\/span><\/a>Og \u00fea\u00f0 ske\u00f0i, \u00fe\u00e1 k\u00f3ngur heyr\u00f0i l\u00f6gm\u00e1lsins or\u00f0, a\u00f0 hann reif s\u00edn kl\u00e6\u00f0i.<a name=\"20\"><span class=\"versanumer\">20<\/span><\/a>Og konungur bau\u00f0 \u00feeim Hilkia og Ah\u00edkam syni Safans og Abdon syni Mika; og Safan skrifar, og Asaja \u00fe\u00e9nara k\u00f3ngsins, og m\u00e6lti:<a name=\"21\"><span class=\"versanumer\">21<\/span><\/a>fari\u00f0 n\u00fa og spyrji\u00f0 Drottin fyrir mig og fyrir \u00fe\u00e1 eftiror\u00f0nu \u00ed \u00cdsrael og J\u00fada um or\u00f0 b\u00f3karinnar sem fundin er; \u00fev\u00ed rei\u00f0i Drottins er mikil sem yfir oss er \u00fathellt, sakir \u00feess vorir fe\u00f0ur hafa ei gefi\u00f0 gaum Drottins or\u00f0i, a\u00f0 breyta sem skrifa\u00f0 stendur \u00ed \u00feessari b\u00f3k.<a name=\"22\"><span class=\"versanumer\">22<\/span><\/a>\u00de\u00e1 gekk Hilkia og \u00feeir sem k\u00f3ngur bau\u00f0, til Huldu, sp\u00e1konu, ektakvinnu Sallums, sonar Takehats, sonar Hasrans, sem geymdi kl\u00e6\u00f0a. <span class='VideyAth'>(En h\u00fan bj\u00f3 \u00ed Jer\u00fasalem, \u00ed \u00f6\u00f0rum parti (sta\u00f0arins))<\/span> og \u00feeir t\u00f6lu\u00f0u vi\u00f0 hana \u00e1 \u00feennan h\u00e1tt. <br \/><a name=\"23\"><span class=\"versanumer\">23<\/span><\/a>Og h\u00fan sag\u00f0i vi\u00f0 \u00fe\u00e1: svo segir Drottinn \u00cdsraels Gu\u00f0: segi\u00f0 \u00feeim manni, sem sendi y\u00f0ur til m\u00edn:<a name=\"24\"><span class=\"versanumer\">24<\/span><\/a>svo segir Drottinn: sj\u00e1! eg lei\u00f0i \u00f3lukku yfir \u00feennan sta\u00f0 og yfir hans innb\u00faa, alla \u00fe\u00e1 b\u00f6lvun sem skrifu\u00f0 stendur \u00ed b\u00f3kinni sem lesin var fyrir J\u00fadakonungi;<a name=\"25\"><span class=\"versanumer\">25<\/span><\/a>sakir \u00feess \u00feeir yfirg\u00e1fu mig og gj\u00f6r\u00f0u reyk \u00fatlendum gu\u00f0um, til a\u00f0 m\u00f3\u00f0ga mig me\u00f0 \u00f6llum verkum sinna handa, svo mun m\u00edn rei\u00f0i bytna \u00e1 \u00feessum sta\u00f0 og ekki sjatna.<a name=\"26\"><span class=\"versanumer\">26<\/span><\/a>Og til J\u00fadak\u00f3ngs, sem sendi y\u00f0ur, til a\u00f0 spyrja Drottin, segi\u00f0 svo til hans: svo segir Drottinn \u00cdsraels Gu\u00f0: \u00feau or\u00f0 sem \u00fe\u00fa heyr\u00f0ir.<a name=\"27\"><span class=\"versanumer\">27<\/span><\/a>\u00dear e\u00f0 \u00feitt hjarta komst vi\u00f0 og au\u00f0m\u00fdkti sig fyrir Gu\u00f0i, \u00fe\u00e1 \u00fe\u00fa heyr\u00f0ir hans or\u00f0 vi\u00f0v\u00edkjandi \u00feessum sta\u00f0 og hans innb\u00faum, og \u00fear e\u00f0 \u00fe\u00fa au\u00f0m\u00fdktir \u00feig fyrir m\u00e9r, og reifst \u00fe\u00edn kl\u00e6\u00f0i, og gr\u00e9st fyrir m\u00e9r, svo hefi eg og heyrt, segir Drottinn.<a name=\"28\"><span class=\"versanumer\">28<\/span><\/a>Sj\u00e1! eg vil safna \u00fe\u00e9r til \u00feinna fe\u00f0ra, og \u00fe\u00fa skalt me\u00f0 fri\u00f0i komast \u00ed \u00fe\u00edna gr\u00f6f, og \u00fe\u00edn augu skulu ekki sj\u00e1 alla \u00fe\u00e1 \u00f3lukku sem eg lei\u00f0i yfir \u00feennan sta\u00f0 og yfir hans innb\u00faa. Og \u00feeir f\u00e6r\u00f0u konunginum svari\u00f0. <br \/><a name=\"29\"><span class=\"versanumer\">29<\/span><\/a>\u00de\u00e1 sendi konungurinn og samansafna\u00f0i \u00f6llum \u00feeim elstu \u00ed J\u00fada og Jer\u00fasalem.<a name=\"30\"><span class=\"versanumer\">30<\/span><\/a>Og konungurinn gekk \u00ed Drottins h\u00fas, og allir menn af J\u00fada og Jer\u00fasalems innb\u00faar, og prestarnir og Lev\u00edtarnir og allt f\u00f3lki\u00f0, sm\u00e1ir og st\u00f3rir, og hann las fyrir \u00feeirra eyrum \u00f6ll or\u00f0 s\u00e1ttm\u00e1lsb\u00f3karinnar sem fundin var \u00ed Drottins h\u00fasi.<a name=\"31\"><span class=\"versanumer\">31<\/span><\/a>Og k\u00f3ngurinn st\u00f3\u00f0 \u00e1 s\u00ednum sta\u00f0, og gj\u00f6r\u00f0i s\u00e1ttm\u00e1la fyrir Drottni, a\u00f0 ganga eftir Drottni, a\u00f0 halda hans bo\u00f0or\u00f0 og tilskipanir og setninga af \u00f6llu s\u00ednu hjarta og me\u00f0 allri sinni s\u00e1l, a\u00f0 breyta eftir s\u00e1ttm\u00e1lans or\u00f0um, sem skrifu\u00f0 st\u00f3\u00f0u \u00ed \u00feessari b\u00f3k.<a name=\"32\"><span class=\"versanumer\">32<\/span><\/a>Og hann l\u00e9t alla sem voru \u00ed Jer\u00fasalem og Benjam\u00edn ganga \u00ed hinn sama <span class='VideyAth'>(s\u00e1ttm\u00e1la)<\/span>; og \u00fea\u00f0 gj\u00f6r\u00f0u Jer\u00fasalems innb\u00faar, eftir s\u00e1ttm\u00e1la Gu\u00f0s, \u00feeirra fe\u00f0ra Gu\u00f0s.<a name=\"33\"><span class=\"versanumer\">33<\/span><\/a>Og J\u00f3sia afm\u00e1\u00f0i alla vi\u00f0urstygg\u00f0 \u00ed \u00f6llum l\u00f6ndum, sem tilheyr\u00f0i \u00cdsraelssonum, og kom \u00fev\u00ed til vegar, a\u00f0 allir sem voru \u00ed \u00cdsrael, \u00fej\u00f3nu\u00f0u Drottni s\u00ednum Gu\u00f0i; svo lengi sem hann lif\u00f0i, f\u00e9llu \u00feeir ei fr\u00e1 Drottni, Gu\u00f0i sinna fe\u00f0ra.<\/p>\n<div class=\"footnoteVidey\"><\/div>\n","protected":false},"excerpt":{"rendered":"<p>J\u00f3sia gu\u00f0r\u00e6kilega r\u00edkisstj\u00f3rn. (2 Kgb. 22,1. 23,30.) 1J\u00f3sia var \u00e1tta \u00e1ra gamall \u00fe\u00e1 hann var\u00f0 k\u00f3ngur, og 31 \u00e1r r\u00edkti hann \u00ed Jer\u00fasalem.2Og hann gj\u00f6r\u00f0i \u00fea\u00f0 sem r\u00e9tt var \u00ed augs\u00fdn Drottins, og gekk \u00e1 vegum f\u00f6\u00f0ur s\u00edns Dav\u00ed\u00f0s og v\u00e9k hv\u00f6rki til h\u00e6gri n\u00e9 vinstri.3Og \u00e1 \u00e1ttunda \u00e1ri sinnar r\u00edkisstj\u00f3rnar me\u00f0an hann enn n\u00fa var unglingur byrja\u00f0i hann a\u00f0 leita Gu\u00f0s, f\u00f6\u00f0ur s\u00edns Dav\u00ed\u00f0s; og \u00e1 t\u00f3lfta \u00e1ri byrja\u00f0i hann a\u00f0 hreinsa J\u00fada og Jer\u00fasalem af h\u00e6\u00f0um og bl\u00f3tlundum og \u00fatskornum og steyptum b\u00edl\u00e6tum.4Og \u00feeir rifu ni\u00f0ur fyrir hans augum Baals \u00f6lturu, og s\u00f3lb\u00edl\u00e6tin, sem \u00e1 \u00feeim st\u00f3\u00f0u, hj\u00f3 <a href=\"https:\/\/biblian.is\/videy\/sidari-kronikubok-34-kafli\/\"> [&#8230;]<\/a><\/p>\n","protected":false},"author":1,"featured_media":0,"parent":0,"menu_order":0,"comment_status":"open","ping_status":"open","template":"bibliukaflar.php","meta":{"footnotes":""},"class_list":["post-21250","page","type-page","status-publish","hentry"],"_links":{"self":[{"href":"https:\/\/biblian.is\/videy\/wp-json\/wp\/v2\/pages\/21250","targetHints":{"allow":["GET"]}}],"collection":[{"href":"https:\/\/biblian.is\/videy\/wp-json\/wp\/v2\/pages"}],"about":[{"href":"https:\/\/biblian.is\/videy\/wp-json\/wp\/v2\/types\/page"}],"author":[{"embeddable":true,"href":"https:\/\/biblian.is\/videy\/wp-json\/wp\/v2\/users\/1"}],"replies":[{"embeddable":true,"href":"https:\/\/biblian.is\/videy\/wp-json\/wp\/v2\/comments?post=21250"}],"version-history":[{"count":0,"href":"https:\/\/biblian.is\/videy\/wp-json\/wp\/v2\/pages\/21250\/revisions"}],"wp:attachment":[{"href":"https:\/\/biblian.is\/videy\/wp-json\/wp\/v2\/media?parent=21250"}],"curies":[{"name":"wp","href":"https:\/\/api.w.org\/{rel}","templated":true}]}}