{"id":21249,"date":"2018-01-02T01:00:59","date_gmt":"2018-01-02T01:00:59","guid":{"rendered":"http:\/\/biblian.is\/videy\/sidari-kronikubok-33-kafli\/"},"modified":"2018-01-02T01:00:59","modified_gmt":"2018-01-02T01:00:59","slug":"sidari-kronikubok-33-kafli","status":"publish","type":"page","link":"https:\/\/biblian.is\/videy\/sidari-kronikubok-33-kafli\/","title":{"rendered":"S\u00ed\u00f0ari kron\u00edkub\u00f3k 33. kafli"},"content":{"rendered":"<div class=\"fyrirsognVidey\">Manasse og Amons r\u00edkisstj\u00f3rn. (2 Kgb. 21,1\u20138.19\u201326.)<\/div>\n<p><a name=\"1\"><span class=\"versanumer\">1<\/span><\/a>Manasse var 12 \u00e1ra gamall, \u00fe\u00e1 hann var\u00f0 k\u00f3ngur, og r\u00edkti 25 \u00e1r \u00ed Jer\u00fasalem.<a name=\"2\"><span class=\"versanumer\">2<\/span><\/a>Og hann gj\u00f6r\u00f0i \u00fea\u00f0 sem illt var \u00ed augs\u00fdn Drottins, eftir vi\u00f0bj\u00f3\u00f0 \u00fej\u00f3\u00f0anna sem Drottinn rak burt fr\u00e1 \u00cdsraelssonum.<a name=\"3\"><span class=\"versanumer\">3<\/span><\/a>Og hann uppbygg\u00f0i aftur h\u00e6\u00f0irnar, sem Esekias fa\u00f0ir hans haf\u00f0i ni\u00f0urrifi\u00f0, og reisti Baals \u00f6lturu, og gj\u00f6r\u00f0i bl\u00f3tlunda, og tilba\u00f0 allan himinsins her og \u00fej\u00f3na\u00f0i honum.<a name=\"4\"><span class=\"versanumer\">4<\/span><\/a>Og hann bygg\u00f0i altari \u00ed h\u00fasi Drottins, hvar um Drottinn haf\u00f0i tala\u00f0: \u00ed Jer\u00fasalem skal mitt nafn vera eil\u00edflega.<a name=\"5\"><span class=\"versanumer\">5<\/span><\/a>Og hann bygg\u00f0i \u00f6lturu \u00f6llum himinsins her \u00ed b\u00e1\u00f0um forg\u00f6r\u00f0um Drottins h\u00fass.<a name=\"6\"><span class=\"versanumer\">6<\/span><\/a>Og hann l\u00e9t s\u00edna syni va\u00f0a eld \u00ed dal Hinnomssona, og f\u00f3r me\u00f0 kukl og teikna\u00fat\u00fe\u00fd\u00f0ingar og s\u00e6ringar, og setti menn til a\u00f0 leita fr\u00e9tta af dau\u00f0um og fj\u00f6lkynngismenn og gj\u00f6r\u00f0i margt illt \u00ed augs\u00fdn Drottins, til a\u00f0 m\u00f3\u00f0ga hann.<a name=\"7\"><span class=\"versanumer\">7<\/span><\/a>Og hann setti \u00fea\u00f0 g\u00f3\u00f0a b\u00edl\u00e6ti, sem hann haf\u00f0i gj\u00f6rt, \u00ed Gu\u00f0s h\u00fas, hvar um Gu\u00f0 haf\u00f0i sagt vi\u00f0 Dav\u00ed\u00f0 og Sal\u00f3mon hans son: \u00ed \u00feessu h\u00fasi og \u00ed Jer\u00fasalem sem eg hefi \u00fatvali\u00f0 af \u00f6llum \u00cdsraels \u00e6ttkv\u00edslum vil eg nafn mitt s\u00e9 eil\u00edflega.<a name=\"8\"><span class=\"versanumer\">8<\/span><\/a>Og eg vil ekki l\u00e1ta \u00cdsraels f\u00f3t framar v\u00edkja \u00far landinu sem eg gaf y\u00f0ar fe\u00f0rum, \u00fe\u00e1 \u00feeir a\u00f0eins gefa \u00fev\u00ed gaum, a\u00f0 gj\u00f6ra allt sem eg hefi bo\u00f0i\u00f0 \u00feeim, allt l\u00f6gm\u00e1li\u00f0 og setningana og r\u00e9ttindin, fyrir M\u00f3sis h\u00f6nd.<a name=\"9\"><span class=\"versanumer\">9<\/span><\/a>En Manasses afvegaleiddi J\u00fadal\u00fd\u00f0 og Jer\u00fasalems innb\u00faa, svo a\u00f0 \u00feeir breyttu verr heldur en \u00fej\u00f3\u00f0irnar sem Drottinn afm\u00e1\u00f0i fr\u00e1 \u00cdsraelssonum.<a name=\"10\"><span class=\"versanumer\">10<\/span><\/a>Og Drottinn tala\u00f0i til Manasse og hans f\u00f3lks, en \u00feeir g\u00e1fu \u00fev\u00ed ekki gaum.<br \/><a name=\"11\"><span class=\"versanumer\">11<\/span><\/a>\u00de\u00e1 l\u00e9t Drottinn yfir \u00fe\u00e1 koma herforingja Ass\u00fdr\u00eduk\u00f3ngs, \u00feeir t\u00f3ku Manasse til fanga me\u00f0 kr\u00f3kum og bundu hann fj\u00f6trum og fluttu til Babel.<a name=\"12\"><span class=\"versanumer\">12<\/span><\/a>En sem a\u00f0 honum \u00ferengdi, gr\u00e1tb\u00e6ndi hann Drottin sinn Gu\u00f0, og au\u00f0m\u00fdkti sig mj\u00f6g fyrir Gu\u00f0i sinna fe\u00f0ra,<a name=\"13\"><span class=\"versanumer\">13<\/span><\/a>og ba\u00f0 hann, og hann l\u00e9t sig vinna me\u00f0 b\u00e6n, og heyr\u00f0i hans gr\u00e1tbei\u00f0ni, og l\u00e9t hann koma aftur til s\u00edns k\u00f3ngsr\u00edkis, til Jer\u00fasalem, og Manasses kanna\u00f0ist vi\u00f0 a\u00f0 Drottinn v\u00e6ri Gu\u00f0.<a name=\"14\"><span class=\"versanumer\">14<\/span><\/a>Og eftir \u00fea\u00f0 bygg\u00f0i hann ytri m\u00farvegginn \u00e1 Dav\u00ed\u00f0sborg, vestan til vi\u00f0 G\u00edhon \u00ed dalnum, \u00fear sem gengi\u00f0 er inn \u00ed Fiskhli\u00f0i\u00f0, og hl\u00f3\u00f0 hann \u00ed kringum h\u00e6\u00f0ina, og gj\u00f6r\u00f0i hann mj\u00f6g h\u00e1an, og setti herforingja \u00ed alla J\u00fada<span class='VideyAth'>(lands)<\/span> rambyggilegu sta\u00f0i.<a name=\"15\"><span class=\"versanumer\">15<\/span><\/a>Og hann flutti burt \u00fatlendinga gu\u00f0ina, og b\u00edl\u00e6ti\u00f0 \u00far Drottins h\u00fasi, og \u00f6ll \u00f6lturu, sem hann haf\u00f0i byggt \u00e1 fjalli Drottins h\u00fass, og kasta\u00f0i \u00feeim \u00fat fyrir sta\u00f0inn.<a name=\"16\"><span class=\"versanumer\">16<\/span><\/a>Og hann reisti aftur Drottins altari, og f\u00f3rnf\u00e6r\u00f0i \u00e1 \u00fev\u00ed \u00feakkarf\u00f3rn og lofgj\u00f6r\u00f0arf\u00f3rn, og bau\u00f0 J\u00fada a\u00f0 \u00fej\u00f3na Drottni \u00cdsraels Gu\u00f0i.<a name=\"17\"><span class=\"versanumer\">17<\/span><\/a>En f\u00f3lki\u00f0 f\u00e6r\u00f0i enn n\u00fa f\u00f3rnir \u00e1 h\u00e6\u00f0unum, \u00fe\u00f3 einasta Drottni s\u00ednum Gu\u00f0i. <br \/><a name=\"18\"><span class=\"versanumer\">18<\/span><\/a>En hin \u00f6nnur saga Manassis og hans b\u00e6n til hans Gu\u00f0s og r\u00e6\u00f0ur sj\u00e1andanna, sem til hans t\u00f6lu\u00f0u \u00ed nafni Drottins \u00cdsraels Gu\u00f0s, \u00fea\u00f0 stendur \u00ed s\u00f6gu \u00cdsraelsk\u00f3nga;<a name=\"19\"><span class=\"versanumer\">19<\/span><\/a>og hans b\u00e6n og hv\u00f6rnig hann var b\u00e6nheyr\u00f0ur, og allar hans syndir og afbrot, og \u00feeir sta\u00f0ir, \u00e1 hv\u00f6rjum hann bygg\u00f0i h\u00e6\u00f0ir og setti bl\u00f3tlunda og b\u00edl\u00e6ti, \u00e1\u00f0ur en hann au\u00f0m\u00fdkti sig, sj\u00e1! \u00fea\u00f0 er skrifa\u00f0 \u00ed s\u00f6gu H\u00f3sa\u00ed.<a name=\"20\"><span class=\"versanumer\">20<\/span><\/a>Og Manasse lag\u00f0ist hj\u00e1 s\u00ednum fe\u00f0rum og menn gr\u00f3fu hann \u00ed hans h\u00fasi og Amon hans son var\u00f0 k\u00f3ngur \u00ed hans sta\u00f0. <br \/><a name=\"21\"><span class=\"versanumer\">21<\/span><\/a>Amon haf\u00f0i tvo um tv\u00edtugt \u00fe\u00e1 hann var\u00f0 k\u00f3ngur, og r\u00edkti tv\u00f6 \u00e1r \u00ed Jer\u00fasalem.<a name=\"22\"><span class=\"versanumer\">22<\/span><\/a>Og hann gj\u00f6r\u00f0i \u00fea\u00f0 sem illt var \u00ed augs\u00fdn Drottins, eins og Manasse fa\u00f0ir hans haf\u00f0i gj\u00f6rt; og \u00f6llum \u00feeim gu\u00f0um sem fa\u00f0ir hans Manasses haf\u00f0i gj\u00f6rt, f\u00e6r\u00f0i Amon f\u00f3rnir og \u00fej\u00f3na\u00f0i \u00feeim.<a name=\"23\"><span class=\"versanumer\">23<\/span><\/a>Og hann au\u00f0m\u00fdkti sig ekki fyrir Drottni, eins og Manasses fa\u00f0ir hans haf\u00f0i au\u00f0m\u00fdkt sig, \u00fev\u00ed Amon samanhr\u00faga\u00f0i sektum.<a name=\"24\"><span class=\"versanumer\">24<\/span><\/a>Og hans \u00fe\u00e9narar sams\u00f3rust m\u00f3ti honum og dr\u00e1pu hann \u00ed hans h\u00fasi.<a name=\"25\"><span class=\"versanumer\">25<\/span><\/a>En landsf\u00f3lki\u00f0 vann \u00e1 \u00f6llum \u00feeim samsv\u00f6rnu m\u00f3ti Amon k\u00f3ngi, og gj\u00f6r\u00f0i J\u00f3sia hans son a\u00f0 konungi \u00ed hans sta\u00f0.<\/p>\n<div class=\"footnoteVidey\">V. 11. Kr\u00f3kum: sem br\u00faka\u00f0ist til a\u00f0 kr\u00e6kja me\u00f0 fiska og l\u00e1ta \u00ed fiska polla.  V. 19. S\u00f6gu H\u00f3sai, a\u00f0rir \u00ed s\u00f6gu sj\u00e1andanna.<\/div>\n","protected":false},"excerpt":{"rendered":"<p>Manasse og Amons r\u00edkisstj\u00f3rn. (2 Kgb. 21,1\u20138.19\u201326.) 1Manasse var 12 \u00e1ra gamall, \u00fe\u00e1 hann var\u00f0 k\u00f3ngur, og r\u00edkti 25 \u00e1r \u00ed Jer\u00fasalem.2Og hann gj\u00f6r\u00f0i \u00fea\u00f0 sem illt var \u00ed augs\u00fdn Drottins, eftir vi\u00f0bj\u00f3\u00f0 \u00fej\u00f3\u00f0anna sem Drottinn rak burt fr\u00e1 \u00cdsraelssonum.3Og hann uppbygg\u00f0i aftur h\u00e6\u00f0irnar, sem Esekias fa\u00f0ir hans haf\u00f0i ni\u00f0urrifi\u00f0, og reisti Baals \u00f6lturu, og gj\u00f6r\u00f0i bl\u00f3tlunda, og tilba\u00f0 allan himinsins her og \u00fej\u00f3na\u00f0i honum.4Og hann bygg\u00f0i altari \u00ed h\u00fasi Drottins, hvar um Drottinn haf\u00f0i tala\u00f0: \u00ed Jer\u00fasalem skal mitt nafn vera eil\u00edflega.5Og hann bygg\u00f0i \u00f6lturu \u00f6llum himinsins her \u00ed b\u00e1\u00f0um forg\u00f6r\u00f0um Drottins h\u00fass.6Og hann l\u00e9t s\u00edna syni va\u00f0a eld <a href=\"https:\/\/biblian.is\/videy\/sidari-kronikubok-33-kafli\/\"> [&#8230;]<\/a><\/p>\n","protected":false},"author":1,"featured_media":0,"parent":0,"menu_order":0,"comment_status":"open","ping_status":"open","template":"bibliukaflar.php","meta":{"footnotes":""},"class_list":["post-21249","page","type-page","status-publish","hentry"],"_links":{"self":[{"href":"https:\/\/biblian.is\/videy\/wp-json\/wp\/v2\/pages\/21249","targetHints":{"allow":["GET"]}}],"collection":[{"href":"https:\/\/biblian.is\/videy\/wp-json\/wp\/v2\/pages"}],"about":[{"href":"https:\/\/biblian.is\/videy\/wp-json\/wp\/v2\/types\/page"}],"author":[{"embeddable":true,"href":"https:\/\/biblian.is\/videy\/wp-json\/wp\/v2\/users\/1"}],"replies":[{"embeddable":true,"href":"https:\/\/biblian.is\/videy\/wp-json\/wp\/v2\/comments?post=21249"}],"version-history":[{"count":0,"href":"https:\/\/biblian.is\/videy\/wp-json\/wp\/v2\/pages\/21249\/revisions"}],"wp:attachment":[{"href":"https:\/\/biblian.is\/videy\/wp-json\/wp\/v2\/media?parent=21249"}],"curies":[{"name":"wp","href":"https:\/\/api.w.org\/{rel}","templated":true}]}}