{"id":21245,"date":"2018-01-02T01:00:59","date_gmt":"2018-01-02T01:00:59","guid":{"rendered":"http:\/\/biblian.is\/videy\/sidari-kronikubok-29-kafli\/"},"modified":"2018-01-02T01:00:59","modified_gmt":"2018-01-02T01:00:59","slug":"sidari-kronikubok-29-kafli","status":"publish","type":"page","link":"https:\/\/biblian.is\/videy\/sidari-kronikubok-29-kafli\/","title":{"rendered":"S\u00ed\u00f0ari kron\u00edkub\u00f3k 29. kafli"},"content":{"rendered":"<div class=\"fyrirsognVidey\">Esek\u00edas kemur \u00e1 aftur gu\u00f0s\u00fej\u00f3nustunni. (2 Kgb. 18,1\u20134).<\/div>\n<p><a name=\"1\"><span class=\"versanumer\">1<\/span><\/a>Esek\u00edas haf\u00f0i fimm um tv\u00edtugt \u00fe\u00e1 hann var\u00f0 k\u00f3ngur, og r\u00edkti 29 \u00e1r \u00ed Jer\u00fasalem; en m\u00f3\u00f0ir hans h\u00e9t Ahia, d\u00f3ttir Sakar\u00eda.<a name=\"2\"><span class=\"versanumer\">2<\/span><\/a>Og hann gj\u00f6r\u00f0i \u00fea\u00f0 sem r\u00e9tt var \u00ed augs\u00fdn Drottins, \u00f6ldungis eins og Dav\u00ed\u00f0 fa\u00f0ir hans haf\u00f0i gj\u00f6rt.<a name=\"3\"><span class=\"versanumer\">3<\/span><\/a>Hann lauk upp dyrunum \u00e1 Drottins h\u00fasi, \u00e1 fyrsta \u00e1ri sinnar r\u00edkisstj\u00f3rnar, \u00ed fyrsta m\u00e1nu\u00f0i og endurb\u00e6tti \u00fe\u00e6r.<a name=\"4\"><span class=\"versanumer\">4<\/span><\/a>Og l\u00e9t prestana og Lev\u00edtana koma, og samansafna\u00f0i \u00feeim \u00e1 str\u00e6ti\u00f0 m\u00f3t austri,<a name=\"5\"><span class=\"versanumer\">5<\/span><\/a>og sag\u00f0i vi\u00f0 \u00fe\u00e1: heyri\u00f0 mig, \u00fe\u00e9r Lev\u00edtar! helgi\u00f0 y\u00f0ur n\u00fa og helgi\u00f0 h\u00fas Drottins, y\u00f0ar fe\u00f0ra Gu\u00f0s, og komi\u00f0 \u00f3hreinindunum burt \u00far helgid\u00f3minum;<a name=\"6\"><span class=\"versanumer\">6<\/span><\/a>\u00fev\u00ed vorir fe\u00f0ur hafa misgj\u00f6rt og a\u00f0hafst \u00fea\u00f0, sem illt er \u00ed augs\u00fdn Drottins vors Gu\u00f0s, og yfirgefi\u00f0 hann, og sn\u00fai\u00f0 s\u00ednu augliti fr\u00e1 Drottins b\u00fasta\u00f0, og sn\u00fai\u00f0 vi\u00f0 <span class='VideyAth'>(honum)<\/span> bakinu.<a name=\"7\"><span class=\"versanumer\">7<\/span><\/a>L\u00edka hafa \u00feeir loka\u00f0 dyrum \u00e1 framh\u00fasinu, og sl\u00f6kkt lampana, og ekkert reykverk gj\u00f6rt, og brennif\u00f3rnir framb\u00e1ru \u00feeir ekki \u00ed helgid\u00f3mi \u00cdsraels Gu\u00f0s.<a name=\"8\"><span class=\"versanumer\">8<\/span><\/a>\u00de\u00e1 kom rei\u00f0i Drottins yfir J\u00fada og Jer\u00fasalem, og hann gj\u00f6r\u00f0i \u00fe\u00e1 a\u00f0 mis\u00feyrming, vi\u00f0bj\u00f3\u00f0 og athl\u00e1tri, eins og \u00fe\u00e9r sj\u00e1i\u00f0 me\u00f0 y\u00f0ar augum.<a name=\"9\"><span class=\"versanumer\">9<\/span><\/a>Og sj\u00e1! vorir fe\u00f0ur eru fallnir fyrir sver\u00f0i, og vorir synir og d\u00e6tur og konur eru, sakir \u00feess, \u00ed fangelsi.<a name=\"10\"><span class=\"versanumer\">10<\/span><\/a>N\u00fa er m\u00e9r \u00ed sinni a\u00f0 gj\u00f6ra s\u00e1ttm\u00e1la vi\u00f0 Drottin, \u00cdsraels Gu\u00f0, a\u00f0 hans brennandi rei\u00f0i sn\u00faist fr\u00e1 m\u00e9r.<a name=\"11\"><span class=\"versanumer\">11<\/span><\/a>M\u00ednir synir! treg\u00f0ist ekki, \u00fev\u00ed y\u00f0ur hefir Drottinn \u00fatvali\u00f0 til a\u00f0 standa fyrir s\u00e9r, a\u00f0 \u00fej\u00f3na s\u00e9r, og vera hans \u00fe\u00e9narar, sem honum gj\u00f6ri reyk. <br \/><a name=\"12\"><span class=\"versanumer\">12<\/span><\/a>\u00de\u00e1 t\u00f3ku Lev\u00edtarnir sig til, Mahat, sonur Amasai, og J\u00f3el, sonur Asar\u00eda, af sonum Kahat\u00edtanna; og af sonum Merar\u00edtanna: K\u00eds, sonur Abdis, og Asar\u00eda, sonur Jehaleols; og af Gerson\u00edtum: J\u00f3a, sonur Simma, og Eden, sonur J\u00f3as;<a name=\"13\"><span class=\"versanumer\">13<\/span><\/a>og af sonum Elisafans: Simri og Jegiel; og af sonum Asafs: Sakar\u00eda og Matan\u00eda;<a name=\"14\"><span class=\"versanumer\">14<\/span><\/a>og af sonum Hemans: Jeh\u00edel og Sime\u00ed; og af sonum Jedutuns: Semaja og Us\u00edel.<a name=\"15\"><span class=\"versanumer\">15<\/span><\/a>Og \u00feeir samans\u00f6fnu\u00f0u s\u00ednum br\u00e6\u00f0rum, og helgu\u00f0u \u00fe\u00e1, og komu, eftir bo\u00f0i k\u00f3ngsins, samkv\u00e6mt or\u00f0i Drottins, til a\u00f0 hreinsa Drottins h\u00fas.<a name=\"16\"><span class=\"versanumer\">16<\/span><\/a>Og prestarnir gengu inn \u00ed Drottins h\u00fas til a\u00f0 hreinsa, og koma burt \u00f6llum \u00f3hreinindum, sem \u00feeir fundu \u00ed h\u00fasi Drottins, \u00ed framh\u00fasi Drottins h\u00fass; og Lev\u00edtarnir t\u00f3ku vi\u00f0 \u00feeim og komu \u00feeim \u00ed l\u00e6kinn Kidron.<a name=\"17\"><span class=\"versanumer\">17<\/span><\/a>Og \u00feeir byrju\u00f0u a\u00f0 helga \u00e1 fyrsta degi fyrsta m\u00e1na\u00f0ar, og \u00e1 \u00e1ttunda degi m\u00e1na\u00f0arins komu \u00feeir \u00ed Drottins framh\u00fas, og helgu\u00f0u Drottins h\u00fas \u00ed \u00e1tta daga, og \u00e1 16da <span class='VideyAth'>(degi)<\/span> \u00feess fyrsta m\u00e1na\u00f0ar h\u00f6f\u00f0u \u00feeir afloki\u00f0 <span class='VideyAth'>(verkinu)<\/span>.<a name=\"18\"><span class=\"versanumer\">18<\/span><\/a>\u00de\u00e1 gengu \u00feeir inn fyrir Esek\u00edas k\u00f3ng og s\u00f6g\u00f0u: v\u00e9r h\u00f6fum hreinsa\u00f0 allt Drottins h\u00fas, og brennif\u00f3rnaaltari\u00f0, og \u00f6ll \u00feess t\u00f3l, og sko\u00f0unarbrau\u00f0abor\u00f0i\u00f0 og \u00f6ll \u00feess \u00e1h\u00f6ld; og \u00f6ll \u00feau verkf\u00e6ri sem Akas k\u00f3ngur vanhelga\u00f0i, me\u00f0an hann r\u00edkti, me\u00f0 s\u00ednum misgj\u00f6rningum, h\u00f6fum v\u00e9r tilreitt og helga\u00f0; og sj\u00e1! \u00feau eru hj\u00e1 altari Drottins. <br \/><a name=\"20\"><span class=\"versanumer\">20<\/span><\/a>\u00de\u00e1 var Esek\u00edas k\u00f3ngur snemma \u00e1 f\u00f3tum, og samansafna\u00f0i h\u00f6f\u00f0ingjum sta\u00f0arins og gekk \u00ed Drottins h\u00fas.<a name=\"21\"><span class=\"versanumer\">21<\/span><\/a>Og \u00feeir framleiddu 7 naut, 7 hr\u00fata, 7 l\u00f6mb, og 7 geithafra, til syndaf\u00f3rnar fyrir r\u00edki\u00f0 og fyrir helgid\u00f3minn og fyrir J\u00fada. Og hann skipa\u00f0i sonum Arons prestunum, a\u00f0 f\u00f3rnf\u00e6ra \u00e1 Drottins altari.<a name=\"22\"><span class=\"versanumer\">22<\/span><\/a>\u00de\u00e1 sl\u00e1tru\u00f0u prestarnir nautunum, og t\u00f3ku bl\u00f3\u00f0i\u00f0, og st\u00f6kktu \u00fev\u00ed \u00e1 altari\u00f0, og sl\u00e1tru\u00f0u hr\u00fatunum og st\u00f6kktu bl\u00f3\u00f0inu \u00e1 altari\u00f0, og sl\u00e1tru\u00f0u l\u00f6mbunum og st\u00f6kktu bl\u00f3\u00f0inu \u00e1 altari\u00f0.<a name=\"23\"><span class=\"versanumer\">23<\/span><\/a>Og \u00feeir leiddu fram syndaf\u00f3rnarhafrana fyrir konunginn og s\u00f6fnu\u00f0inn, sem l\u00f6g\u00f0u s\u00ednar hendur \u00e1 \u00fe\u00e1,<a name=\"24\"><span class=\"versanumer\">24<\/span><\/a>og prestarnir sl\u00e1tru\u00f0u \u00feeim, og st\u00f6kktu \u00feeirra bl\u00f3\u00f0i til syndalausnar \u00e1 altari\u00f0, til a\u00f0 fri\u00f0\u00fe\u00e6gja fyrir allan \u00cdsrael; \u00fev\u00ed fyrir allan \u00cdsrael haf\u00f0i k\u00f3ngurinn bo\u00f0i\u00f0 <span class='VideyAth'>(a\u00f0 frambera)<\/span> brennif\u00f3rn og syndaf\u00f3rn.<a name=\"25\"><span class=\"versanumer\">25<\/span><\/a>Og hann setti Lev\u00edtana \u00ed Drottins h\u00fas me\u00f0 horn, h\u00f6rpur og hlj\u00f3\u00f0p\u00edpur eftir bo\u00f0i Dav\u00ed\u00f0s og Ga\u00f0s, k\u00f3ngsins sj\u00e1anda, og Natans sp\u00e1manns; \u00fev\u00ed af Drottni ske\u00f0i bo\u00f0or\u00f0i\u00f0 fyrir <span class='VideyAth'>(munn)<\/span> hans sp\u00e1manna.<a name=\"26\"><span class=\"versanumer\">26<\/span><\/a>Og Lev\u00edtarnir st\u00f3\u00f0u me\u00f0 hlj\u00f3\u00f0f\u00e6ri Dav\u00ed\u00f0s og prestarnir me\u00f0 b\u00e1s\u00fanurnar.<a name=\"27\"><span class=\"versanumer\">27<\/span><\/a>Og Esek\u00edas bau\u00f0 a\u00f0 offra brennif\u00f3rn \u00e1 altarinu; og sem brennif\u00f3rnin byrja\u00f0i, h\u00f3fst s\u00f6ngur Drottins me\u00f0 b\u00e1s\u00fanunum og hlj\u00f3\u00f0f\u00e6rum Dav\u00ed\u00f0s, \u00cdsraelsk\u00f3ngs.<a name=\"28\"><span class=\"versanumer\">28<\/span><\/a>Og allur s\u00f6fnu\u00f0urinn f\u00e9ll fram og s\u00f6ngurinn hlj\u00f3ma\u00f0i og b\u00e1s\u00fanurnar gullu, \u00feanga\u00f0 til brennif\u00f3rninni var loki\u00f0.<a name=\"29\"><span class=\"versanumer\">29<\/span><\/a>Og \u00feegar brennif\u00f3rnin var fullgj\u00f6r\u00f0, hneig\u00f0i k\u00f3ngur sig og allir sem hj\u00e1 honum voru og tilb\u00e1\u00f0u.<a name=\"30\"><span class=\"versanumer\">30<\/span><\/a>Og Esek\u00edas k\u00f3ngur og \u00feeir \u00e6\u00f0stu, skipu\u00f0u Lev\u00edtunum a\u00f0 syngja Drottni lof me\u00f0 or\u00f0um Dav\u00ed\u00f0s og Asafs sj\u00e1anda. Og \u00feeir sungu lof me\u00f0 f\u00f6gnu\u00f0i og hneig\u00f0u sig og tilb\u00e1\u00f0u.<a name=\"31\"><span class=\"versanumer\">31<\/span><\/a>Og Esek\u00edas byrja\u00f0i svo og m\u00e6lti: n\u00fa eru\u00f0 \u00fe\u00e9r me\u00f0 fulla h\u00f6nd komnir fyrir Drottin, gangi\u00f0 n\u00fa a\u00f0 og beri\u00f0 \u00ed Drottins h\u00fas sl\u00e1turf\u00f3rnina og \u00feakkaroffri\u00f0 og allar fr\u00edviljugar brennif\u00f3rnir.<a name=\"32\"><span class=\"versanumer\">32<\/span><\/a>Og tala brennif\u00f3rnanna sem s\u00f6fnu\u00f0urinn fram l\u00e9t, var: 70 naut, hundra\u00f0 hr\u00fatar, 2 hundru\u00f0 l\u00f6mb; \u00fea\u00f0 allt til brennif\u00f3rnar Drottni;<a name=\"33\"><span class=\"versanumer\">33<\/span><\/a>og helgu\u00f0 voru 6 hundru\u00f0 naut og 3 \u00fe\u00fasund sau\u00f0a.<a name=\"34\"><span class=\"versanumer\">34<\/span><\/a>Einasta voru prestarnir off\u00e1ir, og \u00feeir g\u00e1tu ekki flegi\u00f0 allar brennif\u00f3rnirnar; \u00fe\u00e1 hj\u00e1lpu\u00f0u \u00feeim, \u00feeirra br\u00e6\u00f0ur, Lev\u00edtarnir, \u00feanga\u00f0 til starfanum var loki\u00f0, og \u00feanga\u00f0 til \u00feeir <span class='VideyAth'>(a\u00f0rir)<\/span> prestar h\u00f6f\u00f0u helga\u00f0 sig, \u00fev\u00ed Lev\u00edtarnir h\u00f6f\u00f0u veri\u00f0 einl\u00e6glegri \u00ed \u00fev\u00ed a\u00f0 helga sig, en prestarnir.<a name=\"35\"><span class=\"versanumer\">35<\/span><\/a>En l\u00edka voru brennif\u00f3rnirnar margar me\u00f0 \u00feakkarf\u00f3rnarinnar fitustykkjum og me\u00f0 dreypif\u00f3rninni til brennif\u00f3rnarinnar. Og svo var\u00f0 \u00fe\u00e9nustu Drottins h\u00fass r\u00e1\u00f0stafa\u00f0.<a name=\"36\"><span class=\"versanumer\">36<\/span><\/a>Og Esek\u00edas gladdist og allt f\u00f3lki\u00f0 af \u00fev\u00ed a\u00f0 Gu\u00f0 haf\u00f0i gefi\u00f0 gaum f\u00f3lkinu; \u00fev\u00ed skj\u00f3tlega var \u00feetta gj\u00f6rt.<\/p>\n<div class=\"footnoteVidey\"><\/div>\n","protected":false},"excerpt":{"rendered":"<p>Esek\u00edas kemur \u00e1 aftur gu\u00f0s\u00fej\u00f3nustunni. (2 Kgb. 18,1\u20134). 1Esek\u00edas haf\u00f0i fimm um tv\u00edtugt \u00fe\u00e1 hann var\u00f0 k\u00f3ngur, og r\u00edkti 29 \u00e1r \u00ed Jer\u00fasalem; en m\u00f3\u00f0ir hans h\u00e9t Ahia, d\u00f3ttir Sakar\u00eda.2Og hann gj\u00f6r\u00f0i \u00fea\u00f0 sem r\u00e9tt var \u00ed augs\u00fdn Drottins, \u00f6ldungis eins og Dav\u00ed\u00f0 fa\u00f0ir hans haf\u00f0i gj\u00f6rt.3Hann lauk upp dyrunum \u00e1 Drottins h\u00fasi, \u00e1 fyrsta \u00e1ri sinnar r\u00edkisstj\u00f3rnar, \u00ed fyrsta m\u00e1nu\u00f0i og endurb\u00e6tti \u00fe\u00e6r.4Og l\u00e9t prestana og Lev\u00edtana koma, og samansafna\u00f0i \u00feeim \u00e1 str\u00e6ti\u00f0 m\u00f3t austri,5og sag\u00f0i vi\u00f0 \u00fe\u00e1: heyri\u00f0 mig, \u00fe\u00e9r Lev\u00edtar! helgi\u00f0 y\u00f0ur n\u00fa og helgi\u00f0 h\u00fas Drottins, y\u00f0ar fe\u00f0ra Gu\u00f0s, og komi\u00f0 \u00f3hreinindunum burt \u00far helgid\u00f3minum;6\u00fev\u00ed vorir <a href=\"https:\/\/biblian.is\/videy\/sidari-kronikubok-29-kafli\/\"> [&#8230;]<\/a><\/p>\n","protected":false},"author":1,"featured_media":0,"parent":0,"menu_order":0,"comment_status":"open","ping_status":"open","template":"bibliukaflar.php","meta":{"footnotes":""},"class_list":["post-21245","page","type-page","status-publish","hentry"],"_links":{"self":[{"href":"https:\/\/biblian.is\/videy\/wp-json\/wp\/v2\/pages\/21245","targetHints":{"allow":["GET"]}}],"collection":[{"href":"https:\/\/biblian.is\/videy\/wp-json\/wp\/v2\/pages"}],"about":[{"href":"https:\/\/biblian.is\/videy\/wp-json\/wp\/v2\/types\/page"}],"author":[{"embeddable":true,"href":"https:\/\/biblian.is\/videy\/wp-json\/wp\/v2\/users\/1"}],"replies":[{"embeddable":true,"href":"https:\/\/biblian.is\/videy\/wp-json\/wp\/v2\/comments?post=21245"}],"version-history":[{"count":0,"href":"https:\/\/biblian.is\/videy\/wp-json\/wp\/v2\/pages\/21245\/revisions"}],"wp:attachment":[{"href":"https:\/\/biblian.is\/videy\/wp-json\/wp\/v2\/media?parent=21245"}],"curies":[{"name":"wp","href":"https:\/\/api.w.org\/{rel}","templated":true}]}}