{"id":21244,"date":"2018-01-02T01:00:59","date_gmt":"2018-01-02T01:00:59","guid":{"rendered":"http:\/\/biblian.is\/videy\/sidari-kronikubok-28-kafli\/"},"modified":"2018-01-02T01:00:59","modified_gmt":"2018-01-02T01:00:59","slug":"sidari-kronikubok-28-kafli","status":"publish","type":"page","link":"https:\/\/biblian.is\/videy\/sidari-kronikubok-28-kafli\/","title":{"rendered":"S\u00ed\u00f0ari kron\u00edkub\u00f3k 28. kafli"},"content":{"rendered":"<div class=\"fyrirsognVidey\">R\u00edkisstj\u00f3rn Akas. (2 Kgb. 16.)<\/div>\n<p><a name=\"1\"><span class=\"versanumer\">1<\/span><\/a>Tv\u00edtugur var Akas, \u00feegar hann var\u00f0 k\u00f3ngur, og 16 \u00e1r r\u00edkti hann \u00ed Jer\u00fasalem. Og hann gj\u00f6r\u00f0i ekki \u00fea\u00f0 sem r\u00e9tt var \u00ed augs\u00fdn Drottins, eins og Dav\u00ed\u00f0 fa\u00f0ir hans,<a name=\"2\"><span class=\"versanumer\">2<\/span><\/a>og gekk \u00e1 vegum \u00cdsraelsk\u00f3nga og \u00far steyptum b\u00edl\u00e6tum gj\u00f6r\u00f0i hann s\u00e9r afgu\u00f0i <span class='VideyAth'>(Baalim)<\/span>.<a name=\"3\"><span class=\"versanumer\">3<\/span><\/a>\u00cd Hinnomssonadal tendra\u00f0i hann reykelsi og brenndi s\u00edna syni \u00ed eldi, l\u00edkt vi\u00f0urstygg\u00f0 \u00fej\u00f3\u00f0anna, sem Drottinn \u00fatrak fr\u00e1 \u00cdsraelssonum.<a name=\"4\"><span class=\"versanumer\">4<\/span><\/a>Og hann f\u00f3rnf\u00e6r\u00f0i og gj\u00f6r\u00f0i reyk \u00e1 h\u00e6\u00f0um og h\u00f3lum, og undir hv\u00f6rju gr\u00e6nu tr\u00e9.<a name=\"5\"><span class=\"versanumer\">5<\/span><\/a>\u00de\u00e1 gaf Drottinn, hans Gu\u00f0, hann \u00ed h\u00f6nd k\u00f3ngsins af S\u00fdrlandi, og \u00feeir <span class='VideyAth'>(s\u00fdrlensku)<\/span> unnu hann og t\u00f3ku marga af hans <span class='VideyAth'>(li\u00f0i)<\/span> til fanga, og f\u00f3ru me\u00f0 \u00fe\u00e1 til Damaskus; og l\u00edka \u00ed h\u00f6nd \u00cdsraelsk\u00f3ngs var hann gefinn, og hann olli honum mikils mannfalls.<a name=\"6\"><span class=\"versanumer\">6<\/span><\/a>Og Peka, sonur Remal\u00eda, drap, \u00ed J\u00fada, hundra\u00f0 og 20 \u00fe\u00fasundir, \u00e1 einum degi, allt menn str\u00ed\u00f0sf\u00e6ra, af \u00fev\u00ed \u00feeir yfirg\u00e1fu Drotin, Gu\u00f0 sinna fe\u00f0ra.<a name=\"7\"><span class=\"versanumer\">7<\/span><\/a>Og Sikri, hetja af Efraim, drap Maeseia, k\u00f3ngsins son, og Asr\u00edkam, forst\u00f6\u00f0umann h\u00fassins, og Elkana, sem gekk n\u00e6st konunginum.<a name=\"8\"><span class=\"versanumer\">8<\/span><\/a>Og \u00cdsraelssynir fluttu hertekna af s\u00ednum br\u00e6\u00f0rum, 2 hundru\u00f0 \u00fe\u00fasund konur, syni og d\u00e6tur, og miklu herfangi r\u00e6ndu \u00feeir fr\u00e1 \u00feeim og fluttu herfangi\u00f0 til Samar\u00edu. <br \/><a name=\"9\"><span class=\"versanumer\">9<\/span><\/a>En \u00fear var sp\u00e1ma\u00f0ur Drottins, sem h\u00e9t \u00d3be\u00f0, hann f\u00f3r \u00e1 m\u00f3ti hernum, sem kom til Samar\u00edu, og m\u00e6lti til \u00feeirra: sj\u00e1! \u00ed rei\u00f0i yfir J\u00fada hefir Drottinn, y\u00f0ar fe\u00f0ra Gu\u00f0, gefi\u00f0 \u00fe\u00e1 \u00ed y\u00f0ar h\u00f6nd, og \u00fe\u00e9r haf\u00f0i \u00ed grimmd ni\u00f0urdrepi\u00f0 <span class='VideyAth'>(f\u00f3lk)<\/span> me\u00f0al \u00feeirra, svo \u00fea\u00f0 er himinhr\u00f3pandi.<a name=\"10\"><span class=\"versanumer\">10<\/span><\/a>Og n\u00fa hugsi\u00f0 \u00fe\u00e9r a\u00f0 undiroka J\u00fada- og Jer\u00fasalemssyni, og gj\u00f6ra \u00fe\u00e1 y\u00f0ur \u00fer\u00e6la og amb\u00e1ttir. Er \u00fe\u00e1 ekki \u00e1 y\u00f0ur, \u00e1 y\u00f0ur <span class='VideyAth'>(segi eg)<\/span> sekt vi\u00f0 Drottin y\u00f0ar Gu\u00f0?<a name=\"11\"><span class=\"versanumer\">11<\/span><\/a>Svo heyri\u00f0 mig n\u00fa, og sendi\u00f0 fangana til baka, sem \u00fe\u00e9r hafi\u00f0 herteki\u00f0 af y\u00f0ar br\u00e6\u00f0rum; \u00fev\u00ed upptendru\u00f0 er rei\u00f0i Drottins yfir y\u00f0ur.<a name=\"12\"><span class=\"versanumer\">12<\/span><\/a>Og \u00fe\u00e1 uppst\u00f3\u00f0u menn af fyrirli\u00f0um Efraimssona, Asar\u00eda, sonur Johanans, Berek\u00eda, sonur Mesilem\u00f3ts, og Hisk\u00eda, sonur Sallums, og Amasa, sonur Hati, m\u00f3ti \u00feeim sem komu \u00far str\u00ed\u00f0inu,<a name=\"13\"><span class=\"versanumer\">13<\/span><\/a>og s\u00f6g\u00f0u til \u00feeirra: \u00fe\u00e9r skulu\u00f0 ekki koma me\u00f0 \u00fe\u00e1 herteknu hinga\u00f0, \u00fev\u00ed \u00fe\u00e9r \u00e6tli\u00f0 y\u00f0ur, oss til sekta vi\u00f0 Drottin, a\u00f0 auka vorar syndir og vorar sektir; \u00fev\u00ed mikil er vor sekt, og rei\u00f0i er upptendru\u00f0 gegn \u00cdsrael.<a name=\"14\"><span class=\"versanumer\">14<\/span><\/a>\u00de\u00e1 l\u00e9tu \u00feeir hertygju\u00f0u alla fangana og herfangi\u00f0 fram fyrir herforingjana og allan s\u00f6fnu\u00f0inn.<a name=\"15\"><span class=\"versanumer\">15<\/span><\/a>Og \u00feeir menn, sem nefndir v\u00f3ru me\u00f0 nafni, st\u00f3\u00f0u upp og t\u00f3ku vi\u00f0 f\u00f6ngunum, og alla \u00fe\u00e1 n\u00f6ktu me\u00f0al \u00feeirra, kl\u00e6ddu \u00feeir af herfanginu, kl\u00e6ddu og \u00fe\u00e1 og sk\u00e6ddu, mettu\u00f0u og drykkju\u00f0u, og smur\u00f0u \u00fe\u00e1, og fluttu \u00fe\u00e1 \u00e1 \u00f6snum sem \u00f6r\u00fereyttir voru, og fluttu \u00fe\u00e1 til Jer\u00edk\u00f3, p\u00e1lmavi\u00f0arsta\u00f0arins, til \u00feeirra br\u00e6\u00f0ra, og komu svo aftur til Samar\u00edu. <br \/><a name=\"16\"><span class=\"versanumer\">16<\/span><\/a>Um sama leyti sendi Akas k\u00f3ngur til S\u00fdrlandsk\u00f3nga, a\u00f0 \u00feeir veittu honum li\u00f0.<a name=\"17\"><span class=\"versanumer\">17<\/span><\/a>L\u00edka komu aftur Edom\u00edtar, unnu sigur \u00e1 J\u00fada og fluttu <span class='VideyAth'>(nokkra)<\/span> \u00ed burt hertekna.<a name=\"18\"><span class=\"versanumer\">18<\/span><\/a>Og Filistear gj\u00f6r\u00f0u \u00e1hlaup \u00e1 sta\u00f0ina \u00e1 l\u00e1glendinu og su\u00f0ur \u00ed J\u00fada<span class='VideyAth'>(landi)<\/span>, og t\u00f3ku Bet-Semes og Ajalon og Gederot og Soko og hennar d\u00e6tur, og Timna, og hennar d\u00e6tur, og Gimso, og hennar d\u00e6tur, og settust \u00fear a\u00f0.<a name=\"19\"><span class=\"versanumer\">19<\/span><\/a>\u00dev\u00ed Drottinn au\u00f0m\u00fdkti J\u00fada, sakir Akas, k\u00f3ngs \u00ed J\u00fada, \u00fev\u00ed hann gj\u00f6r\u00f0i J\u00fada<span class='VideyAth'>(l\u00fd\u00f0)<\/span> taumlausan og braut \u00e1 m\u00f3ti Drottni.<a name=\"20\"><span class=\"versanumer\">20<\/span><\/a>Og Tiglat-Pilneser, kom \u00e1 m\u00f3ti honum, k\u00f3ngur \u00ed Ass\u00fdr\u00edu, og \u00fer\u00f6ngdi honum og a\u00f0sto\u00f0a\u00f0i hann ekki.<a name=\"21\"><span class=\"versanumer\">21<\/span><\/a>A\u00f0 s\u00f6nnu rupla\u00f0i Akas Drottins h\u00fas og k\u00f3ngsins h\u00fas og h\u00f6f\u00f0ingjanna, og gaf \u00fea\u00f0 Ass\u00fdr\u00eduk\u00f3ngi; en \u00fea\u00f0 hj\u00e1lpa\u00f0i honum ekki.<a name=\"22\"><span class=\"versanumer\">22<\/span><\/a>Enn meir misbraut hann, k\u00f3ngurinn Akas, vi\u00f0 Drottin, \u00ed ney\u00f0inni.<a name=\"23\"><span class=\"versanumer\">23<\/span><\/a>Og hann f\u00e6r\u00f0i f\u00f3rnir gu\u00f0unum \u00ed Damaskus, sem h\u00f6f\u00f0u sigra\u00f0 hann, og m\u00e6lti: gu\u00f0ir k\u00f3nganna \u00ed S\u00fdrlandi hj\u00e1lpa \u00feeim, eg vil f\u00e6ra \u00feeim f\u00f3rnir svo \u00feeir hj\u00e1lpi m\u00e9r. En \u00feeir ur\u00f0u honum og \u00f6llum \u00cdsrael a\u00f0 falli.<a name=\"24\"><span class=\"versanumer\">24<\/span><\/a>Og Akas t\u00f3k saman \u00f6ll \u00e1h\u00f6ld Gu\u00f0s h\u00fass, og snei\u00f0 <span class='VideyAth'>(nokku\u00f0)<\/span> af \u00f6llum \u00e1h\u00f6ldum Gu\u00f0s h\u00fass og loka\u00f0i dyrum Drottins h\u00fass, og reisti s\u00e9r \u00f6lturu \u00e1 \u00f6llum Jer\u00fasalems hornum.<a name=\"25\"><span class=\"versanumer\">25<\/span><\/a>Og \u00ed \u00f6llum J\u00fada st\u00f6\u00f0um gj\u00f6r\u00f0i hann h\u00e6\u00f0ir, til a\u00f0 gj\u00f6ra reyk \u00f6\u00f0rum gu\u00f0um, og m\u00f3\u00f0ga\u00f0i Drottin Gu\u00f0 sinna fe\u00f0ra. <br \/><a name=\"26\"><span class=\"versanumer\">26<\/span><\/a>En hans \u00f6nnur saga og \u00f6ll hans verk, \u00feau fyrri og seinni, sj\u00e1! <span class='VideyAth'>(um)<\/span> \u00fea\u00f0 er skrifa\u00f0 \u00ed b\u00f3k J\u00fada- og \u00cdsraelsk\u00f3nga.<a name=\"27\"><span class=\"versanumer\">27<\/span><\/a>Og Akas lag\u00f0ist hj\u00e1 s\u00ednum fe\u00f0rum og menn gr\u00f3fu hann \u00ed sta\u00f0num Jer\u00fasalem; \u00fev\u00ed menn b\u00e1ru hann ekki \u00ed grafir \u00cdsraelsk\u00f3nga. Og Esek\u00edas hans son var\u00f0 k\u00f3ngur \u00ed hans sta\u00f0.<\/p>\n<div class=\"footnoteVidey\"><\/div>\n","protected":false},"excerpt":{"rendered":"<p>R\u00edkisstj\u00f3rn Akas. (2 Kgb. 16.) 1Tv\u00edtugur var Akas, \u00feegar hann var\u00f0 k\u00f3ngur, og 16 \u00e1r r\u00edkti hann \u00ed Jer\u00fasalem. Og hann gj\u00f6r\u00f0i ekki \u00fea\u00f0 sem r\u00e9tt var \u00ed augs\u00fdn Drottins, eins og Dav\u00ed\u00f0 fa\u00f0ir hans,2og gekk \u00e1 vegum \u00cdsraelsk\u00f3nga og \u00far steyptum b\u00edl\u00e6tum gj\u00f6r\u00f0i hann s\u00e9r afgu\u00f0i (Baalim).3\u00cd Hinnomssonadal tendra\u00f0i hann reykelsi og brenndi s\u00edna syni \u00ed eldi, l\u00edkt vi\u00f0urstygg\u00f0 \u00fej\u00f3\u00f0anna, sem Drottinn \u00fatrak fr\u00e1 \u00cdsraelssonum.4Og hann f\u00f3rnf\u00e6r\u00f0i og gj\u00f6r\u00f0i reyk \u00e1 h\u00e6\u00f0um og h\u00f3lum, og undir hv\u00f6rju gr\u00e6nu tr\u00e9.5\u00de\u00e1 gaf Drottinn, hans Gu\u00f0, hann \u00ed h\u00f6nd k\u00f3ngsins af S\u00fdrlandi, og \u00feeir (s\u00fdrlensku) unnu hann og t\u00f3ku marga af hans <a href=\"https:\/\/biblian.is\/videy\/sidari-kronikubok-28-kafli\/\"> [&#8230;]<\/a><\/p>\n","protected":false},"author":1,"featured_media":0,"parent":0,"menu_order":0,"comment_status":"open","ping_status":"open","template":"bibliukaflar.php","meta":{"footnotes":""},"class_list":["post-21244","page","type-page","status-publish","hentry"],"_links":{"self":[{"href":"https:\/\/biblian.is\/videy\/wp-json\/wp\/v2\/pages\/21244","targetHints":{"allow":["GET"]}}],"collection":[{"href":"https:\/\/biblian.is\/videy\/wp-json\/wp\/v2\/pages"}],"about":[{"href":"https:\/\/biblian.is\/videy\/wp-json\/wp\/v2\/types\/page"}],"author":[{"embeddable":true,"href":"https:\/\/biblian.is\/videy\/wp-json\/wp\/v2\/users\/1"}],"replies":[{"embeddable":true,"href":"https:\/\/biblian.is\/videy\/wp-json\/wp\/v2\/comments?post=21244"}],"version-history":[{"count":0,"href":"https:\/\/biblian.is\/videy\/wp-json\/wp\/v2\/pages\/21244\/revisions"}],"wp:attachment":[{"href":"https:\/\/biblian.is\/videy\/wp-json\/wp\/v2\/media?parent=21244"}],"curies":[{"name":"wp","href":"https:\/\/api.w.org\/{rel}","templated":true}]}}