{"id":21242,"date":"2018-01-02T01:00:59","date_gmt":"2018-01-02T01:00:59","guid":{"rendered":"http:\/\/biblian.is\/videy\/sidari-kronikubok-26-kafli\/"},"modified":"2018-01-02T01:00:59","modified_gmt":"2018-01-02T01:00:59","slug":"sidari-kronikubok-26-kafli","status":"publish","type":"page","link":"https:\/\/biblian.is\/videy\/sidari-kronikubok-26-kafli\/","title":{"rendered":"S\u00ed\u00f0ari kron\u00edkub\u00f3k 26. kafli"},"content":{"rendered":"<div class=\"fyrirsognVidey\">Us\u00edu r\u00edkisstj\u00f3rn. (2 Kgb. 14,21.22 15,1\u20137).<\/div>\n<p><a name=\"1\"><span class=\"versanumer\">1<\/span><\/a>\u00de\u00e1 t\u00f3k allt f\u00f3lki\u00f0 Us\u00eda, en hann var 16 \u00e1ra gamall, og gj\u00f6r\u00f0i hann a\u00f0 k\u00f3ngi, \u00ed sta\u00f0 f\u00f6\u00f0ur hans Amasia.<a name=\"2\"><span class=\"versanumer\">2<\/span><\/a>Hann bygg\u00f0i Elot, og lag\u00f0i aftur undir J\u00fada, eftir a\u00f0 k\u00f3ngurinn var lagstur hj\u00e1 s\u00ednum fe\u00f0rum.<a name=\"3\"><span class=\"versanumer\">3<\/span><\/a>Us\u00eda var 16 \u00e1ra gamall, \u00fe\u00e1 hann var\u00f0 k\u00f3ngur, og hann r\u00edkti 52 \u00e1r \u00ed Jer\u00fasalem. En m\u00f3\u00f0ir hans h\u00e9t Jekol\u00eda af Jer\u00fasalem.<a name=\"4\"><span class=\"versanumer\">4<\/span><\/a>Og hann gj\u00f6r\u00f0i \u00fea\u00f0 sem r\u00e9tt var \u00ed augs\u00fdn Drottins, \u00f6ldungis eins og Amas\u00eda fa\u00f0ir hans haf\u00f0i gj\u00f6rt.<a name=\"5\"><span class=\"versanumer\">5<\/span><\/a>Og hann leita\u00f0i Gu\u00f0s, svo lengi sem Sakar\u00eda lif\u00f0i, sem \u00fatlag\u00f0i Gu\u00f0s sj\u00f3nir; og me\u00f0an hann leita\u00f0i Drottins, gaf Gu\u00f0 honum lukku.<a name=\"6\"><span class=\"versanumer\">6<\/span><\/a>Og hann f\u00f3r herf\u00f6r og bar\u00f0ist vi\u00f0 Filistea, og reif ni\u00f0ur Gats m\u00fara og Jabnes m\u00fara og Asdods m\u00fara, og bygg\u00f0i sta\u00f0i \u00ed kringum Asdod og \u00ed Filistealandi.<a name=\"7\"><span class=\"versanumer\">7<\/span><\/a>Og Gu\u00f0 hj\u00e1lpa\u00f0i honum m\u00f3ti Filisteum og m\u00f3ti arab\u00edskum, sem bjuggu \u00ed Gurbaal, og m\u00f3ti Meun\u00edtum.<a name=\"8\"><span class=\"versanumer\">8<\/span><\/a>Og Ammon\u00edtar g\u00e1fu Us\u00edu gjafir, og hans nafn komst allt til Egyptalands; \u00fev\u00ed hann var miki\u00f0 voldugur.<a name=\"9\"><span class=\"versanumer\">9<\/span><\/a>Og Us\u00eda bygg\u00f0i turna \u00ed Jer\u00fasalem yfir Hornhli\u00f0inu og yfir Dalhli\u00f0inu, og \u00ed kr\u00f3knum, og gj\u00f6r\u00f0i \u00fe\u00e1 rambyggilega.<a name=\"10\"><span class=\"versanumer\">10<\/span><\/a>Hann bygg\u00f0i og turna \u00ed ey\u00f0im\u00f6rkinni og gr\u00f3f marga brunna; \u00fev\u00ed hann haf\u00f0i miklar hjar\u00f0ir, b\u00e6\u00f0i \u00ed d\u00f6lunum og \u00e1 sl\u00e9ttlendinu, akuryrkju- og v\u00ednyrkjumenn \u00e1 fj\u00f6llunum og \u00e1 Karmel; \u00fev\u00ed hann haf\u00f0i m\u00e6tur \u00e1 landyrkju.<a name=\"11\"><span class=\"versanumer\">11<\/span><\/a>Og Us\u00eda haf\u00f0i her duglegan til str\u00ed\u00f0s, sem h\u00f3pum saman f\u00f3r \u00ed orrustur, eftir tali k\u00f6nnunar Jeg\u00edels skrifarans, og Maese\u00eda forst\u00f6\u00f0umanns, undir umsj\u00f3n Hanan\u00eda, sem var einn af k\u00f3ngsins herforingjum.<a name=\"12\"><span class=\"versanumer\">12<\/span><\/a>\u00d6ll tala \u00e6ttfe\u00f0ranna, sem f\u00e6rir voru til str\u00ed\u00f0s, h\u00fan var 2 \u00fe\u00fasund og 600.<a name=\"13\"><span class=\"versanumer\">13<\/span><\/a>Og str\u00ed\u00f0sherinn \u00feeim vi\u00f0 h\u00f6nd var 3 hundru\u00f0 \u00fe\u00fasund og 7 \u00fe\u00fasund og 7 hundru\u00f0, duglegir til str\u00ed\u00f0s, \u00ed str\u00ed\u00f0s krafti, a\u00f0 hj\u00e1lpa k\u00f3nginum m\u00f3ti fjandmanninum.<a name=\"14\"><span class=\"versanumer\">14<\/span><\/a>Og Us\u00eda f\u00e9kk \u00feeim, \u00f6llum hernum, skildi og spj\u00f3t og hj\u00e1lma og brynjur og boga og sl\u00f6ngusteina.<a name=\"15\"><span class=\"versanumer\">15<\/span><\/a>Og hann gj\u00f6r\u00f0i \u00ed Jer\u00fasalem snilldarhertygi me\u00f0 hagleik snilldarmannanna, sem skyldu vera \u00ed turnunum og \u00e1 hornunum, til a\u00f0 skj\u00f3ta \u00f6rvum og st\u00f3rum steinum. Og hans nafn var v\u00ed\u00f0fr\u00e6gt; \u00fev\u00ed d\u00e1samlega var honum hj\u00e1lpa\u00f0, \u00feanga\u00f0 til hann var or\u00f0inn voldugur. <br \/><a name=\"16\"><span class=\"versanumer\">16<\/span><\/a>En sem hann var or\u00f0inn voldugur, metna\u00f0ist hans hjarta, svo hann a\u00f0haf\u00f0ist illt; og hann braut \u00e1 m\u00f3ti Drottni s\u00ednum Gu\u00f0i, og gekk \u00ed Drottins musteri, til a\u00f0 gj\u00f6ra reyk \u00e1 altarinu.<a name=\"17\"><span class=\"versanumer\">17<\/span><\/a>\u00de\u00e1 f\u00f3r Asar\u00eda prestur eftir honum og me\u00f0 honum prestar Drottins, \u00e1ttat\u00edu duglegir menn,<a name=\"18\"><span class=\"versanumer\">18<\/span><\/a>og \u00feeir veittu Us\u00eda konungi m\u00f3tst\u00f6\u00f0u, og s\u00f6g\u00f0u vi\u00f0 hann: \u00fea\u00f0 er ekki \u00feitt, Us\u00eda, a\u00f0 gj\u00f6ra Drottni reyk, heldur prestanna, Aronssona, sem v\u00edg\u00f0ir eru til a\u00f0 gj\u00f6ra reyk! gakk \u00fe\u00fa \u00far helgid\u00f3minum, \u00fev\u00ed \u00fe\u00fa misbr\u00fdtur og \u00fe\u00e9r er \u00fea\u00f0 ekki til hei\u00f0urs fyrir Gu\u00f0i Drottni!<a name=\"19\"><span class=\"versanumer\">19<\/span><\/a>\u00de\u00e1 reiddist Us\u00eda, og \u00ed hans hendi var reykker til a\u00f0 reykja me\u00f0, og sem hann reiddist prestunum, braust \u00fat l\u00edk\u00fer\u00e1 \u00ed hans enni, \u00ed augs\u00fdn prestanna, \u00ed h\u00fasi Drottins, hj\u00e1 reykaltarinu.<a name=\"20\"><span class=\"versanumer\">20<\/span><\/a>Og sem Asar\u00eda, h\u00f6fu\u00f0presturinn og allir prestarnir \u00e1 hann litu, sj\u00e1! \u00fe\u00e1 var hann l\u00edk\u00fer\u00e1r \u00ed s\u00ednu enni, og \u00feeir r\u00e1ku hann \u00fat \u00fea\u00f0an, og hann hra\u00f0a\u00f0i s\u00e9r l\u00edka \u00fat sj\u00e1lfur, af \u00fev\u00ed Drottinn haf\u00f0i slegi\u00f0 hann.<a name=\"21\"><span class=\"versanumer\">21<\/span><\/a>Og svo var Us\u00eda, konungurinn, allt til dau\u00f0adags, og bj\u00f3 \u00ed sp\u00edtala sem holdsveikur; \u00fev\u00ed hann var \u00fatiloka\u00f0ur \u00far Drottins h\u00fasi. Og J\u00f3tam, hans son, var settur yfir k\u00f3ngsh\u00fasi\u00f0, og hann d\u00e6mdi landsf\u00f3lki\u00f0.<a name=\"22\"><span class=\"versanumer\">22<\/span><\/a>En \u00f6nnur saga Us\u00edu, hin fyrri og s\u00ed\u00f0ari, er skrifu\u00f0 af Esa\u00edas, syni Amos sp\u00e1manns.<a name=\"23\"><span class=\"versanumer\">23<\/span><\/a>Og Us\u00eda lag\u00f0ist hj\u00e1 s\u00ednum fe\u00f0rum, og menn gr\u00f3fu hann hj\u00e1 s\u00ednum fe\u00f0rum \u00e1 greftrunarakri k\u00f3nganna; \u00fev\u00ed \u00feeir s\u00f6g\u00f0u: holdsveikur er hann. Og J\u00f3tam sonur hans var\u00f0 k\u00f3ngur \u00ed hans sta\u00f0.<\/p>\n<div class=\"footnoteVidey\">V. 9. Turna \u00ed ey\u00f0im\u00f6rk: l\u00edklega fyrir fj\u00e1rhir\u00f0ara, a\u00f0 \u00feeir g\u00e6tu s\u00e9\u00f0 \u00fat yfir mikla v\u00ed\u00f0\u00e1ttu.<\/div>\n","protected":false},"excerpt":{"rendered":"<p>Us\u00edu r\u00edkisstj\u00f3rn. (2 Kgb. 14,21.22 15,1\u20137). 1\u00de\u00e1 t\u00f3k allt f\u00f3lki\u00f0 Us\u00eda, en hann var 16 \u00e1ra gamall, og gj\u00f6r\u00f0i hann a\u00f0 k\u00f3ngi, \u00ed sta\u00f0 f\u00f6\u00f0ur hans Amasia.2Hann bygg\u00f0i Elot, og lag\u00f0i aftur undir J\u00fada, eftir a\u00f0 k\u00f3ngurinn var lagstur hj\u00e1 s\u00ednum fe\u00f0rum.3Us\u00eda var 16 \u00e1ra gamall, \u00fe\u00e1 hann var\u00f0 k\u00f3ngur, og hann r\u00edkti 52 \u00e1r \u00ed Jer\u00fasalem. En m\u00f3\u00f0ir hans h\u00e9t Jekol\u00eda af Jer\u00fasalem.4Og hann gj\u00f6r\u00f0i \u00fea\u00f0 sem r\u00e9tt var \u00ed augs\u00fdn Drottins, \u00f6ldungis eins og Amas\u00eda fa\u00f0ir hans haf\u00f0i gj\u00f6rt.5Og hann leita\u00f0i Gu\u00f0s, svo lengi sem Sakar\u00eda lif\u00f0i, sem \u00fatlag\u00f0i Gu\u00f0s sj\u00f3nir; og me\u00f0an hann leita\u00f0i Drottins, gaf Gu\u00f0 <a href=\"https:\/\/biblian.is\/videy\/sidari-kronikubok-26-kafli\/\"> [&#8230;]<\/a><\/p>\n","protected":false},"author":1,"featured_media":0,"parent":0,"menu_order":0,"comment_status":"open","ping_status":"open","template":"bibliukaflar.php","meta":{"footnotes":""},"class_list":["post-21242","page","type-page","status-publish","hentry"],"_links":{"self":[{"href":"https:\/\/biblian.is\/videy\/wp-json\/wp\/v2\/pages\/21242","targetHints":{"allow":["GET"]}}],"collection":[{"href":"https:\/\/biblian.is\/videy\/wp-json\/wp\/v2\/pages"}],"about":[{"href":"https:\/\/biblian.is\/videy\/wp-json\/wp\/v2\/types\/page"}],"author":[{"embeddable":true,"href":"https:\/\/biblian.is\/videy\/wp-json\/wp\/v2\/users\/1"}],"replies":[{"embeddable":true,"href":"https:\/\/biblian.is\/videy\/wp-json\/wp\/v2\/comments?post=21242"}],"version-history":[{"count":0,"href":"https:\/\/biblian.is\/videy\/wp-json\/wp\/v2\/pages\/21242\/revisions"}],"wp:attachment":[{"href":"https:\/\/biblian.is\/videy\/wp-json\/wp\/v2\/media?parent=21242"}],"curies":[{"name":"wp","href":"https:\/\/api.w.org\/{rel}","templated":true}]}}