{"id":21239,"date":"2018-01-02T01:00:59","date_gmt":"2018-01-02T01:00:59","guid":{"rendered":"http:\/\/biblian.is\/videy\/sidari-kronikubok-23-kafli\/"},"modified":"2018-01-02T01:00:59","modified_gmt":"2018-01-02T01:00:59","slug":"sidari-kronikubok-23-kafli","status":"publish","type":"page","link":"https:\/\/biblian.is\/videy\/sidari-kronikubok-23-kafli\/","title":{"rendered":"S\u00ed\u00f0ari kron\u00edkub\u00f3k 23. kafli"},"content":{"rendered":"<div class=\"fyrirsognVidey\">Atal\u00eda drepin. (2 Kgb. 11.)<\/div>\n<p><a name=\"1\"><span class=\"versanumer\">1<\/span><\/a>Og \u00e1 sj\u00f6unda \u00e1ri hressti J\u00f3jada upp hugann og t\u00f3k \u00ed f\u00e9lag me\u00f0 s\u00e9r foringjana yfir hundra\u00f0 <span class='VideyAth'>(manns)<\/span>, Asaria son Jer\u00f3hams, og \u00cdsmael son J\u00f3hanans, og Asar\u00eda, son Obe\u00f0s, og Maeseia, son Adaja, og Elisafat, son Sikri.<a name=\"2\"><span class=\"versanumer\">2<\/span><\/a>Og \u00feeir f\u00f3ru um kring \u00ed J\u00fada, og samans\u00f6fnu\u00f0u Lev\u00edtunum \u00far \u00f6llum J\u00fada st\u00f6\u00f0um, og \u00e6ttfe\u00f0rum \u00cdsraels, a\u00f0 \u00feeir k\u00e6mu til Jer\u00fasalem.<a name=\"3\"><span class=\"versanumer\">3<\/span><\/a>Og allur s\u00f6fnu\u00f0urinn gj\u00f6r\u00f0i s\u00e1ttm\u00e1la vi\u00f0 k\u00f3nginn \u00ed Gu\u00f0s h\u00fasi. Og <span class='VideyAth'>(J\u00f3jada)<\/span> sag\u00f0i vi\u00f0 \u00fe\u00e1: sj\u00e1! k\u00f3ngssonurinn skal k\u00f3ngur vera, eins og Drottinn hefir heiti\u00f0 sonum Dav\u00ed\u00f0s.<a name=\"4\"><span class=\"versanumer\">4<\/span><\/a>\u00deetta er \u00fea\u00f0 sem \u00fe\u00e9r skulu\u00f0 gj\u00f6ra: \u00feri\u00f0jungur af y\u00f0ur, af prestum og Lev\u00edtum, gangi a\u00f0, \u00e1 hv\u00edldardeginum, sem dyraver\u00f0ir;<a name=\"5\"><span class=\"versanumer\">5<\/span><\/a>og \u00feri\u00f0jungurinn s\u00e9 \u00ed k\u00f3ngsins h\u00fasi, og \u00feri\u00f0jungur vi\u00f0 dyrnar Jesod <span class='VideyAth'>*)<\/span>; og allt f\u00f3lki\u00f0 s\u00e9 \u00ed forgar\u00f0i Drottins h\u00fass.<a name=\"6\"><span class=\"versanumer\">6<\/span><\/a>Og enginn skal koma \u00ed Drottins h\u00fas nema prestarnir og \u00feeir Lev\u00edtar, sem gegna \u00fej\u00f3nustugj\u00f6r\u00f0inni; \u00feeir skulu koma \u00fear inn, \u00fev\u00ed \u00feeir eru heilagir; og allt <span class='VideyAth'>(anna\u00f0)<\/span> f\u00f3lk skal halda Drottins v\u00f6r\u00f0.<a name=\"7\"><span class=\"versanumer\">7<\/span><\/a>Og Lev\u00edtarnir skulu skipa s\u00e9r \u00ed kringum k\u00f3nginn \u00e1 allar hli\u00f0ar, hv\u00f6r ma\u00f0ur me\u00f0 vopn s\u00e9r \u00ed hendi, og hv\u00f6r, sem vill brj\u00f3tast inn \u00ed h\u00fasi\u00f0, skal dey\u00f0ast; og veri\u00f0 hj\u00e1 k\u00f3nginum \u00feegar hann gengur inn og \u00feegar hann gengur \u00fat.<a name=\"8\"><span class=\"versanumer\">8<\/span><\/a>Og Lev\u00edtarnir og allur J\u00fada l\u00fd\u00f0ur gj\u00f6r\u00f0u allteins og J\u00f3jada prestur bau\u00f0, og hv\u00f6r einn t\u00f3k s\u00edna menn, \u00fe\u00e1 sem komu \u00e1 hv\u00edldardeginum <span class='VideyAth'>(til a\u00f0 halda v\u00f6r\u00f0)<\/span> og \u00fe\u00e1 sem fengu lausn; \u00fev\u00ed J\u00f3jada prestur haf\u00f0i ei l\u00e1ti\u00f0 \u00ed burtu flokkana.<a name=\"9\"><span class=\"versanumer\">9<\/span><\/a>Og J\u00f3jada prestur f\u00e9kk fyrirli\u00f0unum yfir hundra\u00f0 manns spj\u00f3tin, buklarana og skildina Dav\u00ed\u00f0s k\u00f3ngs, sem voru \u00ed Gu\u00f0s h\u00fasi.<a name=\"10\"><span class=\"versanumer\">10<\/span><\/a>Og hann ni\u00f0urskipa\u00f0i f\u00f3lkinu; hv\u00f6r ma\u00f0ur haf\u00f0i vopn \u00ed hendi, fr\u00e1 h\u00e6gri hli\u00f0 h\u00fassins til vinstri hli\u00f0ar h\u00fassins, vi\u00f0 altari\u00f0 og h\u00fasi\u00f0, hj\u00e1 k\u00f3nginum umhverfis.<a name=\"11\"><span class=\"versanumer\">11<\/span><\/a>Og \u00feeir leiddu fram k\u00f3ngssoninn og settu upp \u00e1 hann k\u00f3r\u00f3nuna og <span class='VideyAth'>(r\u00e9ttu honum)<\/span> l\u00f6gin og gj\u00f6r\u00f0u hann a\u00f0 k\u00f3ngi, og J\u00f3jada og hans synir smur\u00f0u hann, og s\u00f6g\u00f0u: k\u00f3ngurinn lifi! <br \/><a name=\"12\"><span class=\"versanumer\">12<\/span><\/a>\u00de\u00e1 heyr\u00f0i Atal\u00eda h\u00e1reysti f\u00f3lksins sem flykktist a\u00f0 og vegsama\u00f0i k\u00f3nginn, og h\u00fan kom til f\u00f3lksins \u00ed Drottins h\u00fas.<a name=\"13\"><span class=\"versanumer\">13<\/span><\/a>Og h\u00fan s\u00e1, og sj\u00e1! konungurinn st\u00f3\u00f0 \u00e1 s\u00ednum sta\u00f0 \u00ed innganginum, og fyrirli\u00f0arnir og \u00fathr\u00f3pendurnir hj\u00e1 k\u00f3nginum, og allt f\u00f3lki\u00f0 var gla\u00f0v\u00e6rt og bl\u00e9s \u00ed b\u00e1s\u00fanurnar, og s\u00f6ngvararnir me\u00f0 hlj\u00f3\u00f0f\u00e6rum, kunngj\u00f6r\u00f0u <span class='VideyAth'>(hva\u00f0 ske\u00f0 var)<\/span> og vegs\u00f6mu\u00f0u <span class='VideyAth'>(k\u00f3nginn)<\/span>. \u00de\u00e1 reif Atal\u00eda s\u00edn kl\u00e6\u00f0i og sag\u00f0i: sambl\u00e1stur! sambl\u00e1stur!<a name=\"14\"><span class=\"versanumer\">14<\/span><\/a>En J\u00f3jada prestur, l\u00e9t foringjana, yfir hundra\u00f0 manns, fyrirli\u00f0a hersins, framganga og m\u00e6lti til \u00feeirra: fari\u00f0 me\u00f0 hana h\u00e9\u00f0an allt innfyrir ra\u00f0irnar, og hv\u00f6r sem henni fylgir, s\u00e9 deyddur me\u00f0 sver\u00f0i; \u00fev\u00ed presturinn sag\u00f0i: dey\u00f0i\u00f0 hana ekki \u00ed h\u00fasi Drottins.<a name=\"15\"><span class=\"versanumer\">15<\/span><\/a>Og \u00feeir gj\u00f6r\u00f0u henni braut, og h\u00fan gekk um inngang hrossadyranna \u00ed k\u00f3ngsins h\u00fas, og \u00feeir dr\u00e1pu hana \u00fear.<br \/><a name=\"16\"><span class=\"versanumer\">16<\/span><\/a>Og J\u00f3jada gj\u00f6r\u00f0i s\u00e1ttm\u00e1la milli s\u00edn og alls f\u00f3lksins og k\u00f3ngsins, a\u00f0 \u00fea\u00f0 skyldi vera Drottins f\u00f3lk.<a name=\"17\"><span class=\"versanumer\">17<\/span><\/a>\u00de\u00e1 gekk allt f\u00f3lki\u00f0 \u00ed Baalsh\u00fas, og \u00feeir rifu \u00fea\u00f0 ni\u00f0ur, og altari og b\u00edl\u00e6ti hans brutu \u00feeir sundur, og Natan Baalsprest myrtu \u00feeir fyrir altarinu.<a name=\"18\"><span class=\"versanumer\">18<\/span><\/a>Og J\u00f3jada lag\u00f0i emb\u00e6tti Drottins \u00ed h\u00f6nd prestanna og Lev\u00edtanna, sem Dav\u00ed\u00f0 haf\u00f0i sett til skiptis yfir Drottins h\u00fas, til a\u00f0 frambera Drottins brennif\u00f3rnir, eins og skrifa\u00f0 stendur \u00ed M\u00f3sis l\u00f6gum, me\u00f0 f\u00f6gnu\u00f0i og s\u00f6ng eftir Dav\u00ed\u00f0s r\u00e1\u00f0st\u00f6fun.<a name=\"19\"><span class=\"versanumer\">19<\/span><\/a>Og hann setti dyraver\u00f0i \u00ed dyrnar \u00e1 Drottins h\u00fasi, a\u00f0 ekki k\u00e6mi inn \u00f3hreinn ma\u00f0ur af hv\u00f6rri sem helst s\u00f6k.<a name=\"20\"><span class=\"versanumer\">20<\/span><\/a>Og hann t\u00f3k foringjann yfir hundra\u00f0 og \u00fe\u00e1 g\u00f6fugustu og yppurstu me\u00f0al f\u00f3lksins og allt landsf\u00f3lki\u00f0, og flutti k\u00f3nginn \u00far Drottins h\u00fasi, og \u00feeir komu um \u00fe\u00e6r h\u00e1u dyr inn \u00ed k\u00f3ngsins h\u00fas, og settu k\u00f3nginn \u00ed k\u00f3ngsh\u00e1s\u00e6ti\u00f0.<a name=\"21\"><span class=\"versanumer\">21<\/span><\/a>Og allt landsf\u00f3lki\u00f0 var glatt, og sta\u00f0arf\u00f3lki\u00f0 r\u00f3legt. En Atal\u00edu h\u00f6f\u00f0u \u00feeir drepi\u00f0 me\u00f0 sver\u00f0i.<\/p>\n<div class=\"footnoteVidey\">*) Jesod: a\u00f0rir: grundv. port.<\/div>\n","protected":false},"excerpt":{"rendered":"<p>Atal\u00eda drepin. (2 Kgb. 11.) 1Og \u00e1 sj\u00f6unda \u00e1ri hressti J\u00f3jada upp hugann og t\u00f3k \u00ed f\u00e9lag me\u00f0 s\u00e9r foringjana yfir hundra\u00f0 (manns), Asaria son Jer\u00f3hams, og \u00cdsmael son J\u00f3hanans, og Asar\u00eda, son Obe\u00f0s, og Maeseia, son Adaja, og Elisafat, son Sikri.2Og \u00feeir f\u00f3ru um kring \u00ed J\u00fada, og samans\u00f6fnu\u00f0u Lev\u00edtunum \u00far \u00f6llum J\u00fada st\u00f6\u00f0um, og \u00e6ttfe\u00f0rum \u00cdsraels, a\u00f0 \u00feeir k\u00e6mu til Jer\u00fasalem.3Og allur s\u00f6fnu\u00f0urinn gj\u00f6r\u00f0i s\u00e1ttm\u00e1la vi\u00f0 k\u00f3nginn \u00ed Gu\u00f0s h\u00fasi. Og (J\u00f3jada) sag\u00f0i vi\u00f0 \u00fe\u00e1: sj\u00e1! k\u00f3ngssonurinn skal k\u00f3ngur vera, eins og Drottinn hefir heiti\u00f0 sonum Dav\u00ed\u00f0s.4\u00deetta er \u00fea\u00f0 sem \u00fe\u00e9r skulu\u00f0 gj\u00f6ra: \u00feri\u00f0jungur af y\u00f0ur, af prestum <a href=\"https:\/\/biblian.is\/videy\/sidari-kronikubok-23-kafli\/\"> [&#8230;]<\/a><\/p>\n","protected":false},"author":1,"featured_media":0,"parent":0,"menu_order":0,"comment_status":"open","ping_status":"open","template":"bibliukaflar.php","meta":{"footnotes":""},"class_list":["post-21239","page","type-page","status-publish","hentry"],"_links":{"self":[{"href":"https:\/\/biblian.is\/videy\/wp-json\/wp\/v2\/pages\/21239","targetHints":{"allow":["GET"]}}],"collection":[{"href":"https:\/\/biblian.is\/videy\/wp-json\/wp\/v2\/pages"}],"about":[{"href":"https:\/\/biblian.is\/videy\/wp-json\/wp\/v2\/types\/page"}],"author":[{"embeddable":true,"href":"https:\/\/biblian.is\/videy\/wp-json\/wp\/v2\/users\/1"}],"replies":[{"embeddable":true,"href":"https:\/\/biblian.is\/videy\/wp-json\/wp\/v2\/comments?post=21239"}],"version-history":[{"count":0,"href":"https:\/\/biblian.is\/videy\/wp-json\/wp\/v2\/pages\/21239\/revisions"}],"wp:attachment":[{"href":"https:\/\/biblian.is\/videy\/wp-json\/wp\/v2\/media?parent=21239"}],"curies":[{"name":"wp","href":"https:\/\/api.w.org\/{rel}","templated":true}]}}