{"id":21238,"date":"2018-01-02T01:00:59","date_gmt":"2018-01-02T01:00:59","guid":{"rendered":"http:\/\/biblian.is\/videy\/sidari-kronikubok-22-kafli\/"},"modified":"2018-01-02T01:00:59","modified_gmt":"2018-01-02T01:00:59","slug":"sidari-kronikubok-22-kafli","status":"publish","type":"page","link":"https:\/\/biblian.is\/videy\/sidari-kronikubok-22-kafli\/","title":{"rendered":"S\u00ed\u00f0ari kron\u00edkub\u00f3k 22. kafli"},"content":{"rendered":"<div class=\"fyrirsognVidey\">Ahasia r\u00edkisstj\u00f3rn. Ataliu grimmd. (2 Kgb. 8,25\u201329. 9,16.21.27\u201329. 10,12\u201314. 11,).<\/div>\n<p><a name=\"1\"><span class=\"versanumer\">1<\/span><\/a>Og Jer\u00fasalems innb\u00faar gj\u00f6r\u00f0u Ahasia hans yngsta son a\u00f0 k\u00f3ngi \u00ed hans sta\u00f0; \u00fev\u00ed alla \u00fe\u00e1 eldri h\u00f6f\u00f0u \u00feeir herskarar deytt sem komu me\u00f0 arabiskum \u00ed herb\u00fa\u00f0irnar. Og svo var\u00f0 Ahasia, sonur J\u00f3rams, konungur \u00ed J\u00fada.<a name=\"2\"><span class=\"versanumer\">2<\/span><\/a>Tvo um fertugt haf\u00f0i Ahasia \u00fe\u00e1 hann var\u00f0 k\u00f3ngur, og hann r\u00edkti eitt \u00e1r \u00ed Jer\u00fasalem. M\u00f3\u00f0ir hans h\u00e9t Atalia d\u00f3ttir Omri.<a name=\"3\"><span class=\"versanumer\">3<\/span><\/a>Hann gekk og \u00e1 vegum Akabs h\u00fass, \u00fev\u00ed m\u00f3\u00f0ir hans var r\u00e1\u00f0gjafi hans \u00ed gu\u00f0leysinu.<a name=\"4\"><span class=\"versanumer\">4<\/span><\/a>Og hann gj\u00f6r\u00f0i \u00fea\u00f0 sem illt var \u00ed augs\u00fdn Drottins, eins og Akabs h\u00fas, \u00fev\u00ed \u00fea\u00f0 hi\u00f0 sama var hans r\u00e1\u00f0gjafi, eftir dau\u00f0a f\u00f6\u00f0ur hans, honum til tj\u00f3ns.<a name=\"5\"><span class=\"versanumer\">5<\/span><\/a>Eftir \u00feeirra r\u00e1\u00f0um f\u00f3r hann og herf\u00f6r, me\u00f0 J\u00f3ram Akabssyni \u00cdsraelsk\u00f3ngi, m\u00f3ti Hasael, S\u00fdrlandsk\u00f3ngi, til Ramot \u00ed G\u00edlea\u00f0. Og s\u00fdrlenskir s\u00e6r\u00f0u J\u00f3ram.<a name=\"6\"><span class=\"versanumer\">6<\/span><\/a>\u00de\u00e1 sneri hann vi\u00f0, til a\u00f0 l\u00e1ta l\u00e6kna s\u00e1r s\u00edn, til Jesreel, \u00feau s\u00e1r, sem s\u00fdrlenskir h\u00f6f\u00f0u veitt honum hj\u00e1 Rama, \u00fe\u00e1 hann bar\u00f0ist vi\u00f0 Hasael S\u00fdrlandsk\u00f3ng. Og Ahasia sonur J\u00f3rams, k\u00f3ngur \u00ed J\u00fada, lag\u00f0i af sta\u00f0, til a\u00f0 vitja J\u00f3rams Akabssonar \u00ed Jesreel.<a name=\"7\"><span class=\"versanumer\">7<\/span><\/a>Og fr\u00e1 Gu\u00f0i kom Ahasia tj\u00f3n, a\u00f0 hann kom til J\u00f3rams, og \u00feegar hann var \u00feanga\u00f0 kominn, f\u00f3r hann me\u00f0 J\u00f3ram m\u00f3ti Jeh\u00fa syni Nimsi, sem Drottinn smur\u00f0i til a\u00f0 \u00fatry\u00f0ja Akabs h\u00fasi.<a name=\"8\"><span class=\"versanumer\">8<\/span><\/a>Og \u00fea\u00f0 ske\u00f0i, \u00fe\u00e1 Jeh\u00fa framkv\u00e6mdi straff \u00e1 Akabsh\u00fasi, hitti hann J\u00fada herforingja og br\u00f3\u00f0ursyni Ahasiu, sem \u00fej\u00f3nu\u00f0u Ahasia, og hann myrti \u00fe\u00e1.<a name=\"9\"><span class=\"versanumer\">9<\/span><\/a>Og hann leita\u00f0i a\u00f0 Ahasia, og \u00feeir gripu hann \u00fear sem hann haf\u00f0i fali\u00f0 sig \u00ed Samar\u00edu, og f\u00e6r\u00f0u hann Jeh\u00fa og dr\u00e1pu hann og gr\u00f3fu hann, \u00fev\u00ed \u00feeir s\u00f6g\u00f0u: hann er J\u00f3safatsson, sem leita\u00f0i Drottins af \u00f6llu hjarta.<br \/>Og \u00ed h\u00fasi Ahasia var enginn ma\u00f0ur h\u00e6filegur til konungd\u00f3ms.<a name=\"10\"><span class=\"versanumer\">10<\/span><\/a>En Atal\u00eda, m\u00f3\u00f0ir Ahasiu, \u00fe\u00e1 h\u00fan s\u00e1 a\u00f0 sonur hennar var dau\u00f0ur, t\u00f3k h\u00fan sig til, og fyrirf\u00f3r \u00f6llum k\u00f3ngsni\u00f0jum af J\u00fada h\u00fasi.<a name=\"11\"><span class=\"versanumer\">11<\/span><\/a>\u00de\u00e1 t\u00f3k J\u00f3sabeat, k\u00f3ngsd\u00f3ttir, J\u00f3as, Ahasiason, og stal honum burt \u00far h\u00f3p k\u00f3ngssonanna, sem deyddir voru, og kom honum og f\u00f3stru hans inn \u00ed s\u00e6ngur herbergi; og svo f\u00f3l J\u00f3sabeat hann, d\u00f3ttir J\u00f3rams k\u00f3ngs, kona prestsins J\u00f3jada <span class='VideyAth'>(\u00fev\u00ed h\u00fan var systir Ahasia)<\/span> fyrir Atal\u00edu, a\u00f0 h\u00fan skyldi ei dey\u00f0a hann.<a name=\"12\"><span class=\"versanumer\">12<\/span><\/a>Og hann var falinn me\u00f0 \u00feeim \u00ed 6 \u00e1r \u00ed Gu\u00f0s h\u00fasi. En Atal\u00eda r\u00edkti yfir landinu.<\/p>\n<div class=\"footnoteVidey\"><\/div>\n","protected":false},"excerpt":{"rendered":"<p>Ahasia r\u00edkisstj\u00f3rn. Ataliu grimmd. (2 Kgb. 8,25\u201329. 9,16.21.27\u201329. 10,12\u201314. 11,). 1Og Jer\u00fasalems innb\u00faar gj\u00f6r\u00f0u Ahasia hans yngsta son a\u00f0 k\u00f3ngi \u00ed hans sta\u00f0; \u00fev\u00ed alla \u00fe\u00e1 eldri h\u00f6f\u00f0u \u00feeir herskarar deytt sem komu me\u00f0 arabiskum \u00ed herb\u00fa\u00f0irnar. Og svo var\u00f0 Ahasia, sonur J\u00f3rams, konungur \u00ed J\u00fada.2Tvo um fertugt haf\u00f0i Ahasia \u00fe\u00e1 hann var\u00f0 k\u00f3ngur, og hann r\u00edkti eitt \u00e1r \u00ed Jer\u00fasalem. M\u00f3\u00f0ir hans h\u00e9t Atalia d\u00f3ttir Omri.3Hann gekk og \u00e1 vegum Akabs h\u00fass, \u00fev\u00ed m\u00f3\u00f0ir hans var r\u00e1\u00f0gjafi hans \u00ed gu\u00f0leysinu.4Og hann gj\u00f6r\u00f0i \u00fea\u00f0 sem illt var \u00ed augs\u00fdn Drottins, eins og Akabs h\u00fas, \u00fev\u00ed \u00fea\u00f0 hi\u00f0 sama var hans <a href=\"https:\/\/biblian.is\/videy\/sidari-kronikubok-22-kafli\/\"> [&#8230;]<\/a><\/p>\n","protected":false},"author":1,"featured_media":0,"parent":0,"menu_order":0,"comment_status":"open","ping_status":"open","template":"bibliukaflar.php","meta":{"footnotes":""},"class_list":["post-21238","page","type-page","status-publish","hentry"],"_links":{"self":[{"href":"https:\/\/biblian.is\/videy\/wp-json\/wp\/v2\/pages\/21238","targetHints":{"allow":["GET"]}}],"collection":[{"href":"https:\/\/biblian.is\/videy\/wp-json\/wp\/v2\/pages"}],"about":[{"href":"https:\/\/biblian.is\/videy\/wp-json\/wp\/v2\/types\/page"}],"author":[{"embeddable":true,"href":"https:\/\/biblian.is\/videy\/wp-json\/wp\/v2\/users\/1"}],"replies":[{"embeddable":true,"href":"https:\/\/biblian.is\/videy\/wp-json\/wp\/v2\/comments?post=21238"}],"version-history":[{"count":0,"href":"https:\/\/biblian.is\/videy\/wp-json\/wp\/v2\/pages\/21238\/revisions"}],"wp:attachment":[{"href":"https:\/\/biblian.is\/videy\/wp-json\/wp\/v2\/media?parent=21238"}],"curies":[{"name":"wp","href":"https:\/\/api.w.org\/{rel}","templated":true}]}}