{"id":21237,"date":"2018-01-02T01:00:59","date_gmt":"2018-01-02T01:00:59","guid":{"rendered":"http:\/\/biblian.is\/videy\/sidari-kronikubok-21-kafli\/"},"modified":"2018-01-02T01:00:59","modified_gmt":"2018-01-02T01:00:59","slug":"sidari-kronikubok-21-kafli","status":"publish","type":"page","link":"https:\/\/biblian.is\/videy\/sidari-kronikubok-21-kafli\/","title":{"rendered":"S\u00ed\u00f0ari kron\u00edkub\u00f3k 21. kafli"},"content":{"rendered":"<div class=\"fyrirsognVidey\">Um J\u00f3ram. (2 Kgb. 8,16\u201324.)<\/div>\n<p><a name=\"1\"><span class=\"versanumer\">1<\/span><\/a>Og J\u00f3safat lag\u00f0ist hj\u00e1 s\u00ednum fe\u00f0rum, og var grafinn hj\u00e1 s\u00ednum fe\u00f0rum \u00ed Dav\u00ed\u00f0sborg, og hans son J\u00f3ram var\u00f0 k\u00f3ngur \u00ed hans sta\u00f0.<a name=\"2\"><span class=\"versanumer\">2<\/span><\/a>Og hann <span class='VideyAth'>(J\u00f3ram)<\/span> \u00e1tti br\u00e6\u00f0ur, syni J\u00f3safats: Asaria og Jehiel og Sakaria og Asariham og Mikael og Sefatia; \u00feessir allir voru synir J\u00f3safats \u00cdsraelsk\u00f3ngs.<a name=\"3\"><span class=\"versanumer\">3<\/span><\/a>Og fa\u00f0ir \u00feeirra gaf \u00feeim marga gj\u00f6f \u00ed silfri og gulli og d\u00fdrgripum, samt sterkar borgir \u00ed J\u00fada, en k\u00f3ngsr\u00edki\u00f0 gaf hann J\u00f3ram \u00fev\u00ed hann var frumgetinn.<a name=\"4\"><span class=\"versanumer\">4<\/span><\/a>En sem J\u00f3ram haf\u00f0i fengi\u00f0 r\u00edki f\u00f6\u00f0ur s\u00edns, og sta\u00f0festist, drap hann alla br\u00e6\u00f0ur s\u00edna me\u00f0 sver\u00f0i, og nokkra af \u00cdsraels h\u00f6f\u00f0ingjum.<a name=\"5\"><span class=\"versanumer\">5<\/span><\/a>Tvo um \u00fer\u00edtugt haf\u00f0i J\u00f3ram \u00fe\u00e1 hann var\u00f0 k\u00f3ngur, og 8 \u00e1r r\u00edkti hann \u00ed Jer\u00fasalem.<a name=\"6\"><span class=\"versanumer\">6<\/span><\/a>Og hann gekk \u00e1 vegum \u00cdsraelsk\u00f3nga, eins og Akabs h\u00fas gj\u00f6r\u00f0i, \u00fev\u00ed hann \u00e1tti fyrir konu eina Akabs d\u00f3tturina, og hann gj\u00f6r\u00f0i \u00fea\u00f0 sem illt var fyrir augum Drottins.<a name=\"7\"><span class=\"versanumer\">7<\/span><\/a>En Drottinn vildi ei tort\u00edna Dav\u00ed\u00f0s h\u00fasi, s\u00f6kum \u00feess s\u00e1ttm\u00e1la, er hann haf\u00f0i gj\u00f6rt vi\u00f0 Dav\u00ed\u00f0, og eins og hann haf\u00f0i heiti\u00f0 honum og hans sonum, a\u00f0 l\u00e1ta <span class='VideyAth'>(\u00feeim)<\/span> lj\u00f3s sk\u00edna alla t\u00edma.<a name=\"8\"><span class=\"versanumer\">8<\/span><\/a>\u00c1 hans d\u00f6gum gengu Edom\u00edtar undan J\u00fada, og t\u00f3ku konung fyrir sig.<a name=\"9\"><span class=\"versanumer\">9<\/span><\/a>\u00de\u00e1 f\u00f3r J\u00f3ram me\u00f0 s\u00ednum herforingjum og \u00f6llum s\u00ednum v\u00f6gnum; og hann t\u00f3k sig upp um n\u00f3tt, og vann sigur \u00e1 Edom\u00edtum sem h\u00f6f\u00f0u umkringt hann, og \u00e1 vagnli\u00f0sins foringja.<a name=\"10\"><span class=\"versanumer\">10<\/span><\/a>\u00de\u00f3 gengu Edom\u00edtar undan J\u00fada allt til \u00feessa dags. \u00de\u00e1 um sama leyti gekk Libna undan honum <span class='VideyAth'>(J\u00f3ram)<\/span>, af \u00fev\u00ed hann haf\u00f0i yfirgefi\u00f0 Gu\u00f0 sinna fe\u00f0ra. <br \/><a name=\"11\"><span class=\"versanumer\">11<\/span><\/a>L\u00edka gj\u00f6r\u00f0i hann h\u00e6\u00f0ir \u00e1 J\u00fadafj\u00f6llum, og t\u00e6ldi Jer\u00fasalems innb\u00faa til afgu\u00f0ad\u00fdrkunar og afvegaleiddi J\u00fada.<a name=\"12\"><span class=\"versanumer\">12<\/span><\/a>Og til hans kom br\u00e9f fr\u00e1 El\u00eda, sp\u00e1manni, sem svo hlj\u00f3\u00f0a\u00f0i: s\u00f6kum \u00feess a\u00f0 \u00fe\u00fa gekkst ekki \u00e1 vegum J\u00f3safats, f\u00f6\u00f0ur \u00fe\u00edns, og \u00e1 vegum Assa, J\u00fadak\u00f3ngs;<a name=\"13\"><span class=\"versanumer\">13<\/span><\/a>heldur gekkst \u00e1 vegum \u00cdsraelsk\u00f3nga, og leiddir J\u00fada og Jer\u00fasalems innb\u00faa til afgu\u00f0ad\u00fdrkunar, eins og Akabsh\u00fas leiddi til afgu\u00f0ad\u00fdrkunar, og s\u00f6kum \u00feess \u00fe\u00fa deyddir br\u00e6\u00f0ur \u00fe\u00edna, h\u00fas f\u00f6\u00f0ur \u00fe\u00edns, sem voru betri en \u00fe\u00fa;<a name=\"14\"><span class=\"versanumer\">14<\/span><\/a>sj\u00e1! svo mun Drottinn senda mikla pl\u00e1gu yfir \u00feitt f\u00f3lk og \u00fe\u00edna syni og \u00fe\u00ednar konur og yfir alla \u00fe\u00edna eign.<a name=\"15\"><span class=\"versanumer\">15<\/span><\/a>Og \u00fe\u00fa munt f\u00e1 mikinn sj\u00fakd\u00f3m \u00ed \u00fe\u00edn innyfli, \u00feanga\u00f0 til \u00fe\u00edn i\u00f0ur falla \u00fat, af sj\u00fakd\u00f3mi \u00e1r eftir \u00e1r. <br \/><a name=\"16\"><span class=\"versanumer\">16<\/span><\/a>Og svo vakti Drottinn m\u00f3ti J\u00f3ram anda Filisteanna og arabiskra sem b\u00faa \u00e1 hli\u00f0 vi\u00f0 m\u00f3rlenska.<a name=\"17\"><span class=\"versanumer\">17<\/span><\/a>Og \u00feeir f\u00f3ru m\u00f3ti J\u00fada, og brutust inn \u00ed sta\u00f0ina, og fluttu burt allt \u00fea\u00f0 f\u00e9 sem var \u00ed k\u00f3ngsins h\u00fasi, og l\u00edka syni hans, og konur, svo engin sona hans var\u00f0 eftir, nema J\u00f3akas, s\u00e1 yngsti af sonum hans.<a name=\"18\"><span class=\"versanumer\">18<\/span><\/a>Og eftir allt \u00feetta sl\u00f3 Drottinn hann \u00ed hans i\u00f0rum me\u00f0 \u00f3l\u00e6knanlegum sj\u00fakd\u00f3mi.<a name=\"19\"><span class=\"versanumer\">19<\/span><\/a>Og \u00fea\u00f0 ske\u00f0i \u00e1r fr\u00e1 \u00e1ri, og eftir tveggja \u00e1ra bil f\u00e9llu \u00fat hans innyfli af hans sj\u00fakleika, og hann d\u00f3 me\u00f0 mikilli \u00fej\u00e1ningu; og hans f\u00f3lk gj\u00f6r\u00f0i honum ekkert b\u00e1l eins og \u00fea\u00f0 gj\u00f6r\u00f0i f\u00f6\u00f0ur hans.<a name=\"20\"><span class=\"versanumer\">20<\/span><\/a>Tvo um \u00fer\u00edtugt haf\u00f0i hann \u00fe\u00e1 hann var\u00f0 k\u00f3ngur, og \u00e1tta \u00e1r r\u00edkti hann \u00ed Jer\u00fasalem. Og hann f\u00f3r svo, a\u00f0 hann var\u00f0 ekki harmdau\u00f0i, og menn j\u00f6r\u00f0u\u00f0u hann \u00ed Dav\u00ed\u00f0s borg, en ekki \u00ed greftrunarsta\u00f0 k\u00f3nganna.<\/p>\n<div class=\"footnoteVidey\"><\/div>\n","protected":false},"excerpt":{"rendered":"<p>Um J\u00f3ram. (2 Kgb. 8,16\u201324.) 1Og J\u00f3safat lag\u00f0ist hj\u00e1 s\u00ednum fe\u00f0rum, og var grafinn hj\u00e1 s\u00ednum fe\u00f0rum \u00ed Dav\u00ed\u00f0sborg, og hans son J\u00f3ram var\u00f0 k\u00f3ngur \u00ed hans sta\u00f0.2Og hann (J\u00f3ram) \u00e1tti br\u00e6\u00f0ur, syni J\u00f3safats: Asaria og Jehiel og Sakaria og Asariham og Mikael og Sefatia; \u00feessir allir voru synir J\u00f3safats \u00cdsraelsk\u00f3ngs.3Og fa\u00f0ir \u00feeirra gaf \u00feeim marga gj\u00f6f \u00ed silfri og gulli og d\u00fdrgripum, samt sterkar borgir \u00ed J\u00fada, en k\u00f3ngsr\u00edki\u00f0 gaf hann J\u00f3ram \u00fev\u00ed hann var frumgetinn.4En sem J\u00f3ram haf\u00f0i fengi\u00f0 r\u00edki f\u00f6\u00f0ur s\u00edns, og sta\u00f0festist, drap hann alla br\u00e6\u00f0ur s\u00edna me\u00f0 sver\u00f0i, og nokkra af \u00cdsraels h\u00f6f\u00f0ingjum.5Tvo um \u00fer\u00edtugt <a href=\"https:\/\/biblian.is\/videy\/sidari-kronikubok-21-kafli\/\"> [&#8230;]<\/a><\/p>\n","protected":false},"author":1,"featured_media":0,"parent":0,"menu_order":0,"comment_status":"open","ping_status":"open","template":"bibliukaflar.php","meta":{"footnotes":""},"class_list":["post-21237","page","type-page","status-publish","hentry"],"_links":{"self":[{"href":"https:\/\/biblian.is\/videy\/wp-json\/wp\/v2\/pages\/21237","targetHints":{"allow":["GET"]}}],"collection":[{"href":"https:\/\/biblian.is\/videy\/wp-json\/wp\/v2\/pages"}],"about":[{"href":"https:\/\/biblian.is\/videy\/wp-json\/wp\/v2\/types\/page"}],"author":[{"embeddable":true,"href":"https:\/\/biblian.is\/videy\/wp-json\/wp\/v2\/users\/1"}],"replies":[{"embeddable":true,"href":"https:\/\/biblian.is\/videy\/wp-json\/wp\/v2\/comments?post=21237"}],"version-history":[{"count":0,"href":"https:\/\/biblian.is\/videy\/wp-json\/wp\/v2\/pages\/21237\/revisions"}],"wp:attachment":[{"href":"https:\/\/biblian.is\/videy\/wp-json\/wp\/v2\/media?parent=21237"}],"curies":[{"name":"wp","href":"https:\/\/api.w.org\/{rel}","templated":true}]}}