{"id":21236,"date":"2018-01-02T01:00:59","date_gmt":"2018-01-02T01:00:59","guid":{"rendered":"http:\/\/biblian.is\/videy\/sidari-kronikubok-20-kafli\/"},"modified":"2018-01-02T01:00:59","modified_gmt":"2018-01-02T01:00:59","slug":"sidari-kronikubok-20-kafli","status":"publish","type":"page","link":"https:\/\/biblian.is\/videy\/sidari-kronikubok-20-kafli\/","title":{"rendered":"S\u00ed\u00f0ari kron\u00edkub\u00f3k 20. kafli"},"content":{"rendered":"<div class=\"fyrirsognVidey\">Enn um J\u00f3safat.<\/div>\n<p><a name=\"1\"><span class=\"versanumer\">1<\/span><\/a>Og \u00fea\u00f0 ske\u00f0i eftir \u00feetta, a\u00f0 M\u00f3abssynir komu, og Ammonssynir, og nokkrir af Meun\u00edtum me\u00f0 \u00feeim til str\u00ed\u00f0s \u00e1 m\u00f3ti J\u00f3safat.<a name=\"2\"><span class=\"versanumer\">2<\/span><\/a>Og menn komu og s\u00f6g\u00f0u J\u00f3safat <span class='VideyAth'>(\u00feessi t\u00ed\u00f0indi)<\/span> og m\u00e6ltu: m\u00f3ti \u00fe\u00e9r kemur mikill fj\u00f6ldi handan yfir hafi\u00f0 fr\u00e1 S\u00fdrlandi; og sj\u00e1! \u00feeir eru \u00ed Haseson-Tamar, \u00fea\u00f0 er Engedi.<a name=\"3\"><span class=\"versanumer\">3<\/span><\/a>\u00de\u00e1 var\u00f0 J\u00f3safat \u00f3ttasleginn, og hneig\u00f0i sig til a\u00f0 leita Drottins, og kunngj\u00f6r\u00f0i f\u00f6stu yfir allt J\u00fada land.<a name=\"4\"><span class=\"versanumer\">4<\/span><\/a>Og J\u00fada samansafna\u00f0ist til \u00feess a\u00f0 leita li\u00f0s af Drottni, og \u00far \u00f6llum J\u00fada st\u00f6\u00f0um komu menn til a\u00f0 leita Drottins.<a name=\"5\"><span class=\"versanumer\">5<\/span><\/a>Og J\u00f3safat gekk fram, \u00ed samkomu J\u00fada og Jer\u00fasalems, \u00ed Drottins h\u00fasi, fyrir \u00feeim n\u00fdja forgar\u00f0i.<a name=\"6\"><span class=\"versanumer\">6<\/span><\/a>Og m\u00e6lti: Drottinn, Gu\u00f0 vorra fe\u00f0ra, ert \u00fe\u00fa ekki Gu\u00f0 \u00ed himninum, og Drottnari yfir \u00f6llum k\u00f3ngar\u00edkjum \u00fej\u00f3\u00f0anna? \u00cd \u00feinni hendi er kraftur og vald, og enginn getur sta\u00f0i\u00f0 \u00e1 m\u00f3ti \u00fe\u00e9r.<a name=\"7\"><span class=\"versanumer\">7<\/span><\/a>Hefir \u00fe\u00fa ekki, vor Gu\u00f0! reki\u00f0 burt innb\u00faa \u00feessa lands fr\u00e1 \u00fe\u00ednu f\u00f3lki, \u00cdsrael, og gefi\u00f0 \u00fea\u00f0 \u00e6tt Abrahams, sem \u00feig elska\u00f0i eil\u00edflega?<a name=\"8\"><span class=\"versanumer\">8<\/span><\/a>Og \u00feeir bjuggu \u00fear, og bygg\u00f0u \u00fe\u00e9r \u00fear helgid\u00f3m fyrir \u00feitt nafn, og s\u00f6g\u00f0u:<a name=\"9\"><span class=\"versanumer\">9<\/span><\/a>komi illt yfir oss, sver\u00f0, refsid\u00f3mur og dreps\u00f3tt, og hungur, svo viljum v\u00e9r ganga fyrir \u00feetta h\u00fas og fyrir \u00feig, \u00fev\u00ed \u00feitt nafn er \u00ed \u00feessu h\u00fasi, og viljum til \u00fe\u00edn kalla, \u00ed vorum kr\u00f6ggum, og \u00fe\u00fa munt og bjarga.<a name=\"10\"><span class=\"versanumer\">10<\/span><\/a>Og sj\u00e1 n\u00fa Ammons og M\u00f3abssynir og \u00feeir fr\u00e1 fjallinu Seir, me\u00f0al hv\u00f6rra \u00fe\u00fa leyf\u00f0ir ekki \u00cdsrael a\u00f0 koma, \u00fe\u00e1 \u00feeir f\u00f3ru \u00far Egyptalandi, heldur hvurfu \u00feeir fr\u00e1 \u00feeim og ey\u00f0il\u00f6g\u00f0u \u00fe\u00e1 ekki.<a name=\"11\"><span class=\"versanumer\">11<\/span><\/a>Sj\u00e1! \u00feeir launa oss n\u00fa svo, a\u00f0 \u00feeir koma, til a\u00f0 reka oss af vorri eign, \u00e1 hv\u00f6rja \u00fe\u00fa settir oss.<a name=\"12\"><span class=\"versanumer\">12<\/span><\/a>Vor Gu\u00f0! munt \u00fe\u00fa ekki d\u00e6ma \u00fe\u00e1? \u00fev\u00ed v\u00e9r h\u00f6fum ekki megn \u00e1 m\u00f3ti \u00feessum mikla fj\u00f6lda, er n\u00fa kemur \u00e1 m\u00f3ti oss, og v\u00e9r vitum ekki hva\u00f0 v\u00e9r skulum gj\u00f6ra, heldur rennum v\u00e9r vorum augum til \u00fe\u00edn.<a name=\"13\"><span class=\"versanumer\">13<\/span><\/a>En allur J\u00fada<span class='VideyAth'>(l\u00fd\u00f0ur)<\/span> st\u00f3\u00f0 frammi fyrir Drottni, l\u00edka \u00feeirra b\u00f6rn, konur og synir \u00feeirra. <br \/><a name=\"14\"><span class=\"versanumer\">14<\/span><\/a>En yfir Jehasiel, son Sakar\u00eda, sonar Benaja, sonar Jeg\u00edels, sonar Matan\u00edas, Lev\u00edtann, einn af sonum Asafs, kom andi Drottins, mitt \u00e1 fundinum,<a name=\"15\"><span class=\"versanumer\">15<\/span><\/a>og hann m\u00e6lti: athugi\u00f0, allur J\u00fada l\u00fd\u00f0ur og Jer\u00fasalems innb\u00faar og \u00fe\u00fa J\u00f3safat k\u00f3ngur! svo segir Drottinn til y\u00f0ar: \u00f3ttist ekki, og skelfist ekki fyrir \u00feessum mikla fj\u00f6lda! \u00fev\u00ed \u00fe\u00e9r berjist ekki, heldur Gu\u00f0.<a name=\"16\"><span class=\"versanumer\">16<\/span><\/a>Fari\u00f0 \u00e1 morgun m\u00f3ti \u00feeim: sj\u00e1! \u00feeir munu koma yfir h\u00e6\u00f0ina Sis, og \u00fe\u00e9r munu\u00f0 hitta \u00fe\u00e1 hj\u00e1 enda dalsins, fyrir framan ey\u00f0im\u00f6rkina Jeruel.<a name=\"17\"><span class=\"versanumer\">17<\/span><\/a>\u00de\u00e9r skulu\u00f0 ekki \u00feurfa a\u00f0 berjast, fari\u00f0 a\u00f0eins \u00feanga\u00f0, sta\u00f0n\u00e6mist \u00fear, og sj\u00e1i\u00f0 li\u00f0sinni Drottins vi\u00f0 y\u00f0ur. J\u00fada og Jer\u00fasalem! \u00f3ttist ekki, ver\u00f0i\u00f0 ekki huglausir, fari\u00f0 \u00e1 morgun \u00e1 m\u00f3ti \u00feeim, og Drottinn er me\u00f0 y\u00f0ur.<a name=\"18\"><span class=\"versanumer\">18<\/span><\/a>\u00de\u00e1 hneig\u00f0i J\u00f3safat sig me\u00f0 andlitinu til jar\u00f0ar, og allur J\u00fada<span class='VideyAth'>(l\u00fd\u00f0ur)<\/span> og Jer\u00fasalems innb\u00faar f\u00e9llu ni\u00f0ur fyrir Drottni, a\u00f0 tilbi\u00f0ja Drottin.<a name=\"19\"><span class=\"versanumer\">19<\/span><\/a>Og Lev\u00edtarnir, \u00feeir af Kahat\u00edtasonum og Korah\u00edtasonum, st\u00f3\u00f0u upp, til a\u00f0 syngja lof Drottni, \u00cdsraels Gu\u00f0i, me\u00f0 mj\u00f6g h\u00e1rri r\u00f6dd.<br \/><a name=\"20\"><span class=\"versanumer\">20<\/span><\/a>Og snemma morguns t\u00f3ku \u00feeir sig upp, og f\u00f3ru \u00fat \u00ed ey\u00f0im\u00f6rkina Tekoa, og sem \u00feeir l\u00f6g\u00f0u af sta\u00f0 gekk J\u00f3safat fram og m\u00e6lti: heyri\u00f0 mig \u00fe\u00e9r J\u00fada<span class='VideyAth'>(l\u00fd\u00f0ur)<\/span> og Jer\u00fasalems innb\u00faar! veri\u00f0 \u00f6ruggir \u00ed trausti til Drottins, y\u00f0ar Gu\u00f0s; tr\u00fai\u00f0 hans sp\u00e1m\u00f6nnum, svo skal y\u00f0ur lukkast <span class='VideyAth'>(bardaginn)<\/span>.<a name=\"21\"><span class=\"versanumer\">21<\/span><\/a>Og hann r\u00e1\u00f0ga\u00f0ist um vi\u00f0 f\u00f3lki\u00f0, og tilsetti Drottni s\u00f6ngvara, sem sungu Drottni lof \u00ed helgum skr\u00fa\u00f0a, og f\u00f3ru undan \u00feeim vopnu\u00f0u, og s\u00f6g\u00f0u: \u00feakki\u00f0 Drottni \u00fev\u00ed hans miskunn er eil\u00edf!<a name=\"22\"><span class=\"versanumer\">22<\/span><\/a>Og \u00feegar \u00feeir byrju\u00f0u \u00e1 fagna\u00f0ar\u00f3pinu og lofgj\u00f6r\u00f0inni, setti Drottinn launs\u00e1tur m\u00f3ti Ammonssonum, M\u00f3abs<span class='VideyAth'>(sonum)<\/span> og \u00feeim af fjallinu Seir, er komnir voru til J\u00fada, og \u00feeir voru sigra\u00f0ir.<a name=\"23\"><span class=\"versanumer\">23<\/span><\/a>Og synir Ammons og M\u00f3abs veittu m\u00f3tst\u00f6\u00f0u \u00feeim, sem bjuggu \u00e1 fjallinu Seir, til a\u00f0 bannf\u00e6ra \u00fe\u00e1 og ey\u00f0ileggja, og sem \u00feeir h\u00f6f\u00f0u drepi\u00f0 ni\u00f0ur \u00ed str\u00e1 \u00fe\u00e1 sem bjuggu \u00e1 Seir, hj\u00e1lpa\u00f0i hv\u00f6r \u00f6\u00f0rum til manntj\u00f3ns.<br \/><a name=\"24\"><span class=\"versanumer\">24<\/span><\/a>En sem J\u00fada<span class='VideyAth'>(her)<\/span> kom upp \u00e1 h\u00e6\u00f0ina, <span class='VideyAth'>(hva\u00f0an a\u00f0 s\u00e9st)<\/span> \u00fat \u00e1 ey\u00f0im\u00f6rkina, \u00fe\u00e1 sneru \u00feeir s\u00e9r m\u00f3ti fj\u00f6ldanum, og sj\u00e1! \u00feeir l\u00e1gu \u00fe\u00e1 sem l\u00edk \u00e1 j\u00f6r\u00f0u, og enginn haf\u00f0i undan komist.<a name=\"25\"><span class=\"versanumer\">25<\/span><\/a>\u00de\u00e1 kom J\u00f3safat og hans f\u00f3lk til a\u00f0 taka \u00feeirra herfang, og \u00feeir fundu \u00e1 \u00feeim miki\u00f0 f\u00e9, og l\u00edk og d\u00fdra gripi, og r\u00e6ndu svo miklu, a\u00f0 ekki var\u00f0 bori\u00f0, og \u00feeir r\u00e6ndu herfanginu \u00ed \u00ferj\u00e1 dag, \u00fev\u00ed \u00fea\u00f0 var miki\u00f0.<a name=\"26\"><span class=\"versanumer\">26<\/span><\/a>Og \u00e1 fj\u00f3r\u00f0a degi samans\u00f6fnu\u00f0ust \u00feeir \u00ed Lofgj\u00f6r\u00f0ardalnum; \u00fev\u00ed \u00fear lofu\u00f0u \u00feeir Drottin, \u00feess vegna heitir dalurinn, Lofgj\u00f6r\u00f0ardalur, allt til \u00feessa dags.<a name=\"27\"><span class=\"versanumer\">27<\/span><\/a>Og svo sneru heim allir J\u00fada og Jer\u00fasalems menn, og J\u00f3safat fremstur \u00ed flokki, til Jer\u00fasalem, me\u00f0 f\u00f6gnu\u00f0i; \u00fev\u00ed f\u00f6gnu\u00f0 haf\u00f0i Drottinn gefi\u00f0 \u00feeim yfir \u00feeirra \u00f3vinum.<a name=\"28\"><span class=\"versanumer\">28<\/span><\/a>Og \u00feeir komu til Jer\u00fasalem me\u00f0 h\u00f6rpum, hlj\u00f3\u00f0p\u00edpum og b\u00e1s\u00fanum \u00ed Drottins h\u00fas.<a name=\"29\"><span class=\"versanumer\">29<\/span><\/a>Og Gu\u00f0s \u00f3tti f\u00e9ll yfir \u00f6ll r\u00edki landanna, \u00fe\u00e1 \u00fea\u00f0 fr\u00e9ttist a\u00f0 Drottinn hef\u00f0i barist vi\u00f0 \u00cdsraels \u00f3vini.<a name=\"30\"><span class=\"versanumer\">30<\/span><\/a>Og J\u00f3safats r\u00edki haf\u00f0i fri\u00f0, og hans Gu\u00f0 l\u00e9t hann hafa fri\u00f0 umhverfis. <br \/><a name=\"31\"><span class=\"versanumer\">31<\/span><\/a>Og svo var J\u00f3safat konungur yfir J\u00fada. Fimm um \u00fer\u00edtugt haf\u00f0i hann, \u00fe\u00e1 hann var\u00f0 k\u00f3ngur, og 25 \u00e1r r\u00edkti hann \u00ed Jer\u00fasalem. M\u00f3\u00f0ir hans h\u00e9t Asuba, d\u00f3ttir Silhi.<a name=\"32\"><span class=\"versanumer\">32<\/span><\/a>Og hann gekk \u00e1 vegum s\u00edns f\u00f6\u00f0ur Assa, og v\u00e9k ekki af, svo a\u00f0 hann gj\u00f6r\u00f0i \u00fea\u00f0 sem Drottni vel l\u00edka\u00f0i.<a name=\"33\"><span class=\"versanumer\">33<\/span><\/a>\u00de\u00f3 voru h\u00e6\u00f0irnar ekki afteknar, og ekki sneri f\u00f3lki\u00f0 enn s\u00ednu hjarta til Gu\u00f0s sinna fe\u00f0ra.<br \/><a name=\"34\"><span class=\"versanumer\">34<\/span><\/a>En hin \u00f6nnur saga J\u00f3safats, fyrri og seinni, sj\u00e1! h\u00fan er skrifu\u00f0 \u00ed s\u00f6gu Jeh\u00fas, sonar Hanani, sem er inntekin \u00ed b\u00f3k \u00cdsraelsk\u00f3nga. <br \/><a name=\"35\"><span class=\"versanumer\">35<\/span><\/a>Og eftir \u00feetta gj\u00f6r\u00f0i J\u00f3safat J\u00fadak\u00f3ngur f\u00e9lagskap vi\u00f0 Ahasia \u00cdsraelsk\u00f3ng, sem var \u00f3gu\u00f0legur \u00ed sinni breytni.<a name=\"36\"><span class=\"versanumer\">36<\/span><\/a>Hann gj\u00f6r\u00f0i \u00feann f\u00e9lagskap vi\u00f0 hann, a\u00f0 byggja skip, til a\u00f0 fara til Tarsis; og \u00feeir bygg\u00f0u skipin \u00ed Eseongeber.<a name=\"37\"><span class=\"versanumer\">37<\/span><\/a>\u00de\u00e1 sp\u00e1\u00f0i Elieser sonur Dodava, af Maresa, m\u00f3ti J\u00f3safat og m\u00e6lti: sakir \u00feess \u00fe\u00fa gj\u00f6r\u00f0ir f\u00e9lagskap vi\u00f0 Ahasia, hefir Drottinn \u00f3n\u00fdtt \u00feitt fyrirt\u00e6ki. Og skipin brotnu\u00f0u, og g\u00e1tu ei fari\u00f0 til Tarsis.<\/p>\n<div class=\"footnoteVidey\">V. 2. S\u00fdrlandi, a\u00f0rir lesa: Edom (sj\u00e1 v. 10).  V. 24. H\u00e6\u00f0ina, a\u00f0r: Mispe.<\/div>\n","protected":false},"excerpt":{"rendered":"<p>Enn um J\u00f3safat. 1Og \u00fea\u00f0 ske\u00f0i eftir \u00feetta, a\u00f0 M\u00f3abssynir komu, og Ammonssynir, og nokkrir af Meun\u00edtum me\u00f0 \u00feeim til str\u00ed\u00f0s \u00e1 m\u00f3ti J\u00f3safat.2Og menn komu og s\u00f6g\u00f0u J\u00f3safat (\u00feessi t\u00ed\u00f0indi) og m\u00e6ltu: m\u00f3ti \u00fe\u00e9r kemur mikill fj\u00f6ldi handan yfir hafi\u00f0 fr\u00e1 S\u00fdrlandi; og sj\u00e1! \u00feeir eru \u00ed Haseson-Tamar, \u00fea\u00f0 er Engedi.3\u00de\u00e1 var\u00f0 J\u00f3safat \u00f3ttasleginn, og hneig\u00f0i sig til a\u00f0 leita Drottins, og kunngj\u00f6r\u00f0i f\u00f6stu yfir allt J\u00fada land.4Og J\u00fada samansafna\u00f0ist til \u00feess a\u00f0 leita li\u00f0s af Drottni, og \u00far \u00f6llum J\u00fada st\u00f6\u00f0um komu menn til a\u00f0 leita Drottins.5Og J\u00f3safat gekk fram, \u00ed samkomu J\u00fada og Jer\u00fasalems, \u00ed Drottins h\u00fasi, <a href=\"https:\/\/biblian.is\/videy\/sidari-kronikubok-20-kafli\/\"> [&#8230;]<\/a><\/p>\n","protected":false},"author":1,"featured_media":0,"parent":0,"menu_order":0,"comment_status":"open","ping_status":"open","template":"bibliukaflar.php","meta":{"footnotes":""},"class_list":["post-21236","page","type-page","status-publish","hentry"],"_links":{"self":[{"href":"https:\/\/biblian.is\/videy\/wp-json\/wp\/v2\/pages\/21236","targetHints":{"allow":["GET"]}}],"collection":[{"href":"https:\/\/biblian.is\/videy\/wp-json\/wp\/v2\/pages"}],"about":[{"href":"https:\/\/biblian.is\/videy\/wp-json\/wp\/v2\/types\/page"}],"author":[{"embeddable":true,"href":"https:\/\/biblian.is\/videy\/wp-json\/wp\/v2\/users\/1"}],"replies":[{"embeddable":true,"href":"https:\/\/biblian.is\/videy\/wp-json\/wp\/v2\/comments?post=21236"}],"version-history":[{"count":0,"href":"https:\/\/biblian.is\/videy\/wp-json\/wp\/v2\/pages\/21236\/revisions"}],"wp:attachment":[{"href":"https:\/\/biblian.is\/videy\/wp-json\/wp\/v2\/media?parent=21236"}],"curies":[{"name":"wp","href":"https:\/\/api.w.org\/{rel}","templated":true}]}}