{"id":21232,"date":"2018-01-02T01:00:59","date_gmt":"2018-01-02T01:00:59","guid":{"rendered":"http:\/\/biblian.is\/videy\/sidari-kronikubok-16-kafli\/"},"modified":"2018-01-02T01:00:59","modified_gmt":"2018-01-02T01:00:59","slug":"sidari-kronikubok-16-kafli","status":"publish","type":"page","link":"https:\/\/biblian.is\/videy\/sidari-kronikubok-16-kafli\/","title":{"rendered":"S\u00ed\u00f0ari kron\u00edkub\u00f3k 16. kafli"},"content":{"rendered":"<div class=\"fyrirsognVidey\">Sama efni.<\/div>\n<p><a name=\"1\"><span class=\"versanumer\">1<\/span><\/a>\u00c1 \u00fer\u00edtugasta og sj\u00f6tta \u00e1ri Assa r\u00edkisstj\u00f3rnar, f\u00f3r Baesa \u00cdsraelsk\u00f3ngur, herf\u00f6r m\u00f3ti J\u00fada og bygg\u00f0i Rama, til \u00feess a\u00f0 enginn g\u00e6ti komist inn e\u00f0a \u00fat hj\u00e1 Assa J\u00fadak\u00f3ngi.<a name=\"2\"><span class=\"versanumer\">2<\/span><\/a>\u00de\u00e1 t\u00f3k Assa silfur og gull \u00far fj\u00e1rsj\u00f3\u00f0um Drottins h\u00fass og k\u00f3ngsins h\u00fass og sendi til Benhadad, k\u00f3ngsins \u00ed S\u00fdrlandi, sem bj\u00f3 \u00ed Damaskus, og m\u00e6lti:<a name=\"3\"><span class=\"versanumer\">3<\/span><\/a>s\u00e1ttm\u00e1li er milli m\u00edn og \u00fe\u00edn, milli m\u00edns f\u00f6\u00f0urs og \u00fe\u00edns f\u00f6\u00f0urs; sj\u00e1! eg sendi \u00fe\u00e9r silfur og gull, breg\u00f0 \u00fe\u00fa upp s\u00e1ttm\u00e1lanum vi\u00f0 Baesa \u00cdsraelsk\u00f3ng, svo hann \u00e1reiti mig ekki.<a name=\"4\"><span class=\"versanumer\">4<\/span><\/a>Og Benhadad f\u00f3r a\u00f0 or\u00f0um Assa k\u00f3ngs, og sendi s\u00edna herforingja m\u00f3ti \u00cdsraels st\u00f6\u00f0um, og vann Igon og Dan og Abel-Maim og \u00f6ll vistah\u00fasin, \u00ed Naftalis st\u00f6\u00f0um.<a name=\"5\"><span class=\"versanumer\">5<\/span><\/a>Og sem Baesa heyr\u00f0i \u00fea\u00f0, h\u00e6tti hann a\u00f0 byggja Rama, og gj\u00f6r\u00f0i enda \u00e1 s\u00ednu verki.<a name=\"6\"><span class=\"versanumer\">6<\/span><\/a>En Assa konungur t\u00f3k allan J\u00fadal\u00fd\u00f0, a\u00f0 \u00feeir b\u00e6ru burt steinana og vi\u00f0inn fr\u00e1 Rama, af hv\u00f6rjum Baesa haf\u00f0i byggt, og bygg\u00f0i \u00fear af Geba og Mispa. <br \/><a name=\"7\"><span class=\"versanumer\">7<\/span><\/a>En um sama leyti kom Hanani, sj\u00e1andinn, til Assa, J\u00fadak\u00f3ngs, og m\u00e6lti til hans: fyrst a\u00f0 \u00fe\u00fa reiddir \u00feig \u00e1 k\u00f3nginn \u00ed S\u00fdrlandi, og treystir ekki Drottni \u00fe\u00ednum Gu\u00f0i, \u00fe\u00e1 er her S\u00fdrlandskonungs sloppinn \u00fe\u00e9r \u00far hendi.<a name=\"8\"><span class=\"versanumer\">8<\/span><\/a>Voru ekki M\u00f3rlendingar og Lib\u00fdar n\u00e6sta margir a\u00f0 t\u00f6lu, me\u00f0 v\u00f6gnum og rei\u00f0m\u00f6nnum? En af \u00fev\u00ed \u00fe\u00fa treystir Drottni, gaf hann \u00fe\u00e1 \u00ed \u00fe\u00edna h\u00f6nd.<a name=\"9\"><span class=\"versanumer\">9<\/span><\/a>\u00dev\u00ed augu Drottins fara yfir alla j\u00f6r\u00f0ina, til a\u00f0 li\u00f0sinna \u00feeim sem a\u00f0hyllast hann af \u00f6llu hjarta. \u00de\u00fa hefir \u00fev\u00ed breytt f\u00e1v\u00edslega; \u00fev\u00ed upp fr\u00e1 \u00feessu muntu hafa \u00f3fri\u00f0.<a name=\"10\"><span class=\"versanumer\">10<\/span><\/a>Og Assa misl\u00edka\u00f0i vi\u00f0 sj\u00e1andann og setti hann \u00ed fangah\u00fas; \u00fev\u00ed hann reiddist honum fyrir \u00feetta. L\u00edka \u00fer\u00f6ngdi Assa nokkrum af f\u00f3lkinu, um sama leyti.<a name=\"11\"><span class=\"versanumer\">11<\/span><\/a>Og sj\u00e1! Assa saga, s\u00fa fyrri og seinni, h\u00fan er skrifu\u00f0 \u00ed b\u00f3k J\u00fada- og \u00cdsraelskonunga.<a name=\"12\"><span class=\"versanumer\">12<\/span><\/a>Og Assa s\u00fdktist \u00e1 39da \u00e1ri sinnar r\u00edkisstj\u00f3rnar, \u00ed f\u00f3tum s\u00ednum, svo hann var\u00f0 miki\u00f0 veikur, og \u00ed s\u00ednum sj\u00fakd\u00f3mi leita\u00f0i hann ekki Drottins, heldur l\u00e6knaranna.<a name=\"13\"><span class=\"versanumer\">13<\/span><\/a>Og Assa lag\u00f0ist hj\u00e1 s\u00ednum fe\u00f0rum og d\u00f3 \u00e1 41ta \u00e1ri sinnar r\u00edkisstj\u00f3rnar.<a name=\"14\"><span class=\"versanumer\">14<\/span><\/a>Og menn j\u00f6r\u00f0u\u00f0u hann \u00ed hans \u00ed gr\u00f6f, sem hann haf\u00f0i h\u00f6ggi\u00f0 s\u00e9r \u00ed Dav\u00ed\u00f0sborg, og l\u00f6g\u00f0u hann \u00ed legsta\u00f0 sem fylltur var allsh\u00e1ttar ilmjurtum, samanbl\u00f6ndu\u00f0um kunn\u00e1ttulega til smurningar, og brenndu honum miki\u00f0 st\u00f3rt b\u00e1l.<\/p>\n<div class=\"footnoteVidey\"><\/div>\n","protected":false},"excerpt":{"rendered":"<p>Sama efni. 1\u00c1 \u00fer\u00edtugasta og sj\u00f6tta \u00e1ri Assa r\u00edkisstj\u00f3rnar, f\u00f3r Baesa \u00cdsraelsk\u00f3ngur, herf\u00f6r m\u00f3ti J\u00fada og bygg\u00f0i Rama, til \u00feess a\u00f0 enginn g\u00e6ti komist inn e\u00f0a \u00fat hj\u00e1 Assa J\u00fadak\u00f3ngi.2\u00de\u00e1 t\u00f3k Assa silfur og gull \u00far fj\u00e1rsj\u00f3\u00f0um Drottins h\u00fass og k\u00f3ngsins h\u00fass og sendi til Benhadad, k\u00f3ngsins \u00ed S\u00fdrlandi, sem bj\u00f3 \u00ed Damaskus, og m\u00e6lti:3s\u00e1ttm\u00e1li er milli m\u00edn og \u00fe\u00edn, milli m\u00edns f\u00f6\u00f0urs og \u00fe\u00edns f\u00f6\u00f0urs; sj\u00e1! eg sendi \u00fe\u00e9r silfur og gull, breg\u00f0 \u00fe\u00fa upp s\u00e1ttm\u00e1lanum vi\u00f0 Baesa \u00cdsraelsk\u00f3ng, svo hann \u00e1reiti mig ekki.4Og Benhadad f\u00f3r a\u00f0 or\u00f0um Assa k\u00f3ngs, og sendi s\u00edna herforingja m\u00f3ti \u00cdsraels st\u00f6\u00f0um, og vann <a href=\"https:\/\/biblian.is\/videy\/sidari-kronikubok-16-kafli\/\"> [&#8230;]<\/a><\/p>\n","protected":false},"author":1,"featured_media":0,"parent":0,"menu_order":0,"comment_status":"open","ping_status":"open","template":"bibliukaflar.php","meta":{"footnotes":""},"class_list":["post-21232","page","type-page","status-publish","hentry"],"_links":{"self":[{"href":"https:\/\/biblian.is\/videy\/wp-json\/wp\/v2\/pages\/21232","targetHints":{"allow":["GET"]}}],"collection":[{"href":"https:\/\/biblian.is\/videy\/wp-json\/wp\/v2\/pages"}],"about":[{"href":"https:\/\/biblian.is\/videy\/wp-json\/wp\/v2\/types\/page"}],"author":[{"embeddable":true,"href":"https:\/\/biblian.is\/videy\/wp-json\/wp\/v2\/users\/1"}],"replies":[{"embeddable":true,"href":"https:\/\/biblian.is\/videy\/wp-json\/wp\/v2\/comments?post=21232"}],"version-history":[{"count":0,"href":"https:\/\/biblian.is\/videy\/wp-json\/wp\/v2\/pages\/21232\/revisions"}],"wp:attachment":[{"href":"https:\/\/biblian.is\/videy\/wp-json\/wp\/v2\/media?parent=21232"}],"curies":[{"name":"wp","href":"https:\/\/api.w.org\/{rel}","templated":true}]}}