{"id":21229,"date":"2018-01-02T01:00:53","date_gmt":"2018-01-02T01:00:53","guid":{"rendered":"http:\/\/biblian.is\/videy\/sidari-kronikubok-13-kafli\/"},"modified":"2018-01-02T01:00:53","modified_gmt":"2018-01-02T01:00:53","slug":"sidari-kronikubok-13-kafli","status":"publish","type":"page","link":"https:\/\/biblian.is\/videy\/sidari-kronikubok-13-kafli\/","title":{"rendered":"S\u00ed\u00f0ari kron\u00edkub\u00f3k 13. kafli"},"content":{"rendered":"<div class=\"fyrirsognVidey\">Ab\u00eda r\u00edkisstj\u00f3rn. (1 Kgb. 15,1\u20138).<\/div>\n<p><a name=\"1\"><span class=\"versanumer\">1<\/span><\/a>\u00c1 \u00e1tj\u00e1nda \u00e1ri Jer\u00f3b\u00f3ams k\u00f3ngs var\u00f0 Abia k\u00f3ngur yfir J\u00fada.<a name=\"2\"><span class=\"versanumer\">2<\/span><\/a>\u00derj\u00fa \u00e1r r\u00edkti hann \u00ed Jer\u00fasalem, en nafn m\u00f3\u00f0ur hans var Mikaja, d\u00f3ttir Ur\u00edels fr\u00e1 G\u00edbea. Og \u00fear var str\u00ed\u00f0 \u00e1 milli Abia og Jer\u00f3b\u00f3ams.<a name=\"3\"><span class=\"versanumer\">3<\/span><\/a>Og Abia byrja\u00f0i str\u00ed\u00f0i\u00f0 me\u00f0 heilum her duglegra str\u00ed\u00f0smanna, me\u00f0 4 hundra\u00f0 \u00fe\u00fasundum einvala li\u00f0s, og Jer\u00f3b\u00f3am kom \u00e1 m\u00f3ti honum me\u00f0 8 hundru\u00f0 \u00fe\u00fasundum einvala li\u00f0s, r\u00f6skra str\u00ed\u00f0smanna.<a name=\"4\"><span class=\"versanumer\">4<\/span><\/a>\u00de\u00e1 gekk Abia upp \u00e1 fjalli\u00f0 Semarim, sem liggur \u00ed Efraimsfjallbygg\u00f0, og m\u00e6lti: heyri\u00f0 mig, Jer\u00f3b\u00f3am og allur \u00cdsrael!<a name=\"5\"><span class=\"versanumer\">5<\/span><\/a>Viti\u00f0 \u00fe\u00e9r ei, a\u00f0 Drottinn \u00cdsraels Gu\u00f0 hefir a\u00f0 eil\u00edfu gefi\u00f0 Dav\u00ed\u00f0 k\u00f3ngd\u00f3m yfir \u00cdsrael, honum og sonum hans, eftir salts\u00e1ttm\u00e1la.<a name=\"6\"><span class=\"versanumer\">6<\/span><\/a>En Jer\u00f3b\u00f3am, sonur Nebats, \u00feegn Sal\u00f3mons, Dav\u00ed\u00f0ssonar, t\u00f3k sig til, og gj\u00f6r\u00f0i uppreisn m\u00f3t s\u00ednum herra,<a name=\"7\"><span class=\"versanumer\">7<\/span><\/a>og a\u00f0 honum dr\u00f3gust lausingjar og afhr\u00f6k <span class='VideyAth'>(Bel\u00edalssynir)<\/span> og settu sig \u00e1 m\u00f3ti R\u00f3b\u00f3am, syni Sal\u00f3mons, og R\u00f3b\u00f3am var enn n\u00fa ungur og hugdeigur, og veitti \u00feeim ekki m\u00f3tst\u00f6\u00f0u.<a name=\"8\"><span class=\"versanumer\">8<\/span><\/a>Og n\u00fa \u00e6tli\u00f0 \u00fe\u00e9r a\u00f0 standa \u00e1 m\u00f3ti konungd\u00f3m Drottins, \u00ed hendi Dav\u00ed\u00f0ssona, og \u00fe\u00e9r eru\u00f0 mj\u00f6g margir, og hafi\u00f0 hj\u00e1 y\u00f0ur gullk\u00e1lfana sem Jer\u00f3b\u00f3am hefir gj\u00f6rt y\u00f0ur a\u00f0 gu\u00f0um.<a name=\"9\"><span class=\"versanumer\">9<\/span><\/a>Hafi\u00f0 \u00fe\u00e9r ei \u00fatsk\u00fafa\u00f0 prestum Drottins, Aronssonum, og Lev\u00edtunum, og gj\u00f6rt y\u00f0ur presta, eins og landanna \u00fej\u00f3\u00f0ir. Hv\u00f6r sem kom me\u00f0 fulla h\u00f6nd, me\u00f0 ungneyti og 7 hr\u00fata, s\u00e1 var\u00f0 prestur \u00feeirra <span class='VideyAth'>(gu\u00f0a)<\/span> sem ekki eru gu\u00f0ir.<a name=\"10\"><span class=\"versanumer\">10<\/span><\/a>En Drottinn er vor Gu\u00f0, og v\u00e9r h\u00f6fum ekki yfirgefi\u00f0 hann, og prestar \u00fej\u00f3na Drottni, synir Arons, og Lev\u00edtarnir <span class='VideyAth'>(gegna)<\/span> s\u00ednum st\u00f6rfum,<a name=\"11\"><span class=\"versanumer\">11<\/span><\/a>og tendra Drottni brennif\u00f3rnir, \u00e1 morgnana fyrir morguninn og \u00e1 kv\u00f6ldin fyrir kv\u00f6ldi\u00f0, og ilmandi reykverk, og <span class='VideyAth'>(l\u00e1ta)<\/span> sko\u00f0unarbrau\u00f0in \u00e1 bor\u00f0i\u00f0 \u00far kl\u00e1ru gulli, og kveikja \u00e1 \u00feeim gulllega lj\u00f3sastjaka og hans l\u00f6mpum kv\u00f6ld eftir kv\u00f6ld; \u00fev\u00ed v\u00e9r g\u00e6tum \u00feess sem g\u00e6ta er, vi\u00f0 Drottin vorn Gu\u00f0; en \u00fe\u00e9r hafi\u00f0 yfirgefi\u00f0 hann.<a name=\"12\"><span class=\"versanumer\">12<\/span><\/a>Og sj\u00e1! fremst \u00ed fylkingu me\u00f0 oss er Gu\u00f0 og hans prestar, og \u00fe\u00e6r hlj\u00f3mandi b\u00e1s\u00fanur, til a\u00f0 \u00e6sa til orrustu m\u00f3ti y\u00f0ur. \u00cdsraelssynir! berjist ekki vi\u00f0 Drottin y\u00f0ar fe\u00f0ra Gu\u00f0, \u00fev\u00ed \u00fea\u00f0 mun y\u00f0ur ekki lukkast. <br \/><a name=\"13\"><span class=\"versanumer\">13<\/span><\/a>En Jer\u00f3b\u00f3am l\u00e9t launs\u00e1tur \u00ed kring fara til a\u00f0 koma a\u00f0 baki \u00feeirra, og svo st\u00f3\u00f0u \u00feeir <span class='VideyAth'>(\u00cdsraelsmenn)<\/span> gagnvart J\u00fadam\u00f6nnum, en launs\u00e1tri\u00f0 var a\u00f0 baki \u00feeirra.<a name=\"14\"><span class=\"versanumer\">14<\/span><\/a>Og sem J\u00fada s\u00e1st um, sj\u00e1! \u00fe\u00e1 var str\u00ed\u00f0 m\u00f3ti \u00feeim \u00ed bak og fyrir. \u00de\u00e1 hr\u00f3pu\u00f0u \u00feeir til Drottins, og prestarnir bl\u00e9su \u00ed b\u00e1s\u00fanurnar,<a name=\"15\"><span class=\"versanumer\">15<\/span><\/a>og J\u00fadamenn \u00e6ptu her\u00f3p; og sem J\u00fadamenn \u00e6ptu her\u00f3pi\u00f0, hrakti Gu\u00f0 Jer\u00f3b\u00f3am og allan \u00cdsrael \u00e1 fl\u00f3tta fyrir Abia og J\u00fada.<a name=\"16\"><span class=\"versanumer\">16<\/span><\/a>Og \u00cdsraelssynir fl\u00fd\u00f0u fyrir J\u00fada og Gu\u00f0 gaf \u00fe\u00e1 \u00ed \u00feeirra h\u00f6nd.<a name=\"17\"><span class=\"versanumer\">17<\/span><\/a>Og Abia og hans f\u00f3lk gj\u00f6r\u00f0u miki\u00f0 mannfall me\u00f0al \u00feeirra, og af \u00cdsrael f\u00e9llu 5 hundru\u00f0 \u00fe\u00fasund einvala str\u00ed\u00f0smenn.<a name=\"18\"><span class=\"versanumer\">18<\/span><\/a>Og svo voru \u00cdsraelssynir au\u00f0m\u00fdktir \u00e1 \u00feeim sama t\u00edma, og J\u00fadasynir ur\u00f0u voldugir, \u00fev\u00ed \u00feeir reiddu sig \u00e1 Drottin, Gu\u00f0 sinna fe\u00f0ra.<a name=\"19\"><span class=\"versanumer\">19<\/span><\/a>Og Ab\u00eda elti Jer\u00f3b\u00f3am og t\u00f3k fr\u00e1 honum borgir, Betel og hennar d\u00e6tur, Jaesana og hennar d\u00e6tur og Efron og hennar d\u00e6tur.<a name=\"20\"><span class=\"versanumer\">20<\/span><\/a>Og Jer\u00f3b\u00f3am haf\u00f0i engan kraft framar me\u00f0an Ab\u00eda lif\u00f0i, og Drottinn sl\u00f3 hann, svo hann d\u00f3.<a name=\"21\"><span class=\"versanumer\">21<\/span><\/a>En Abia efldist, og t\u00f3k s\u00e9r 14 konur og gat 22 syni og 16 d\u00e6tur.<a name=\"22\"><span class=\"versanumer\">22<\/span><\/a>En hin \u00f6nnur saga af Ab\u00eda og hans vegir, og hans saga, h\u00fan stendur skrifu\u00f0 \u00ed s\u00f6gu sp\u00e1mannsins Iddo.<\/p>\n<div class=\"footnoteVidey\">V. 5. Salts\u00e1ttm\u00e1li: heilagur \u00f3raskanlegur s\u00e1ttm\u00e1li, vi\u00f0 hv\u00f6rn salt var br\u00faka\u00f0.<\/div>\n","protected":false},"excerpt":{"rendered":"<p>Ab\u00eda r\u00edkisstj\u00f3rn. (1 Kgb. 15,1\u20138). 1\u00c1 \u00e1tj\u00e1nda \u00e1ri Jer\u00f3b\u00f3ams k\u00f3ngs var\u00f0 Abia k\u00f3ngur yfir J\u00fada.2\u00derj\u00fa \u00e1r r\u00edkti hann \u00ed Jer\u00fasalem, en nafn m\u00f3\u00f0ur hans var Mikaja, d\u00f3ttir Ur\u00edels fr\u00e1 G\u00edbea. Og \u00fear var str\u00ed\u00f0 \u00e1 milli Abia og Jer\u00f3b\u00f3ams.3Og Abia byrja\u00f0i str\u00ed\u00f0i\u00f0 me\u00f0 heilum her duglegra str\u00ed\u00f0smanna, me\u00f0 4 hundra\u00f0 \u00fe\u00fasundum einvala li\u00f0s, og Jer\u00f3b\u00f3am kom \u00e1 m\u00f3ti honum me\u00f0 8 hundru\u00f0 \u00fe\u00fasundum einvala li\u00f0s, r\u00f6skra str\u00ed\u00f0smanna.4\u00de\u00e1 gekk Abia upp \u00e1 fjalli\u00f0 Semarim, sem liggur \u00ed Efraimsfjallbygg\u00f0, og m\u00e6lti: heyri\u00f0 mig, Jer\u00f3b\u00f3am og allur \u00cdsrael!5Viti\u00f0 \u00fe\u00e9r ei, a\u00f0 Drottinn \u00cdsraels Gu\u00f0 hefir a\u00f0 eil\u00edfu gefi\u00f0 Dav\u00ed\u00f0 k\u00f3ngd\u00f3m yfir \u00cdsrael, honum <a href=\"https:\/\/biblian.is\/videy\/sidari-kronikubok-13-kafli\/\"> [&#8230;]<\/a><\/p>\n","protected":false},"author":1,"featured_media":0,"parent":0,"menu_order":0,"comment_status":"open","ping_status":"open","template":"bibliukaflar.php","meta":{"footnotes":""},"class_list":["post-21229","page","type-page","status-publish","hentry"],"_links":{"self":[{"href":"https:\/\/biblian.is\/videy\/wp-json\/wp\/v2\/pages\/21229","targetHints":{"allow":["GET"]}}],"collection":[{"href":"https:\/\/biblian.is\/videy\/wp-json\/wp\/v2\/pages"}],"about":[{"href":"https:\/\/biblian.is\/videy\/wp-json\/wp\/v2\/types\/page"}],"author":[{"embeddable":true,"href":"https:\/\/biblian.is\/videy\/wp-json\/wp\/v2\/users\/1"}],"replies":[{"embeddable":true,"href":"https:\/\/biblian.is\/videy\/wp-json\/wp\/v2\/comments?post=21229"}],"version-history":[{"count":0,"href":"https:\/\/biblian.is\/videy\/wp-json\/wp\/v2\/pages\/21229\/revisions"}],"wp:attachment":[{"href":"https:\/\/biblian.is\/videy\/wp-json\/wp\/v2\/media?parent=21229"}],"curies":[{"name":"wp","href":"https:\/\/api.w.org\/{rel}","templated":true}]}}