{"id":21228,"date":"2018-01-02T01:00:53","date_gmt":"2018-01-02T01:00:53","guid":{"rendered":"http:\/\/biblian.is\/videy\/sidari-kronikubok-12-kafli\/"},"modified":"2018-01-02T01:00:53","modified_gmt":"2018-01-02T01:00:53","slug":"sidari-kronikubok-12-kafli","status":"publish","type":"page","link":"https:\/\/biblian.is\/videy\/sidari-kronikubok-12-kafli\/","title":{"rendered":"S\u00ed\u00f0ari kron\u00edkub\u00f3k 12. kafli"},"content":{"rendered":"<div class=\"fyrirsognVidey\">Sama efni.<\/div>\n<p><a name=\"1\"><span class=\"versanumer\">1<\/span><\/a>En sem k\u00f3ngsr\u00edki R\u00f3b\u00f3ams sta\u00f0festist og efldist, yfirgaf hann Drottins l\u00f6gm\u00e1l og allur \u00cdsrael me\u00f0 honum.<a name=\"2\"><span class=\"versanumer\">2<\/span><\/a>Og \u00fea\u00f0 ske\u00f0i \u00e1 fimmta \u00e1ri R\u00f3b\u00f3ams k\u00f3ngs, a\u00f0 S\u00edsak Egyptalandsk\u00f3ngur, f\u00f3r \u00e1 m\u00f3ti Jer\u00fasalem, \u00fev\u00ed \u00feeir h\u00f6f\u00f0u broti\u00f0 m\u00f3ti Drottni,<a name=\"3\"><span class=\"versanumer\">3<\/span><\/a>me\u00f0 \u00fe\u00fasund og 2 hundru\u00f0 vagna og me\u00f0 60 \u00fe\u00fasund rei\u00f0menn; og \u00fea\u00f0 f\u00f3lk var \u00f3teljandi, sem me\u00f0 honum kom \u00far Egyptalandi, l\u00fdbiskir, S\u00fakotar og M\u00f3rlendingar,<a name=\"4\"><span class=\"versanumer\">4<\/span><\/a>og hann vann \u00fe\u00e1 f\u00f6stu sta\u00f0i, sem tilheyr\u00f0u J\u00fada, og kom allt til Jer\u00fasalem.<a name=\"5\"><span class=\"versanumer\">5<\/span><\/a>En Semaja, sp\u00e1ma\u00f0urinn, kom til R\u00f3b\u00f3ams og til h\u00f6f\u00f0ingjanna \u00ed J\u00fada, sem komnir voru til Jer\u00fasalem, af \u00f3tta fyrir S\u00edsak, og sag\u00f0i vi\u00f0 \u00fe\u00e1: svo segir Drottinn: \u00fe\u00e9r hafi\u00f0 yfirgefi\u00f0 mig, og eg hefi l\u00edka gefi\u00f0 y\u00f0ur \u00ed h\u00f6nd S\u00edsaks,<a name=\"6\"><span class=\"versanumer\">6<\/span><\/a>\u00fe\u00e1 au\u00f0m\u00fdktu \u00feeir sig, \u00cdsraels h\u00f6f\u00f0ingjar og konungurinn, og s\u00f6g\u00f0u: r\u00e9ttl\u00e1tur er Drottinn!<a name=\"7\"><span class=\"versanumer\">7<\/span><\/a>En sem Drottinn s\u00e1 a\u00f0 \u00feeir au\u00f0m\u00fdktu sig, \u00fe\u00e1 kom or\u00f0 Drottins til Semaja og sag\u00f0i: \u00feeir hafa au\u00f0m\u00fdkt sig, eg vil ekki tort\u00edna \u00feeim, og innan skamms vil eg veita \u00feeim hj\u00e1lp, og ekki skal S\u00edsak \u00fathella minni rei\u00f0i yfir Jer\u00fasalem;<a name=\"8\"><span class=\"versanumer\">8<\/span><\/a>samt skulu \u00feeir honum \u00fej\u00f3na, svo \u00feeir vi\u00f0urkenni hva\u00f0 \u00fea\u00f0 er, a\u00f0 \u00fej\u00f3na m\u00e9r og landanna k\u00f3ngsr\u00edkjum.<br \/><a name=\"9\"><span class=\"versanumer\">9<\/span><\/a>Og svo f\u00f3r Egyptalandsk\u00f3ngur, S\u00edsak, m\u00f3ti Jer\u00fasalem, og t\u00f3k fj\u00e1rsj\u00f3\u00f0u Drottins h\u00fass, og fj\u00e1rsj\u00f3\u00f0u k\u00f3ngsins h\u00fass, allt t\u00f3k hann, og hann t\u00f3k gullskildina sem Sal\u00f3mon haf\u00f0i gj\u00f6rt.<a name=\"10\"><span class=\"versanumer\">10<\/span><\/a>Og k\u00f3ngurinn R\u00f3b\u00f3am gj\u00f6r\u00f0i \u00ed \u00feeirra sta\u00f0 eirskildi, og tr\u00fa\u00f0i \u00feeim fyrir h\u00f6nd hir\u00f0manna foringjans, \u00feeirra sem v\u00f6ktu\u00f0u k\u00f3ngsins dyr.<a name=\"11\"><span class=\"versanumer\">11<\/span><\/a>Og svo oft sem konungurinn kom \u00ed Drottins h\u00fas, komu hir\u00f0mennirnir, og b\u00e1ru \u00fe\u00e1, og s\u00ed\u00f0an b\u00e1ru \u00feeir \u00fe\u00e1 aftur \u00ed herbergi hir\u00f0mannanna.<a name=\"12\"><span class=\"versanumer\">12<\/span><\/a>En \u00fe\u00e1 hann au\u00f0m\u00fdkti sig, snerist Drottins rei\u00f0i fr\u00e1 honum, svo h\u00fan tort\u00edndi honum ekki algj\u00f6rlega; l\u00edka var J\u00fada nokku\u00f0 gott.<a name=\"13\"><span class=\"versanumer\">13<\/span><\/a>Og k\u00f3ngurinn R\u00f3b\u00f3am sta\u00f0festist \u00ed Jer\u00fasalem og r\u00edkti. Hann haf\u00f0i einn um fertugt \u00fe\u00e1 hann var\u00f0 k\u00f3ngur, og 17 \u00e1r r\u00edkti hann \u00ed Jer\u00fasalem, \u00feeim sta\u00f0, sem Drottinn haf\u00f0i \u00fatvali\u00f0, til a\u00f0 geyma \u00fear sitt nafn, af \u00f6llum \u00cdsraels \u00e6ttkv\u00edslum. En m\u00f3\u00f0ir hans h\u00e9t Naama, ammonitisk.<a name=\"14\"><span class=\"versanumer\">14<\/span><\/a>Og hann a\u00f0haf\u00f0ist illt, \u00fev\u00ed hann sneri ei s\u00ednu hjarta til a\u00f0 leita Drottins.<br \/><a name=\"15\"><span class=\"versanumer\">15<\/span><\/a>En saga R\u00f3b\u00f3ams, s\u00fa fyrri og seinni, h\u00fan stendur skrifu\u00f0 \u00ed s\u00f6gu Semaja sp\u00e1manns og Iddos, sj\u00e1anda, eftir \u00e6ttart\u00f6lu\u00fe\u00e6tti. Og \u00fear var \u00e1vallt str\u00ed\u00f0 milli R\u00f3b\u00f3ams og Jer\u00f3b\u00f3ams.<a name=\"16\"><span class=\"versanumer\">16<\/span><\/a>Og R\u00f3b\u00f3am lag\u00f0ist hj\u00e1 s\u00ednum fe\u00f0rum og var grafinn \u00ed Dav\u00ed\u00f0sborg, og Ab\u00eda, hans son, var\u00f0 k\u00f3ngur \u00ed hans sta\u00f0.<\/p>\n<div class=\"footnoteVidey\"><\/div>\n","protected":false},"excerpt":{"rendered":"<p>Sama efni. 1En sem k\u00f3ngsr\u00edki R\u00f3b\u00f3ams sta\u00f0festist og efldist, yfirgaf hann Drottins l\u00f6gm\u00e1l og allur \u00cdsrael me\u00f0 honum.2Og \u00fea\u00f0 ske\u00f0i \u00e1 fimmta \u00e1ri R\u00f3b\u00f3ams k\u00f3ngs, a\u00f0 S\u00edsak Egyptalandsk\u00f3ngur, f\u00f3r \u00e1 m\u00f3ti Jer\u00fasalem, \u00fev\u00ed \u00feeir h\u00f6f\u00f0u broti\u00f0 m\u00f3ti Drottni,3me\u00f0 \u00fe\u00fasund og 2 hundru\u00f0 vagna og me\u00f0 60 \u00fe\u00fasund rei\u00f0menn; og \u00fea\u00f0 f\u00f3lk var \u00f3teljandi, sem me\u00f0 honum kom \u00far Egyptalandi, l\u00fdbiskir, S\u00fakotar og M\u00f3rlendingar,4og hann vann \u00fe\u00e1 f\u00f6stu sta\u00f0i, sem tilheyr\u00f0u J\u00fada, og kom allt til Jer\u00fasalem.5En Semaja, sp\u00e1ma\u00f0urinn, kom til R\u00f3b\u00f3ams og til h\u00f6f\u00f0ingjanna \u00ed J\u00fada, sem komnir voru til Jer\u00fasalem, af \u00f3tta fyrir S\u00edsak, og sag\u00f0i vi\u00f0 \u00fe\u00e1: svo <a href=\"https:\/\/biblian.is\/videy\/sidari-kronikubok-12-kafli\/\"> [&#8230;]<\/a><\/p>\n","protected":false},"author":1,"featured_media":0,"parent":0,"menu_order":0,"comment_status":"open","ping_status":"open","template":"bibliukaflar.php","meta":{"footnotes":""},"class_list":["post-21228","page","type-page","status-publish","hentry"],"_links":{"self":[{"href":"https:\/\/biblian.is\/videy\/wp-json\/wp\/v2\/pages\/21228","targetHints":{"allow":["GET"]}}],"collection":[{"href":"https:\/\/biblian.is\/videy\/wp-json\/wp\/v2\/pages"}],"about":[{"href":"https:\/\/biblian.is\/videy\/wp-json\/wp\/v2\/types\/page"}],"author":[{"embeddable":true,"href":"https:\/\/biblian.is\/videy\/wp-json\/wp\/v2\/users\/1"}],"replies":[{"embeddable":true,"href":"https:\/\/biblian.is\/videy\/wp-json\/wp\/v2\/comments?post=21228"}],"version-history":[{"count":0,"href":"https:\/\/biblian.is\/videy\/wp-json\/wp\/v2\/pages\/21228\/revisions"}],"wp:attachment":[{"href":"https:\/\/biblian.is\/videy\/wp-json\/wp\/v2\/media?parent=21228"}],"curies":[{"name":"wp","href":"https:\/\/api.w.org\/{rel}","templated":true}]}}