{"id":21225,"date":"2018-01-02T01:00:53","date_gmt":"2018-01-02T01:00:53","guid":{"rendered":"http:\/\/biblian.is\/videy\/sidari-kronikubok-9-kafli\/"},"modified":"2018-01-02T01:00:53","modified_gmt":"2018-01-02T01:00:53","slug":"sidari-kronikubok-9-kafli","status":"publish","type":"page","link":"https:\/\/biblian.is\/videy\/sidari-kronikubok-9-kafli\/","title":{"rendered":"S\u00ed\u00f0ari kron\u00edkub\u00f3k 9. kafli"},"content":{"rendered":"<div class=\"fyrirsognVidey\">Heims\u00f3kn Drottningarinnar af Saba. Sal\u00f3mons d\u00fdr\u00f0 og andl\u00e1t. (1 Kgb. 10,1\u201329).<\/div>\n<p><a name=\"1\"><span class=\"versanumer\">1<\/span><\/a>Og Drottningin af Saba heyr\u00f0i or\u00f0st\u00edr Sal\u00f3mons og kom til Jer\u00fasalem, til a\u00f0 reyna Sal\u00f3mon me\u00f0 g\u00e1tum, me\u00f0 miklu f\u00f6runeyti, me\u00f0 \u00falfalda er b\u00e1ru ilmjurtir og miki\u00f0 gull og d\u00fdra steina, og h\u00fan kom til Sal\u00f3mons, og tala\u00f0i vi\u00f0 hann um allt sem henni bj\u00f3 \u00ed brj\u00f3sti.<a name=\"2\"><span class=\"versanumer\">2<\/span><\/a>Og Sal\u00f3mon sag\u00f0i henni allt sem h\u00fan spur\u00f0i um; og ekkert var Sal\u00f3mon huli\u00f0 a\u00f0 hann g\u00e6ti ei sagt henni <span class='VideyAth'>(\u00fea\u00f0)<\/span>.<a name=\"3\"><span class=\"versanumer\">3<\/span><\/a>Og sem Drottningin af Saba s\u00e1 speki Sal\u00f3mons, og \u00fea\u00f0 h\u00fas er hann haf\u00f0i byggt,<a name=\"4\"><span class=\"versanumer\">4<\/span><\/a>og vistirnar \u00e1 hans bor\u00f0i og setu hans \u00fej\u00f3na og st\u00f6\u00f0u hans sveina, og \u00feeirra kl\u00e6\u00f0na\u00f0 og hans gjafir, og \u00feeirra kl\u00e6\u00f0na\u00f0 og hans sal, \u00fear menn gengu \u00ed Drottins h\u00fas, svo gat h\u00fan ekki or\u00f0a bundist,<a name=\"5\"><span class=\"versanumer\">5<\/span><\/a>og m\u00e6lti til konungsins: sannleiki var \u00fea\u00f0 tal sem eg heyr\u00f0i \u00ed m\u00ednu landi um \u00fe\u00edn efni og \u00feinn v\u00edsd\u00f3m;<a name=\"6\"><span class=\"versanumer\">6<\/span><\/a>og eg tr\u00fa\u00f0i ekki \u00feeirra tali, \u00feanga\u00f0 til eg kom og m\u00edn augu s\u00e1u; og sj\u00e1! m\u00e9r var ekki sag\u00f0ur helmingurinn af st\u00e6r\u00f0 \u00feinnar speki; \u00fe\u00fa yfirgengur \u00fea\u00f0 rikti sem eg heyr\u00f0i.<a name=\"7\"><span class=\"versanumer\">7<\/span><\/a>S\u00e6lir eru \u00fe\u00ednir menn, og s\u00e6lir eru \u00fe\u00ednir \u00fej\u00f3nar, sem \u00e6t\u00ed\u00f0 standa frammi fyrir \u00fe\u00e9r og heyra \u00fe\u00edna speki!<a name=\"8\"><span class=\"versanumer\">8<\/span><\/a>Lofa\u00f0ur s\u00e9 Drottinn \u00feinn Gu\u00f0, sem unni \u00fe\u00e9r svo a\u00f0 hann setti \u00feig \u00ed sitt h\u00e1s\u00e6ti sem konung fyrir Drottni \u00fe\u00ednum Gu\u00f0i. Af \u00fev\u00ed Gu\u00f0 elskar \u00cdsrael, til a\u00f0 vi\u00f0halda honum eil\u00edflega, setti hann \u00feig konung yfir \u00fe\u00e1, a\u00f0 \u00fe\u00fa i\u00f0kir r\u00e9ttindi og r\u00e9ttv\u00edsi.<br \/><a name=\"9\"><span class=\"versanumer\">9<\/span><\/a>Og h\u00fan gaf konunginum 120 v\u00e6ttir gulls og miki\u00f0 af ilmjurtum og d\u00fdra steina; og aldrei hefir s\u00e9st svo miki\u00f0 af ilmjurtum sem drottningin af Saba gaf Sal\u00f3moni k\u00f3ngi.<a name=\"10\"><span class=\"versanumer\">10<\/span><\/a><span class='VideyAth'>(Og l\u00edka komu \u00fej\u00f3nar H\u00farams og \u00fej\u00f3nar Sal\u00f3mons sem s\u00f3ttu gull til Of\u00edr, me\u00f0 rau\u00f0avi\u00f0 og d\u00fdra steina.<\/span><a name=\"11\"><span class=\"versanumer\">11<\/span><\/a><span class='VideyAth'>Og k\u00f3ngur gj\u00f6r\u00f0i \u00far rau\u00f0avi\u00f0num stiga \u00ed Drottins h\u00fasi og \u00ed k\u00f3ngsins h\u00fasi, l\u00edka hlj\u00f3\u00f0f\u00e6ri og h\u00f6rpur fyrir s\u00f6ngvarana og sl\u00edkt haf\u00f0i ekki \u00e1\u00f0ur s\u00e9st \u00ed J\u00fadalandi)<\/span>.<a name=\"12\"><span class=\"versanumer\">12<\/span><\/a>Og Sal\u00f3mon k\u00f3ngur gaf drottningunni af Saba alla hennar eftirl\u00f6ngun, hva\u00f0 sem h\u00fan girntist, auk \u00feess <span class='VideyAth'>(sem hann gaf fyrir)<\/span> \u00fea\u00f0 er h\u00fan haf\u00f0i f\u00e6rt k\u00f3nginum. Og h\u00fan sneri heim aftur og f\u00f3r \u00ed sitt land, h\u00fan og hennar \u00fej\u00f3nar.<br \/><a name=\"13\"><span class=\"versanumer\">13<\/span><\/a>Og \u00feyngd \u00feess gulls sem Sal\u00f3mon f\u00e9kk \u00e1rlega, var 6 hundru\u00f0 66 v\u00e6ttir gulls,<a name=\"14\"><span class=\"versanumer\">14<\/span><\/a>auk \u00feess sem kom fr\u00e1 kr\u00f6murum og kaupmenn fluttu, og allir k\u00f3ngar \u00ed Arab\u00edu og l\u00e9nsmenn \u00ed landinu f\u00e6r\u00f0u Sal\u00f3moni gull og silfur.<a name=\"15\"><span class=\"versanumer\">15<\/span><\/a>Og Sal\u00f3mon k\u00f3ngur gj\u00f6r\u00f0i 2 hundru\u00f0 skildi af drifnu gulli, 6 hundru\u00f0 siklar af drifnu gulli gengu til a\u00f0 kl\u00e6\u00f0a hv\u00f6rn skj\u00f6ld,<a name=\"16\"><span class=\"versanumer\">16<\/span><\/a>og 3 hundru\u00f0 buklara, af drifnu gulli, me\u00f0 \u00ferem hundru\u00f0 siklum gulls kl\u00e6ddi hann hv\u00f6rn buklara, og k\u00f3ngur lag\u00f0i \u00fe\u00e1 \u00ed L\u00edbanons sk\u00f3garh\u00fas.<a name=\"17\"><span class=\"versanumer\">17<\/span><\/a>Konungurinn gj\u00f6r\u00f0i og miki\u00f0 h\u00e1s\u00e6ti af f\u00edlabeini og bj\u00f3 \u00fea\u00f0 me\u00f0 sk\u00edru gulli.<a name=\"18\"><span class=\"versanumer\">18<\/span><\/a>6 stig voru upp \u00ed h\u00e1s\u00e6ti\u00f0 og sk\u00f6r af gulli var fest vi\u00f0 h\u00e1s\u00e6ti\u00f0, og br\u00edkur v\u00f3ru beggjamegin vi\u00f0 s\u00e6ti\u00f0 og tv\u00f6 lj\u00f3n st\u00f3\u00f0u hj\u00e1 br\u00edkunum<a name=\"19\"><span class=\"versanumer\">19<\/span><\/a>og 6 lj\u00f3n st\u00f3\u00f0u \u00e1 \u00feeim 6 tr\u00f6ppum til beggja hli\u00f0a; sl\u00edkt hefir ekki gj\u00f6rt veri\u00f0 \u00ed nokkru k\u00f3ngsr\u00edki.<a name=\"20\"><span class=\"versanumer\">20<\/span><\/a>\u00d6ll drykkjuker Sal\u00f3mons k\u00f3ngs voru af gulli, og \u00f6ll h\u00fasg\u00f6gn \u00ed L\u00edbanons sk\u00f3garh\u00fasi, voru af d\u00fdru gulli; silfur var einkis meti\u00f0 \u00e1 d\u00f6gum Sal\u00f3mons;<a name=\"21\"><span class=\"versanumer\">21<\/span><\/a>\u00fev\u00ed skip k\u00f3ngsins f\u00f3ru til Tarsis me\u00f0 \u00fe\u00e9nurum H\u00farams; einu sinni \u00e1 \u00feremur \u00e1rum komu Tarsusskipin og fluttu gull og silfur, f\u00edlabein og apaketti og p\u00e1fugla.<a name=\"22\"><span class=\"versanumer\">22<\/span><\/a>Og Sal\u00f3mon k\u00f3ngur var meiri en allir k\u00f3ngar jar\u00f0arinnar a\u00f0 au\u00f0leg\u00f0 og visku;<a name=\"23\"><span class=\"versanumer\">23<\/span><\/a>og allir k\u00f3ngar jar\u00f0arinnar s\u00f3ttust eftir a\u00f0 sj\u00e1 andlit Sal\u00f3mons til a\u00f0 heyra hans speki, \u00fe\u00e1 sem Gu\u00f0 haf\u00f0i gefi\u00f0 hans hjarta.<a name=\"24\"><span class=\"versanumer\">24<\/span><\/a>Og \u00feeir komu, hv\u00f6r einn me\u00f0 s\u00edna g\u00e1fu, silfur og gull, gripi og kl\u00e6\u00f0i, vopn og ilmjurtir, hesta og m\u00falasna, \u00fea\u00f0 \u00e1rlega \u00e1 \u00e1ri.<a name=\"25\"><span class=\"versanumer\">25<\/span><\/a>Og Sal\u00f3mon k\u00f3ngur haf\u00f0i 4 \u00fe\u00fasund h\u00fas fyrir hesta og vagna og 12 \u00fe\u00fasund rei\u00f0menn, og hann l\u00e9t \u00fe\u00e1 vera \u00ed vagnst\u00f6\u00f0unum og hj\u00e1 konunginum \u00ed Jer\u00fasalem.<a name=\"26\"><span class=\"versanumer\">26<\/span><\/a>Og hann drottna\u00f0i yfir \u00f6llum k\u00f3ngum fr\u00e1 \u00e1nni allt til lands Filisteanna og til \u00feeirra egypsku landamerkja.<a name=\"27\"><span class=\"versanumer\">27<\/span><\/a>Og k\u00f3ngurinn gj\u00f6r\u00f0i silfri\u00f0 \u00ed Jer\u00fasalem jafnt grj\u00f3ti og sedrusvi\u00f0 gj\u00f6r\u00f0i hann jafnan m\u00f3rberjavi\u00f0, sem vex \u00e1 l\u00e1glendi, a\u00f0 v\u00f6xtum.<a name=\"28\"><span class=\"versanumer\">28<\/span><\/a>Og menn f\u00e6r\u00f0u Sal\u00f3mon hesta \u00far Egyptalandi og \u00far \u00f6llum l\u00f6ndum. <br \/><a name=\"29\"><span class=\"versanumer\">29<\/span><\/a>En meiri saga Sal\u00f3mons, s\u00fa fyrsta og seinasta, h\u00fan stendur skrifu\u00f0 \u00ed s\u00f6gu Natans sp\u00e1manns, og \u00ed sp\u00e1d\u00f3mum Ahia, Silon\u00edtans, og \u00ed sj\u00f3num Jedos sj\u00e1anda, vi\u00f0v\u00edkjandi Jerob\u00f3am syni Nebats.<a name=\"30\"><span class=\"versanumer\">30<\/span><\/a>Og Sal\u00f3mon r\u00edkti \u00ed Jer\u00fasalem yfir \u00f6llum \u00cdsrael \u00ed 40 \u00e1r.<a name=\"31\"><span class=\"versanumer\">31<\/span><\/a>Og Sal\u00f3mon lag\u00f0ist hj\u00e1 s\u00ednum fe\u00f0rum og menn j\u00f6r\u00f0u\u00f0u hann \u00ed borg Dav\u00ed\u00f0s, f\u00f6\u00f0ur hans, og R\u00f3b\u00f3am hans son var\u00f0 k\u00f3ngur \u00ed hans sta\u00f0.<\/p>\n<div class=\"footnoteVidey\">V. 27. Jafnt grj\u00f3ti. \u00dea\u00f0 \u00fe\u00f3tti ei meir koma til silfurs en grj\u00f3ts.<\/div>\n","protected":false},"excerpt":{"rendered":"<p>Heims\u00f3kn Drottningarinnar af Saba. Sal\u00f3mons d\u00fdr\u00f0 og andl\u00e1t. (1 Kgb. 10,1\u201329). 1Og Drottningin af Saba heyr\u00f0i or\u00f0st\u00edr Sal\u00f3mons og kom til Jer\u00fasalem, til a\u00f0 reyna Sal\u00f3mon me\u00f0 g\u00e1tum, me\u00f0 miklu f\u00f6runeyti, me\u00f0 \u00falfalda er b\u00e1ru ilmjurtir og miki\u00f0 gull og d\u00fdra steina, og h\u00fan kom til Sal\u00f3mons, og tala\u00f0i vi\u00f0 hann um allt sem henni bj\u00f3 \u00ed brj\u00f3sti.2Og Sal\u00f3mon sag\u00f0i henni allt sem h\u00fan spur\u00f0i um; og ekkert var Sal\u00f3mon huli\u00f0 a\u00f0 hann g\u00e6ti ei sagt henni (\u00fea\u00f0).3Og sem Drottningin af Saba s\u00e1 speki Sal\u00f3mons, og \u00fea\u00f0 h\u00fas er hann haf\u00f0i byggt,4og vistirnar \u00e1 hans bor\u00f0i og setu hans \u00fej\u00f3na <a href=\"https:\/\/biblian.is\/videy\/sidari-kronikubok-9-kafli\/\"> [&#8230;]<\/a><\/p>\n","protected":false},"author":1,"featured_media":0,"parent":0,"menu_order":0,"comment_status":"open","ping_status":"open","template":"bibliukaflar.php","meta":{"footnotes":""},"class_list":["post-21225","page","type-page","status-publish","hentry"],"_links":{"self":[{"href":"https:\/\/biblian.is\/videy\/wp-json\/wp\/v2\/pages\/21225","targetHints":{"allow":["GET"]}}],"collection":[{"href":"https:\/\/biblian.is\/videy\/wp-json\/wp\/v2\/pages"}],"about":[{"href":"https:\/\/biblian.is\/videy\/wp-json\/wp\/v2\/types\/page"}],"author":[{"embeddable":true,"href":"https:\/\/biblian.is\/videy\/wp-json\/wp\/v2\/users\/1"}],"replies":[{"embeddable":true,"href":"https:\/\/biblian.is\/videy\/wp-json\/wp\/v2\/comments?post=21225"}],"version-history":[{"count":0,"href":"https:\/\/biblian.is\/videy\/wp-json\/wp\/v2\/pages\/21225\/revisions"}],"wp:attachment":[{"href":"https:\/\/biblian.is\/videy\/wp-json\/wp\/v2\/media?parent=21225"}],"curies":[{"name":"wp","href":"https:\/\/api.w.org\/{rel}","templated":true}]}}