{"id":21224,"date":"2018-01-02T01:00:53","date_gmt":"2018-01-02T01:00:53","guid":{"rendered":"http:\/\/biblian.is\/videy\/sidari-kronikubok-8-kafli\/"},"modified":"2018-01-02T01:00:53","modified_gmt":"2018-01-02T01:00:53","slug":"sidari-kronikubok-8-kafli","status":"publish","type":"page","link":"https:\/\/biblian.is\/videy\/sidari-kronikubok-8-kafli\/","title":{"rendered":"S\u00ed\u00f0ari kron\u00edkub\u00f3k 8. kafli"},"content":{"rendered":"<div class=\"fyrirsognVidey\">Sal\u00f3mon byggir borg. Heimtar kva\u00f0ir. L\u00e6tur sigla til Of\u00edr. (1 Kgb. 9,10\u201328).<\/div>\n<p><a name=\"1\"><span class=\"versanumer\">1<\/span><\/a>Og \u00fea\u00f0 ske\u00f0i eftir li\u00f0in 20 \u00e1r, \u00fe\u00e1 Sal\u00f3mon haf\u00f0i byggt Drottins h\u00fas og sitt h\u00fas,<a name=\"2\"><span class=\"versanumer\">2<\/span><\/a>a\u00f0 hann bygg\u00f0i \u00fe\u00e1 sta\u00f0i sem H\u00faram haf\u00f0i gefi\u00f0 Sal\u00f3mon, og gaf \u00fear b\u00fasta\u00f0i \u00cdsraelssonum.<a name=\"3\"><span class=\"versanumer\">3<\/span><\/a>Og Sal\u00f3mon f\u00f3r til Hemat \u00ed S\u00f3ba, og vann <span class='VideyAth'>(borgina)<\/span>.<a name=\"4\"><span class=\"versanumer\">4<\/span><\/a>Og hann bygg\u00f0i Tadmor \u00ed ey\u00f0im\u00f6rkinni, og alla vista sta\u00f0ina, sem hann bygg\u00f0i \u00ed Hemat.<a name=\"5\"><span class=\"versanumer\">5<\/span><\/a>Og hann bygg\u00f0i Bet\u00f3ron \u00feann efri og Bet\u00f3ron hinn ne\u00f0ri, fasta sta\u00f0i me\u00f0 m\u00farum, hur\u00f0um og slagbr\u00f6ndum,<a name=\"6\"><span class=\"versanumer\">6<\/span><\/a>og Baelat, og alla vista sta\u00f0ina, sem Sal\u00f3mon haf\u00f0i, og vagnsta\u00f0ina, og rei\u00f0mannasta\u00f0ina, og allt sem Sal\u00f3mon langa\u00f0i til a\u00f0 byggja \u00ed Jer\u00fasalem og \u00e1 L\u00edbanon og \u00ed \u00f6llu landi s\u00edns herrad\u00e6mis.<a name=\"7\"><span class=\"versanumer\">7<\/span><\/a>Allt \u00fea\u00f0 f\u00f3lk sem eftir var or\u00f0i\u00f0 af Het\u00edtum og Amor\u00edtum og Feres\u00edtum og Hev\u00edtum og Jeb\u00fas\u00edtum, sem ekki voru af \u00cdsraelssonum,<a name=\"8\"><span class=\"versanumer\">8<\/span><\/a>af \u00feeirra sonum sem ur\u00f0u eftir \u00ed landinu, eftir \u00fe\u00e1, sem \u00cdsraelssynir ekki afm\u00e1\u00f0u, \u00fe\u00e1 t\u00f3k Sal\u00f3mon til skyldu vinnu allt til \u00feessa dags.<a name=\"9\"><span class=\"versanumer\">9<\/span><\/a>En af \u00cdsraelssonum gj\u00f6r\u00f0i Sal\u00f3mon enga \u00fer\u00e6la til sinnar vinnu, \u00fev\u00ed \u00feeir voru str\u00ed\u00f0smenn, og foringjar fyrir hans vagnli\u00f0i, og foringjar fyrir hans v\u00f6gnum og riddarali\u00f0i.<a name=\"10\"><span class=\"versanumer\">10<\/span><\/a>Og \u00feetta eru yfirumsj\u00f3narmenn <span class='VideyAth'>(yfir verkinu)<\/span> Sal\u00f3mons k\u00f3ngs: 2 hundru\u00f0 og 50, sem h\u00f6f\u00f0u vald yfir f\u00f3lkinu.<a name=\"11\"><span class=\"versanumer\">11<\/span><\/a>Og fara\u00f3s d\u00f3ttur flutti Sal\u00f3mon k\u00f3ngur \u00far Dav\u00ed\u00f0s borg inn \u00ed h\u00fasi\u00f0 sem hann haf\u00f0i byggt henni, \u00fev\u00ed hann sag\u00f0i: engin kona skal b\u00faa \u00ed h\u00fasi Dav\u00ed\u00f0s \u00cdsraelskonungs; \u00fev\u00ed heilagt er \u00fea\u00f0, sem \u00f6rk Drottins hefur inn \u00ed komi\u00f0. <br \/><a name=\"12\"><span class=\"versanumer\">12<\/span><\/a>Eftir \u00fea\u00f0 offra\u00f0i Sal\u00f3mon Drottni brennif\u00f3rnum \u00e1 Drottins altari er hann haf\u00f0i byggt fyrir framan framh\u00fasi\u00f0.<a name=\"13\"><span class=\"versanumer\">13<\/span><\/a>\u00dev\u00ed dagsdaglega offra\u00f0i hann eftir bo\u00f0or\u00f0um M\u00f3sis, \u00e1 hv\u00edldard\u00f6gunum, \u00e1 tunglkomud\u00f6gunum og h\u00e1t\u00ed\u00f0unum, \u00ferisvar \u00e1 \u00e1ri, \u00e1 h\u00e1t\u00ed\u00f0 \u00feess \u00f3s\u00fdr\u00f0a brau\u00f0s og \u00e1 vikuh\u00e1t\u00ed\u00f0inni og \u00e1 laufsk\u00e1lah\u00e1t\u00ed\u00f0inni.<a name=\"14\"><span class=\"versanumer\">14<\/span><\/a>Og hann tilsetti eftir ni\u00f0urskipun f\u00f6\u00f0ur s\u00edns Dav\u00ed\u00f0s, prestaflokkana til \u00feeirra \u00fej\u00f3nustu, og Lev\u00edtana til \u00feeirra starfa til a\u00f0 syngja lof og \u00fe\u00e9na a\u00f0 \u00fev\u00ed dags daglega fyrir prestanna augs\u00fdn, og dyraver\u00f0ina eftir \u00feeirra flokkum \u00ed hv\u00f6rjum dyrum.<a name=\"15\"><span class=\"versanumer\">15<\/span><\/a>Og menn viku ekki fr\u00e1 bo\u00f0or\u00f0um k\u00f3ngsins um prestana og Lev\u00edtana vi\u00f0v\u00edkjandi nokkru sem helst m\u00e1lefni, og vi\u00f0v\u00edkjandi fj\u00e1rsj\u00f3\u00f0unum.<a name=\"16\"><span class=\"versanumer\">16<\/span><\/a>Og svo var undirb\u00fai\u00f0 allt Sal\u00f3mons verk, allt til \u00feessa dags, a\u00f0 grundv\u00f6llur Drottins h\u00fass var lag\u00f0ur, og til \u00feess \u00fea\u00f0 var fullgj\u00f6rt, \u00feanga\u00f0 til h\u00fas Drottins var a\u00f0 \u00f6llu b\u00fai\u00f0.<a name=\"17\"><span class=\"versanumer\">17<\/span><\/a>\u00de\u00e1 f\u00f3r Sal\u00f3mon k\u00f3ngur til Eseon-Geber og til Elot vi\u00f0 strendur hafsins \u00ed Edomslandi.<a name=\"18\"><span class=\"versanumer\">18<\/span><\/a>Og H\u00faram k\u00f3ngur sendi honum skip me\u00f0 s\u00ednum \u00fej\u00f3num, og \u00fej\u00f3na sem kunnu til sj\u00e1var, og \u00feeir komu me\u00f0 Sal\u00f3mons \u00fej\u00f3num til Of\u00edr og \u00feeir s\u00f3ttu \u00feanga\u00f0 4 hundru\u00f0 og 50 v\u00e6ttir gulls, og f\u00e6r\u00f0u Sal\u00f3mon k\u00f3ngi.<\/p>\n<div class=\"footnoteVidey\"><\/div>\n","protected":false},"excerpt":{"rendered":"<p>Sal\u00f3mon byggir borg. Heimtar kva\u00f0ir. L\u00e6tur sigla til Of\u00edr. (1 Kgb. 9,10\u201328). 1Og \u00fea\u00f0 ske\u00f0i eftir li\u00f0in 20 \u00e1r, \u00fe\u00e1 Sal\u00f3mon haf\u00f0i byggt Drottins h\u00fas og sitt h\u00fas,2a\u00f0 hann bygg\u00f0i \u00fe\u00e1 sta\u00f0i sem H\u00faram haf\u00f0i gefi\u00f0 Sal\u00f3mon, og gaf \u00fear b\u00fasta\u00f0i \u00cdsraelssonum.3Og Sal\u00f3mon f\u00f3r til Hemat \u00ed S\u00f3ba, og vann (borgina).4Og hann bygg\u00f0i Tadmor \u00ed ey\u00f0im\u00f6rkinni, og alla vista sta\u00f0ina, sem hann bygg\u00f0i \u00ed Hemat.5Og hann bygg\u00f0i Bet\u00f3ron \u00feann efri og Bet\u00f3ron hinn ne\u00f0ri, fasta sta\u00f0i me\u00f0 m\u00farum, hur\u00f0um og slagbr\u00f6ndum,6og Baelat, og alla vista sta\u00f0ina, sem Sal\u00f3mon haf\u00f0i, og vagnsta\u00f0ina, og rei\u00f0mannasta\u00f0ina, og allt sem Sal\u00f3mon langa\u00f0i til a\u00f0 <a href=\"https:\/\/biblian.is\/videy\/sidari-kronikubok-8-kafli\/\"> [&#8230;]<\/a><\/p>\n","protected":false},"author":1,"featured_media":0,"parent":0,"menu_order":0,"comment_status":"open","ping_status":"open","template":"bibliukaflar.php","meta":{"footnotes":""},"class_list":["post-21224","page","type-page","status-publish","hentry"],"_links":{"self":[{"href":"https:\/\/biblian.is\/videy\/wp-json\/wp\/v2\/pages\/21224","targetHints":{"allow":["GET"]}}],"collection":[{"href":"https:\/\/biblian.is\/videy\/wp-json\/wp\/v2\/pages"}],"about":[{"href":"https:\/\/biblian.is\/videy\/wp-json\/wp\/v2\/types\/page"}],"author":[{"embeddable":true,"href":"https:\/\/biblian.is\/videy\/wp-json\/wp\/v2\/users\/1"}],"replies":[{"embeddable":true,"href":"https:\/\/biblian.is\/videy\/wp-json\/wp\/v2\/comments?post=21224"}],"version-history":[{"count":0,"href":"https:\/\/biblian.is\/videy\/wp-json\/wp\/v2\/pages\/21224\/revisions"}],"wp:attachment":[{"href":"https:\/\/biblian.is\/videy\/wp-json\/wp\/v2\/media?parent=21224"}],"curies":[{"name":"wp","href":"https:\/\/api.w.org\/{rel}","templated":true}]}}