{"id":21223,"date":"2018-01-02T01:00:53","date_gmt":"2018-01-02T01:00:53","guid":{"rendered":"http:\/\/biblian.is\/videy\/sidari-kronikubok-7-kafli\/"},"modified":"2018-01-02T01:00:53","modified_gmt":"2018-01-02T01:00:53","slug":"sidari-kronikubok-7-kafli","status":"publish","type":"page","link":"https:\/\/biblian.is\/videy\/sidari-kronikubok-7-kafli\/","title":{"rendered":"S\u00ed\u00f0ari kron\u00edkub\u00f3k 7. kafli"},"content":{"rendered":"<div class=\"fyrirsognVidey\">F\u00f3rnf\u00e6ringar. Laufsk\u00e1lah\u00e1t\u00ed\u00f0in. Gu\u00f0 birtist Sal\u00f3mon. (1 Kgb. 9,1\u20139).<\/div>\n<p><a name=\"1\"><span class=\"versanumer\">1<\/span><\/a>En er Sal\u00f3mon haf\u00f0i enda\u00f0 b\u00e6nina, f\u00e9ll eldur af himni og eyddi brennif\u00f3rninni og sl\u00e1turf\u00f3rninni, og d\u00fdr\u00f0 Drottins uppfyllti h\u00fasi\u00f0;<a name=\"2\"><span class=\"versanumer\">2<\/span><\/a>Og prestarnir g\u00e1tu ei gengi\u00f0 um Drottins h\u00fas, \u00fev\u00ed d\u00fdr\u00f0 Drottins uppfyllti Drottins h\u00fas.<a name=\"3\"><span class=\"versanumer\">3<\/span><\/a>Og allir \u00cdsraelssynir s\u00e1u hv\u00f6rsu eldurinn og d\u00fdr\u00f0 Drottins kom ni\u00f0ur yfir h\u00fasi\u00f0, og beyg\u00f0u sig me\u00f0 andliti\u00f0 til jar\u00f0ar ni\u00f0ur \u00e1 g\u00f3lfi\u00f0, og tilb\u00e1\u00f0u og \u00fe\u00f6kku\u00f0u Drottni a\u00f0 hann v\u00e6ri g\u00f3\u00f0gjarn og hans n\u00e1\u00f0 eil\u00edf.<a name=\"4\"><span class=\"versanumer\">4<\/span><\/a>Og k\u00f3ngurinn og allt f\u00f3lki\u00f0 f\u00e6r\u00f0u Drottni f\u00f3rnir.<a name=\"5\"><span class=\"versanumer\">5<\/span><\/a>Og Sal\u00f3mon k\u00f3ngur offra\u00f0i 22 \u00fe\u00fasundum nauta og hundra\u00f0 og 20 \u00fe\u00fasundum sau\u00f0a, og svo v\u00edg\u00f0i konungurinn og allt f\u00f3lki\u00f0 Gu\u00f0s h\u00fas.<a name=\"6\"><span class=\"versanumer\">6<\/span><\/a>Og prestarnir st\u00f3\u00f0u a\u00f0 s\u00ednum st\u00f6rfum og Lev\u00edtarnir me\u00f0 hlj\u00f3\u00f0f\u00e6rum Drottins, sem Dav\u00ed\u00f0 konungur haf\u00f0i gj\u00f6rt, til a\u00f0 \u00feakka Drottni, a\u00f0 hans n\u00e1\u00f0 v\u00e6ri eil\u00edf, \u00feegar Dav\u00ed\u00f0 me\u00f0 \u00feeim s\u00f6ng <span class='VideyAth'>(Drottni)<\/span> lof; og prestarnir bl\u00e9su \u00ed b\u00e1s\u00fanur gagnvart \u00feeim, og allur \u00cdsrael st\u00f3\u00f0 <span class='VideyAth'>(\u00fear)<\/span>.<a name=\"7\"><span class=\"versanumer\">7<\/span><\/a>Og Sal\u00f3mon helga\u00f0i forgar\u00f0inn fyrir framan Drottins h\u00fas; \u00fev\u00ed \u00fear offra\u00f0i hann brennif\u00f3rnunum og \u00feakkarf\u00f3rnanna fitu; \u00fev\u00ed eiraltari\u00f0 sem Sal\u00f3mon gj\u00f6r\u00f0i, gat ekki r\u00fama\u00f0 brennif\u00f3rnirnar og matoffri\u00f0 og fituna.<a name=\"8\"><span class=\"versanumer\">8<\/span><\/a>Og svo h\u00e9lt Sal\u00f3mon \u00e1 sama t\u00edma h\u00e1t\u00ed\u00f0ina \u00ed 7 daga, og allur \u00cdsrael me\u00f0 honum, mikill s\u00f6fnu\u00f0ur, fr\u00e1 Hemat til Egyptalandsl\u00e6kjar.<a name=\"9\"><span class=\"versanumer\">9<\/span><\/a>Og \u00e1 \u00e1ttunda deginum h\u00e9ldu \u00feeir h\u00e1t\u00ed\u00f0lega samkomu; \u00fev\u00ed v\u00edgslu altarisins h\u00e9ldu \u00feeir \u00ed 7 daga, og h\u00e1t\u00ed\u00f0ina \u00ed 7 daga.<a name=\"10\"><span class=\"versanumer\">10<\/span><\/a>Og \u00e1 tuttugasta og \u00feri\u00f0ja degi \u00ed sj\u00f6unda m\u00e1nu\u00f0i l\u00e9t hann f\u00f3lki\u00f0 fr\u00e1 s\u00e9r heim fara, gla\u00f0v\u00e6rt og \u00ed g\u00f3\u00f0u skapi, sakir alls \u00feess g\u00f3\u00f0s sem Drottinn haf\u00f0i l\u00e1ti\u00f0 \u00ed t\u00e9 vi\u00f0 Dav\u00ed\u00f0 og Sal\u00f3mon og sitt f\u00f3lk \u00cdsrael.<br \/><a name=\"11\"><span class=\"versanumer\">11<\/span><\/a>Og svo fullgj\u00f6r\u00f0i Sal\u00f3mon Drottins h\u00fas og sitt h\u00fas; og allt sem Sal\u00f3mon haf\u00f0i komi\u00f0 \u00ed hug a\u00f0 gj\u00f6ra \u00ed Drottins h\u00fasi og s\u00ednu h\u00fasi, \u00fea\u00f0 lukka\u00f0ist.<a name=\"12\"><span class=\"versanumer\">12<\/span><\/a>\u00de\u00e1 birtist Drottinn Sal\u00f3mon um n\u00f3ttina og m\u00e6lti til hans: Eg hefi heyrt \u00fe\u00edna b\u00e6n og vali\u00f0 m\u00e9r \u00feenna sta\u00f0, fyrir f\u00f3rnf\u00e6ringa h\u00fas.<a name=\"13\"><span class=\"versanumer\">13<\/span><\/a>\u00deegar eg l\u00e6si himninum, og ekkert regn kemur, og \u00feegar eg b\u00fd\u00f0 engisprettum a\u00f0 uppeta landi\u00f0, og eg sendi dreps\u00f3tt yfir mitt f\u00f3lk;<a name=\"14\"><span class=\"versanumer\">14<\/span><\/a>Og mitt f\u00f3lk au\u00f0m\u00fdkir sig, \u00fea\u00f0 sem nefnt er eftir m\u00ednu nafni, og \u00feeir bi\u00f0ja og leita m\u00edns auglitis, og sn\u00faa s\u00e9r fr\u00e1 s\u00ednum vondu vegum: svo vil eg heyra \u00ed himninum og fyrirgefa \u00feeirra syndir og l\u00e6kna <span class='VideyAth'>(gj\u00f6ra jafngott)<\/span> \u00feeirra land.<a name=\"15\"><span class=\"versanumer\">15<\/span><\/a>N\u00fa skulu m\u00edn augu opin vera og m\u00edn eyru gefa gaum b\u00e6num \u00e1 \u00feessum sta\u00f0.<a name=\"16\"><span class=\"versanumer\">16<\/span><\/a>Og n\u00fa hefi eg \u00fatvali\u00f0 og helga\u00f0 \u00feetta h\u00fas, a\u00f0 mitt nafn s\u00e9 \u00fear a\u00f0 eil\u00edfu, og m\u00edn augu og mitt hjarta skal \u00e1vallt vera \u00fear.<a name=\"17\"><span class=\"versanumer\">17<\/span><\/a>Og ef \u00fe\u00fa gengur fyrir m\u00e9r, eins og Dav\u00ed\u00f0, fa\u00f0ir \u00feinn, gekk, svo a\u00f0 \u00fe\u00fa breytir algj\u00f6rlega eins og eg b\u00fd\u00f0 \u00fe\u00e9r, og haldir m\u00edna setninga og r\u00e9ttindi:<a name=\"18\"><span class=\"versanumer\">18<\/span><\/a>svo vil eg sta\u00f0festa h\u00e1s\u00e6ti \u00fe\u00edns konungd\u00f3ms, eins og eg h\u00e9t f\u00f6\u00f0ur \u00fe\u00ednum Dav\u00ed\u00f0, \u00fe\u00e1 eg sag\u00f0i: \u00feig skal ekki vanta mann sem drottni yfir \u00cdsrael.<a name=\"19\"><span class=\"versanumer\">19<\/span><\/a>En ef \u00fe\u00e9r falli\u00f0 fr\u00e1, og yfirgefi\u00f0 m\u00edna setninga og bo\u00f0or\u00f0, sem eg hefi lagt fyrir y\u00f0ur, og fari\u00f0 og \u00fej\u00f3ni\u00f0 \u00f6\u00f0rum gu\u00f0um og tilbi\u00f0ji\u00f0 \u00fe\u00e1:<a name=\"20\"><span class=\"versanumer\">20<\/span><\/a>svo mun eg r\u00edfa \u00fe\u00e1 burt \u00far m\u00ednu landi sem eg gaf \u00feeim, og eg mun burtsnara fr\u00e1 m\u00ednu augliti \u00feessu h\u00fasi, sem eg hefi helga\u00f0 m\u00ednu nafni, og mun gj\u00f6ra \u00fea\u00f0 a\u00f0 or\u00f0t\u00e6ki og skopr\u00e6\u00f0u me\u00f0al allra \u00fej\u00f3\u00f0a.<a name=\"21\"><span class=\"versanumer\">21<\/span><\/a>Og hv\u00f6rjum sem gengur framhj\u00e1 \u00feessu h\u00fasi, sem var svo h\u00e1tt, mun ofbj\u00f3\u00f0a og segja: \u00fev\u00ed hefir Drottinn svona fari\u00f0 me\u00f0 \u00feetta land og \u00feetta h\u00fas.<a name=\"22\"><span class=\"versanumer\">22<\/span><\/a>Og menn munu segja: af \u00fev\u00ed a\u00f0 \u00feeir yfirg\u00e1fu Drottin, Gu\u00f0 fe\u00f0ra sinna, sem flutti \u00fe\u00e1 burt \u00far Egyptalandi, og gripu til annarra gu\u00f0a og tilb\u00e1\u00f0u \u00fe\u00e1 og \u00fej\u00f3nu\u00f0u \u00feeim; \u00feess vegna hefir hann leitt yfir \u00fe\u00e1 alla \u00feessa \u00f3lukku.<\/p>\n<div class=\"footnoteVidey\"><\/div>\n","protected":false},"excerpt":{"rendered":"<p>F\u00f3rnf\u00e6ringar. Laufsk\u00e1lah\u00e1t\u00ed\u00f0in. Gu\u00f0 birtist Sal\u00f3mon. (1 Kgb. 9,1\u20139). 1En er Sal\u00f3mon haf\u00f0i enda\u00f0 b\u00e6nina, f\u00e9ll eldur af himni og eyddi brennif\u00f3rninni og sl\u00e1turf\u00f3rninni, og d\u00fdr\u00f0 Drottins uppfyllti h\u00fasi\u00f0;2Og prestarnir g\u00e1tu ei gengi\u00f0 um Drottins h\u00fas, \u00fev\u00ed d\u00fdr\u00f0 Drottins uppfyllti Drottins h\u00fas.3Og allir \u00cdsraelssynir s\u00e1u hv\u00f6rsu eldurinn og d\u00fdr\u00f0 Drottins kom ni\u00f0ur yfir h\u00fasi\u00f0, og beyg\u00f0u sig me\u00f0 andliti\u00f0 til jar\u00f0ar ni\u00f0ur \u00e1 g\u00f3lfi\u00f0, og tilb\u00e1\u00f0u og \u00fe\u00f6kku\u00f0u Drottni a\u00f0 hann v\u00e6ri g\u00f3\u00f0gjarn og hans n\u00e1\u00f0 eil\u00edf.4Og k\u00f3ngurinn og allt f\u00f3lki\u00f0 f\u00e6r\u00f0u Drottni f\u00f3rnir.5Og Sal\u00f3mon k\u00f3ngur offra\u00f0i 22 \u00fe\u00fasundum nauta og hundra\u00f0 og 20 \u00fe\u00fasundum sau\u00f0a, og svo v\u00edg\u00f0i konungurinn og <a href=\"https:\/\/biblian.is\/videy\/sidari-kronikubok-7-kafli\/\"> [&#8230;]<\/a><\/p>\n","protected":false},"author":1,"featured_media":0,"parent":0,"menu_order":0,"comment_status":"open","ping_status":"open","template":"bibliukaflar.php","meta":{"footnotes":""},"class_list":["post-21223","page","type-page","status-publish","hentry"],"_links":{"self":[{"href":"https:\/\/biblian.is\/videy\/wp-json\/wp\/v2\/pages\/21223","targetHints":{"allow":["GET"]}}],"collection":[{"href":"https:\/\/biblian.is\/videy\/wp-json\/wp\/v2\/pages"}],"about":[{"href":"https:\/\/biblian.is\/videy\/wp-json\/wp\/v2\/types\/page"}],"author":[{"embeddable":true,"href":"https:\/\/biblian.is\/videy\/wp-json\/wp\/v2\/users\/1"}],"replies":[{"embeddable":true,"href":"https:\/\/biblian.is\/videy\/wp-json\/wp\/v2\/comments?post=21223"}],"version-history":[{"count":0,"href":"https:\/\/biblian.is\/videy\/wp-json\/wp\/v2\/pages\/21223\/revisions"}],"wp:attachment":[{"href":"https:\/\/biblian.is\/videy\/wp-json\/wp\/v2\/media?parent=21223"}],"curies":[{"name":"wp","href":"https:\/\/api.w.org\/{rel}","templated":true}]}}