{"id":21221,"date":"2018-01-02T01:00:53","date_gmt":"2018-01-02T01:00:53","guid":{"rendered":"http:\/\/biblian.is\/videy\/sidari-kronikubok-5-kafli\/"},"modified":"2018-01-02T01:00:53","modified_gmt":"2018-01-02T01:00:53","slug":"sidari-kronikubok-5-kafli","status":"publish","type":"page","link":"https:\/\/biblian.is\/videy\/sidari-kronikubok-5-kafli\/","title":{"rendered":"S\u00ed\u00f0ari kron\u00edkub\u00f3k 5. kafli"},"content":{"rendered":"<div class=\"fyrirsognVidey\">V\u00edgsla musterisins. (1 Kgb. 8.)<\/div>\n<p><a name=\"1\"><span class=\"versanumer\">1<\/span><\/a>Og svo var \u00f6llu verkinu loki\u00f0 sem Sal\u00f3mon gj\u00f6r\u00f0i fyrir Drottins h\u00fas, og Sal\u00f3mon flutti \u00feanga\u00f0 inn \u00fea\u00f0 sem Dav\u00ed\u00f0 fa\u00f0ir hans haf\u00f0i helga\u00f0; og silfri\u00f0 og gulli\u00f0 og \u00f6ll \u00e1h\u00f6ld lag\u00f0i hann \u00ed fj\u00e1rhirslu Gu\u00f0s h\u00fass.<a name=\"2\"><span class=\"versanumer\">2<\/span><\/a>\u00de\u00e1 samankalla\u00f0i Sal\u00f3mon \u00fe\u00e1 elstu \u00ed \u00cdsrael til Jer\u00fasalem, og alla h\u00f6fu\u00f0smenn \u00e6ttkv\u00edslanna, h\u00f6f\u00f0ingja \u00cdsraels sona \u00e6ttli\u00f0a, til a\u00f0 flytja s\u00e1ttm\u00e1ls \u00f6rk Drottins \u00far Dav\u00ed\u00f0s borg, \u00fea\u00f0 er S\u00edon.<a name=\"3\"><span class=\"versanumer\">3<\/span><\/a>Og allir \u00cdsraelsmenn komu til k\u00f3ngsins \u00e1 h\u00e1t\u00ed\u00f0inni <span class='VideyAth'>(\u00fea\u00f0 er s\u00e1 sj\u00f6undi m\u00e1nu\u00f0ur)<\/span>.<a name=\"4\"><span class=\"versanumer\">4<\/span><\/a>Og allir \u00feeir elstu \u00ed \u00cdsrael komu, og Lev\u00edtarnir b\u00e1ru \u00f6rkina.<a name=\"5\"><span class=\"versanumer\">5<\/span><\/a>Og \u00feeir fluttu \u00f6rkina og samkundutjaldb\u00fa\u00f0ina og \u00f6ll heil\u00f6g \u00e1h\u00f6ld sem voru \u00ed tjaldinu, \u00feau fluttu prestarnir, Lev\u00edtarnir.<a name=\"6\"><span class=\"versanumer\">6<\/span><\/a>Og Sal\u00f3mon k\u00f3ngur og allur \u00cdsraelss\u00f6fnu\u00f0ur, sem til hans var kominn, var frammi fyrir \u00f6rkinni og f\u00f3rnf\u00e6r\u00f0i sau\u00f0um og nautum, sem hv\u00f6rki ur\u00f0u talin n\u00e9 reiknu\u00f0 fyrir fj\u00f6lda sakir.<a name=\"7\"><span class=\"versanumer\">7<\/span><\/a>Og prestarnir fluttu s\u00e1ttm\u00e1ls \u00f6rk Drottins \u00e1 sinn sta\u00f0 \u00ed k\u00f3r h\u00fassins, \u00ed \u00fea\u00f0 allrahelgasta, undir v\u00e6ngi ker\u00fabanna.<a name=\"8\"><span class=\"versanumer\">8<\/span><\/a>Og ker\u00fabarnir \u00fatbreiddu v\u00e6ngina yfir arkarinnar sta\u00f0, og huldu \u00f6rkina og hennar stengur upp yfir.<a name=\"9\"><span class=\"versanumer\">9<\/span><\/a>Og stengurnar voru svo langar a\u00f0 endarnir \u00e1 \u00feeim s\u00e1ust fr\u00e1 \u00f6rkinni fyrir framan k\u00f3rinn, en \u00feeir s\u00e1ust ekki a\u00f0 utan til; og \u00feeir voru \u00fear allt til \u00feessa dags.<a name=\"10\"><span class=\"versanumer\">10<\/span><\/a>Ekkert var \u00ed \u00f6rkinni nema a\u00f0eins b\u00e6\u00f0i spj\u00f6ldin, sem M\u00f3ses lag\u00f0i <span class='VideyAth'>(\u00fear \u00ed)<\/span> \u00e1 Horeb, \u00feegar Drottinn gj\u00f6r\u00f0i <span class='VideyAth'>(s\u00e1ttm\u00e1la)<\/span> vi\u00f0 \u00cdsraels syni, \u00fe\u00e1 \u00feeir f\u00f3ru \u00far Egyptalandi.<br \/><a name=\"11\"><span class=\"versanumer\">11<\/span><\/a>Og \u00fea\u00f0 ske\u00f0i, \u00fe\u00e1 prestarnir gengu \u00fat \u00far helgid\u00f3minum <span class='VideyAth'>(\u00fev\u00ed allir prestar, sem \u00fear voru, h\u00f6f\u00f0u helga\u00f0 sig, umskiptanna var ekki g\u00e6tt)<\/span>,<a name=\"12\"><span class=\"versanumer\">12<\/span><\/a>Og Lev\u00edtarnir, nefnil: s\u00f6ngvararnir, \u00feeir allir, svo sem: Asaf, Heman, Jedut\u00fan og \u00feeirra synir og \u00feeirra br\u00e6\u00f0ur kl\u00e6ddir l\u00edni, me\u00f0 hornum og me\u00f0 h\u00f6rpum og me\u00f0 hlj\u00f3\u00f0p\u00edpum, st\u00f3\u00f0u austantil vi\u00f0 altari\u00f0, og hj\u00e1 \u00feeim h\u00e9r um bil hundra\u00f0 og 20 prestar, sem bl\u00e9su \u00ed b\u00e1s\u00fanur;<a name=\"13\"><span class=\"versanumer\">13<\/span><\/a>og sem einn <span class='VideyAth'>(ma\u00f0ur)<\/span> v\u00e6ri, hlj\u00f3mu\u00f0u b\u00e1s\u00fanurnar og s\u00f6ngvararnir me\u00f0 einni r\u00f6dd, lofandi Drottin og \u00feakkir gj\u00f6randi; og \u00fe\u00e1 \u00feeir h\u00f3fu upp r\u00f6ddina, me\u00f0 b\u00e1s\u00fanum og hornum og hlj\u00f3\u00f0f\u00e6rum og me\u00f0 \u00feakkargj\u00f6r\u00f0 vi\u00f0 Drottin, a\u00f0 hann v\u00e6ri g\u00f3\u00f0gjarn, a\u00f0 hans n\u00e1\u00f0 v\u00e6ri eil\u00edf, svo var\u00f0 h\u00fasi\u00f0, Drottins h\u00fas, fullt af sk\u00fdi nokkru;<a name=\"14\"><span class=\"versanumer\">14<\/span><\/a>og prestarnir g\u00e1tu ekki sta\u00f0i\u00f0 \u00fear til a\u00f0 gegna \u00fej\u00f3nustugj\u00f6r\u00f0inni sakir sk\u00fdsins; \u00fev\u00ed d\u00fdr\u00f0 Drottins haf\u00f0i fyllt Gu\u00f0s h\u00fas.<\/p>\n<div class=\"footnoteVidey\"><\/div>\n","protected":false},"excerpt":{"rendered":"<p>V\u00edgsla musterisins. (1 Kgb. 8.) 1Og svo var \u00f6llu verkinu loki\u00f0 sem Sal\u00f3mon gj\u00f6r\u00f0i fyrir Drottins h\u00fas, og Sal\u00f3mon flutti \u00feanga\u00f0 inn \u00fea\u00f0 sem Dav\u00ed\u00f0 fa\u00f0ir hans haf\u00f0i helga\u00f0; og silfri\u00f0 og gulli\u00f0 og \u00f6ll \u00e1h\u00f6ld lag\u00f0i hann \u00ed fj\u00e1rhirslu Gu\u00f0s h\u00fass.2\u00de\u00e1 samankalla\u00f0i Sal\u00f3mon \u00fe\u00e1 elstu \u00ed \u00cdsrael til Jer\u00fasalem, og alla h\u00f6fu\u00f0smenn \u00e6ttkv\u00edslanna, h\u00f6f\u00f0ingja \u00cdsraels sona \u00e6ttli\u00f0a, til a\u00f0 flytja s\u00e1ttm\u00e1ls \u00f6rk Drottins \u00far Dav\u00ed\u00f0s borg, \u00fea\u00f0 er S\u00edon.3Og allir \u00cdsraelsmenn komu til k\u00f3ngsins \u00e1 h\u00e1t\u00ed\u00f0inni (\u00fea\u00f0 er s\u00e1 sj\u00f6undi m\u00e1nu\u00f0ur).4Og allir \u00feeir elstu \u00ed \u00cdsrael komu, og Lev\u00edtarnir b\u00e1ru \u00f6rkina.5Og \u00feeir fluttu \u00f6rkina og samkundutjaldb\u00fa\u00f0ina og \u00f6ll heil\u00f6g <a href=\"https:\/\/biblian.is\/videy\/sidari-kronikubok-5-kafli\/\"> [&#8230;]<\/a><\/p>\n","protected":false},"author":1,"featured_media":0,"parent":0,"menu_order":0,"comment_status":"open","ping_status":"open","template":"bibliukaflar.php","meta":{"footnotes":""},"class_list":["post-21221","page","type-page","status-publish","hentry"],"_links":{"self":[{"href":"https:\/\/biblian.is\/videy\/wp-json\/wp\/v2\/pages\/21221","targetHints":{"allow":["GET"]}}],"collection":[{"href":"https:\/\/biblian.is\/videy\/wp-json\/wp\/v2\/pages"}],"about":[{"href":"https:\/\/biblian.is\/videy\/wp-json\/wp\/v2\/types\/page"}],"author":[{"embeddable":true,"href":"https:\/\/biblian.is\/videy\/wp-json\/wp\/v2\/users\/1"}],"replies":[{"embeddable":true,"href":"https:\/\/biblian.is\/videy\/wp-json\/wp\/v2\/comments?post=21221"}],"version-history":[{"count":0,"href":"https:\/\/biblian.is\/videy\/wp-json\/wp\/v2\/pages\/21221\/revisions"}],"wp:attachment":[{"href":"https:\/\/biblian.is\/videy\/wp-json\/wp\/v2\/media?parent=21221"}],"curies":[{"name":"wp","href":"https:\/\/api.w.org\/{rel}","templated":true}]}}