{"id":21220,"date":"2018-01-02T01:00:53","date_gmt":"2018-01-02T01:00:53","guid":{"rendered":"http:\/\/biblian.is\/videy\/sidari-kronikubok-4-kafli\/"},"modified":"2018-01-02T01:00:53","modified_gmt":"2018-01-02T01:00:53","slug":"sidari-kronikubok-4-kafli","status":"publish","type":"page","link":"https:\/\/biblian.is\/videy\/sidari-kronikubok-4-kafli\/","title":{"rendered":"S\u00ed\u00f0ari kron\u00edkub\u00f3k 4. kafli"},"content":{"rendered":"<div class=\"fyrirsognVidey\">Sama efni.<\/div>\n<p><a name=\"1\"><span class=\"versanumer\">1<\/span><\/a>Og hann gj\u00f6r\u00f0i altari af eiri, 20 \u00e1lnir var \u00feess lengd, og 20 \u00e1lnir \u00feess breidd, og 10 \u00e1lnir \u00feess h\u00e6\u00f0.<a name=\"2\"><span class=\"versanumer\">2<\/span><\/a>Hann gj\u00f6r\u00f0i og steypt haf, 10 \u00e1lnir voru fr\u00e1 \u00feess eina barmi til hins annars, \u00fea\u00f0 var algj\u00f6rlega kringl\u00f3tt, fimm \u00e1lna dj\u00fapt, og 30 \u00e1lna l\u00f6ng sn\u00fara n\u00e1\u00f0i \u00ed kringum \u00fea\u00f0.<a name=\"3\"><span class=\"versanumer\">3<\/span><\/a>Og nautsb\u00edl\u00e6ti voru undir \u00fev\u00ed \u00ed hring standandi, 10 \u00e1lna, sem umkringdu hafi\u00f0, tv\u00e6r ra\u00f0ir af nautum, samsteyptum me\u00f0 hinu sama.<a name=\"4\"><span class=\"versanumer\">4<\/span><\/a>\u00dea\u00f0 st\u00f3\u00f0 \u00e1 12 nautum, \u00ferj\u00fa sneru til nor\u00f0urs, \u00ferj\u00fa sneru til vesturs og \u00ferj\u00fa sneru til su\u00f0urs, og \u00ferj\u00fa sneru til austurs, og hafi\u00f0 st\u00f3\u00f0 \u00e1 \u00feeim, og allur aftari hlutinn \u00e1 \u00feeim sneri inn a\u00f0.<a name=\"5\"><span class=\"versanumer\">5<\/span><\/a>\u00deykkt hafsins var \u00feverh\u00f6nd, og barmurinn var eins gj\u00f6r\u00f0ur og barmur \u00e1 bikar, <span class='VideyAth'>(mynda\u00f0ur)<\/span> sem liljubl\u00f3m, \u00fea\u00f0 t\u00f3k <span class='VideyAth'>(m\u00f6rg)<\/span> b\u00f6t, \u00fea\u00f0 t\u00f3k \u00ferj\u00fa \u00fe\u00fasund <span class='VideyAth'>(b\u00f6t)<\/span>.<a name=\"6\"><span class=\"versanumer\">6<\/span><\/a>Og hann gj\u00f6r\u00f0i 10 sk\u00e1lar, og setti 5 h\u00e6gramegin, og 5 vinstramegin, til \u00feess \u00ed \u00feeim a\u00f0 \u00fevo; hva\u00f0 sem brennif\u00f3rnum tilheyr\u00f0i, skolu\u00f0u \u00feeir \u00ed \u00feeim; en hafi\u00f0 var til \u00fevottar fyrir prestana.<br \/><a name=\"7\"><span class=\"versanumer\">7<\/span><\/a>Og hann gj\u00f6r\u00f0i t\u00edu lj\u00f3sastjaka af gulli, eins og \u00feeir skyldu vera, og l\u00e9t \u00fe\u00e1 \u00ed musteri\u00f0, fimm h\u00e6gramegin og fimm vinstramegin.<a name=\"8\"><span class=\"versanumer\">8<\/span><\/a>Og hann gj\u00f6r\u00f0i t\u00edu bor\u00f0, og setti \u00feau \u00ed musteri\u00f0, fimm til h\u00e6gri handar og fimm til vinstri, og gj\u00f6r\u00f0i hundra\u00f0 sk\u00e1lar af gulli.<a name=\"9\"><span class=\"versanumer\">9<\/span><\/a>Og hann gj\u00f6r\u00f0i forgar\u00f0 fyrir prestana, og \u00feann st\u00f3ra forgar\u00f0, og dyr \u00e1 \u00feeim st\u00f3ra forgar\u00f0i, og v\u00e6ngja hur\u00f0irnar f\u00f3\u00f0ra\u00f0i hann me\u00f0 eiri.<a name=\"10\"><span class=\"versanumer\">10<\/span><\/a>Og hafi\u00f0 setti hann vi\u00f0 h\u00e6gri hli\u00f0 h\u00fassins austan til m\u00f3t su\u00f0ri.<br \/><a name=\"11\"><span class=\"versanumer\">11<\/span><\/a>Og Huram gj\u00f6r\u00f0i potta og sleifar og sk\u00e1lar, og lauk vi\u00f0 verki\u00f0 sem hann vann \u00ed Gu\u00f0s h\u00fasi fyrir k\u00f3ng Sal\u00f3mon;<a name=\"12\"><span class=\"versanumer\">12<\/span><\/a>tvo st\u00f3lpa og k\u00falurnar og knappana efst \u00e1 st\u00f3lpunum; og \u00feau tv\u00f6 netverk til a\u00f0 hylja b\u00e1\u00f0ar k\u00falur knappanna sem voru efst \u00e1 st\u00f3lpunum.<a name=\"13\"><span class=\"versanumer\">13<\/span><\/a>Og \u00feau 4 hundru\u00f0 kjarnepli til hv\u00f6rutveggju netverksins, tv\u00e6r ra\u00f0ir af kjarneplum til hv\u00f6rs netverks, til hl\u00edf\u00f0ar b\u00e1\u00f0um hn\u00fa\u00f0unum \u00e1 st\u00f3lpa h\u00f6f\u00f0unum;<a name=\"14\"><span class=\"versanumer\">14<\/span><\/a>og bor\u00f0st\u00f3lana gj\u00f6r\u00f0i hann og mundlaugarnar \u00e1 st\u00f3lunum;<a name=\"15\"><span class=\"versanumer\">15<\/span><\/a>\u00fea\u00f0 eina haf og \u00feau 12 naut undir \u00fev\u00ed;<a name=\"16\"><span class=\"versanumer\">16<\/span><\/a>og pottana og sleifarnar og kr\u00f3kana og \u00f6ll tilheyrandi \u00e1h\u00f6ld gj\u00f6r\u00f0i Huram Abiv fyrir k\u00f3ng Sal\u00f3mon \u00ed h\u00fasi Drottins, af skygg\u00f0u eiri.<a name=\"17\"><span class=\"versanumer\">17<\/span><\/a>\u00cd J\u00f3rdansh\u00e9ra\u00f0i l\u00e9t k\u00f3ngur steypa \u00feetta, milli Sukot og Seredata.<a name=\"18\"><span class=\"versanumer\">18<\/span><\/a>Og Sal\u00f3mon gj\u00f6r\u00f0i \u00f6ll \u00feessi \u00e1h\u00f6ld m\u00f6rg; \u00fev\u00ed \u00feyngd eirsins var\u00f0 ekki ranns\u00f6ku\u00f0.<a name=\"19\"><span class=\"versanumer\">19<\/span><\/a>Og Sal\u00f3mon gj\u00f6r\u00f0i \u00f6ll verkf\u00e6rin \u00ed Gu\u00f0s h\u00fasi, nefnil: gullaltari\u00f0 og bor\u00f0in og sko\u00f0unarbrau\u00f0in \u00fear \u00e1.<a name=\"20\"><span class=\"versanumer\">20<\/span><\/a>Og lj\u00f3sastjakana og \u00feeirra lampa, a\u00f0 \u00feeir loga skyldu, eftir si\u00f0venju, fyrir framan k\u00f3rinn, af d\u00fdru gulli,<a name=\"21\"><span class=\"versanumer\">21<\/span><\/a>og liljurnar og lampana og skarb\u00edtina af gulli; allt af kl\u00e1ru gulli;<a name=\"22\"><span class=\"versanumer\">22<\/span><\/a>og hn\u00edfana og sk\u00e1lirnar og bikarana og reykkerin af d\u00fdru gulli, og \u00ed dyrum h\u00fassins, \u00feeirra hur\u00f0ir, tv\u00e6r innri, \u00feess allrahelgasta, og dyrahur\u00f0 h\u00fassins, musterisins, af gulli.<\/p>\n<div class=\"footnoteVidey\"><\/div>\n","protected":false},"excerpt":{"rendered":"<p>Sama efni. 1Og hann gj\u00f6r\u00f0i altari af eiri, 20 \u00e1lnir var \u00feess lengd, og 20 \u00e1lnir \u00feess breidd, og 10 \u00e1lnir \u00feess h\u00e6\u00f0.2Hann gj\u00f6r\u00f0i og steypt haf, 10 \u00e1lnir voru fr\u00e1 \u00feess eina barmi til hins annars, \u00fea\u00f0 var algj\u00f6rlega kringl\u00f3tt, fimm \u00e1lna dj\u00fapt, og 30 \u00e1lna l\u00f6ng sn\u00fara n\u00e1\u00f0i \u00ed kringum \u00fea\u00f0.3Og nautsb\u00edl\u00e6ti voru undir \u00fev\u00ed \u00ed hring standandi, 10 \u00e1lna, sem umkringdu hafi\u00f0, tv\u00e6r ra\u00f0ir af nautum, samsteyptum me\u00f0 hinu sama.4\u00dea\u00f0 st\u00f3\u00f0 \u00e1 12 nautum, \u00ferj\u00fa sneru til nor\u00f0urs, \u00ferj\u00fa sneru til vesturs og \u00ferj\u00fa sneru til su\u00f0urs, og \u00ferj\u00fa sneru til austurs, og hafi\u00f0 st\u00f3\u00f0 \u00e1 \u00feeim, <a href=\"https:\/\/biblian.is\/videy\/sidari-kronikubok-4-kafli\/\"> [&#8230;]<\/a><\/p>\n","protected":false},"author":1,"featured_media":0,"parent":0,"menu_order":0,"comment_status":"open","ping_status":"open","template":"bibliukaflar.php","meta":{"footnotes":""},"class_list":["post-21220","page","type-page","status-publish","hentry"],"_links":{"self":[{"href":"https:\/\/biblian.is\/videy\/wp-json\/wp\/v2\/pages\/21220","targetHints":{"allow":["GET"]}}],"collection":[{"href":"https:\/\/biblian.is\/videy\/wp-json\/wp\/v2\/pages"}],"about":[{"href":"https:\/\/biblian.is\/videy\/wp-json\/wp\/v2\/types\/page"}],"author":[{"embeddable":true,"href":"https:\/\/biblian.is\/videy\/wp-json\/wp\/v2\/users\/1"}],"replies":[{"embeddable":true,"href":"https:\/\/biblian.is\/videy\/wp-json\/wp\/v2\/comments?post=21220"}],"version-history":[{"count":0,"href":"https:\/\/biblian.is\/videy\/wp-json\/wp\/v2\/pages\/21220\/revisions"}],"wp:attachment":[{"href":"https:\/\/biblian.is\/videy\/wp-json\/wp\/v2\/media?parent=21220"}],"curies":[{"name":"wp","href":"https:\/\/api.w.org\/{rel}","templated":true}]}}