{"id":21219,"date":"2018-01-02T01:00:53","date_gmt":"2018-01-02T01:00:53","guid":{"rendered":"http:\/\/biblian.is\/videy\/sidari-kronikubok-3-kafli\/"},"modified":"2018-01-02T01:00:53","modified_gmt":"2018-01-02T01:00:53","slug":"sidari-kronikubok-3-kafli","status":"publish","type":"page","link":"https:\/\/biblian.is\/videy\/sidari-kronikubok-3-kafli\/","title":{"rendered":"S\u00ed\u00f0ari kron\u00edkub\u00f3k 3. kafli"},"content":{"rendered":"<div class=\"fyrirsognVidey\">Um musterisbygginguna. (1 Kgb. 6. 7.)<\/div>\n<p><a name=\"1\"><span class=\"versanumer\">1<\/span><\/a>Og Sal\u00f3mon byrja\u00f0i a\u00f0 byggja Drottins h\u00fas \u00ed Jer\u00fasalem \u00e1 Mor\u00edafjalli, sem Dav\u00ed\u00f0, f\u00f6\u00f0ur hans var v\u00edsa\u00f0 \u00e1, \u00e1 \u00feeim sta\u00f0 sem Dav\u00ed\u00f0 haf\u00f0i tilteki\u00f0 \u00e1 Arnans Jeb\u00fas\u00edta hl\u00f6\u00f0upl\u00e1ssi.<a name=\"2\"><span class=\"versanumer\">2<\/span><\/a>Og hann f\u00f3r a\u00f0 byggja \u00ed \u00f6\u00f0rum m\u00e1nu\u00f0i \u00e1 \u00f6\u00f0rum degi, \u00e1 4\u00f0a \u00e1ri sinnar r\u00edkisstj\u00f3rnar.<a name=\"3\"><span class=\"versanumer\">3<\/span><\/a>Og \u00feetta var grundv\u00f6llurinn sem Sal\u00f3mon lag\u00f0i til Gu\u00f0s h\u00fass byggingar: lengdin, eftir g\u00f6mlu m\u00e1li var 600 \u00e1lnir, og breiddin 20 \u00e1lnir.<a name=\"4\"><span class=\"versanumer\">4<\/span><\/a>Og framh\u00fasi\u00f0, sem eftir lengdinni var h\u00fassins breidd, \u00fea\u00f0 var 20 \u00e1lnir, og h\u00e6\u00f0in hundra\u00f0 og tuttugu, og hann kl\u00e6ddi \u00fea\u00f0 innan me\u00f0 sk\u00edru gulli.<a name=\"5\"><span class=\"versanumer\">5<\/span><\/a>Og \u00fea\u00f0 st\u00f3ra h\u00fas \u00feilja\u00f0i hann me\u00f0 furutr\u00e9, og kl\u00e6ddi \u00fea\u00f0 me\u00f0 g\u00f3\u00f0u gulli, og gj\u00f6r\u00f0i \u00fear \u00e1 p\u00e1lmavi\u00f0 og ke\u00f0jur.<a name=\"6\"><span class=\"versanumer\">6<\/span><\/a>Og hann setti h\u00fasi\u00f0 d\u00fdrum steinum til pr\u00fd\u00f0i; en gulli\u00f0 var gull fr\u00e1 Parvaim.<a name=\"7\"><span class=\"versanumer\">7<\/span><\/a>Og hann kl\u00e6ddi h\u00fasi\u00f0, bj\u00e1lkana, \u00ferepskj\u00f6ldana, veggina og v\u00e6ngjahur\u00f0irnar me\u00f0 gulli, og skar ker\u00faba inn \u00e1 veggina.<br \/><a name=\"8\"><span class=\"versanumer\">8<\/span><\/a>Og hann gj\u00f6r\u00f0i h\u00fas \u00feess allrahelgasta, \u00feess lengd, eftir breidd h\u00fassins, 20 \u00e1lnir, og \u00feess breidd 20 \u00e1lnir, og kl\u00e6ddi \u00fea\u00f0 me\u00f0 g\u00f3\u00f0u gulli, h\u00e9r um bil 6  hundru\u00f0 v\u00e6ttum.<a name=\"9\"><span class=\"versanumer\">9<\/span><\/a>Og \u00feyngdin til naglanna var h\u00e9r um bil 50 siklar gulls, og loftsalina kl\u00e6ddi hann og me\u00f0 gulli.<a name=\"10\"><span class=\"versanumer\">10<\/span><\/a>Hann gj\u00f6r\u00f0i og \u00ed h\u00fasi \u00feess allrahelgasta tvo ker\u00faba, \u00e1 \u00feeim var skur\u00f0verk, kl\u00e6dda gulli.<a name=\"11\"><span class=\"versanumer\">11<\/span><\/a>Og ker\u00fabanna lengd var 20 \u00e1lnir; v\u00e6ngur annars, 5 \u00e1lnir \u00e1 lengd, snerti h\u00fassins vegg, og hinn v\u00e6ngurinn, 5 \u00e1lna langur, snerti v\u00e6ng \u00feess annars ker\u00fabs;<a name=\"12\"><span class=\"versanumer\">12<\/span><\/a>og v\u00e6ngur hins annars ker\u00fabsins, 5 \u00e1lna langur, snerti vegg h\u00fassins, og s\u00e1 annar v\u00e6ngur, 5 \u00e1lna langur, nam vi\u00f0 v\u00e6ng hins ker\u00fabsins.<a name=\"13\"><span class=\"versanumer\">13<\/span><\/a>V\u00e6ngir \u00feessara ker\u00faba, \u00fat\u00feandir voru 20 \u00e1lnir \u00e1 lengd, og \u00feeir <span class='VideyAth'>(ker\u00fabarnir)<\/span>, st\u00f3\u00f0u \u00e1 s\u00ednum f\u00f3tum, og \u00feeirra andlit sneru a\u00f0 <span class='VideyAth'>(fram)<\/span>h\u00fasinu.<a name=\"14\"><span class=\"versanumer\">14<\/span><\/a>Og hann gj\u00f6r\u00f0i fortjaldi\u00f0 af bl\u00e1um og rau\u00f0um purpura og skarlati og l\u00edni, og \u00fear \u00e1 gj\u00f6r\u00f0i hann ker\u00faba.<br \/><a name=\"15\"><span class=\"versanumer\">15<\/span><\/a>Og hann gj\u00f6r\u00f0i fyrir framan h\u00fasi\u00f0 tvo st\u00f3lpa, h\u00e6\u00f0in <span class='VideyAth'>(var)<\/span> 35 \u00e1lnir, og hn\u00fa\u00f0urinn <span class='VideyAth'>(h\u00f6fu\u00f0i\u00f0)<\/span> efst \u00e1 \u00feeim var 5 \u00e1lna langur.<a name=\"16\"><span class=\"versanumer\">16<\/span><\/a>Og hann gj\u00f6r\u00f0i ke\u00f0jur \u00e1 k\u00f3rnum og <span class='VideyAth'>(s\u00f6mulei\u00f0is)<\/span> efst \u00e1 st\u00f3lpunum og gj\u00f6r\u00f0i hundra\u00f0 kjarn<span class='VideyAth'>(granat)<\/span>epli og festi \u00feau vi\u00f0 ke\u00f0jurnar.<a name=\"17\"><span class=\"versanumer\">17<\/span><\/a>Og hann reisti st\u00f3lpana fyrir framan musteri\u00f0, annan h\u00e6gramegin og hinn vinstramegin, og nefndi \u00feann sem var h\u00e6gramegin Jakin, en \u00feann sem var vinstramegin B\u00f3as.<\/p>\n<div class=\"footnoteVidey\"><\/div>\n","protected":false},"excerpt":{"rendered":"<p>Um musterisbygginguna. (1 Kgb. 6. 7.) 1Og Sal\u00f3mon byrja\u00f0i a\u00f0 byggja Drottins h\u00fas \u00ed Jer\u00fasalem \u00e1 Mor\u00edafjalli, sem Dav\u00ed\u00f0, f\u00f6\u00f0ur hans var v\u00edsa\u00f0 \u00e1, \u00e1 \u00feeim sta\u00f0 sem Dav\u00ed\u00f0 haf\u00f0i tilteki\u00f0 \u00e1 Arnans Jeb\u00fas\u00edta hl\u00f6\u00f0upl\u00e1ssi.2Og hann f\u00f3r a\u00f0 byggja \u00ed \u00f6\u00f0rum m\u00e1nu\u00f0i \u00e1 \u00f6\u00f0rum degi, \u00e1 4\u00f0a \u00e1ri sinnar r\u00edkisstj\u00f3rnar.3Og \u00feetta var grundv\u00f6llurinn sem Sal\u00f3mon lag\u00f0i til Gu\u00f0s h\u00fass byggingar: lengdin, eftir g\u00f6mlu m\u00e1li var 600 \u00e1lnir, og breiddin 20 \u00e1lnir.4Og framh\u00fasi\u00f0, sem eftir lengdinni var h\u00fassins breidd, \u00fea\u00f0 var 20 \u00e1lnir, og h\u00e6\u00f0in hundra\u00f0 og tuttugu, og hann kl\u00e6ddi \u00fea\u00f0 innan me\u00f0 sk\u00edru gulli.5Og \u00fea\u00f0 st\u00f3ra h\u00fas \u00feilja\u00f0i hann <a href=\"https:\/\/biblian.is\/videy\/sidari-kronikubok-3-kafli\/\"> [&#8230;]<\/a><\/p>\n","protected":false},"author":1,"featured_media":0,"parent":0,"menu_order":0,"comment_status":"open","ping_status":"open","template":"bibliukaflar.php","meta":{"footnotes":""},"class_list":["post-21219","page","type-page","status-publish","hentry"],"_links":{"self":[{"href":"https:\/\/biblian.is\/videy\/wp-json\/wp\/v2\/pages\/21219","targetHints":{"allow":["GET"]}}],"collection":[{"href":"https:\/\/biblian.is\/videy\/wp-json\/wp\/v2\/pages"}],"about":[{"href":"https:\/\/biblian.is\/videy\/wp-json\/wp\/v2\/types\/page"}],"author":[{"embeddable":true,"href":"https:\/\/biblian.is\/videy\/wp-json\/wp\/v2\/users\/1"}],"replies":[{"embeddable":true,"href":"https:\/\/biblian.is\/videy\/wp-json\/wp\/v2\/comments?post=21219"}],"version-history":[{"count":0,"href":"https:\/\/biblian.is\/videy\/wp-json\/wp\/v2\/pages\/21219\/revisions"}],"wp:attachment":[{"href":"https:\/\/biblian.is\/videy\/wp-json\/wp\/v2\/media?parent=21219"}],"curies":[{"name":"wp","href":"https:\/\/api.w.org\/{rel}","templated":true}]}}