{"id":21218,"date":"2018-01-02T01:00:53","date_gmt":"2018-01-02T01:00:53","guid":{"rendered":"http:\/\/biblian.is\/videy\/sidari-kronikubok-2-kafli\/"},"modified":"2018-01-02T01:00:53","modified_gmt":"2018-01-02T01:00:53","slug":"sidari-kronikubok-2-kafli","status":"publish","type":"page","link":"https:\/\/biblian.is\/videy\/sidari-kronikubok-2-kafli\/","title":{"rendered":"S\u00ed\u00f0ari kron\u00edkub\u00f3k 2. kafli"},"content":{"rendered":"<div class=\"fyrirsognVidey\">Undirb\u00faningur til musterisbyggingarinnar. (1 Kgb. 5).<\/div>\n<p><a name=\"1\"><span class=\"versanumer\">1<\/span><\/a>Og Sal\u00f3mon haf\u00f0i \u00ed huga a\u00f0 byggja h\u00fas Drottins nafni, og h\u00fas fyrir sitt konunglegt a\u00f0setur.<a name=\"2\"><span class=\"versanumer\">2<\/span><\/a>\u00de\u00e1 taldi Sal\u00f3mon fr\u00e1 70 \u00fe\u00fasund manns til a\u00f0 bera byr\u00f0ar, og 80 \u00fe\u00fasund steinh\u00f6ggvara og 3 \u00fe\u00fasund og 6 hundru\u00f0 forst\u00f6\u00f0umenn, yfir \u00feessa.<a name=\"3\"><span class=\"versanumer\">3<\/span><\/a>Og Sal\u00f3mon sendi til H\u00farams k\u00f3ngs \u00ed T\u00fdrus, og l\u00e9t segja honum: eins og \u00fe\u00fa breyttir vi\u00f0 Dav\u00ed\u00f0 f\u00f6\u00f0ur minn, og sendir honum sedrusvi\u00f0 til a\u00f0 byggja s\u00e9r h\u00fas til \u00edb\u00fa\u00f0ar, <span class='VideyAth'>(svo breyt vi\u00f0 mig)<\/span>.<a name=\"4\"><span class=\"versanumer\">4<\/span><\/a>Sj\u00e1! eg byggi h\u00fas, nafni Drottins m\u00edns Gu\u00f0s til a\u00f0 helga honum \u00fea\u00f0, tendra fyrir honum ilmandi reyk, fyrir \u00feau st\u00f6\u00f0ugu sko\u00f0unarbrau\u00f0 og brennif\u00f3rnir kv\u00f6ld og morgna, \u00e1 hv\u00edldard\u00f6gum og tunglkomud\u00f6gum og h\u00e1t\u00ed\u00f0um Drottins vors Gu\u00f0s, eil\u00edf er s\u00fa skylda \u00cdsraels.<a name=\"5\"><span class=\"versanumer\">5<\/span><\/a>Og h\u00fas \u00fea\u00f0 sem eg byggi skal vera st\u00f3rt; \u00fev\u00ed vor Gu\u00f0 er st\u00e6rri en allir gu\u00f0ir.<a name=\"6\"><span class=\"versanumer\">6<\/span><\/a>En hv\u00f6r hefir \u00ferek til a\u00f0 byggja honum h\u00fas? \u00fev\u00ed himinninn og allra himna himinn tekur hann ekki, og hv\u00f6r em eg, a\u00f0 eg skuli byggja honum h\u00fas? nema \u00fea\u00f0 skyldi vera til a\u00f0 tendra honum reykelsi.<a name=\"7\"><span class=\"versanumer\">7<\/span><\/a>Og send \u00fe\u00fa m\u00e9r n\u00fa mann sem vit hefir \u00e1 a\u00f0 vinna a\u00f0 gulli og silfri og eiri og j\u00e1rni, og rau\u00f0um purpura, og skarlati, og bl\u00e1um purpura, og kann a\u00f0 \u00fatskera, me\u00f0 \u00feeim hagleiksm\u00f6nnum sem hj\u00e1 m\u00e9r eru \u00ed J\u00fada og Jer\u00fasalem, sem fa\u00f0ir minn Dav\u00ed\u00f0, \u00fatvega\u00f0i.<a name=\"8\"><span class=\"versanumer\">8<\/span><\/a>Og sendu m\u00e9r n\u00fa sedrus- og furuvi\u00f0 og hebentr\u00e9 fr\u00e1 L\u00edbanon, \u00fev\u00ed eg veit a\u00f0 \u00fe\u00ednir \u00feegnar kunna a\u00f0 h\u00f6ggva vi\u00f0 \u00e1 L\u00edbanon; og sj\u00e1! m\u00ednir \u00fej\u00f3nar skulu vera me\u00f0 \u00fe\u00ednum \u00fej\u00f3num.<a name=\"9\"><span class=\"versanumer\">9<\/span><\/a>Og eg \u00fearf a\u00f0 draga a\u00f0 mikinn vi\u00f0, \u00fev\u00ed h\u00fas \u00fea\u00f0 sem eg byggi \u00e1 a\u00f0 vera miki\u00f0 og merkilegt.<a name=\"10\"><span class=\"versanumer\">10<\/span><\/a>Og sj\u00e1! fyrir tr\u00e9smi\u00f0ina, \u00fe\u00e1 sem vi\u00f0inn fella, vil eg gefa muli\u00f0 hveiti, \u00fe\u00ednum \u00fej\u00f3num, 20 \u00fe\u00fasund kor, og bygg 20 \u00fe\u00fasund kor, og v\u00edn, 20 \u00fe\u00fasund bat, og vi\u00f0smj\u00f6r, 20 \u00fe\u00fasund bat.<a name=\"11\"><span class=\"versanumer\">11<\/span><\/a>Og Huram, k\u00f3ngur \u00ed T\u00fdrus svara\u00f0i skriflega og sendi til Sal\u00f3mons: \u00fear e\u00f0 Drottinn elskar sitt f\u00f3lk, hefir hann sett \u00feig konung yfir \u00fea\u00f0.<a name=\"12\"><span class=\"versanumer\">12<\/span><\/a>Og Huram m\u00e6lti: lofa\u00f0ur veri Drottinn, \u00cdsraels Gu\u00f0, sem gj\u00f6rt hefir himin og j\u00f6r\u00f0, sem gaf Dav\u00ed\u00f0 konungi son, vitran, hygginn, og fr\u00f3\u00f0an, sem mun byggja Drottni h\u00fas og s\u00e9r h\u00fas fyrir konungssetur.<a name=\"13\"><span class=\"versanumer\">13<\/span><\/a>Og n\u00fa sendi eg hygginn og velkunnandi mann, <span class='VideyAth'>(nefnilega)<\/span> Huram Abi,<a name=\"14\"><span class=\"versanumer\">14<\/span><\/a>son konu nokkurar af d\u00e6trum Dans, en fa\u00f0ir hans var t\u00fdriskur ma\u00f0ur, sem kann a\u00f0 sm\u00ed\u00f0a gull og silfur, eir og j\u00e1rn, vinna a\u00f0 steini og vi\u00f0, a\u00f0 rau\u00f0um og bl\u00e1um purpura og l\u00edni og skarlati, og a\u00f0 gj\u00f6ra skur\u00f0verk, og \u00fatgrunda alls lags snilldarverk sem fyrir hann ver\u00f0a l\u00f6g\u00f0, me\u00f0 \u00fe\u00ednum hagleiksm\u00f6nnum, og me\u00f0 hagleiksm\u00f6nnum m\u00edns herra Dav\u00ed\u00f0s, f\u00f6\u00f0ur \u00fe\u00edns.<a name=\"15\"><span class=\"versanumer\">15<\/span><\/a>Og sendi hann n\u00fa hveiti\u00f0 og byggi\u00f0 og vi\u00f0smj\u00f6ri\u00f0 og v\u00edni\u00f0, hvar um minn herra hefur tala\u00f0, s\u00ednum \u00fej\u00f3num.<a name=\"16\"><span class=\"versanumer\">16<\/span><\/a>Svo skulum v\u00e9r h\u00f6ggva vi\u00f0 \u00e1 Libanon, eftir allri \u00feinni \u00fe\u00f6rf, og v\u00e9r viljum f\u00e6ra \u00fe\u00e9r hann \u00ed flota \u00e1 sj\u00f3num hj\u00e1 Jafo <span class='VideyAth'>(Joppe)<\/span>, og \u00fe\u00fa getur l\u00e1ti\u00f0 flytja hann til Jer\u00fasalem.<br \/><a name=\"17\"><span class=\"versanumer\">17<\/span><\/a>Og Sal\u00f3mon taldi alla \u00fatlendinga sem voru \u00ed \u00cdsraelslandi, eftir \u00fev\u00ed tali sem Dav\u00ed\u00f0 fa\u00f0ir hans haf\u00f0i tali\u00f0, og \u00fear fundust 153 \u00fe\u00fasund og 6 hundru\u00f0.<a name=\"18\"><span class=\"versanumer\">18<\/span><\/a>Og hann gj\u00f6r\u00f0i \u00far \u00feeim 70 \u00fe\u00fasund listamenn og 80 \u00fe\u00fasund steinh\u00f6ggvara \u00e1 fjallinu, og \u00ferj\u00fa \u00fe\u00fasund og 6 hundru\u00f0 forst\u00f6\u00f0umenn, a\u00f0 halda f\u00f3lkinu til vinnu.<\/p>\n<div class=\"footnoteVidey\"><\/div>\n","protected":false},"excerpt":{"rendered":"<p>Undirb\u00faningur til musterisbyggingarinnar. (1 Kgb. 5). 1Og Sal\u00f3mon haf\u00f0i \u00ed huga a\u00f0 byggja h\u00fas Drottins nafni, og h\u00fas fyrir sitt konunglegt a\u00f0setur.2\u00de\u00e1 taldi Sal\u00f3mon fr\u00e1 70 \u00fe\u00fasund manns til a\u00f0 bera byr\u00f0ar, og 80 \u00fe\u00fasund steinh\u00f6ggvara og 3 \u00fe\u00fasund og 6 hundru\u00f0 forst\u00f6\u00f0umenn, yfir \u00feessa.3Og Sal\u00f3mon sendi til H\u00farams k\u00f3ngs \u00ed T\u00fdrus, og l\u00e9t segja honum: eins og \u00fe\u00fa breyttir vi\u00f0 Dav\u00ed\u00f0 f\u00f6\u00f0ur minn, og sendir honum sedrusvi\u00f0 til a\u00f0 byggja s\u00e9r h\u00fas til \u00edb\u00fa\u00f0ar, (svo breyt vi\u00f0 mig).4Sj\u00e1! eg byggi h\u00fas, nafni Drottins m\u00edns Gu\u00f0s til a\u00f0 helga honum \u00fea\u00f0, tendra fyrir honum ilmandi reyk, fyrir \u00feau st\u00f6\u00f0ugu sko\u00f0unarbrau\u00f0 <a href=\"https:\/\/biblian.is\/videy\/sidari-kronikubok-2-kafli\/\"> [&#8230;]<\/a><\/p>\n","protected":false},"author":1,"featured_media":0,"parent":0,"menu_order":0,"comment_status":"open","ping_status":"open","template":"bibliukaflar.php","meta":{"footnotes":""},"class_list":["post-21218","page","type-page","status-publish","hentry"],"_links":{"self":[{"href":"https:\/\/biblian.is\/videy\/wp-json\/wp\/v2\/pages\/21218","targetHints":{"allow":["GET"]}}],"collection":[{"href":"https:\/\/biblian.is\/videy\/wp-json\/wp\/v2\/pages"}],"about":[{"href":"https:\/\/biblian.is\/videy\/wp-json\/wp\/v2\/types\/page"}],"author":[{"embeddable":true,"href":"https:\/\/biblian.is\/videy\/wp-json\/wp\/v2\/users\/1"}],"replies":[{"embeddable":true,"href":"https:\/\/biblian.is\/videy\/wp-json\/wp\/v2\/comments?post=21218"}],"version-history":[{"count":0,"href":"https:\/\/biblian.is\/videy\/wp-json\/wp\/v2\/pages\/21218\/revisions"}],"wp:attachment":[{"href":"https:\/\/biblian.is\/videy\/wp-json\/wp\/v2\/media?parent=21218"}],"curies":[{"name":"wp","href":"https:\/\/api.w.org\/{rel}","templated":true}]}}