{"id":21217,"date":"2018-01-02T01:00:53","date_gmt":"2018-01-02T01:00:53","guid":{"rendered":"http:\/\/biblian.is\/videy\/sidari-kronikubok-1-kafli\/"},"modified":"2018-01-02T01:00:53","modified_gmt":"2018-01-02T01:00:53","slug":"sidari-kronikubok-1-kafli","status":"publish","type":"page","link":"https:\/\/biblian.is\/videy\/sidari-kronikubok-1-kafli\/","title":{"rendered":"S\u00ed\u00f0ari kron\u00edkub\u00f3k 1. kafli"},"content":{"rendered":"<div class=\"fyrirsognVidey\">Draumur Sal\u00f3mons \u00ed G\u00edbeon. (1 Kgb. 3,4\u201315). 10,26\u201329.<\/div>\n<p><a name=\"1\"><span class=\"versanumer\">1<\/span><\/a>Og Sal\u00f3mon, sonur Dav\u00ed\u00f0s, festist \u00ed s\u00ednu konungsd\u00e6mi, og Drottinn, hans Gu\u00f0, var me\u00f0 honum og gj\u00f6r\u00f0i hann mj\u00f6g mikinn.<a name=\"2\"><span class=\"versanumer\">2<\/span><\/a>Og Sal\u00f3mon bau\u00f0 \u00f6llum \u00cdsrael, h\u00f6f\u00f0ingjunum yfir \u00fe\u00fasund og hundra\u00f0 <span class='VideyAth'>(manns)<\/span> og d\u00f3murum, og h\u00f6f\u00f0ingjunum \u00ed \u00f6llum \u00cdsrael, h\u00f6fu\u00f0sm\u00f6nnum \u00e6ttanna,<a name=\"3\"><span class=\"versanumer\">3<\/span><\/a>a\u00f0 \u00feeir f\u00e6ru, Sal\u00f3mon og allur s\u00f6fnu\u00f0urinn me\u00f0 honum, til h\u00e6\u00f0arinnar \u00ed G\u00edbeon; \u00fev\u00ed einmitt \u00fear var samkomutjald Gu\u00f0s, sem M\u00f3ses, Drottins \u00fe\u00e9nari, haf\u00f0i gj\u00f6rt \u00ed ey\u00f0im\u00f6rkinni.<a name=\"4\"><span class=\"versanumer\">4<\/span><\/a>\u00de\u00f3 haf\u00f0i Dav\u00ed\u00f0 flutt Gu\u00f0s \u00f6rk fr\u00e1 Kirjat-Jearim, \u00e1  \u00feann sta\u00f0 sem Dav\u00ed\u00f0 haf\u00f0i henni tilreitt, \u00fev\u00ed hann setti henni tjald \u00ed Jer\u00fasalem;<a name=\"5\"><span class=\"versanumer\">5<\/span><\/a>En eiraltari\u00f0, sem Basaleel, son Uri, Hussonar gj\u00f6r\u00f0i, haf\u00f0i hann sett fyrir framan Drottins b\u00fasta\u00f0; og \u00feanga\u00f0 leita\u00f0i Sal\u00f3mon og s\u00f6fnu\u00f0urinn.<a name=\"6\"><span class=\"versanumer\">6<\/span><\/a>Og Sal\u00f3mon f\u00f3rnf\u00e6r\u00f0i \u00fear fyrir Drottni \u00e1 eiraltarinu, sem st\u00f3\u00f0 fyrir framan samkundutjaldi\u00f0; og hann offra\u00f0i \u00e1 enu sama \u00fe\u00fasund brennif\u00f3rnum.<br \/><a name=\"7\"><span class=\"versanumer\">7<\/span><\/a>\u00c1 \u00feeirri s\u00f6mu n\u00f3tt birtist Gu\u00f0 Sal\u00f3mon og sag\u00f0i vi\u00f0 hann: bi\u00f0 einhv\u00f6rs, hva\u00f0 skal eg gefa \u00fe\u00e9r?<a name=\"8\"><span class=\"versanumer\">8<\/span><\/a>Og Sal\u00f3mon svara\u00f0i Gu\u00f0i: \u00fe\u00fa au\u00f0s\u00fdndir f\u00f6\u00f0ur m\u00ednum Dav\u00ed\u00f0 mikla n\u00e1\u00f0, og hefir gj\u00f6rt mig a\u00f0 konungi \u00ed hans sta\u00f0;<a name=\"9\"><span class=\"versanumer\">9<\/span><\/a>hald \u00fe\u00fa n\u00fa, Gu\u00f0 Drottinn! \u00feitt or\u00f0 vi\u00f0 minn f\u00f6\u00f0ur Dav\u00ed\u00f0! \u00fe\u00fa hefir gj\u00f6rt mig a\u00f0 k\u00f3ngi yfir \u00fea\u00f0 f\u00f3lk sem er svo margt sem duft jar\u00f0ar;<a name=\"10\"><span class=\"versanumer\">10<\/span><\/a>svo gef m\u00e9r n\u00fa v\u00edsd\u00f3m og \u00feekkingu, a\u00f0 eg gangi \u00fat og inn fyrir \u00feessu f\u00f3lki; \u00fev\u00ed hv\u00f6r getur d\u00e6mt \u00feetta \u00feitt marga f\u00f3lk?<a name=\"11\"><span class=\"versanumer\">11<\/span><\/a>Og Gu\u00f0 m\u00e6lti til Sal\u00f3mons: s\u00f6kum \u00feess a\u00f0 \u00fe\u00fa ert svona sinna\u00f0ur og ba\u00f0st ekki um au\u00f0 fj\u00e1r, og hei\u00f0ur og dau\u00f0a \u00feinna \u00f3vina, og ba\u00f0st ekki um langa \u00e6vi, heldur ba\u00f0st um v\u00edsd\u00f3m og \u00feekkingu, a\u00f0 \u00fe\u00fa g\u00e6tir d\u00e6mt mitt f\u00f3lk, yfir hv\u00f6rt eg hefi gj\u00f6rt \u00feig a\u00f0 k\u00f3ngi,<a name=\"12\"><span class=\"versanumer\">12<\/span><\/a>svo er \u00fe\u00e9r gefin v\u00edsd\u00f3mur og \u00feekking; og r\u00edkid\u00e6mi og g\u00f3ss og hei\u00f0ur mun eg gefa \u00fe\u00e9r, <span class='VideyAth'>(svo miki\u00f0)<\/span>, a\u00f0 k\u00f3ngarnir sem fyrir \u00feig voru h\u00f6f\u00f0u ei \u00fev\u00edl\u00edkt, og enginn mun hafa eftir \u00feig.<a name=\"13\"><span class=\"versanumer\">13<\/span><\/a>Og svo kom Sal\u00f3mon fr\u00e1 h\u00e6\u00f0inni \u00ed G\u00edbeon aftur til Jer\u00fasalem, fr\u00e1 samkundutjaldinu, og r\u00edkti yfir \u00cdsrael. <br \/><a name=\"14\"><span class=\"versanumer\">14<\/span><\/a>Og Sal\u00f3mon safna\u00f0i s\u00e9r v\u00f6gnum og rei\u00f0m\u00f6nnum, og haf\u00f0i \u00fe\u00fasund og 4 hundru\u00f0 vagna, og 12 \u00fe\u00fasund rei\u00f0menn, og l\u00e9t \u00fe\u00e1 vera \u00ed vagnst\u00f6\u00f0unum og hj\u00e1 k\u00f3nginum \u00ed Jer\u00fasalem.<a name=\"15\"><span class=\"versanumer\">15<\/span><\/a>Og k\u00f3ngurinn gj\u00f6r\u00f0i gull og silfur \u00ed Jer\u00fasalem ei \u00f3n\u00e6gara en grj\u00f3t, og sedrusvi\u00f0 gj\u00f6r\u00f0i hann jafnmikinn sem m\u00f3rberjavi\u00f0 er vex \u00e1 l\u00e1glendi.<a name=\"16\"><span class=\"versanumer\">16<\/span><\/a>Og hestar voru f\u00e6r\u00f0ir Sal\u00f3mon fr\u00e1 Egyptalandi, heilir h\u00f3par, kaupmenn k\u00f3ngsins s\u00f3ttu \u00fe\u00e1 fyrir peninga.<a name=\"17\"><span class=\"versanumer\">17<\/span><\/a>Og \u00feeir komu me\u00f0 \u00fe\u00e1 fr\u00e1 Egyptalandi vagninn fyrir 6 hundru\u00f0 sikla silfurs, og hestinn fyrir hundra\u00f0 og fimmt\u00edu, og l\u00edka f\u00e6r\u00f0u \u00feeir <span class='VideyAth'>(\u00fe\u00e1)<\/span> \u00f6llum Het\u00edtak\u00f3ngum og S\u00fdrlandsk\u00f3ngum.<\/p>\n<div class=\"footnoteVidey\"><\/div>\n","protected":false},"excerpt":{"rendered":"<p>Draumur Sal\u00f3mons \u00ed G\u00edbeon. (1 Kgb. 3,4\u201315). 10,26\u201329. 1Og Sal\u00f3mon, sonur Dav\u00ed\u00f0s, festist \u00ed s\u00ednu konungsd\u00e6mi, og Drottinn, hans Gu\u00f0, var me\u00f0 honum og gj\u00f6r\u00f0i hann mj\u00f6g mikinn.2Og Sal\u00f3mon bau\u00f0 \u00f6llum \u00cdsrael, h\u00f6f\u00f0ingjunum yfir \u00fe\u00fasund og hundra\u00f0 (manns) og d\u00f3murum, og h\u00f6f\u00f0ingjunum \u00ed \u00f6llum \u00cdsrael, h\u00f6fu\u00f0sm\u00f6nnum \u00e6ttanna,3a\u00f0 \u00feeir f\u00e6ru, Sal\u00f3mon og allur s\u00f6fnu\u00f0urinn me\u00f0 honum, til h\u00e6\u00f0arinnar \u00ed G\u00edbeon; \u00fev\u00ed einmitt \u00fear var samkomutjald Gu\u00f0s, sem M\u00f3ses, Drottins \u00fe\u00e9nari, haf\u00f0i gj\u00f6rt \u00ed ey\u00f0im\u00f6rkinni.4\u00de\u00f3 haf\u00f0i Dav\u00ed\u00f0 flutt Gu\u00f0s \u00f6rk fr\u00e1 Kirjat-Jearim, \u00e1 \u00feann sta\u00f0 sem Dav\u00ed\u00f0 haf\u00f0i henni tilreitt, \u00fev\u00ed hann setti henni tjald \u00ed Jer\u00fasalem;5En eiraltari\u00f0, sem Basaleel, son Uri, <a href=\"https:\/\/biblian.is\/videy\/sidari-kronikubok-1-kafli\/\"> [&#8230;]<\/a><\/p>\n","protected":false},"author":1,"featured_media":0,"parent":0,"menu_order":0,"comment_status":"open","ping_status":"open","template":"bibliukaflar.php","meta":{"footnotes":""},"class_list":["post-21217","page","type-page","status-publish","hentry"],"_links":{"self":[{"href":"https:\/\/biblian.is\/videy\/wp-json\/wp\/v2\/pages\/21217","targetHints":{"allow":["GET"]}}],"collection":[{"href":"https:\/\/biblian.is\/videy\/wp-json\/wp\/v2\/pages"}],"about":[{"href":"https:\/\/biblian.is\/videy\/wp-json\/wp\/v2\/types\/page"}],"author":[{"embeddable":true,"href":"https:\/\/biblian.is\/videy\/wp-json\/wp\/v2\/users\/1"}],"replies":[{"embeddable":true,"href":"https:\/\/biblian.is\/videy\/wp-json\/wp\/v2\/comments?post=21217"}],"version-history":[{"count":0,"href":"https:\/\/biblian.is\/videy\/wp-json\/wp\/v2\/pages\/21217\/revisions"}],"wp:attachment":[{"href":"https:\/\/biblian.is\/videy\/wp-json\/wp\/v2\/media?parent=21217"}],"curies":[{"name":"wp","href":"https:\/\/api.w.org\/{rel}","templated":true}]}}