{"id":21216,"date":"2018-01-02T01:00:53","date_gmt":"2018-01-02T01:00:53","guid":{"rendered":"http:\/\/biblian.is\/videy\/fyrri-kronikubok-29-kafli\/"},"modified":"2018-01-13T21:30:14","modified_gmt":"2018-01-13T21:30:14","slug":"fyrri-kronikubok-30-kafli","status":"publish","type":"page","link":"https:\/\/biblian.is\/videy\/fyrri-kronikubok-30-kafli\/","title":{"rendered":"Fyrri kron\u00edkub\u00f3k 30. kafli"},"content":{"rendered":"<div class=\"fyrirsognVidey\">Sama efni.<\/div>\n<p><a name=\"1\"><span class=\"versanumer\">1<\/span><\/a>Og Dav\u00ed\u00f0 konungur m\u00e6lti til alls safna\u00f0arins: Sal\u00f3mon sonur minn, s\u00e1 eini, sem Gu\u00f0 hefir kosi\u00f0 s\u00e9r, er \u00f3\u00feroska\u00f0ur unglingur, en verki\u00f0 er miki\u00f0, \u00fev\u00ed ei skal byggja h\u00f6ll \u00feessa fyrir menn, heldur fyrir Gu\u00f0 Drottin.<a name=\"2\"><span class=\"versanumer\">2<\/span><\/a>En eg hefi af \u00f6llu megni afla\u00f0 fanga til m\u00edns Gu\u00f0s h\u00fass, gulls til \u00feess sem skal vera \u00far gulli, silfur til \u00feess sem \u00e1 a\u00f0 vera \u00far silfri, eirs til \u00feess sem \u00e1 a\u00f0 vera \u00far eiri, j\u00e1rns til \u00feess sem vera skal \u00far j\u00e1rni, tr\u00e9s til \u00feess sem vera skal af tr\u00e9, onyxsteina, og v\u00edgslusteina <span class='VideyAth'>(2 M\u00f3s. 25,7)<\/span>, sundurger\u00f0arsteina og mislitra steina, og alls lags d\u00fdrra steina, og margra marmarasteina;<a name=\"3\"><span class=\"versanumer\">3<\/span><\/a>og enn n\u00fa, \u00fear eg hefi vel\u00fe\u00f3knan \u00e1 h\u00fasi m\u00edns Gu\u00f0s, vil eg gefa m\u00edna eigu \u00ed gulli og silfri til m\u00edns Gu\u00f0s h\u00fass, auk \u00feess sem eg hefi afla\u00f0 til \u00feess heilaga h\u00fass:<a name=\"4\"><span class=\"versanumer\">4<\/span><\/a>\u00derj\u00fa \u00fe\u00fasund v\u00e6ttir gulls og 7 \u00fe\u00fasund v\u00e6ttir af hreinsu\u00f0u silfri, til a\u00f0 kl\u00e6\u00f0a me\u00f0 veggi h\u00fassins,<a name=\"5\"><span class=\"versanumer\">5<\/span><\/a>til alls sem \u00e1 a\u00f0 vera af gulli, og til alls sem vera \u00e1 af silfri, til allra verka sm\u00ed\u00f0anna. Og\u2014hv\u00f6r er n\u00fa f\u00fas a\u00f0 koma fyrir Drottin \u00ed dag me\u00f0 fulla h\u00f6nd? <br \/><a name=\"6\"><span class=\"versanumer\">6<\/span><\/a>Og f\u00fasir voru h\u00f6fu\u00f0smenn \u00e6ttli\u00f0anna og yfirmenn \u00e6ttkv\u00edsla \u00cdsraels, h\u00f6f\u00f0ingjarnir yfir \u00fe\u00fasund og yfir hundra\u00f0 <span class='VideyAth'>(manns)<\/span> og h\u00f6f\u00f0ingjarnir yfir k\u00f3ngsins erindum.<a name=\"7\"><span class=\"versanumer\">7<\/span><\/a>Og \u00feeir g\u00e1fu til Gu\u00f0sh\u00fass verksins gull, 5 \u00fe\u00fasund v\u00e6ttir og 10 \u00fe\u00fasund dareika, og silfur, 10 \u00fe\u00fasund v\u00e6ttir, og eir 18 \u00fe\u00fasund v\u00e6ttir, og j\u00e1rn 100 \u00fe\u00fasund v\u00e6ttir.<a name=\"8\"><span class=\"versanumer\">8<\/span><\/a>Og hv\u00f6r sem haf\u00f0i steina, hann gaf \u00fe\u00e1 til fj\u00e1rsj\u00f3\u00f0a Drottins h\u00fass, \u00ed h\u00f6nd Jeh\u00edels, Gerson\u00edta.<a name=\"9\"><span class=\"versanumer\">9<\/span><\/a>Og f\u00f3lki\u00f0 gladdist af \u00feeim f\u00fasu gj\u00f6fum; \u00fev\u00ed me\u00f0 viljugum hj\u00f6rtum g\u00e1fu \u00feeir \u00fe\u00e6r Drottni, og l\u00edka var\u00f0 Dav\u00ed\u00f0 konungur miki\u00f0 gla\u00f0ur. <br \/><a name=\"10\"><span class=\"versanumer\">10<\/span><\/a>Og Dav\u00ed\u00f0 vegsama\u00f0i Drottin \u00ed \u00e1heyrn alls safna\u00f0arins og m\u00e6lti: lofa\u00f0ur s\u00e9rt \u00fe\u00fa Drottinn, Gu\u00f0 \u00cdsraels, vorra fe\u00f0ra, fr\u00e1 eil\u00edf\u00f0 til eil\u00edf\u00f0ar!<a name=\"11\"><span class=\"versanumer\">11<\/span><\/a>\u00de\u00edn er, Drottinn, h\u00e1tignin, og maktin og d\u00fdr\u00f0in og algj\u00f6rlegleikinn og hei\u00f0urinn, j\u00e1 allt \u00e1 himni og j\u00f6r\u00f0u; \u00feitt er k\u00f3ngsr\u00edki\u00f0, Drottinn, og \u00fe\u00fa ert hafinn yfir allt sem h\u00f6f\u00f0ingi.<a name=\"12\"><span class=\"versanumer\">12<\/span><\/a>Au\u00f0ur og hei\u00f0ur <span class='VideyAth'>(kemur)<\/span> fr\u00e1 \u00fe\u00ednu augliti <span class='VideyAth'>(fr\u00e1 \u00fe\u00e9r)<\/span> og \u00fe\u00fa drottnar yfir \u00f6llu, og \u00ed \u00feinni hendi er krafturinn og valdi\u00f0, og \u00ed \u00feinni h\u00f6nd stendur a\u00f0 hefja allt og vi\u00f0halda \u00f6llu.<a name=\"13\"><span class=\"versanumer\">13<\/span><\/a>Og n\u00fa, vor Gu\u00f0! \u00fe\u00f6kkum v\u00e9r \u00fe\u00e9r, og vegs\u00f6mum nafn \u00feinnar d\u00fdr\u00f0ar!<a name=\"14\"><span class=\"versanumer\">14<\/span><\/a>\u00fev\u00ed hva\u00f0 er eg, og hva\u00f0 er mitt f\u00f3lk, a\u00f0 v\u00e9r g\u00e1tum gefi\u00f0 sl\u00edkar gjafir? \u00fev\u00ed fr\u00e1 \u00fe\u00e9r kemur allt, og fr\u00e1 \u00feinni hendi <span class='VideyAth'>(er \u00fea\u00f0 sem)<\/span> v\u00e9r h\u00f6fum \u00fe\u00e9r gefi\u00f0.<a name=\"15\"><span class=\"versanumer\">15<\/span><\/a>\u00dev\u00ed framandi og gestir erum v\u00e9r fyrir \u00fe\u00e9r, eins og allir vorir fe\u00f0ur; sem skuggi eru vorir dagar \u00e1 j\u00f6r\u00f0unni, \u00e1n vonar.<a name=\"16\"><span class=\"versanumer\">16<\/span><\/a>Drottinn, vor Gu\u00f0! allar \u00feessar n\u00e6gtir, sem v\u00e9r h\u00f6fum a\u00f0 dregi\u00f0, til \u00feess a\u00f0 byggja \u00fe\u00e9r h\u00fas fyrir \u00feitt heilaga nafn, fr\u00e1 \u00feinni hendi eru \u00fe\u00e6r, og allt er \u00feitt.<a name=\"17\"><span class=\"versanumer\">17<\/span><\/a>Og eg veit, minn Gu\u00f0! a\u00f0 \u00fe\u00fa pr\u00f3far hjarta\u00f0 og elskar hreinskilni, me\u00f0 einl\u00e6gu hjarta hefi eg allt \u00feetta f\u00faslega gefi\u00f0 og me\u00f0 gle\u00f0i hefi eg s\u00e9\u00f0, hv\u00f6rsu \u00feitt f\u00f3lk sem h\u00e9r er, hefir gefi\u00f0 \u00fe\u00e9r viljuglega.<a name=\"18\"><span class=\"versanumer\">18<\/span><\/a>Drottin! Gu\u00f0 Abrahams, \u00cdsaks og \u00cdsraels, vorra fe\u00f0ra, var\u00f0veit \u00fe\u00fa eil\u00edflega sl\u00edkt sinni og hugsan \u00ed hj\u00f6rtum \u00feessa f\u00f3lks, og sn\u00fa \u00feeirra hj\u00f6rtum til \u00fe\u00edn!<a name=\"19\"><span class=\"versanumer\">19<\/span><\/a>Og gef syni m\u00ednum Sal\u00f3mon hl\u00fd\u00f0i\u00f0 hjarta a\u00f0 halda \u00fe\u00edn bo\u00f0or\u00f0 og \u00feinn vitnisbur\u00f0 og \u00fe\u00edna setninga, og a\u00f0 gj\u00f6ra allt og byggja \u00fe\u00e1 h\u00f6ll, sem eg hefi undirb\u00fai\u00f0. <br \/><a name=\"20\"><span class=\"versanumer\">20<\/span><\/a>Og Dav\u00ed\u00f0 sag\u00f0i til alls safna\u00f0arins: vegsami\u00f0 Drottin, y\u00f0ar Gu\u00f0! og allur s\u00f6fnu\u00f0urinn vegsama\u00f0i Drottin, Gu\u00f0 \u00feeirra fe\u00f0ra, og \u00feeir hneig\u00f0u sig og beyg\u00f0u fyrir Drottni, og fyrir konunginum.<a name=\"21\"><span class=\"versanumer\">21<\/span><\/a>Og \u00feeir f\u00e6r\u00f0u Drottni f\u00f3rnir, og offru\u00f0u Drottni brennif\u00f3rnir, a\u00f0 \u00f6\u00f0rum morgni hins sama dags, \u00fe\u00fasund nautum, \u00fe\u00fasund hr\u00fatum, \u00fe\u00fasund sau\u00f0um, og drykkjarf\u00f3rn a\u00f0 auk, og \u00f6\u00f0rum m\u00f6rgum f\u00f3rnum fyrir allan \u00cdsrael.<a name=\"22\"><span class=\"versanumer\">22<\/span><\/a>Og \u00feeir \u00e1tu og drukku fyrir Drottni \u00feann sama dag \u00ed mikilli gle\u00f0i, og gj\u00f6r\u00f0u Sal\u00f3mon Dav\u00ed\u00f0sson, \u00ed anna\u00f0 sinn a\u00f0 k\u00f3ngi og smur\u00f0u hann Drottni til h\u00f6f\u00f0ingja, og Sadok til kennimanns.<a name=\"23\"><span class=\"versanumer\">23<\/span><\/a>Og svo settist Sal\u00f3mon \u00ed h\u00e1s\u00e6ti Drottins, sem k\u00f3ngur \u00ed sta\u00f0 f\u00f6\u00f0ur s\u00edns Dav\u00ed\u00f0s og var lukkulegur, og allur \u00cdsrael gekk til hl\u00fd\u00f0ni vi\u00f0 hann.<br \/><a name=\"24\"><span class=\"versanumer\">24<\/span><\/a>Og allir yfirmenn og kapparnir og l\u00edka allir synir Dav\u00ed\u00f0s k\u00f3ngs, gengu \u00e1 h\u00f6nd Sal\u00f3moni k\u00f3ngi.<a name=\"25\"><span class=\"versanumer\">25<\/span><\/a>Og Drottinn gj\u00f6r\u00f0i Sal\u00f3mon mj\u00f6g mikinn fyrir augum alls \u00cdsraels, og gaf honum svo \u00e1g\u00e6tan konungd\u00f3m, a\u00f0 enginn konungur yfir \u00cdsrael \u00e1 undan honum haf\u00f0i \u00fev\u00edl\u00edkan.<br \/><a name=\"26\"><span class=\"versanumer\">26<\/span><\/a>En Dav\u00ed\u00f0, sonur Isa\u00ed, var konungur yfir \u00f6llum \u00cdsrael.<a name=\"27\"><span class=\"versanumer\">27<\/span><\/a>Og hann r\u00edkti yfir \u00f6llum \u00cdsrael \u00ed 40 \u00e1r; \u00ed Hebron r\u00edkti hann 7 \u00e1r, og \u00ed Jer\u00fasalem r\u00edkti hann 33 \u00e1r;<a name=\"28\"><span class=\"versanumer\">28<\/span><\/a>og hann anda\u00f0ist \u00ed g\u00f3\u00f0ri elli, saddur af l\u00edfd\u00f6gum, au\u00f0 og hei\u00f0ri, og Sal\u00f3mon hans son var\u00f0 k\u00f3ngur \u00ed hans sta\u00f0. <br \/><a name=\"29\"><span class=\"versanumer\">29<\/span><\/a>En saga Dav\u00ed\u00f0s k\u00f3ngs, s\u00fa fyrsta og seinasta, sj\u00e1! h\u00fan er skrifu\u00f0 \u00ed s\u00f6gu Sam\u00faels, \u00feess sj\u00e1anda, og \u00ed s\u00f6gu Natans sp\u00e1manns, og \u00ed s\u00f6gu Ga\u00f0s, sj\u00e1andans,<a name=\"30\"><span class=\"versanumer\">30<\/span><\/a>\u00e1samt allri hans r\u00edkisstj\u00f3rn og hans hreystiverkum, og \u00feeim t\u00edmum sem yfir hann li\u00f0u og yfir \u00cdsrael og yfir \u00f6ll r\u00edki landanna.<\/p>\n<div class=\"footnoteVidey\"><\/div>\n","protected":false},"excerpt":{"rendered":"<p>Sama efni. 1Og Dav\u00ed\u00f0 konungur m\u00e6lti til alls safna\u00f0arins: Sal\u00f3mon sonur minn, s\u00e1 eini, sem Gu\u00f0 hefir kosi\u00f0 s\u00e9r, er \u00f3\u00feroska\u00f0ur unglingur, en verki\u00f0 er miki\u00f0, \u00fev\u00ed ei skal byggja h\u00f6ll \u00feessa fyrir menn, heldur fyrir Gu\u00f0 Drottin.2En eg hefi af \u00f6llu megni afla\u00f0 fanga til m\u00edns Gu\u00f0s h\u00fass, gulls til \u00feess sem skal vera \u00far gulli, silfur til \u00feess sem \u00e1 a\u00f0 vera \u00far silfri, eirs til \u00feess sem \u00e1 a\u00f0 vera \u00far eiri, j\u00e1rns til \u00feess sem vera skal \u00far j\u00e1rni, tr\u00e9s til \u00feess sem vera skal af tr\u00e9, onyxsteina, og v\u00edgslusteina (2 M\u00f3s. 25,7), sundurger\u00f0arsteina og mislitra <a href=\"https:\/\/biblian.is\/videy\/fyrri-kronikubok-30-kafli\/\"> [&#8230;]<\/a><\/p>\n","protected":false},"author":1,"featured_media":0,"parent":0,"menu_order":0,"comment_status":"open","ping_status":"closed","template":"bibliukaflar.php","meta":{"footnotes":""},"class_list":["post-21216","page","type-page","status-publish","hentry"],"_links":{"self":[{"href":"https:\/\/biblian.is\/videy\/wp-json\/wp\/v2\/pages\/21216","targetHints":{"allow":["GET"]}}],"collection":[{"href":"https:\/\/biblian.is\/videy\/wp-json\/wp\/v2\/pages"}],"about":[{"href":"https:\/\/biblian.is\/videy\/wp-json\/wp\/v2\/types\/page"}],"author":[{"embeddable":true,"href":"https:\/\/biblian.is\/videy\/wp-json\/wp\/v2\/users\/1"}],"replies":[{"embeddable":true,"href":"https:\/\/biblian.is\/videy\/wp-json\/wp\/v2\/comments?post=21216"}],"version-history":[{"count":0,"href":"https:\/\/biblian.is\/videy\/wp-json\/wp\/v2\/pages\/21216\/revisions"}],"wp:attachment":[{"href":"https:\/\/biblian.is\/videy\/wp-json\/wp\/v2\/media?parent=21216"}],"curies":[{"name":"wp","href":"https:\/\/api.w.org\/{rel}","templated":true}]}}