{"id":21215,"date":"2018-01-02T01:00:53","date_gmt":"2018-01-02T01:00:53","guid":{"rendered":"http:\/\/biblian.is\/videy\/fyrri-kronikubok-28-kafli\/"},"modified":"2018-01-13T21:30:02","modified_gmt":"2018-01-13T21:30:02","slug":"fyrri-kronikubok-29-kafli-2","status":"publish","type":"page","link":"https:\/\/biblian.is\/videy\/fyrri-kronikubok-29-kafli-2\/","title":{"rendered":"Fyrri kron\u00edkub\u00f3k 29. kafli"},"content":{"rendered":"<div class=\"fyrirsognVidey\">R\u00e1\u00f0stafanir Dav\u00ed\u00f0s.<\/div>\n<p><a name=\"1\"><span class=\"versanumer\">1<\/span><\/a>Og Dav\u00ed\u00f0 samansafna\u00f0i til Jer\u00fasalem \u00f6llum h\u00f6f\u00f0ingjum \u00cdsraels, h\u00f6f\u00f0ingjum \u00e6ttanna, og h\u00f6f\u00f0ingjum herflokka \u00feeirra sem \u00fej\u00f3nu\u00f0u k\u00f3nginum, og h\u00f6f\u00f0ingjum yfir \u00fe\u00fasund manns og h\u00f6f\u00f0ingjum yfir hundra\u00f0 manns, og h\u00f6f\u00f0ingjum yfir allri eign og hj\u00f6r\u00f0um k\u00f3ngsins og sonum s\u00ednum, hir\u00f0m\u00f6nnum og hetjum og \u00f6llum bestu m\u00f6nnum.<a name=\"2\"><span class=\"versanumer\">2<\/span><\/a>Og Dav\u00ed\u00f0 konungur st\u00f3\u00f0 upp og m\u00e6lti: \u201eheyri\u00f0 mig m\u00ednir br\u00e6\u00f0ur og mitt f\u00f3lk! Eg haf\u00f0i \u00ed huga a\u00f0 byggja hv\u00edldarsta\u00f0arh\u00fas fyrir s\u00e1ttm\u00e1ls \u00f6rk Gu\u00f0s, og f\u00f3tsk\u00f6r vors Gu\u00f0s, og gj\u00f6rt mig rei\u00f0ub\u00fainn a\u00f0 byggja;<a name=\"3\"><span class=\"versanumer\">3<\/span><\/a>enn, Gu\u00f0 sag\u00f0i vi\u00f0 mig: \u00fe\u00fa skalt ekki byggja h\u00fas m\u00ednu nafni, \u00fev\u00ed str\u00ed\u00f0sma\u00f0ur ert \u00fe\u00fa, og hefir \u00fathellt bl\u00f3\u00f0i.<a name=\"4\"><span class=\"versanumer\">4<\/span><\/a>Og Drottinn, \u00cdsraels Gu\u00f0, \u00fatvaldi mig af \u00f6llu h\u00fasi f\u00f6\u00f0ur m\u00edns, a\u00f0 eg skyldi vera k\u00f3ngur yfir \u00cdsrael a\u00f0 eil\u00edfu; \u00fev\u00ed J\u00fada hefir hann \u00fatvali\u00f0 til h\u00f6f\u00f0ingjad\u00e6mis, og \u00ed J\u00fada h\u00fasi er h\u00fas m\u00edns f\u00f6\u00f0urs, og me\u00f0al sona f\u00f6\u00f0ur m\u00edns hefir hann haft \u00e1 m\u00e9r vel\u00fe\u00f3knan, a\u00f0 gj\u00f6ra mig a\u00f0 k\u00f3ngi yfir allan \u00cdsrael.<a name=\"5\"><span class=\"versanumer\">5<\/span><\/a>Og af \u00f6llum m\u00ednum sonum <span class='VideyAth'>(\u00fev\u00ed marga syni hefir Drottinn gefi\u00f0 m\u00e9r)<\/span> \u00fatvaldi hann Sal\u00f3mon, son minn, til a\u00f0 sitja \u00ed  h\u00e1s\u00e6ti Drottins k\u00f3ngsr\u00edkis yfir \u00cdsrael.<a name=\"6\"><span class=\"versanumer\">6<\/span><\/a>Og hann sag\u00f0i vi\u00f0 mig: Sal\u00f3mon \u00feinn son, einmitt hann skal byggja mitt h\u00fas og minn forgar\u00f0; \u00fev\u00ed eg hefi kosi\u00f0 m\u00e9r hann fyrir son, og eg vil vera hans fa\u00f0ir.<a name=\"7\"><span class=\"versanumer\">7<\/span><\/a>Og eg vil eil\u00edflega sta\u00f0festa hans konungd\u00f3m, ef hann er fastur \u00e1 \u00fev\u00ed a\u00f0 halda m\u00edn bo\u00f0or\u00f0 og r\u00e9ttindi, sem hann n\u00fa <span class='VideyAth'>(gj\u00f6rir)<\/span>.<a name=\"8\"><span class=\"versanumer\">8<\/span><\/a>Og n\u00fa fyrir augum alls \u00cdsraels, Drottins safna\u00f0ar, og fyrir eyrum vors Gu\u00f0s, <span class='VideyAth'>(\u00e1minni eg y\u00f0ur)<\/span> haldi\u00f0, og leiti\u00f0 allra bo\u00f0or\u00f0a Drottins y\u00f0ar Gu\u00f0s, svo \u00fe\u00e9r megi\u00f0 eiga \u00fea\u00f0 g\u00f3\u00f0a land, og l\u00e1ta \u00fea\u00f0 ganga eil\u00edflega \u00ed erf\u00f0 til y\u00f0ar sona.<a name=\"9\"><span class=\"versanumer\">9<\/span><\/a>Og \u00fe\u00fa minn son, Sal\u00f3mon, \u00feekkt\u00fa Gu\u00f0 f\u00f6\u00f0ur \u00fe\u00edns, og \u00fej\u00f3na \u00fe\u00fa honum me\u00f0 einl\u00e6gu hjarta og me\u00f0 viljugri s\u00e1lu; \u00fev\u00ed Drottinn rannsakar \u00f6ll hj\u00f6rtu, og \u00feekkir allar hugsananna sm\u00ed\u00f0ar. Ef \u00fe\u00fa leitar hans, svo l\u00e6tur hann \u00feig finna sig; en ef \u00fe\u00fa yfirgefur hann svo mun hann \u00fatsk\u00fafa \u00fe\u00e9r algj\u00f6rlega.<a name=\"10\"><span class=\"versanumer\">10<\/span><\/a>Sj\u00e1 n\u00fa, \u00fear e\u00f0 Drottinn hefir kosi\u00f0 \u00feig til a\u00f0 byggja h\u00fas fyrir helgid\u00f3minn, \u00fe\u00e1 vertu sta\u00f0fastur, og framkv\u00e6mdu \u00fea\u00f0.<br \/><a name=\"11\"><span class=\"versanumer\">11<\/span><\/a>Og Dav\u00ed\u00f0 gaf Sal\u00f3mon syni s\u00ednum fyrirmynd forstofunnar og hans h\u00fasa, og f\u00e9hirsluh\u00fasanna og hans loftsala, og hans innri herbergja og s\u00e1ttm\u00e1lsarkarh\u00fassins,<a name=\"12\"><span class=\"versanumer\">12<\/span><\/a>fyrirmynd alls \u00feess sem var \u00ed hans anda, vi\u00f0v\u00edkjandi forgar\u00f0i Drottins h\u00fass og \u00f6llum st\u00fakunum umhverfis, fj\u00e1rhirslum Gu\u00f0s h\u00fass, og fj\u00e1rhirslum \u00feeirra helgu\u00f0u hluta,<a name=\"13\"><span class=\"versanumer\">13<\/span><\/a>og vi\u00f0v\u00edkjandi ni\u00f0urskipun prestanna og Lev\u00edtanna og \u00f6llum st\u00f6rfum \u00fej\u00f3nustunnar \u00ed Drottins h\u00fasi, og \u00f6llum \u00e1h\u00f6ldum \u00fej\u00f3nustunnar \u00ed Drottins h\u00fasi,<a name=\"14\"><span class=\"versanumer\">14<\/span><\/a>og vi\u00f0v\u00edkjandi \u00fev\u00ed gulllega, eftir vigt gullsins, \u00f6llum verkf\u00e6rum s\u00e9rhv\u00f6rrar \u00fej\u00f3nustu, \u00f6llum silfur t\u00f3lum eftir vigt, \u00f6llum verkf\u00e6rum s\u00e9rhv\u00f6rrar \u00fej\u00f3nustu,<a name=\"15\"><span class=\"versanumer\">15<\/span><\/a><span class='VideyAth'>(vi\u00f0v\u00edkjandi)<\/span> vigt \u00feeirra gulllegu lj\u00f3sahj\u00e1lma og gulllegu lampa, eftir \u00feyngd s\u00e9rhv\u00f6rs lj\u00f3sahj\u00e1lms og hans lampa, og silfurlj\u00f3sastj\u00f6kunum, eftir \u00feyngd s\u00e9rhv\u00f6rs lj\u00f3sastjaka og hans lampa, eftir br\u00fakun hv\u00f6rs eins lj\u00f3sastjaka.<a name=\"16\"><span class=\"versanumer\">16<\/span><\/a>Og gullinu eftir vigt til sko\u00f0unarbrau\u00f0abor\u00f0anna, til s\u00e9rhv\u00f6rs bor\u00f0s, og silfrinu til silfurbor\u00f0anna,<a name=\"17\"><span class=\"versanumer\">17<\/span><\/a>og <span class='VideyAth'>(fyrirmynd)<\/span> so\u00f0kr\u00f3kanna og sk\u00e1lanna og kannanna af sk\u00edru gulli og gullbikaranna eftir vigt s\u00e9rhv\u00f6rs bikars.<a name=\"18\"><span class=\"versanumer\">18<\/span><\/a>Og reykaltarisins af hreinsu\u00f0u gulli eftir vigtinni, og fyrirmynd vagnsins \u00feess gulllega ker\u00fabs, sem \u00fat\u00feanin \u00feekur s\u00e1ttm\u00e1ls\u00f6rk Drottins.<a name=\"19\"><span class=\"versanumer\">19<\/span><\/a>\u201e\u00deetta allt <span class='VideyAth'>(m\u00e6lti Dav\u00ed\u00f0)<\/span> er \u00ed rit f\u00e6rt af Drottins h\u00f6nd, sem mig hefir fr\u00e6tt um \u00f6ll verk fyrirmyndarinnar.\u201c<a name=\"20\"><span class=\"versanumer\">20<\/span><\/a>Og Dav\u00ed\u00f0 sag\u00f0i vi\u00f0 Sal\u00f3mon sinn son: vertu fastur og sterkur og framkv\u00e6m \u00fe\u00fa \u00fea\u00f0, vertu \u00f3hr\u00e6ddur og \u00f3deigur, \u00fev\u00ed Gu\u00f0 Drottinn, minn Gu\u00f0 er me\u00f0 \u00fe\u00e9r, hann mun ei taka hendina fr\u00e1 \u00fe\u00e9r, n\u00e9 yfirgefa \u00feig, \u00feanga\u00f0 til fullgj\u00f6r\u00f0 eru \u00f6ll verk til \u00fej\u00f3nustu Drottins h\u00fass.<a name=\"21\"><span class=\"versanumer\">21<\/span><\/a>Og sj\u00e1! h\u00e9r eru flokkar prestanna og Lev\u00edtanna til allrar \u00fej\u00f3nustu Gu\u00f0s h\u00fass; og \u00fe\u00fa hefir hj\u00e1 \u00fe\u00e9r til allra starfa allsh\u00e1ttar rei\u00f0ub\u00fana <span class='VideyAth'>(menn)<\/span> sem kunna til allra verka, og h\u00f6f\u00f0ingjana og allt f\u00f3lki\u00f0 til \u00feinna nau\u00f0synja.<\/p>\n<div class=\"footnoteVidey\">V. 32. Hygginn og l\u00e6r\u00f0ur; a\u00f0rir: vitur cancelleri e\u00f0a skrifari.<\/div>\n","protected":false},"excerpt":{"rendered":"<p>R\u00e1\u00f0stafanir Dav\u00ed\u00f0s. 1Og Dav\u00ed\u00f0 samansafna\u00f0i til Jer\u00fasalem \u00f6llum h\u00f6f\u00f0ingjum \u00cdsraels, h\u00f6f\u00f0ingjum \u00e6ttanna, og h\u00f6f\u00f0ingjum herflokka \u00feeirra sem \u00fej\u00f3nu\u00f0u k\u00f3nginum, og h\u00f6f\u00f0ingjum yfir \u00fe\u00fasund manns og h\u00f6f\u00f0ingjum yfir hundra\u00f0 manns, og h\u00f6f\u00f0ingjum yfir allri eign og hj\u00f6r\u00f0um k\u00f3ngsins og sonum s\u00ednum, hir\u00f0m\u00f6nnum og hetjum og \u00f6llum bestu m\u00f6nnum.2Og Dav\u00ed\u00f0 konungur st\u00f3\u00f0 upp og m\u00e6lti: \u201eheyri\u00f0 mig m\u00ednir br\u00e6\u00f0ur og mitt f\u00f3lk! Eg haf\u00f0i \u00ed huga a\u00f0 byggja hv\u00edldarsta\u00f0arh\u00fas fyrir s\u00e1ttm\u00e1ls \u00f6rk Gu\u00f0s, og f\u00f3tsk\u00f6r vors Gu\u00f0s, og gj\u00f6rt mig rei\u00f0ub\u00fainn a\u00f0 byggja;3enn, Gu\u00f0 sag\u00f0i vi\u00f0 mig: \u00fe\u00fa skalt ekki byggja h\u00fas m\u00ednu nafni, \u00fev\u00ed str\u00ed\u00f0sma\u00f0ur ert \u00fe\u00fa, og hefir \u00fathellt bl\u00f3\u00f0i.4Og <a href=\"https:\/\/biblian.is\/videy\/fyrri-kronikubok-29-kafli-2\/\"> [&#8230;]<\/a><\/p>\n","protected":false},"author":1,"featured_media":0,"parent":0,"menu_order":0,"comment_status":"open","ping_status":"closed","template":"bibliukaflar.php","meta":{"footnotes":""},"class_list":["post-21215","page","type-page","status-publish","hentry"],"_links":{"self":[{"href":"https:\/\/biblian.is\/videy\/wp-json\/wp\/v2\/pages\/21215","targetHints":{"allow":["GET"]}}],"collection":[{"href":"https:\/\/biblian.is\/videy\/wp-json\/wp\/v2\/pages"}],"about":[{"href":"https:\/\/biblian.is\/videy\/wp-json\/wp\/v2\/types\/page"}],"author":[{"embeddable":true,"href":"https:\/\/biblian.is\/videy\/wp-json\/wp\/v2\/users\/1"}],"replies":[{"embeddable":true,"href":"https:\/\/biblian.is\/videy\/wp-json\/wp\/v2\/comments?post=21215"}],"version-history":[{"count":0,"href":"https:\/\/biblian.is\/videy\/wp-json\/wp\/v2\/pages\/21215\/revisions"}],"wp:attachment":[{"href":"https:\/\/biblian.is\/videy\/wp-json\/wp\/v2\/media?parent=21215"}],"curies":[{"name":"wp","href":"https:\/\/api.w.org\/{rel}","templated":true}]}}