{"id":21214,"date":"2018-01-02T01:00:53","date_gmt":"2018-01-02T01:00:53","guid":{"rendered":"http:\/\/biblian.is\/videy\/fyrri-kronikubok-27-kafli\/"},"modified":"2018-01-13T21:29:52","modified_gmt":"2018-01-13T21:29:52","slug":"fyrri-kronikubok-28-kafli-2","status":"publish","type":"page","link":"https:\/\/biblian.is\/videy\/fyrri-kronikubok-28-kafli-2\/","title":{"rendered":"Fyrri kron\u00edkub\u00f3k 28. kafli"},"content":{"rendered":"<div class=\"fyrirsognVidey\">Ni\u00f0urskipun hersins; \u00e6ttah\u00f6f\u00f0ingjar; emb\u00e6ttismenn.<\/div>\n<p><a name=\"1\"><span class=\"versanumer\">1<\/span><\/a>\u00deessir eru \u00cdsraelssynir eftir \u00feeirra t\u00f6lu, \u00e6ttfe\u00f0ur og h\u00f6f\u00f0ingjar yfir \u00fe\u00fasund og hundra\u00f0 <span class='VideyAth'>(manns)<\/span> og \u00feeirra forst\u00f6\u00f0umenn, sem \u00fej\u00f3nu\u00f0u konunginum, eftir allsh\u00e1ttar ni\u00f0urskipun, \u00fe\u00e1 a\u00f0rir komu og a\u00f0rir f\u00f3ru, m\u00e1nu\u00f0 fyrir m\u00e1nu\u00f0, alla m\u00e1nu\u00f0i \u00e1rsins, hv\u00f6r einn flokkur 24 \u00fe\u00fasundir.<a name=\"2\"><span class=\"versanumer\">2<\/span><\/a>Yfir \u00feeim fyrsta flokki \u00feess fyrsta m\u00e1na\u00f0ar var Jasobeam, sonur Sabd\u00edels, og \u00ed hans flokki voru 24 \u00fe\u00fasund.<a name=\"3\"><span class=\"versanumer\">3<\/span><\/a>Hann var af sonum Peres, h\u00f6f\u00f0ingi yfir \u00f6llum herforingjum \u00ed fyrsta m\u00e1nu\u00f0i.<a name=\"4\"><span class=\"versanumer\">4<\/span><\/a>Og yfir flokki \u00feess annars m\u00e1na\u00f0ar var Doda\u00ed, Ahotiti, og af hans flokki var Miklot foringi <span class='VideyAth'>(hinum n\u00e6stur)<\/span> og \u00ed hans flokki voru 24 \u00fe\u00fasund.<a name=\"5\"><span class=\"versanumer\">5<\/span><\/a>Foringi \u00feri\u00f0ja hersins, \u00ed \u00feri\u00f0ja m\u00e1nu\u00f0i, var Benaja, sonur J\u00f3jada prests, h\u00f6f\u00f0ingi, og \u00ed hans flokki voru 24 \u00fe\u00fasund;<a name=\"6\"><span class=\"versanumer\">6<\/span><\/a>s\u00e1 sami Benaja var hetja me\u00f0al \u00feeirra \u00ferj\u00e1t\u00edu, og yfir \u00feeim \u00ferj\u00e1t\u00edu, og <span class='VideyAth'>(foringi)<\/span> var fyrir hans flokki Ammisabad hans son.<a name=\"7\"><span class=\"versanumer\">7<\/span><\/a>S\u00e1 fj\u00f3r\u00f0i \u00ed fj\u00f3r\u00f0a m\u00e1nu\u00f0i var Asahel, br\u00f3\u00f0ir J\u00f3abs, og Seb\u00fad\u00eda, hans son, n\u00e6stur honum, og \u00ed hans flokki voru 24 \u00fe\u00fasund.<a name=\"8\"><span class=\"versanumer\">8<\/span><\/a>S\u00e1 fimmti \u00ed fimmta m\u00e1nu\u00f0i var Sameh\u00fat, Jesrahiti, og \u00ed hans flokki voru 24 \u00fe\u00fasund.<a name=\"9\"><span class=\"versanumer\">9<\/span><\/a>S\u00e1 sj\u00f6tti \u00ed sj\u00f6tta m\u00e1nu\u00f0i var Ira, sonur Ike Tek\u00f3ita, og \u00ed hans flokki voru 24 \u00fe\u00fasund.<a name=\"10\"><span class=\"versanumer\">10<\/span><\/a>S\u00e1 sj\u00f6undi \u00ed sj\u00f6unda m\u00e1nu\u00f0i var Heles, Pelon\u00edti, af sonum Efrahims, og \u00ed hans flokki voru 24 \u00fe\u00fasund.<a name=\"11\"><span class=\"versanumer\">11<\/span><\/a>S\u00e1 \u00e1ttundi \u00ed \u00e1ttunda m\u00e1nu\u00f0i var Sibekai, H\u00fasat\u00edti, af Sareh\u00edtum, og \u00ed hans flokki voru 24 \u00fe\u00fasund.<a name=\"12\"><span class=\"versanumer\">12<\/span><\/a>S\u00e1 n\u00edundi, \u00ed n\u00edunda m\u00e1nu\u00f0i, var Ab\u00edeser, Ant\u00f3t\u00edti, af Benjam\u00edn\u00edtum, og \u00ed hans flokki voru 24 \u00fe\u00fasund.<a name=\"13\"><span class=\"versanumer\">13<\/span><\/a>S\u00e1 t\u00edundi \u00ed t\u00edunda m\u00e1nu\u00f0i, var Mehara\u00ed, Net\u00f3fat\u00edti, af Serah\u00edtum og \u00ed hans flokki voru 24 \u00fe\u00fasund.<a name=\"14\"><span class=\"versanumer\">14<\/span><\/a>S\u00e1 ellefti \u00ed ellefta m\u00e1nu\u00f0i var Benaja, Piraton\u00edti, af sonum Efrahims, og \u00ed hans flokki voru 24 \u00fe\u00fasund.<a name=\"15\"><span class=\"versanumer\">15<\/span><\/a>S\u00e1 t\u00f3lfti \u00ed t\u00f3lfta m\u00e1nu\u00f0i var Heldai, Net\u00f3fat\u00edti, af Otn\u00edels<span class='VideyAth'>(\u00e6tt)<\/span>, og \u00ed hans flokki voru 24 \u00fe\u00fasund.<br \/><a name=\"16\"><span class=\"versanumer\">16<\/span><\/a>Og yfir \u00cdsraels \u00e6ttkv\u00edslum voru: yfir R\u00faben\u00edtum var h\u00f6f\u00f0ingi El\u00edeser, sonur Sikri; yfir S\u00edmeon\u00edtum Sefat\u00eda, sonur Moaka;<a name=\"17\"><span class=\"versanumer\">17<\/span><\/a>yfir Lev\u00edtunum Hasab\u00eda, sonur Kem\u00faels; yfir \u00e6tt Arons, Sadok;<a name=\"18\"><span class=\"versanumer\">18<\/span><\/a>yfir J\u00fada, El\u00edhu, af br\u00e6\u00f0rum Dav\u00ed\u00f0s; yfir \u00cdssaskar, Omri, sonur Mikaels;<a name=\"19\"><span class=\"versanumer\">19<\/span><\/a>yfir Seb\u00falon, Jesmaja, sonur \u00d3bad\u00eda; yfir Naftal\u00ed, Jer\u00edmot, sonur Asr\u00edels;<a name=\"20\"><span class=\"versanumer\">20<\/span><\/a>yfir sonum Efrahims H\u00f3sea, sonur Asasia; yfir \u00feeirri h\u00e1lfu Manasse \u00e6ttkv\u00edsl J\u00f3el, sonur Pedaja;<a name=\"21\"><span class=\"versanumer\">21<\/span><\/a>yfir \u00feeirri h\u00e1lfu Manasse \u00e6ttkv\u00edsl \u00ed G\u00edlea\u00f0 Iddo, sonur Sakar\u00eda; yfir Benjam\u00edn Jaesiel, sonur Abners;<a name=\"22\"><span class=\"versanumer\">22<\/span><\/a>yfir Dan Asarel, sonur J\u00f3rams. \u00deessir eru h\u00f6f\u00f0ingjar \u00cdsraels \u00e6ttkv\u00edsla. <br \/><a name=\"23\"><span class=\"versanumer\">23<\/span><\/a>Og Dav\u00ed\u00f0 haf\u00f0i ekki l\u00e1ti\u00f0 telja \u00fe\u00e1 sem voru tv\u00edtugir og yngri; \u00dev\u00ed Drottinn haf\u00f0i heiti\u00f0 a\u00f0 margfalda \u00cdsrael sem stj\u00f6rnur himinsins.<a name=\"24\"><span class=\"versanumer\">24<\/span><\/a>J\u00f3ab, sonur Ser\u00faju, haf\u00f0i byrja\u00f0 a\u00f0 telja, en ekki loki\u00f0 vi\u00f0, og af \u00fev\u00ed kom rei\u00f0i yfir \u00cdsrael, og talan var ekki tekin inn \u00ed reiknings\u00f6gunnar, um Dav\u00ed\u00f0s k\u00f3ngs t\u00ed\u00f0ir. <br \/><a name=\"25\"><span class=\"versanumer\">25<\/span><\/a>Og yfir fj\u00e1rsj\u00f3\u00f0um k\u00f3ngsins var Asmavet, sonur Adiels, og yfir eigunum \u00e1 landinu, \u00ed st\u00f6\u00f0unum og \u00feorpunum og \u00ed kast\u00f6lunum var J\u00f3natan, sonur Usia.<a name=\"26\"><span class=\"versanumer\">26<\/span><\/a>Og yfir akurvinnum\u00f6nnunum vi\u00f0 yrkingu landsins, var Efri, sonur Kel\u00fabs.<a name=\"27\"><span class=\"versanumer\">27<\/span><\/a>Og yfir v\u00edng\u00f6r\u00f0unum var S\u00edme\u00ed, Ramat\u00edti, og yfir v\u00ednfor\u00f0anum \u00ed v\u00edng\u00f6r\u00f0unum var Sabdi, Sifm\u00edti.<a name=\"28\"><span class=\"versanumer\">28<\/span><\/a>Yfir vi\u00f0smj\u00f6rsvi\u00f0arg\u00f6r\u00f0unum, og m\u00f3rberjatrj\u00e1num \u00e1 l\u00e1glendinu var Baal-Hanan, Gader\u00edti, og yfir vi\u00f0smj\u00f6rsfor\u00f0anum, J\u00f3as.<a name=\"29\"><span class=\"versanumer\">29<\/span><\/a>Og yfir nautf\u00e9na\u00f0inum, sem gekk \u00e1 Saron, var Sitrai, Saron\u00edti, og yfir nautunum \u00ed d\u00f6lunum Safat, sonur Adla\u00ed.<a name=\"30\"><span class=\"versanumer\">30<\/span><\/a>Og yfir \u00falf\u00f6ldunum Obil, \u00cdsmael\u00edti, og yfir \u00f6snunum Jehed\u00eda, Meron\u00f3t\u00edti.<a name=\"31\"><span class=\"versanumer\">31<\/span><\/a>Og yfir sm\u00e1f\u00e9na\u00f0inum var Jasis, Hagar\u00edti. Allir \u00feessir h\u00f6f\u00f0u eigur Dav\u00ed\u00f0s k\u00f3ngs me\u00f0 a\u00f0 fara.<br \/><a name=\"32\"><span class=\"versanumer\">32<\/span><\/a>Og J\u00f3natan, f\u00f6\u00f0ur br\u00f3\u00f0ir Dav\u00ed\u00f0s, var r\u00e1\u00f0gjafi, hygginn og l\u00e6r\u00f0ur ma\u00f0ur; og Jeh\u00edel, sonur Hakmon\u00ed, var hj\u00e1 sonum k\u00f3ngsins.<a name=\"33\"><span class=\"versanumer\">33<\/span><\/a>Og Akit\u00f3fel var k\u00f3ngsins r\u00e1\u00f0gjafi; og H\u00fasa\u00ed, Arak\u00edti, var vinur k\u00f3ngsins;<a name=\"34\"><span class=\"versanumer\">34<\/span><\/a>og eftir Akit\u00f3fel voru: Benaja, sonur J\u00f3jada, og Ab\u00edatar <span class='VideyAth'>(k\u00f3ngsins r\u00e1\u00f0gjafar)<\/span>; og hersh\u00f6f\u00f0ingi k\u00f3ngsins var J\u00f3ab.<\/p>\n<div class=\"footnoteVidey\"><\/div>\n","protected":false},"excerpt":{"rendered":"<p>Ni\u00f0urskipun hersins; \u00e6ttah\u00f6f\u00f0ingjar; emb\u00e6ttismenn. 1\u00deessir eru \u00cdsraelssynir eftir \u00feeirra t\u00f6lu, \u00e6ttfe\u00f0ur og h\u00f6f\u00f0ingjar yfir \u00fe\u00fasund og hundra\u00f0 (manns) og \u00feeirra forst\u00f6\u00f0umenn, sem \u00fej\u00f3nu\u00f0u konunginum, eftir allsh\u00e1ttar ni\u00f0urskipun, \u00fe\u00e1 a\u00f0rir komu og a\u00f0rir f\u00f3ru, m\u00e1nu\u00f0 fyrir m\u00e1nu\u00f0, alla m\u00e1nu\u00f0i \u00e1rsins, hv\u00f6r einn flokkur 24 \u00fe\u00fasundir.2Yfir \u00feeim fyrsta flokki \u00feess fyrsta m\u00e1na\u00f0ar var Jasobeam, sonur Sabd\u00edels, og \u00ed hans flokki voru 24 \u00fe\u00fasund.3Hann var af sonum Peres, h\u00f6f\u00f0ingi yfir \u00f6llum herforingjum \u00ed fyrsta m\u00e1nu\u00f0i.4Og yfir flokki \u00feess annars m\u00e1na\u00f0ar var Doda\u00ed, Ahotiti, og af hans flokki var Miklot foringi (hinum n\u00e6stur) og \u00ed hans flokki voru 24 \u00fe\u00fasund.5Foringi \u00feri\u00f0ja hersins, \u00ed \u00feri\u00f0ja <a href=\"https:\/\/biblian.is\/videy\/fyrri-kronikubok-28-kafli-2\/\"> [&#8230;]<\/a><\/p>\n","protected":false},"author":1,"featured_media":0,"parent":0,"menu_order":0,"comment_status":"open","ping_status":"closed","template":"bibliukaflar.php","meta":{"footnotes":""},"class_list":["post-21214","page","type-page","status-publish","hentry"],"_links":{"self":[{"href":"https:\/\/biblian.is\/videy\/wp-json\/wp\/v2\/pages\/21214","targetHints":{"allow":["GET"]}}],"collection":[{"href":"https:\/\/biblian.is\/videy\/wp-json\/wp\/v2\/pages"}],"about":[{"href":"https:\/\/biblian.is\/videy\/wp-json\/wp\/v2\/types\/page"}],"author":[{"embeddable":true,"href":"https:\/\/biblian.is\/videy\/wp-json\/wp\/v2\/users\/1"}],"replies":[{"embeddable":true,"href":"https:\/\/biblian.is\/videy\/wp-json\/wp\/v2\/comments?post=21214"}],"version-history":[{"count":0,"href":"https:\/\/biblian.is\/videy\/wp-json\/wp\/v2\/pages\/21214\/revisions"}],"wp:attachment":[{"href":"https:\/\/biblian.is\/videy\/wp-json\/wp\/v2\/media?parent=21214"}],"curies":[{"name":"wp","href":"https:\/\/api.w.org\/{rel}","templated":true}]}}