{"id":21213,"date":"2018-01-02T01:00:53","date_gmt":"2018-01-02T01:00:53","guid":{"rendered":"http:\/\/biblian.is\/videy\/fyrri-kronikubok-26-kafli\/"},"modified":"2018-01-13T21:29:41","modified_gmt":"2018-01-13T21:29:41","slug":"fyrri-kronikubok-27-kafli-2","status":"publish","type":"page","link":"https:\/\/biblian.is\/videy\/fyrri-kronikubok-27-kafli-2\/","title":{"rendered":"Fyrri kron\u00edkub\u00f3k 27. kafli"},"content":{"rendered":"<div class=\"fyrirsognVidey\">Dyraver\u00f0ir, f\u00e9hir\u00f0ar og d\u00f3marar.<\/div>\n<p><a name=\"1\"><span class=\"versanumer\">1<\/span><\/a>Vi\u00f0v\u00edkjandi ni\u00f0urskipan dyrav\u00f6rslumannanna; <span class='VideyAth'>(voru)<\/span> af Korat\u00edtum: Meselem\u00eda, sonur K\u00f3re, af sonum Asafs;<a name=\"2\"><span class=\"versanumer\">2<\/span><\/a>og synir Meselemia: Sakar\u00edas s\u00e1 frumgetni, Jediael, s\u00e1 annar, Sebadia, s\u00e1 \u00feri\u00f0ji, Jatniel s\u00e1 fj\u00f3r\u00f0i,<a name=\"3\"><span class=\"versanumer\">3<\/span><\/a>Elam, s\u00e1 fimmti, Johanan, s\u00e1 sj\u00f6tti, Elioenai s\u00e1 sj\u00f6undi.<a name=\"4\"><span class=\"versanumer\">4<\/span><\/a>Og \u00d3be\u00f0-Edoms synir: Semaia s\u00e1 frumgetni, Josabad, s\u00e1 annar, J\u00f3a, s\u00e1 \u00feri\u00f0ji, og Sakar s\u00e1 fj\u00f3r\u00f0i, og Netaneel, s\u00e1 fimmti,<a name=\"5\"><span class=\"versanumer\">5<\/span><\/a>Ammiel, s\u00e1 sj\u00f6tti, \u00cdsaskar, s\u00e1 sj\u00f6undi, Pegultai, s\u00e1 \u00e1ttundi; \u00fev\u00ed Gu\u00f0 haf\u00f0i blessa\u00f0 hann.<a name=\"6\"><span class=\"versanumer\">6<\/span><\/a>Og Semaja, syni hans, f\u00e6ddust og synir, h\u00f6fu\u00f0smenn \u00ed \u00feeirra fe\u00f0ra h\u00fasi, \u00fev\u00ed \u00feeir voru duglegir menn;<a name=\"7\"><span class=\"versanumer\">7<\/span><\/a>synir Semaja: Otni og Refael og Obed, Elsabad, hans br\u00f3\u00f0ir, duglegir menn, Elihu og Semakia.<a name=\"8\"><span class=\"versanumer\">8<\/span><\/a>Allir \u00feessir voru af sonum \u00d3be\u00f0-Edoms, \u00feeir og \u00feeirra synir og br\u00e6\u00f0ur duglegir og r\u00f6skir menn til \u00fej\u00f3nustunnar, sext\u00edu og tveir af \u00d3be\u00f0-Edom.<a name=\"9\"><span class=\"versanumer\">9<\/span><\/a>Og synir Meselemia og br\u00e6\u00f0ur, duglegir menn, voru \u00e1tj\u00e1n.<a name=\"10\"><span class=\"versanumer\">10<\/span><\/a>Og Hosa synir, af sonum Merari, voru: Simri s\u00e1 fyrsti, <span class='VideyAth'>(frumgetinn var hann ekki, en fa\u00f0ir hans setti hann \u00e6ttarh\u00f6fu\u00f0)<\/span>,<a name=\"11\"><span class=\"versanumer\">11<\/span><\/a>Hilkia, s\u00e1 annar, Tebal\u00eda, s\u00e1 \u00feri\u00f0ji, Sakar\u00eda, s\u00e1 fj\u00f3r\u00f0i; allir synir og br\u00e6\u00f0ur af H\u00f3sa voru \u00ferett\u00e1n.<br \/><a name=\"12\"><span class=\"versanumer\">12<\/span><\/a>\u00deessum hlotna\u00f0ist a\u00f0 skiptast til me\u00f0 dyrav\u00f6rsluna, eftir <span class='VideyAth'>(h\u00f6f\u00f0um)<\/span> h\u00f6f\u00f0at\u00f6lu mannanna, v\u00f6ktun hj\u00e1 \u00feeirra br\u00e6\u00f0rum, me\u00f0an \u00feeir \u00fej\u00f3nu\u00f0u \u00ed Drottins h\u00fasi;<a name=\"13\"><span class=\"versanumer\">13<\/span><\/a>og k\u00f6stu\u00f0u hlut, s\u00e1 minnsti sem s\u00e1 mesti, eftir \u00feeirra \u00e6ttli\u00f0um, fyrir s\u00e9rhv\u00f6rjar dyr.<a name=\"14\"><span class=\"versanumer\">14<\/span><\/a>Austur dyrnar hlotnu\u00f0ust Selemia <span class='VideyAth'>(Meselemia)<\/span>; og Sakar\u00eda syni hans, hyggnum r\u00e1\u00f0gjafa, k\u00f6stu\u00f0u \u00feeir hlut, og hans hlutur f\u00e9ll m\u00f3t nor\u00f0ri;<a name=\"15\"><span class=\"versanumer\">15<\/span><\/a>og \u00d3be\u00f0-Edom m\u00f3t su\u00f0ri, og sonum hans hj\u00e1 f\u00e9hirsluh\u00fasinu.<a name=\"16\"><span class=\"versanumer\">16<\/span><\/a>S\u00fapim og H\u00f3sa m\u00f3t vestri, vi\u00f0 dyrnar Saleket, hvar str\u00e6ti\u00f0 beygist upp\u00e1vi\u00f0, vakt hj\u00e1 vakt.<a name=\"17\"><span class=\"versanumer\">17<\/span><\/a>Austan til <span class='VideyAth'>(h\u00e9ldu v\u00f6r\u00f0)<\/span> 6 Lev\u00edtar, a\u00f0 nor\u00f0an til daglega fj\u00f3rir, a\u00f0 sunnan til daglega fj\u00f3rir, og hj\u00e1 f\u00e9hirsluh\u00fasinu tveir og tveir,<a name=\"18\"><span class=\"versanumer\">18<\/span><\/a>gagnvart forsta\u00f0num a\u00f0 vestan til, fj\u00f3rir \u00e1 str\u00e6tinu, tveir og tveir gegnt forsta\u00f0num.<a name=\"19\"><span class=\"versanumer\">19<\/span><\/a>\u00deannig var dyrav\u00f6rslum\u00f6nnunum ni\u00f0urskipa\u00f0 af Kora\u00edta og Merar\u00edta sonum.<br \/><a name=\"20\"><span class=\"versanumer\">20<\/span><\/a>Og af Lev\u00edtunum var Ah\u00eda yfir fj\u00e1rsj\u00f3\u00f0um Gu\u00f0s h\u00fass, og yfir fj\u00e1rsj\u00f3\u00f0um \u00feeirra helgu\u00f0u hluta.<a name=\"21\"><span class=\"versanumer\">21<\/span><\/a>Synir Laedans, af sonum Gerson\u00edta, af Laedan, \u00e6tta h\u00f6fu\u00f0 Laedans \u00e6ttli\u00f0s, af Gerson\u00edtum, <span class='VideyAth'>(voru)<\/span> Jehieli,<a name=\"22\"><span class=\"versanumer\">22<\/span><\/a>synir Jehiels, Setam og J\u00f3el hans br\u00f3\u00f0ir, voru yfir fj\u00e1rsj\u00f3\u00f0um Drottins h\u00fass.<a name=\"23\"><span class=\"versanumer\">23<\/span><\/a>Af Amram\u00edtum, Jesehar\u00edtum, Hebron\u00edtum, Asiel\u00edtum.<a name=\"24\"><span class=\"versanumer\">24<\/span><\/a>Og Seb\u00fael sonur Gersoms, M\u00f3sissonar, var yfirumsj\u00f3narma\u00f0ur fj\u00e1rsj\u00f3\u00f0anna.<a name=\"25\"><span class=\"versanumer\">25<\/span><\/a>Og hans br\u00e6\u00f0ur af El\u00edeser: hv\u00f6rs son Rehab\u00eda <span class='VideyAth'>(var)<\/span>, og hv\u00f6rs son Jesa\u00eda, og hv\u00f6rs son J\u00f3ram, og hv\u00f6rs son Sikr\u00ed, og hv\u00f6rs son Sal\u00f3mit;<a name=\"26\"><span class=\"versanumer\">26<\/span><\/a>s\u00e1 sami Sal\u00f3mit, og hans br\u00e6\u00f0ur, var yfir fj\u00e1rsj\u00f3\u00f0um \u00feeirra helgu\u00f0u hluta sem Dav\u00ed\u00f0 konungur og \u00e6ttah\u00f6fu\u00f0in, og h\u00f6fu\u00f0smennirnir yfir \u00fe\u00fasund og hundra\u00f0 <span class='VideyAth'>(manns)<\/span> og foringjar hersins h\u00f6f\u00f0u helga\u00f0;<a name=\"27\"><span class=\"versanumer\">27<\/span><\/a>\u00far str\u00ed\u00f0um, og af herfangi h\u00f6f\u00f0u \u00feeir \u00fea\u00f0 helga\u00f0, til a\u00f0 endurb\u00e6ta <span class='VideyAth'>(\u00fear me\u00f0)<\/span> Drottins h\u00fas;<a name=\"28\"><span class=\"versanumer\">28<\/span><\/a>og allt sem Sam\u00fael, s\u00e1 Sj\u00e1andi, haf\u00f0i helga\u00f0, og S\u00e1l, sonur Kis, og Abner sonur Ners, og J\u00f3ab, sonur Ser\u00faju, allt \u00fea\u00f0 helga\u00f0a var undir hendi Sal\u00f3mits og hans br\u00e6\u00f0ra.<a name=\"29\"><span class=\"versanumer\">29<\/span><\/a>Af Jesehar\u00edtum var Kenan\u00eda og hans synir yfir \u00cdsrael, vi\u00f0v\u00edkjandi \u00feeim ytri s\u00fdslunum, sem forst\u00f6\u00f0umenn og d\u00f3marar.<a name=\"30\"><span class=\"versanumer\">30<\/span><\/a>Af Hebron\u00edtum var Hasab\u00eda og hans br\u00e6\u00f0ur, dugandis menn, \u00fe\u00fasund og 7 hundru\u00f0, settir yfir \u00cdsrael, \u00feessumegin J\u00f3rdanar, a\u00f0 vestanver\u00f0u, til allsh\u00e1tta\u00f0rar Drottins \u00fej\u00f3nustu og til k\u00f3ngsins \u00fej\u00f3nustu.<a name=\"31\"><span class=\"versanumer\">31<\/span><\/a>Af Hebron\u00edtum var Jer\u00eda, s\u00e1 ypparsti \u00ed Hebron\u00edta \u00e6tt og \u00feeirra fe\u00f0rah\u00fasum. \u00c1 \u00fev\u00ed sextugasta \u00e1ri Dav\u00ed\u00f0s r\u00edkisstj\u00f3rnar voru \u00feeir rannsaka\u00f0ir, og duglegir menn me\u00f0al \u00feeirra fundnir, \u00ed Jaeser \u00ed G\u00edlea\u00f0.<a name=\"32\"><span class=\"versanumer\">32<\/span><\/a>Og hans br\u00e6\u00f0ur, duglegir menn, voru 2 \u00fe\u00fasund og 7 hundru\u00f0, allir \u00e6ttfe\u00f0ur. Og Dav\u00ed\u00f0 konungur, setti \u00fe\u00e1 yfir R\u00faben\u00edtana og Ga\u00f0\u00edtana og \u00fe\u00e1 h\u00e1lfu Manassis\u00e6tt, vi\u00f0v\u00edkjandi \u00f6llum Gu\u00f0s og k\u00f3ngsins erendum.<\/p>\n<div class=\"footnoteVidey\"><\/div>\n","protected":false},"excerpt":{"rendered":"<p>Dyraver\u00f0ir, f\u00e9hir\u00f0ar og d\u00f3marar. 1Vi\u00f0v\u00edkjandi ni\u00f0urskipan dyrav\u00f6rslumannanna; (voru) af Korat\u00edtum: Meselem\u00eda, sonur K\u00f3re, af sonum Asafs;2og synir Meselemia: Sakar\u00edas s\u00e1 frumgetni, Jediael, s\u00e1 annar, Sebadia, s\u00e1 \u00feri\u00f0ji, Jatniel s\u00e1 fj\u00f3r\u00f0i,3Elam, s\u00e1 fimmti, Johanan, s\u00e1 sj\u00f6tti, Elioenai s\u00e1 sj\u00f6undi.4Og \u00d3be\u00f0-Edoms synir: Semaia s\u00e1 frumgetni, Josabad, s\u00e1 annar, J\u00f3a, s\u00e1 \u00feri\u00f0ji, og Sakar s\u00e1 fj\u00f3r\u00f0i, og Netaneel, s\u00e1 fimmti,5Ammiel, s\u00e1 sj\u00f6tti, \u00cdsaskar, s\u00e1 sj\u00f6undi, Pegultai, s\u00e1 \u00e1ttundi; \u00fev\u00ed Gu\u00f0 haf\u00f0i blessa\u00f0 hann.6Og Semaja, syni hans, f\u00e6ddust og synir, h\u00f6fu\u00f0smenn \u00ed \u00feeirra fe\u00f0ra h\u00fasi, \u00fev\u00ed \u00feeir voru duglegir menn;7synir Semaja: Otni og Refael og Obed, Elsabad, hans br\u00f3\u00f0ir, duglegir menn, Elihu og Semakia.8Allir <a href=\"https:\/\/biblian.is\/videy\/fyrri-kronikubok-27-kafli-2\/\"> [&#8230;]<\/a><\/p>\n","protected":false},"author":1,"featured_media":0,"parent":0,"menu_order":0,"comment_status":"open","ping_status":"closed","template":"bibliukaflar.php","meta":{"footnotes":""},"class_list":["post-21213","page","type-page","status-publish","hentry"],"_links":{"self":[{"href":"https:\/\/biblian.is\/videy\/wp-json\/wp\/v2\/pages\/21213","targetHints":{"allow":["GET"]}}],"collection":[{"href":"https:\/\/biblian.is\/videy\/wp-json\/wp\/v2\/pages"}],"about":[{"href":"https:\/\/biblian.is\/videy\/wp-json\/wp\/v2\/types\/page"}],"author":[{"embeddable":true,"href":"https:\/\/biblian.is\/videy\/wp-json\/wp\/v2\/users\/1"}],"replies":[{"embeddable":true,"href":"https:\/\/biblian.is\/videy\/wp-json\/wp\/v2\/comments?post=21213"}],"version-history":[{"count":0,"href":"https:\/\/biblian.is\/videy\/wp-json\/wp\/v2\/pages\/21213\/revisions"}],"wp:attachment":[{"href":"https:\/\/biblian.is\/videy\/wp-json\/wp\/v2\/media?parent=21213"}],"curies":[{"name":"wp","href":"https:\/\/api.w.org\/{rel}","templated":true}]}}