{"id":21212,"date":"2018-01-02T01:00:53","date_gmt":"2018-01-02T01:00:53","guid":{"rendered":"http:\/\/biblian.is\/videy\/fyrri-kronikubok-25-kafli\/"},"modified":"2018-01-13T21:29:31","modified_gmt":"2018-01-13T21:29:31","slug":"fyrri-kronikubok-26-kafli-2","status":"publish","type":"page","link":"https:\/\/biblian.is\/videy\/fyrri-kronikubok-26-kafli-2\/","title":{"rendered":"Fyrri kron\u00edkub\u00f3k 26. kafli"},"content":{"rendered":"<div class=\"fyrirsognVidey\">Ni\u00f0urskipun s\u00f6ngvaranna vi\u00f0 helgid\u00f3minn.<\/div>\n<p><a name=\"1\"><span class=\"versanumer\">1<\/span><\/a>Og Dav\u00ed\u00f0 og herforingjarnir fr\u00e1skildu til \u00fej\u00f3nustunnar af sonum Asafs og Hemans og Jedut\u00fans, \u00fe\u00e1 sem l\u00e9ku \u00e1 hlj\u00f3\u00f0p\u00edpur og h\u00f6rpur og horn; og \u00feetta var tala \u00feeirra sem s\u00fdsla h\u00f6f\u00f0u vi\u00f0 \u00feeirra \u00fej\u00f3nustu:<a name=\"2\"><span class=\"versanumer\">2<\/span><\/a>af sonum Asafs: Sak\u00far og J\u00f3sep og Netania og Asarela, synir Asafs, Asaf vi\u00f0 h\u00f6nd, undir k\u00f3ngsins stj\u00f3rn <span class='VideyAth'>(lei\u00f0s\u00f6gn)<\/span>.<a name=\"3\"><span class=\"versanumer\">3<\/span><\/a>Af Jedut\u00fan, synir Jedutuns: Gedalia og Seri og Jesaja, Hasab\u00eda og Mat\u00edtia, <span class='VideyAth'>(og S\u00edme\u00ed)<\/span> \u00feeir sex, undir <span class='VideyAth'>(lei\u00f0s\u00f6gn)<\/span> stj\u00f3rn f\u00f6\u00f0ur s\u00edns Jedut\u00fans, sem me\u00f0 hlj\u00f3\u00f0p\u00edpum spila\u00f0i Drottni \u00feakkl\u00e6ti og lof.<a name=\"4\"><span class=\"versanumer\">4<\/span><\/a>Af Heman, synir Hemans: B\u00fakia og Matania, Usiel, Sebuel og Jerimot, Hanania, Hanani, Eliata, Gidalti og Romamti-Eser, Josbekasa, Malloti, H\u00f3t\u00edr, Mahesiot,<a name=\"5\"><span class=\"versanumer\">5<\/span><\/a>allir synir Hemans, k\u00f3ngsins sj\u00e1anda, sem vegsama\u00f0i me\u00f0 Drottins or\u00f0i; og Gu\u00f0 gaf Heman 14 syni og \u00ferj\u00e1r d\u00e6tur.<a name=\"6\"><span class=\"versanumer\">6<\/span><\/a>Allir \u00feessir voru undir stj\u00f3rn sinna fe\u00f0ra vi\u00f0 s\u00f6ng \u00ed Drottins h\u00fasi, me\u00f0 hornum, h\u00f6rpum og hlj\u00f3\u00f0p\u00edpum, til Gu\u00f0s h\u00fass \u00fej\u00f3nustu; undir k\u00f3ngsins stj\u00f3rn <span class='VideyAth'>(voru)<\/span> \u00feeir Asaf, Jedut\u00fan og Heman.<a name=\"7\"><span class=\"versanumer\">7<\/span><\/a>Og \u00feeirra tala, a\u00f0 br\u00e6\u00f0rum \u00feeirra me\u00f0t\u00f6ldum, \u00feeim \u00e6f\u00f0u \u00ed Drottins s\u00f6ng, \u00f6llum sem kunnu, var 28<a name=\"8\"><span class=\"versanumer\">8<\/span><\/a>8. Og \u00feeir k\u00f6stu\u00f0u hlutfalli um emb\u00e6tti, s\u00e1 minnsti sem s\u00e1 mesti, s\u00e1 l\u00e6r\u00f0i, sem l\u00e6risveinninn.<a name=\"9\"><span class=\"versanumer\">9<\/span><\/a>Og \u00fea\u00f0 fyrsta hlutfall kom <span class='VideyAth'>(fyrir)<\/span> handa Asaf, nl. J\u00f3sep hans <span class='VideyAth'>(syni)<\/span>. Gedalia hi\u00f0 anna\u00f0, honum og hans br\u00e6\u00f0rum og syni, <span class='VideyAth'>(og \u00feeir voru)<\/span> t\u00f3lf:<a name=\"10\"><span class=\"versanumer\">10<\/span><\/a>hi\u00f0 \u00feri\u00f0ja handa Sakur, hans syni og br\u00e6\u00f0rum, t\u00f3lf.<a name=\"11\"><span class=\"versanumer\">11<\/span><\/a>Hi\u00f0 fj\u00f3r\u00f0a handa Isri <span class='VideyAth'>(Ser\u00ed)<\/span>, hans syni og br\u00e6\u00f0rum, t\u00f3lf;<a name=\"12\"><span class=\"versanumer\">12<\/span><\/a>\u00fea\u00f0 fimmta handa Netania, hans syni og br\u00e6\u00f0rum, t\u00f3lf.<a name=\"13\"><span class=\"versanumer\">13<\/span><\/a>\u00dea\u00f0 sj\u00f6tta handa Bukia, hans syni og br\u00e6\u00f0rum, t\u00f3lf.<a name=\"14\"><span class=\"versanumer\">14<\/span><\/a>\u00dea\u00f0 sj\u00f6unda handa Jesarela <span class='VideyAth'>(Asarela)<\/span>, hans syni og br\u00e6\u00f0rum, t\u00f3lf;<a name=\"15\"><span class=\"versanumer\">15<\/span><\/a>\u00fea\u00f0 \u00e1ttunda handa Jesaja, hans syni og br\u00e6\u00f0rum, t\u00f3lf;<a name=\"16\"><span class=\"versanumer\">16<\/span><\/a>\u00fea\u00f0 n\u00edunda handa Matan\u00eda, hans syni og br\u00e6\u00f0rum, t\u00f3lf;<a name=\"17\"><span class=\"versanumer\">17<\/span><\/a>\u00fea\u00f0 t\u00edunda handa S\u00edme\u00ed, hans syni og br\u00e6\u00f0rum, t\u00f3lf;<a name=\"18\"><span class=\"versanumer\">18<\/span><\/a>\u00fea\u00f0 ellefta handa Asareel <span class='VideyAth'>(Usiel)<\/span>, hans syni og br\u00e6\u00f0rum, t\u00f3lf;<a name=\"19\"><span class=\"versanumer\">19<\/span><\/a>\u00fea\u00f0 12ta handa Hasabja, hans syni og br\u00e6\u00f0rum, t\u00f3lf;<a name=\"20\"><span class=\"versanumer\">20<\/span><\/a>\u00fea\u00f0 \u00ferett\u00e1nda handa Subael <span class='VideyAth'>(Sebuel)<\/span>, hans syni og br\u00e6\u00f0rum, t\u00f3lf;<a name=\"21\"><span class=\"versanumer\">21<\/span><\/a>\u00fea\u00f0 fj\u00f3rt\u00e1nda handa Mat\u00edtia, hans syni og br\u00e6\u00f0rum, t\u00f3lf;<a name=\"22\"><span class=\"versanumer\">22<\/span><\/a>\u00fea\u00f0 fimmt\u00e1nda handa Jeremot, hans syni og br\u00e6\u00f0rum, t\u00f3lf;<a name=\"23\"><span class=\"versanumer\">23<\/span><\/a>\u00fea\u00f0 sext\u00e1nda handa Hanania, hans syni og br\u00e6\u00f0rum, t\u00f3lf;<a name=\"24\"><span class=\"versanumer\">24<\/span><\/a>\u00fea\u00f0 seytj\u00e1nda handa Jesbekasa; hans syni og br\u00e6\u00f0rum, t\u00f3lf;<a name=\"25\"><span class=\"versanumer\">25<\/span><\/a>\u00fea\u00f0 \u00e1tj\u00e1nda handa Hanan\u00ed, hans syni og br\u00e6\u00f0rum, t\u00f3lf;<a name=\"26\"><span class=\"versanumer\">26<\/span><\/a>\u00fea\u00f0 n\u00edtj\u00e1nda handa Malloti, hans syni og br\u00e6\u00f0rum, t\u00f3lf;<a name=\"27\"><span class=\"versanumer\">27<\/span><\/a>\u00fea\u00f0 tuttugasta handa El\u00edata, hans syni og br\u00e6\u00f0rum, t\u00f3lf;<a name=\"28\"><span class=\"versanumer\">28<\/span><\/a>\u00fea\u00f0 tuttugasta og fyrsta handa H\u00f3t\u00edr, hans syni og br\u00e6\u00f0rum, t\u00f3lf;<a name=\"29\"><span class=\"versanumer\">29<\/span><\/a>\u00fea\u00f0 tuttugasta og anna\u00f0 handa G\u00eddalti, hans syni og br\u00e6\u00f0rum, t\u00f3lf;<a name=\"30\"><span class=\"versanumer\">30<\/span><\/a>hi\u00f0 tuttugasta og \u00feri\u00f0ja handa Mahesiot, hans syni og br\u00e6\u00f0rum, t\u00f3lf;<a name=\"31\"><span class=\"versanumer\">31<\/span><\/a>\u00fea\u00f0 tuttugasta og fj\u00f3r\u00f0a handa Romamti-Eser, hans syni og br\u00e6\u00f0rum, t\u00f3lf.<\/p>\n<div class=\"footnoteVidey\"><\/div>\n","protected":false},"excerpt":{"rendered":"<p>Ni\u00f0urskipun s\u00f6ngvaranna vi\u00f0 helgid\u00f3minn. 1Og Dav\u00ed\u00f0 og herforingjarnir fr\u00e1skildu til \u00fej\u00f3nustunnar af sonum Asafs og Hemans og Jedut\u00fans, \u00fe\u00e1 sem l\u00e9ku \u00e1 hlj\u00f3\u00f0p\u00edpur og h\u00f6rpur og horn; og \u00feetta var tala \u00feeirra sem s\u00fdsla h\u00f6f\u00f0u vi\u00f0 \u00feeirra \u00fej\u00f3nustu:2af sonum Asafs: Sak\u00far og J\u00f3sep og Netania og Asarela, synir Asafs, Asaf vi\u00f0 h\u00f6nd, undir k\u00f3ngsins stj\u00f3rn (lei\u00f0s\u00f6gn).3Af Jedut\u00fan, synir Jedutuns: Gedalia og Seri og Jesaja, Hasab\u00eda og Mat\u00edtia, (og S\u00edme\u00ed) \u00feeir sex, undir (lei\u00f0s\u00f6gn) stj\u00f3rn f\u00f6\u00f0ur s\u00edns Jedut\u00fans, sem me\u00f0 hlj\u00f3\u00f0p\u00edpum spila\u00f0i Drottni \u00feakkl\u00e6ti og lof.4Af Heman, synir Hemans: B\u00fakia og Matania, Usiel, Sebuel og Jerimot, Hanania, Hanani, Eliata, Gidalti og <a href=\"https:\/\/biblian.is\/videy\/fyrri-kronikubok-26-kafli-2\/\"> [&#8230;]<\/a><\/p>\n","protected":false},"author":1,"featured_media":0,"parent":0,"menu_order":0,"comment_status":"open","ping_status":"closed","template":"bibliukaflar.php","meta":{"footnotes":""},"class_list":["post-21212","page","type-page","status-publish","hentry"],"_links":{"self":[{"href":"https:\/\/biblian.is\/videy\/wp-json\/wp\/v2\/pages\/21212","targetHints":{"allow":["GET"]}}],"collection":[{"href":"https:\/\/biblian.is\/videy\/wp-json\/wp\/v2\/pages"}],"about":[{"href":"https:\/\/biblian.is\/videy\/wp-json\/wp\/v2\/types\/page"}],"author":[{"embeddable":true,"href":"https:\/\/biblian.is\/videy\/wp-json\/wp\/v2\/users\/1"}],"replies":[{"embeddable":true,"href":"https:\/\/biblian.is\/videy\/wp-json\/wp\/v2\/comments?post=21212"}],"version-history":[{"count":0,"href":"https:\/\/biblian.is\/videy\/wp-json\/wp\/v2\/pages\/21212\/revisions"}],"wp:attachment":[{"href":"https:\/\/biblian.is\/videy\/wp-json\/wp\/v2\/media?parent=21212"}],"curies":[{"name":"wp","href":"https:\/\/api.w.org\/{rel}","templated":true}]}}