{"id":21211,"date":"2018-01-02T01:00:53","date_gmt":"2018-01-02T01:00:53","guid":{"rendered":"http:\/\/biblian.is\/videy\/fyrri-kronikubok-24-kafli\/"},"modified":"2018-01-13T21:29:21","modified_gmt":"2018-01-13T21:29:21","slug":"fyrri-kronikubok-25-kafli-2","status":"publish","type":"page","link":"https:\/\/biblian.is\/videy\/fyrri-kronikubok-25-kafli-2\/","title":{"rendered":"Fyrri kron\u00edkub\u00f3k 25. kafli"},"content":{"rendered":"<div class=\"fyrirsognVidey\">Um prestana og \u00feeirra emb\u00e6tti.<\/div>\n<p><a name=\"1\"><span class=\"versanumer\">1<\/span><\/a>Vi\u00f0v\u00edkjandi sonum Arons, \u00fe\u00e1 var \u00feannig skipt. Synir Arons v\u00f3ru: Nadab og Abih\u00fas, Eleasar og Itamar.<a name=\"2\"><span class=\"versanumer\">2<\/span><\/a>Og Nadab og Ab\u00edh\u00fa d\u00f3u \u00e1 undan f\u00f6\u00f0ur s\u00ednum, og \u00e1ttu enga syni, og Eleasar og Itamar ur\u00f0u prestar.<a name=\"3\"><span class=\"versanumer\">3<\/span><\/a>Og Dav\u00ed\u00f0 skipa\u00f0i \u00feeim ni\u00f0ur og Sadok af sonum Eleasars, og Ah\u00edmelek, af sonum Itamars, eftir \u00feeirra emb\u00e6tti, til \u00feeirra \u00fej\u00f3nustu.<a name=\"4\"><span class=\"versanumer\">4<\/span><\/a>Og af sonum Eleasars voru fleiri h\u00f6fu\u00f0smenn enn af sonum Itamars, og \u00feeir skipu\u00f0u \u00feeim ni\u00f0ur; af sonum Eleasar v\u00f3ru 16 \u00e6ttfe\u00f0ur \u00e6ttli\u00f0anna, og af sonum Itamars eftir \u00feeirra \u00e6ttli\u00f0um \u00e1tta.<a name=\"5\"><span class=\"versanumer\">5<\/span><\/a>Og \u00feeir tilt\u00f3ku \u00fe\u00e1 me\u00f0 hlutfalli, \u00feessa sem hina; \u00fev\u00ed forst\u00f6\u00f0u menn helgid\u00f3msins, og gu\u00f0sh\u00f6f\u00f0ingjar voru af sonum Eleasars og af sonum Itamars.<a name=\"6\"><span class=\"versanumer\">6<\/span><\/a>Og Semaja sonur Netaneels af Lev\u00ed <span class='VideyAth'>(\u00e6tt)<\/span> skrifarinn, skrifa\u00f0i \u00fe\u00e1 upp fyrir konunginn og h\u00f6f\u00f0ingjana og prestinn Sadok og Ah\u00edmelek son Ab\u00edatars, og fyrir \u00e6ttfe\u00f0ur prestanna og Lev\u00edtanna; hv\u00f6r ein h\u00f6fu\u00f0 \u00e6tt var <span class='VideyAth'>(me\u00f0 hlutfalli)<\/span> dregin fyrir Eleasar, og hv\u00f6r ein s\u00f6mulei\u00f0is fyrir Itamar.<a name=\"7\"><span class=\"versanumer\">7<\/span><\/a>\u00dea\u00f0 fyrsta hlutfall kom fyrir J\u00f3jarib; \u00fea\u00f0 anna\u00f0 fyrir Jedaja;<a name=\"8\"><span class=\"versanumer\">8<\/span><\/a>\u00fea\u00f0 \u00feri\u00f0ja fyrir Harim; \u00fea\u00f0 fj\u00f3r\u00f0a fyrir Se\u00f3rim.<a name=\"9\"><span class=\"versanumer\">9<\/span><\/a>\u00dea\u00f0 fimmta fyrir Malk\u00fdja; \u00fea\u00f0 sj\u00f6tta fyrir Mejamin;<a name=\"10\"><span class=\"versanumer\">10<\/span><\/a>\u00fea\u00f0 sj\u00f6unda fyrir Hakos; \u00fea\u00f0 \u00e1ttunda fyrir Ab\u00eda;<a name=\"11\"><span class=\"versanumer\">11<\/span><\/a>\u00fea\u00f0 n\u00edunda fyrir Jes\u00faa; \u00fea\u00f0 t\u00edunda fyrir Sekanja;<a name=\"12\"><span class=\"versanumer\">12<\/span><\/a>\u00fea\u00f0 ellefta fyrir Eliasib; \u00fea\u00f0 t\u00f3lfta fyrir Jakim;<a name=\"13\"><span class=\"versanumer\">13<\/span><\/a>\u00fea\u00f0 \u00ferett\u00e1nda fyrir H\u00fapa; \u00fea\u00f0 fj\u00f3rt\u00e1nda fyrir Jesebeab;<a name=\"14\"><span class=\"versanumer\">14<\/span><\/a>\u00fea\u00f0 fimmt\u00e1nda fyrir Bilga; \u00fea\u00f0 sext\u00e1nda fyrir Immer;<a name=\"15\"><span class=\"versanumer\">15<\/span><\/a>\u00fea\u00f0 seytj\u00e1nda fyrir Hes\u00edr; \u00fea\u00f0 \u00e1tj\u00e1nda fyrir Hapises;<a name=\"16\"><span class=\"versanumer\">16<\/span><\/a>\u00fea\u00f0 n\u00edtj\u00e1nda fyrir Pethaja; \u00fea\u00f0 tuttugasta fyrir Jeheskel;<a name=\"17\"><span class=\"versanumer\">17<\/span><\/a>\u00fea\u00f0 tuttugasta og fyrsta fyrir Jakin; \u00fea\u00f0 tuttugasta og anna\u00f0 fyrir Gam\u00fal;<a name=\"18\"><span class=\"versanumer\">18<\/span><\/a>\u00fea\u00f0 tuttugasta og \u00feri\u00f0ja fyrir Delaja; \u00fea\u00f0 tuttugasta og fj\u00f3r\u00f0a fyrir Maasia.<a name=\"19\"><span class=\"versanumer\">19<\/span><\/a>\u00deessi var \u00feeirra ni\u00f0urskipan til \u00feeirra \u00fej\u00f3nustu, a\u00f0 koma \u00ed Drottins h\u00fas eftir \u00feeirra ni\u00f0urr\u00f6\u00f0un <span class='VideyAth'>(sem var \u00e1kv\u00f6r\u00f0u\u00f0)<\/span> af Aron \u00feeirra f\u00f6\u00f0ur, eins og Drottinn, \u00cdsraels Gu\u00f0, haf\u00f0i bo\u00f0i\u00f0 honum.<br \/><a name=\"20\"><span class=\"versanumer\">20<\/span><\/a>Og vi\u00f0v\u00edkjandi \u00f6\u00f0rum Lev\u00ed sonum: <span class='VideyAth'>(voru)<\/span> af Amrams sonum: Subael; af sonum Subaels: Jedea;<a name=\"21\"><span class=\"versanumer\">21<\/span><\/a>af Rehabja, af sonum Rehabja: Jissia s\u00e1 fyrsti;<a name=\"22\"><span class=\"versanumer\">22<\/span><\/a>af Jesehar\u00edtum: Salmot; af sonum Salomots: Jahat.<a name=\"23\"><span class=\"versanumer\">23<\/span><\/a>Og synir <span class='VideyAth'>(Hebrons)<\/span> voru: Jeria <span class='VideyAth'>(23,19)<\/span> <span class='VideyAth'>(hinn fyrsti)<\/span>, Amaria s\u00e1 annar, Jahesiel s\u00e1 \u00feri\u00f0ji, Jekamam s\u00e1 fj\u00f3r\u00f0i;<a name=\"24\"><span class=\"versanumer\">24<\/span><\/a>synir Usiels, Mika; af sonum Mika: Samir;<a name=\"25\"><span class=\"versanumer\">25<\/span><\/a>br\u00f3\u00f0ir Mika; Jissia; af sonum Jissia: Sakaria.<a name=\"26\"><span class=\"versanumer\">26<\/span><\/a>Synir Merar\u00ed: Maheli og Musi; synir Jaesia, hans sonar;<a name=\"27\"><span class=\"versanumer\">27<\/span><\/a>synir Merar\u00ed af Jaesia hans syni: Soham og S\u00fak\u00far og Ibri.<a name=\"28\"><span class=\"versanumer\">28<\/span><\/a>Af Mahel\u00ed: Eleasar, sem \u00e1tti enga syni;<a name=\"29\"><span class=\"versanumer\">29<\/span><\/a>af K\u00eds, K\u00eds synir: Jerhameel;<a name=\"30\"><span class=\"versanumer\">30<\/span><\/a>og \u00feeir synir Musi: Mahel\u00ed og Eder og Jer\u00edm\u00f3t. \u00deetta voru synir Lev\u00edtanna, eftir \u00feeirra \u00e6ttfe\u00f0rum.<a name=\"31\"><span class=\"versanumer\">31<\/span><\/a>Og s\u00f6mulei\u00f0is k\u00f6stu\u00f0u \u00feeir hlutfalli, eins og \u00feeirra br\u00e6\u00f0ur, Arons synir, \u00ed augs\u00fdn Dav\u00ed\u00f0s konungs og Sadoks og Ahimeleks og \u00e6ttah\u00f6f\u00f0ingja prestanna og Lev\u00edtanna; s\u00e1 ypparsti \u00ed \u00e6ttinni eins og hans minnsti br\u00f3\u00f0ir.<\/p>\n<div class=\"footnoteVidey\">*) Sumir \u00e6tla h\u00e9r \u00e6tti a\u00f0 standa: \u00fer\u00edtugsaldri.  V. 29. M\u00e6lir: \u00fe\u00e1 m\u00e6lt er hi\u00f0 vota; m\u00e1l: lengd e\u00f0a breidd.<\/div>\n","protected":false},"excerpt":{"rendered":"<p>Um prestana og \u00feeirra emb\u00e6tti. 1Vi\u00f0v\u00edkjandi sonum Arons, \u00fe\u00e1 var \u00feannig skipt. Synir Arons v\u00f3ru: Nadab og Abih\u00fas, Eleasar og Itamar.2Og Nadab og Ab\u00edh\u00fa d\u00f3u \u00e1 undan f\u00f6\u00f0ur s\u00ednum, og \u00e1ttu enga syni, og Eleasar og Itamar ur\u00f0u prestar.3Og Dav\u00ed\u00f0 skipa\u00f0i \u00feeim ni\u00f0ur og Sadok af sonum Eleasars, og Ah\u00edmelek, af sonum Itamars, eftir \u00feeirra emb\u00e6tti, til \u00feeirra \u00fej\u00f3nustu.4Og af sonum Eleasars voru fleiri h\u00f6fu\u00f0smenn enn af sonum Itamars, og \u00feeir skipu\u00f0u \u00feeim ni\u00f0ur; af sonum Eleasar v\u00f3ru 16 \u00e6ttfe\u00f0ur \u00e6ttli\u00f0anna, og af sonum Itamars eftir \u00feeirra \u00e6ttli\u00f0um \u00e1tta.5Og \u00feeir tilt\u00f3ku \u00fe\u00e1 me\u00f0 hlutfalli, \u00feessa sem hina; \u00fev\u00ed forst\u00f6\u00f0u menn <a href=\"https:\/\/biblian.is\/videy\/fyrri-kronikubok-25-kafli-2\/\"> [&#8230;]<\/a><\/p>\n","protected":false},"author":1,"featured_media":0,"parent":0,"menu_order":0,"comment_status":"open","ping_status":"closed","template":"bibliukaflar.php","meta":{"footnotes":""},"class_list":["post-21211","page","type-page","status-publish","hentry"],"_links":{"self":[{"href":"https:\/\/biblian.is\/videy\/wp-json\/wp\/v2\/pages\/21211","targetHints":{"allow":["GET"]}}],"collection":[{"href":"https:\/\/biblian.is\/videy\/wp-json\/wp\/v2\/pages"}],"about":[{"href":"https:\/\/biblian.is\/videy\/wp-json\/wp\/v2\/types\/page"}],"author":[{"embeddable":true,"href":"https:\/\/biblian.is\/videy\/wp-json\/wp\/v2\/users\/1"}],"replies":[{"embeddable":true,"href":"https:\/\/biblian.is\/videy\/wp-json\/wp\/v2\/comments?post=21211"}],"version-history":[{"count":0,"href":"https:\/\/biblian.is\/videy\/wp-json\/wp\/v2\/pages\/21211\/revisions"}],"wp:attachment":[{"href":"https:\/\/biblian.is\/videy\/wp-json\/wp\/v2\/media?parent=21211"}],"curies":[{"name":"wp","href":"https:\/\/api.w.org\/{rel}","templated":true}]}}