{"id":21210,"date":"2018-01-02T01:00:53","date_gmt":"2018-01-02T01:00:53","guid":{"rendered":"http:\/\/biblian.is\/videy\/fyrri-kronikubok-23-kafli\/"},"modified":"2018-01-13T21:29:11","modified_gmt":"2018-01-13T21:29:11","slug":"fyrri-kronikubok-24-kafli-2","status":"publish","type":"page","link":"https:\/\/biblian.is\/videy\/fyrri-kronikubok-24-kafli-2\/","title":{"rendered":"Fyrri kron\u00edkub\u00f3k 24. kafli"},"content":{"rendered":"<div class=\"fyrirsognVidey\">Tala Lev\u00edtanna og \u00feeirra emb\u00e6tti.<\/div>\n<p><a name=\"1\"><span class=\"versanumer\">1<\/span><\/a>Og sem Dav\u00ed\u00f0 var or\u00f0inn gamall og saddur l\u00edfdaga, gj\u00f6r\u00f0i hann son sinn Sal\u00f3mon a\u00f0 k\u00f3ngi yfir \u00cdsrael.<a name=\"2\"><span class=\"versanumer\">2<\/span><\/a>Og hann samansafna\u00f0i \u00f6llum yfirm\u00f6nnum \u00cdsraels og prestunum og Lev\u00edtunum.<a name=\"3\"><span class=\"versanumer\">3<\/span><\/a>Og Lev\u00edtarnir voru taldir, \u00fer\u00edtugir og eldri, og \u00feeirra tala var, h\u00f6fu\u00f0 fyrir h\u00f6fu\u00f0, karlmenn, 38 \u00fe\u00fasundir.<a name=\"4\"><span class=\"versanumer\">4<\/span><\/a>\u201eAf \u00feessum s\u00e9u settir <span class='VideyAth'>(sag\u00f0i hann)<\/span> fyrir verk Drottins h\u00fass 24 \u00fe\u00fasundir, og forst\u00f6\u00f0umenn og d\u00f3marar 6 \u00fe\u00fasundir;<a name=\"5\"><span class=\"versanumer\">5<\/span><\/a>og 4 \u00fe\u00fasund dyraver\u00f0ir og 4 \u00fe\u00fasund, sem syngi Drottni lof, me\u00f0 hlj\u00f3\u00f0f\u00e6rum, er eg hefi gj\u00f6rt til a\u00f0 syngja lof\u201c.<a name=\"6\"><span class=\"versanumer\">6<\/span><\/a>Og Dav\u00ed\u00f0 skipti \u00feeim \u00ed flokka eftir Lev\u00ed sonum: Geson, Kahat og Merari.<a name=\"7\"><span class=\"versanumer\">7<\/span><\/a>Gerson\u00edtar voru Laedan og S\u00edmei.<a name=\"8\"><span class=\"versanumer\">8<\/span><\/a>Synir Laedans: s\u00e1 fyrsti Jehiel og Setam og J\u00f3el, \u00feeir \u00fer\u00edr.<a name=\"9\"><span class=\"versanumer\">9<\/span><\/a>Synir S\u00edmei: Salomit og Hasiel og Haran, \u00feeir \u00fer\u00edr. \u00deessir voru \u00e6ttah\u00f6f\u00f0ingjar <span class='VideyAth'>(af kyni)<\/span> Laedans.<a name=\"10\"><span class=\"versanumer\">10<\/span><\/a>Og synir S\u00edmei: Jahat, S\u00edna og Jeus og Bria; \u00fea\u00f0 eru synir S\u00edmei, \u00feeir fj\u00f3rir.<a name=\"11\"><span class=\"versanumer\">11<\/span><\/a>Og Jahat var s\u00e1 fyrsti, og S\u00edna s\u00e1 annar; og Jeus og Br\u00eda \u00e1ttu ekki m\u00f6rg b\u00f6rn, og svo voru \u00feeir reikna\u00f0ir ein \u00e6tt. <br \/><a name=\"12\"><span class=\"versanumer\">12<\/span><\/a>Synir Kahats: Amram, Jesehar, Hebron og Usiel, \u00feeir fj\u00f3rir.<a name=\"13\"><span class=\"versanumer\">13<\/span><\/a>Synir Amrams: Aron og M\u00f3ses. Og Aron var fr\u00e1skilinn, til a\u00f0 helga hann, sem h\u00e1heilagan, hann og hans synir \u00e6vinlega, a\u00f0 gj\u00f6ra reyk fyrir Drottni, til a\u00f0 \u00fej\u00f3na honum og blessa \u00ed hans nafni eil\u00edflega.<a name=\"14\"><span class=\"versanumer\">14<\/span><\/a>Og synir M\u00f3ses \u00feess gu\u00f0smanns, voru nefndir eftir Lev\u00ed \u00e6ttkv\u00edsl.<a name=\"15\"><span class=\"versanumer\">15<\/span><\/a>Synir M\u00f3ses: Gersom og Elieser.<a name=\"16\"><span class=\"versanumer\">16<\/span><\/a>Synir Gersoms: Seb\u00fael, s\u00e1 fyrsti.<a name=\"17\"><span class=\"versanumer\">17<\/span><\/a>Og synir El\u00edesers voru: Rehabia s\u00e1 fyrsti; og El\u00edeser \u00e1tti enga a\u00f0ra syni; en synir Rehabia voru mj\u00f6g margir.<a name=\"18\"><span class=\"versanumer\">18<\/span><\/a>Synir Jesehars: Sal\u00f3mit s\u00e1 fyrsti.<a name=\"19\"><span class=\"versanumer\">19<\/span><\/a>Synir Hebrons: Jerja, s\u00e1 fyrsti, Amarja, s\u00e1 annar, Jehasiel, s\u00e1 \u00feri\u00f0ji, og Jekamam, s\u00e1 fj\u00f3r\u00f0i.<a name=\"20\"><span class=\"versanumer\">20<\/span><\/a>Synir Usiels: Mika, s\u00e1 fyrsti, og Jissia, s\u00e1 annar. <br \/><a name=\"21\"><span class=\"versanumer\">21<\/span><\/a>Synir Merar\u00ed: Mahel\u00ed og M\u00fasi; synir Mahel\u00ed: Eleasar og Kis.<a name=\"22\"><span class=\"versanumer\">22<\/span><\/a>Og Eleasar d\u00f3, og \u00e1tti enga syni, heldur d\u00e6tur, og synir Kis, \u00feeirra br\u00e6\u00f0ur, t\u00f3ku \u00fe\u00e6r.<a name=\"23\"><span class=\"versanumer\">23<\/span><\/a>Synir Musa: Mahel\u00ed og Eder og Jerem\u00f3t, \u00feeir \u00fer\u00edr. <br \/><a name=\"24\"><span class=\"versanumer\">24<\/span><\/a>\u00deetta eru synir Lev\u00ed, eftir \u00feeirra \u00e6ttum og \u00e6ttfe\u00f0rum, eins og \u00feeir voru kanna\u00f0ir, eftir t\u00f6lu nafnanna, h\u00f6fu\u00f0 fyrir h\u00f6fu\u00f0, sem gegndu \u00fej\u00f3nustugj\u00f6r\u00f0inni \u00ed Drottins h\u00fasi, fr\u00e1 <span class='VideyAth'>*)<\/span> tv\u00edtugsaldri og \u00fear yfir;<a name=\"25\"><span class=\"versanumer\">25<\/span><\/a>\u00fev\u00ed Dav\u00ed\u00f0 sag\u00f0i: Drottinn, Gu\u00f0 \u00cdsraels, hefir gefi\u00f0 s\u00ednu f\u00f3lki hv\u00edld, og hann b\u00fdr a\u00f0 eil\u00edfu \u00ed Jer\u00fasalem;<a name=\"26\"><span class=\"versanumer\">26<\/span><\/a>svo \u00feurfa Lev\u00edtarnir ekki lengur a\u00f0 bera tjaldb\u00fa\u00f0ina, me\u00f0 \u00f6llum hennar emb\u00e6ttisverkf\u00e6rum.<a name=\"27\"><span class=\"versanumer\">27<\/span><\/a>\u00dev\u00ed eftir seinustu skipun Dav\u00ed\u00f0s, voru Lev\u00edsynir taldir, tv\u00edtugir og eldri.<a name=\"28\"><span class=\"versanumer\">28<\/span><\/a>\u00dev\u00ed \u00feeirra emb\u00e6tti var <span class='VideyAth'>(a\u00f0 gegna)<\/span>, vi\u00f0 h\u00f6nd Aronssona, \u00fej\u00f3nustu Drottins h\u00fass, <span class='VideyAth'>(og umsj\u00f3n)<\/span> yfir forgar\u00f0inum og yfir st\u00fakunum, og hreinsun alls \u00feess heilaga, og \u00fej\u00f3nustu s\u00fdslan Gu\u00f0s h\u00fass.<a name=\"29\"><span class=\"versanumer\">29<\/span><\/a>Og <span class='VideyAth'>(annast um)<\/span> sko\u00f0unarbrau\u00f0in og hveitimj\u00f6li\u00f0 og matoffri\u00f0 og \u00fe\u00e6r \u00f3s\u00fdr\u00f0u k\u00f6kur og p\u00f6nnurnar, og \u00fea\u00f0 steikta, og allan m\u00e6lir og m\u00e1l,<a name=\"30\"><span class=\"versanumer\">30<\/span><\/a>og \u00feeir skyldu standa morgun eftir morgun <span class='VideyAth'>(rei\u00f0ub\u00fanir)<\/span> til a\u00f0 \u00feakka Drottni og lofa hann, og eins \u00e1 kv\u00f6ldin,<a name=\"31\"><span class=\"versanumer\">31<\/span><\/a>og f\u00e6ra Drottni allar brennif\u00f3rnir \u00e1 hv\u00edldard\u00f6gum, tunglkomud\u00f6gum og h\u00e1t\u00ed\u00f0um, eftir t\u00f6lu, eftir ni\u00f0urskipun, st\u00f6\u00f0uglega fyrir Drottni.<a name=\"32\"><span class=\"versanumer\">32<\/span><\/a>Og \u00fea\u00f0 sem \u00feeir skyldu s\u00fdsla \u00fea\u00f0 skyldi gj\u00f6rast frammi fyrir samkundutjaldb\u00fa\u00f0inni, og vi\u00f0 helgid\u00f3minn, og fyrir Aronssyni, \u00feeirra br\u00e6\u00f0ur, vi\u00f0v\u00edkjandi Drottins h\u00fass \u00fej\u00f3nustu.<\/p>\n<div class=\"footnoteVidey\"><\/div>\n","protected":false},"excerpt":{"rendered":"<p>Tala Lev\u00edtanna og \u00feeirra emb\u00e6tti. 1Og sem Dav\u00ed\u00f0 var or\u00f0inn gamall og saddur l\u00edfdaga, gj\u00f6r\u00f0i hann son sinn Sal\u00f3mon a\u00f0 k\u00f3ngi yfir \u00cdsrael.2Og hann samansafna\u00f0i \u00f6llum yfirm\u00f6nnum \u00cdsraels og prestunum og Lev\u00edtunum.3Og Lev\u00edtarnir voru taldir, \u00fer\u00edtugir og eldri, og \u00feeirra tala var, h\u00f6fu\u00f0 fyrir h\u00f6fu\u00f0, karlmenn, 38 \u00fe\u00fasundir.4\u201eAf \u00feessum s\u00e9u settir (sag\u00f0i hann) fyrir verk Drottins h\u00fass 24 \u00fe\u00fasundir, og forst\u00f6\u00f0umenn og d\u00f3marar 6 \u00fe\u00fasundir;5og 4 \u00fe\u00fasund dyraver\u00f0ir og 4 \u00fe\u00fasund, sem syngi Drottni lof, me\u00f0 hlj\u00f3\u00f0f\u00e6rum, er eg hefi gj\u00f6rt til a\u00f0 syngja lof\u201c.6Og Dav\u00ed\u00f0 skipti \u00feeim \u00ed flokka eftir Lev\u00ed sonum: Geson, Kahat og Merari.7Gerson\u00edtar voru Laedan og <a href=\"https:\/\/biblian.is\/videy\/fyrri-kronikubok-24-kafli-2\/\"> [&#8230;]<\/a><\/p>\n","protected":false},"author":1,"featured_media":0,"parent":0,"menu_order":0,"comment_status":"open","ping_status":"closed","template":"bibliukaflar.php","meta":{"footnotes":""},"class_list":["post-21210","page","type-page","status-publish","hentry"],"_links":{"self":[{"href":"https:\/\/biblian.is\/videy\/wp-json\/wp\/v2\/pages\/21210","targetHints":{"allow":["GET"]}}],"collection":[{"href":"https:\/\/biblian.is\/videy\/wp-json\/wp\/v2\/pages"}],"about":[{"href":"https:\/\/biblian.is\/videy\/wp-json\/wp\/v2\/types\/page"}],"author":[{"embeddable":true,"href":"https:\/\/biblian.is\/videy\/wp-json\/wp\/v2\/users\/1"}],"replies":[{"embeddable":true,"href":"https:\/\/biblian.is\/videy\/wp-json\/wp\/v2\/comments?post=21210"}],"version-history":[{"count":0,"href":"https:\/\/biblian.is\/videy\/wp-json\/wp\/v2\/pages\/21210\/revisions"}],"wp:attachment":[{"href":"https:\/\/biblian.is\/videy\/wp-json\/wp\/v2\/media?parent=21210"}],"curies":[{"name":"wp","href":"https:\/\/api.w.org\/{rel}","templated":true}]}}