{"id":21209,"date":"2018-01-02T01:00:47","date_gmt":"2018-01-02T01:00:47","guid":{"rendered":"http:\/\/biblian.is\/videy\/fyrri-kronikubok-22-kafli\/"},"modified":"2018-01-13T21:29:00","modified_gmt":"2018-01-13T21:29:00","slug":"fyrri-kronikubok-23-kafli-2","status":"publish","type":"page","link":"https:\/\/biblian.is\/videy\/fyrri-kronikubok-23-kafli-2\/","title":{"rendered":"Fyrri kron\u00edkub\u00f3k 23. kafli"},"content":{"rendered":"<div class=\"fyrirsognVidey\">Dav\u00ed\u00f0s r\u00e1\u00f0agj\u00f6r\u00f0 a\u00f0 byggja musteri.<\/div>\n<p><a name=\"1\"><span class=\"versanumer\">1<\/span><\/a>Og Dav\u00ed\u00f0 m\u00e6lti: h\u00e9r skal h\u00fas Gu\u00f0s Drottins standa, og h\u00e9r altari\u00f0 til \u00cdsraels brennif\u00f3rna<a name=\"2\"><span class=\"versanumer\">2<\/span><\/a>Og Dav\u00ed\u00f0 skipa\u00f0i a\u00f0 samansafna \u00fatlendingum \u00ed \u00cdsraels landi, og tilsetti steinh\u00f6ggvara, til a\u00f0 h\u00f6ggva steina til Gu\u00f0s h\u00fass byggingar.<a name=\"3\"><span class=\"versanumer\">3<\/span><\/a>Og Dav\u00ed\u00f0 haf\u00f0i dregi\u00f0 a\u00f0 miki\u00f0 j\u00e1rn \u00ed nagla til v\u00e6ngja hur\u00f0anna og til a\u00f0 negla me\u00f0, og miki\u00f0 af eiri, svo ei var\u00f0 vegi\u00f0,<a name=\"4\"><span class=\"versanumer\">4<\/span><\/a>og sedrus vi\u00f0, svo ei var\u00f0 t\u00f6lu \u00e1 komi\u00f0, \u00fev\u00ed \u00feeir \u00ed T\u00fdrus og S\u00eddon h\u00f6f\u00f0u f\u00e6rt Dav\u00ed\u00f0 mikinn sedrus vi\u00f0.<a name=\"5\"><span class=\"versanumer\">5<\/span><\/a>\u00dev\u00ed Dav\u00ed\u00f0 hugsa\u00f0i: sonur minn Sal\u00f3mon er vanm\u00e1ttugt barn, og h\u00fas skal Drottni byggja, sem \u00e1 a\u00f0 vera \u00e1kaflega st\u00f3rt, til fr\u00e6g\u00f0ar og \u00e1g\u00e6tis \u00ed \u00f6llum l\u00f6ndum; \u00fev\u00ed vil eg afla honum fanga. Og svo afla\u00f0i Dav\u00ed\u00f0 mikilla fanga \u00e1\u00f0ur en hann d\u00f3. <br \/><a name=\"6\"><span class=\"versanumer\">6<\/span><\/a>Og hann kalla\u00f0i Sal\u00f3mon sinn son, og bau\u00f0 honum a\u00f0 byggja Drottni, \u00cdsraels Gu\u00f0i, h\u00fas.<a name=\"7\"><span class=\"versanumer\">7<\/span><\/a>Og Dav\u00ed\u00f0 m\u00e6lti til Sal\u00f3mons: sonur minn, eg haf\u00f0i \u00ed hyggju a\u00f0 byggja h\u00fas nafni Drottins, m\u00edns Gu\u00f0s.<a name=\"8\"><span class=\"versanumer\">8<\/span><\/a>En or\u00f0 Drottins kom til m\u00edn og sag\u00f0i: miklu bl\u00f3\u00f0i hefir \u00fe\u00fa \u00fathellt, og miklar orrustur hefir \u00fe\u00fa h\u00e1\u00f0; \u00fe\u00fa skalt ekki byggja h\u00fas m\u00ednu nafni, \u00fev\u00ed \u00e6rna bl\u00f3\u00f0i hefir \u00fe\u00fa \u00fathellt \u00e1 j\u00f6r\u00f0ina fyrir m\u00e9r.<a name=\"9\"><span class=\"versanumer\">9<\/span><\/a>Sj\u00e1! sonur mun \u00fe\u00e9r f\u00e6\u00f0ast, hann mun ver\u00f0a kyrrl\u00e1tur ma\u00f0ur, og eg mun l\u00e1ta hann hafa r\u00f3 fyrir \u00f6llum s\u00ednum \u00f3vinum allt um kring; \u00fev\u00ed Sal\u00f3mon <span class='VideyAth'>(fri\u00f0g\u00f3\u00f0i)<\/span> skal hann heita, og me\u00f0an hann lifir vil eg lei\u00f0a fri\u00f0 og r\u00f3 yfir \u00cdsrael.<a name=\"10\"><span class=\"versanumer\">10<\/span><\/a>S\u00e1 hinn sami skal byggja h\u00fas m\u00ednu nafni, og hann skal vera m\u00e9r sonur og eg honum fa\u00f0ir, og eg vil festa h\u00e1s\u00e6ti hans konungd\u00f3ms yfir \u00cdsrael a\u00f0 eil\u00edfu.<a name=\"11\"><span class=\"versanumer\">11<\/span><\/a>N\u00fa, minn son, Drottinn s\u00e9 me\u00f0 \u00fe\u00e9r, a\u00f0 \u00fe\u00e9r takist \u00fea\u00f0, og a\u00f0 \u00fe\u00fa byggir h\u00fas Drottins \u00fe\u00edns Gu\u00f0s, eins og hann hefir um \u00feig tala\u00f0.<a name=\"12\"><span class=\"versanumer\">12<\/span><\/a>Drottinn gefi \u00fe\u00e9r v\u00edsd\u00f3m og skilning og l\u00e1ti \u00feig r\u00edkja yfir \u00cdsrael, og halda l\u00f6gm\u00e1l Drottins \u00fe\u00edns Gu\u00f0s.<a name=\"13\"><span class=\"versanumer\">13<\/span><\/a>\u00de\u00e1 muntu ver\u00f0a lukkulegur, \u00feegar \u00fe\u00fa g\u00e6tir \u00feess a\u00f0 gj\u00f6ra eftir setningum og r\u00e9ttindum \u00feeim sem Drottinn bau\u00f0 M\u00f3ses, handa \u00cdsrael. Vertu fastur fyrir og sterkur, \u00f3ttastu ekki, vertu ei huglaus!<a name=\"14\"><span class=\"versanumer\">14<\/span><\/a>sj\u00e1! \u00ed \u00f6llu m\u00ednu basli hefi eg dregi\u00f0 a\u00f0 gull til Drottins h\u00fass, hundra\u00f0 \u00fe\u00fasund v\u00e6ttir, og silfur, \u00fe\u00fasund sinnum \u00fe\u00fasund v\u00e6ttir, og eiri\u00f0 og j\u00e1rni\u00f0 ver\u00f0ur ekki vegi\u00f0; \u00fev\u00ed miki\u00f0 er af \u00fev\u00ed, og vi\u00f0a og steina hefi eg afla\u00f0; \u00fear m\u00e1ttu enn n\u00fa vi\u00f0 auka.<a name=\"15\"><span class=\"versanumer\">15<\/span><\/a>Og hj\u00e1 \u00fe\u00e9r eru margir verkamenn, steinh\u00f6ggvarar, og \u00feeir sem geta unni\u00f0 a\u00f0 tr\u00e9 og steinum, og menn sem hafa hagleik til alls konar verka.<a name=\"16\"><span class=\"versanumer\">16<\/span><\/a>Gulli\u00f0 og silfri\u00f0 og eiri\u00f0 og j\u00e1rni\u00f0 ver\u00f0ur ei tali\u00f0. Tak \u00fe\u00fa \u00feig til og framkv\u00e6m \u00fe\u00fa \u00fea\u00f0! og Drottinn s\u00e9 me\u00f0 \u00fe\u00e9r! <br \/><a name=\"17\"><span class=\"versanumer\">17<\/span><\/a>Og Dav\u00ed\u00f0 bau\u00f0 \u00f6llum \u00cdsraels h\u00f6f\u00f0ingjum a\u00f0 styrkja son sinn Sal\u00f3mon.<a name=\"18\"><span class=\"versanumer\">18<\/span><\/a>\u201eEr ekki Drottinn y\u00f0ar Gu\u00f0 me\u00f0 y\u00f0ur og hefir hann ei gefi\u00f0 y\u00f0ur fri\u00f0 \u00e1 allar hli\u00f0ar? \u00fev\u00ed hann hefir gefi\u00f0 \u00ed m\u00edna h\u00f6nd landsins innb\u00faa, og landi\u00f0 er unni\u00f0 undir Drottin og hans f\u00f3lk.<a name=\"19\"><span class=\"versanumer\">19<\/span><\/a>Og sn\u00fai\u00f0 n\u00fa y\u00f0ar hj\u00f6rtum og s\u00e1lum til \u00feess, a\u00f0 leita Drottins y\u00f0ar Gu\u00f0s; og taki\u00f0 y\u00f0ur til, og byggi\u00f0 helgid\u00f3m Drottins Gu\u00f0s, a\u00f0 \u00fe\u00e9r geti\u00f0 flutt \u00feanga\u00f0 s\u00e1ttm\u00e1ls \u00f6rk Drottins og \u00feau helgu \u00e1h\u00f6ld Gu\u00f0s, \u00ed \u00fea\u00f0 h\u00fas, sem er byggt nafninu Drottins\u201c.<\/p>\n<div class=\"footnoteVidey\">V. 1. 2 Sam. 24. 1.<\/div>\n","protected":false},"excerpt":{"rendered":"<p>Dav\u00ed\u00f0s r\u00e1\u00f0agj\u00f6r\u00f0 a\u00f0 byggja musteri. 1Og Dav\u00ed\u00f0 m\u00e6lti: h\u00e9r skal h\u00fas Gu\u00f0s Drottins standa, og h\u00e9r altari\u00f0 til \u00cdsraels brennif\u00f3rna2Og Dav\u00ed\u00f0 skipa\u00f0i a\u00f0 samansafna \u00fatlendingum \u00ed \u00cdsraels landi, og tilsetti steinh\u00f6ggvara, til a\u00f0 h\u00f6ggva steina til Gu\u00f0s h\u00fass byggingar.3Og Dav\u00ed\u00f0 haf\u00f0i dregi\u00f0 a\u00f0 miki\u00f0 j\u00e1rn \u00ed nagla til v\u00e6ngja hur\u00f0anna og til a\u00f0 negla me\u00f0, og miki\u00f0 af eiri, svo ei var\u00f0 vegi\u00f0,4og sedrus vi\u00f0, svo ei var\u00f0 t\u00f6lu \u00e1 komi\u00f0, \u00fev\u00ed \u00feeir \u00ed T\u00fdrus og S\u00eddon h\u00f6f\u00f0u f\u00e6rt Dav\u00ed\u00f0 mikinn sedrus vi\u00f0.5\u00dev\u00ed Dav\u00ed\u00f0 hugsa\u00f0i: sonur minn Sal\u00f3mon er vanm\u00e1ttugt barn, og h\u00fas skal Drottni byggja, sem \u00e1 a\u00f0 vera <a href=\"https:\/\/biblian.is\/videy\/fyrri-kronikubok-23-kafli-2\/\"> [&#8230;]<\/a><\/p>\n","protected":false},"author":1,"featured_media":0,"parent":0,"menu_order":0,"comment_status":"open","ping_status":"closed","template":"bibliukaflar.php","meta":{"footnotes":""},"class_list":["post-21209","page","type-page","status-publish","hentry"],"_links":{"self":[{"href":"https:\/\/biblian.is\/videy\/wp-json\/wp\/v2\/pages\/21209","targetHints":{"allow":["GET"]}}],"collection":[{"href":"https:\/\/biblian.is\/videy\/wp-json\/wp\/v2\/pages"}],"about":[{"href":"https:\/\/biblian.is\/videy\/wp-json\/wp\/v2\/types\/page"}],"author":[{"embeddable":true,"href":"https:\/\/biblian.is\/videy\/wp-json\/wp\/v2\/users\/1"}],"replies":[{"embeddable":true,"href":"https:\/\/biblian.is\/videy\/wp-json\/wp\/v2\/comments?post=21209"}],"version-history":[{"count":0,"href":"https:\/\/biblian.is\/videy\/wp-json\/wp\/v2\/pages\/21209\/revisions"}],"wp:attachment":[{"href":"https:\/\/biblian.is\/videy\/wp-json\/wp\/v2\/media?parent=21209"}],"curies":[{"name":"wp","href":"https:\/\/api.w.org\/{rel}","templated":true}]}}