{"id":21208,"date":"2018-01-02T01:00:47","date_gmt":"2018-01-02T01:00:47","guid":{"rendered":"http:\/\/biblian.is\/videy\/fyrri-kronikubok-21-kafli\/"},"modified":"2018-01-13T21:28:51","modified_gmt":"2018-01-13T21:28:51","slug":"fyrri-kronikubok-22-kafli-2","status":"publish","type":"page","link":"https:\/\/biblian.is\/videy\/fyrri-kronikubok-22-kafli-2\/","title":{"rendered":"Fyrri kron\u00edkub\u00f3k 22. kafli"},"content":{"rendered":"<div class=\"fyrirsognVidey\">F\u00f3lkstal. Dreps\u00f3tt.<\/div>\n<p><a name=\"1\"><span class=\"versanumer\">1<\/span><\/a>Og Satan m\u00f3tst\u00f3\u00f0 \u00cdsrael og egndi Dav\u00ed\u00f0 til a\u00f0 telja \u00cdsrael.<a name=\"2\"><span class=\"versanumer\">2<\/span><\/a>Og Dav\u00ed\u00f0 sag\u00f0i vi\u00f0 J\u00f3ab og h\u00f6fu\u00f0smenn f\u00f3lksins: fari\u00f0 og telji\u00f0 \u00cdsrael fr\u00e1 Berseba og allt til Dan, og f\u00e6ri\u00f0 m\u00e9r <span class='VideyAth'>(tali\u00f0)<\/span> svo a\u00f0 eg viti, t\u00f6lu \u00feeirra.<a name=\"3\"><span class=\"versanumer\">3<\/span><\/a>J\u00f3ab svara\u00f0i: Drottinn auki vi\u00f0 f\u00f3lk sitt, eins og \u00fea\u00f0 n\u00fa er <span class='VideyAth'>(margt)<\/span> hundra\u00f0 sinnum, eru \u00feeir ekki, minn herra k\u00f3ngur! allir m\u00edns herra \u00fej\u00f3nar? til hv\u00f6rs l\u00e6tur minn herra spyrja um \u00feetta? hv\u00ed vill hann vera \u00cdsrael til sakfellis?<a name=\"4\"><span class=\"versanumer\">4<\/span><\/a>Og or\u00f0 k\u00f3ngsins m\u00e1tti meir en J\u00f3ab; og J\u00f3ab gekk \u00fat, og f\u00f3r um allan \u00cdsrael, og kom til Jer\u00fasalem,<a name=\"5\"><span class=\"versanumer\">5<\/span><\/a>og J\u00f3ab f\u00e9kk Dav\u00ed\u00f0 manntal f\u00f3lksins, og allur \u00cdsrael var \u00fe\u00fasund \u00fe\u00fasunda og hundra\u00f0 \u00fe\u00fasund vopnf\u00e6rra manna, og J\u00fada fj\u00f6gur hundru\u00f0 og sj\u00f6t\u00edu \u00fe\u00fasund vopnf\u00e6rra manna;<a name=\"6\"><span class=\"versanumer\">6<\/span><\/a>en Lev\u00ed og Benjam\u00edn taldi hann ekki me\u00f0 \u00feessum, \u00fev\u00ed a\u00f0 J\u00f3ab haf\u00f0i \u00f3beit \u00e1 skipun k\u00f3ngsins.<a name=\"7\"><span class=\"versanumer\">7<\/span><\/a>En \u00feetta verk misl\u00edka\u00f0i Drottni, og hann sl\u00f3 \u00cdsrael.<a name=\"8\"><span class=\"versanumer\">8<\/span><\/a>Og Dav\u00ed\u00f0 sag\u00f0i til Gu\u00f0s: eg hefi \u00feunglega syndga\u00f0 og eg gj\u00f6r\u00f0i \u00feetta, en tak n\u00fa burt, eg bi\u00f0, misgj\u00f6rning \u00fe\u00edns \u00fej\u00f3ns, \u00fev\u00ed eg hefi breytt harla f\u00e1v\u00edslega.<a name=\"9\"><span class=\"versanumer\">9<\/span><\/a>Og Drottinn tala\u00f0i vi\u00f0 Ga\u00f0, Dav\u00ed\u00f0s sj\u00e1anda, og sag\u00f0i:<a name=\"10\"><span class=\"versanumer\">10<\/span><\/a>far \u00fe\u00fa, tala vi\u00f0 Dav\u00ed\u00f0, og seg: svo segir Drottinn: \u00ferennt legg eg fyrir \u00feig, kj\u00f3s \u00fe\u00fa eitt af \u00fev\u00ed, a\u00f0 eg l\u00e1ti \u00fea\u00f0 koma yfir \u00feig.<a name=\"11\"><span class=\"versanumer\">11<\/span><\/a>Og Ga\u00f0 kom til Dav\u00ed\u00f0s og sag\u00f0i honum: svo segir Drottinn: kj\u00f3s \u00fe\u00e9r!<a name=\"12\"><span class=\"versanumer\">12<\/span><\/a>anna\u00f0hv\u00f6rt \u00feriggja \u00e1ra hall\u00e6ri, e\u00f0a \u00fe\u00fa fl\u00fdir 3 m\u00e1nu\u00f0i fyrir fjandm\u00f6nnum \u00fe\u00ednum, og fyrir reiddu sver\u00f0i \u00f3vina \u00feinna, ellegar \u00ed 3 daga sver\u00f0 Drottins og dreps\u00f3tt \u00ed landinu, og engill Drottins ey\u00f0ileggjandi \u00ed \u00f6llum \u00cdsraels landamerkjum. G\u00e6ttu n\u00fa a\u00f0 hv\u00f6rju eg \u00e1 a\u00f0 svara \u00feeim sem mig sendi.<a name=\"13\"><span class=\"versanumer\">13<\/span><\/a>Dav\u00ed\u00f0 sag\u00f0i til Ga\u00f0: mj\u00f6g \u00ferengumst eg, en samt vil eg feginn falla \u00ed h\u00f6nd Drottins, \u00fev\u00ed a\u00f0 miskunn hans er mikil, en \u00ed manna hendur vil ekki falla \u00ed.<a name=\"14\"><span class=\"versanumer\">14<\/span><\/a>\u00de\u00e1 l\u00e9t Drottinn dreps\u00f3tt koma \u00ed \u00cdsrael, og \u00fear f\u00e9llu af \u00cdsrael 70 \u00fe\u00fasundir manna.<a name=\"15\"><span class=\"versanumer\">15<\/span><\/a>Og Drottinn sendi engilinn til Jer\u00fasalem til a\u00f0 sl\u00e1 hana; og sem hann sl\u00f3 hana, s\u00e1 Drottinn \u00fea\u00f0, og hann i\u00f0ra\u00f0ist hins illa, og m\u00e6lti til engilsins: n\u00f3g <span class='VideyAth'>(er a\u00f0 gj\u00f6rt)<\/span>! taktu n\u00fa a\u00f0 \u00fe\u00e9r h\u00f6ndina. En engill Drottins st\u00f3\u00f0 hj\u00e1 hl\u00f6\u00f0u Arnans Jeb\u00fas\u00edta.<a name=\"16\"><span class=\"versanumer\">16<\/span><\/a>Og Dav\u00ed\u00f0 h\u00f3f upp s\u00edn augu, og s\u00e1 engilinn standa milli himins og jar\u00f0ar, me\u00f0 rykktu sver\u00f0i \u00ed hendi, \u00fatr\u00e9tt yfir Jer\u00fasalem. \u00de\u00e1 f\u00e9ll Dav\u00ed\u00f0 og \u00feeir elstu \u00e1 s\u00edn andlit, kl\u00e6ddir sekkjum.<a name=\"17\"><span class=\"versanumer\">17<\/span><\/a>Og Dav\u00ed\u00f0 sag\u00f0i vi\u00f0 Gu\u00f0: hefi eg ei skipa\u00f0 a\u00f0 telja f\u00f3lki\u00f0? Eg em s\u00e1 er syndga\u00f0i og breytti illa; en hva\u00f0 hafa \u00feessir sau\u00f0ir gj\u00f6rt? Drottinn minn Gu\u00f0, \u00fe\u00edn h\u00f6nd komi yfir mig og yfir h\u00fas m\u00edns f\u00f6\u00f0urs, en ekki yfir mitt f\u00f3lk, til a\u00f0 pl\u00e1ga \u00fea\u00f0! <br \/><a name=\"18\"><span class=\"versanumer\">18<\/span><\/a>En engill Drottins sag\u00f0i Ga\u00f0, a\u00f0 segja Dav\u00ed\u00f0 a\u00f0 hann skyldi reisa Drottni altari \u00e1 hl\u00f6\u00f0ug\u00f3lfi Arnans, Jeb\u00fas\u00edta.<a name=\"19\"><span class=\"versanumer\">19<\/span><\/a>Og Dav\u00ed\u00f0 f\u00f3r eftir or\u00f0i Ga\u00f0s, er hann haf\u00f0i tala\u00f0 \u00ed nafni Drottins.<a name=\"20\"><span class=\"versanumer\">20<\/span><\/a>En sem Arnan sneri s\u00e9r vi\u00f0 og s\u00e1 engilinn, og hans fj\u00f3rir synir me\u00f0 honum, svo f\u00f3lu \u00feeir sig; en Arnan var einmitt a\u00f0 \u00fereskja hveiti.<a name=\"21\"><span class=\"versanumer\">21<\/span><\/a>Og Dav\u00ed\u00f0 kom til Arnans; \u00fe\u00e1 lita\u00f0ist Arnan um, og s\u00e1 Dav\u00ed\u00f0, og gekk \u00fat \u00far hl\u00f6\u00f0unni og laut Dav\u00ed\u00f0 me\u00f0 s\u00ednu andliti til jar\u00f0ar.<a name=\"22\"><span class=\"versanumer\">22<\/span><\/a>Og Dav\u00ed\u00f0 m\u00e6lti til Arnans: gef \u00fe\u00fa m\u00e9r hl\u00f6\u00f0ust\u00e6\u00f0i\u00f0! svo eg byggi \u00fear Drottni altari; l\u00e1ttu mig f\u00e1 \u00fea\u00f0 fyrir fullt ver\u00f0, svo pl\u00e1gunni ver\u00f0i b\u00e6gt fr\u00e1 f\u00f3lkinu.<a name=\"23\"><span class=\"versanumer\">23<\/span><\/a>Og Arnan sag\u00f0i til Dav\u00ed\u00f0s: tak \u00fe\u00fa hana, og minn herra konungur gj\u00f6ri hva\u00f0 honum gott \u00feykir; sj\u00e1! eg gef nautin til brennif\u00f3rnar og \u00fereskisle\u00f0ann til eldivi\u00f0ar og hveiti\u00f0 til matoffurs; allt \u00feetta gef eg.<a name=\"24\"><span class=\"versanumer\">24<\/span><\/a>Og Dav\u00ed\u00f0 konungur sag\u00f0i til Arnans: nei! eg vil heldur kaupa \u00feetta fyrir fullt ver\u00f0, \u00fev\u00ed ekki vil eg f\u00f3rnf\u00e6ra Drottni \u00fev\u00ed, sem \u00feitt er, e\u00f0a offra brennif\u00f3rn kostna\u00f0arlaust.<a name=\"25\"><span class=\"versanumer\">25<\/span><\/a>Og svo gaf Dav\u00ed\u00f0 Arnan fyrir pl\u00e1ssi\u00f0, sikil gulls, a\u00f0 vigt 6 hundru\u00f0.<a name=\"26\"><span class=\"versanumer\">26<\/span><\/a>Og Dav\u00ed\u00f0 bygg\u00f0i \u00fear Drottni altari, og frambar brennif\u00f3rn og \u00feakkarf\u00f3rn og \u00e1kalla\u00f0i Drottin, og hann heyr\u00f0i hann me\u00f0 eldi af himni \u00e1 brennif\u00f3rnaraltarinu.<a name=\"27\"><span class=\"versanumer\">27<\/span><\/a>Og Drottinn bau\u00f0 englinum, \u00fe\u00e1 stakk hann s\u00ednu sver\u00f0i \u00ed \u00feess sl\u00ed\u00f0ur.<a name=\"28\"><span class=\"versanumer\">28<\/span><\/a>\u00c1 sama t\u00edma, \u00feegar Dav\u00ed\u00f0 s\u00e1 a\u00f0 Drottinn haf\u00f0i b\u00e6nheyrt hann \u00ed hl\u00f6\u00f0u Arnans Jeb\u00fas\u00edta, \u00fe\u00e1 f\u00e6r\u00f0i hann \u00fear f\u00f3rnir.<a name=\"29\"><span class=\"versanumer\">29<\/span><\/a>En b\u00fasta\u00f0ur <span class='VideyAth'>(tjaldb\u00fa\u00f0)<\/span> Drottins sem M\u00f3ses haf\u00f0i gj\u00f6rt \u00ed ey\u00f0im\u00f6rkinni, og brennif\u00f3rnaraltari\u00f0 var um \u00fea\u00f0 leyti \u00e1 G\u00edbeonsh\u00e6\u00f0.<a name=\"30\"><span class=\"versanumer\">30<\/span><\/a>En Dav\u00ed\u00f0 gat ekki gengi\u00f0 fyrir hana, til a\u00f0 leita Gu\u00f0s, \u00fev\u00ed hann var hr\u00e6ddur vi\u00f0 sver\u00f0 Drottins engils.<\/p>\n<div class=\"footnoteVidey\">V. 2. 2 Sam. 12,30.  V. 3. 2 Sam. 12,31.  V. 4. a. 2 Sam. 21,18. b. D\u00f3m. 3,30. 8,28. 11,33. 1 Sam. 7,13.  V. 5. 2 Sam. 21,19.  V. 6. 2 Sam. 21,20.<\/div>\n","protected":false},"excerpt":{"rendered":"<p>F\u00f3lkstal. Dreps\u00f3tt. 1Og Satan m\u00f3tst\u00f3\u00f0 \u00cdsrael og egndi Dav\u00ed\u00f0 til a\u00f0 telja \u00cdsrael.2Og Dav\u00ed\u00f0 sag\u00f0i vi\u00f0 J\u00f3ab og h\u00f6fu\u00f0smenn f\u00f3lksins: fari\u00f0 og telji\u00f0 \u00cdsrael fr\u00e1 Berseba og allt til Dan, og f\u00e6ri\u00f0 m\u00e9r (tali\u00f0) svo a\u00f0 eg viti, t\u00f6lu \u00feeirra.3J\u00f3ab svara\u00f0i: Drottinn auki vi\u00f0 f\u00f3lk sitt, eins og \u00fea\u00f0 n\u00fa er (margt) hundra\u00f0 sinnum, eru \u00feeir ekki, minn herra k\u00f3ngur! allir m\u00edns herra \u00fej\u00f3nar? til hv\u00f6rs l\u00e6tur minn herra spyrja um \u00feetta? hv\u00ed vill hann vera \u00cdsrael til sakfellis?4Og or\u00f0 k\u00f3ngsins m\u00e1tti meir en J\u00f3ab; og J\u00f3ab gekk \u00fat, og f\u00f3r um allan \u00cdsrael, og kom til Jer\u00fasalem,5og J\u00f3ab f\u00e9kk <a href=\"https:\/\/biblian.is\/videy\/fyrri-kronikubok-22-kafli-2\/\"> [&#8230;]<\/a><\/p>\n","protected":false},"author":1,"featured_media":0,"parent":0,"menu_order":0,"comment_status":"open","ping_status":"closed","template":"bibliukaflar.php","meta":{"footnotes":""},"class_list":["post-21208","page","type-page","status-publish","hentry"],"_links":{"self":[{"href":"https:\/\/biblian.is\/videy\/wp-json\/wp\/v2\/pages\/21208","targetHints":{"allow":["GET"]}}],"collection":[{"href":"https:\/\/biblian.is\/videy\/wp-json\/wp\/v2\/pages"}],"about":[{"href":"https:\/\/biblian.is\/videy\/wp-json\/wp\/v2\/types\/page"}],"author":[{"embeddable":true,"href":"https:\/\/biblian.is\/videy\/wp-json\/wp\/v2\/users\/1"}],"replies":[{"embeddable":true,"href":"https:\/\/biblian.is\/videy\/wp-json\/wp\/v2\/comments?post=21208"}],"version-history":[{"count":0,"href":"https:\/\/biblian.is\/videy\/wp-json\/wp\/v2\/pages\/21208\/revisions"}],"wp:attachment":[{"href":"https:\/\/biblian.is\/videy\/wp-json\/wp\/v2\/media?parent=21208"}],"curies":[{"name":"wp","href":"https:\/\/api.w.org\/{rel}","templated":true}]}}