{"id":21206,"date":"2018-01-02T01:00:47","date_gmt":"2018-01-02T01:00:47","guid":{"rendered":"http:\/\/biblian.is\/videy\/fyrri-kronikubok-19-kafli\/"},"modified":"2018-01-13T21:28:27","modified_gmt":"2018-01-13T21:28:27","slug":"fyrri-kronikubok-20-kafli-2","status":"publish","type":"page","link":"https:\/\/biblian.is\/videy\/fyrri-kronikubok-20-kafli-2\/","title":{"rendered":"Fyrri kron\u00edkub\u00f3k 20. kafli"},"content":{"rendered":"<div class=\"fyrirsognVidey\">Sigur yfir Ammon\u00edtum og s\u00fdrlenskum. 2 Sam. 10.<\/div>\n<p><a name=\"1\"><span class=\"versanumer\">1<\/span><\/a>Eftir \u00feetta anda\u00f0ist Nahas, k\u00f3ngur Ammonssona, og hans son var\u00f0 k\u00f3ngur \u00ed hans sta\u00f0.<a name=\"2\"><span class=\"versanumer\">2<\/span><\/a>\u00de\u00e1 sag\u00f0i Dav\u00ed\u00f0: eg vil s\u00fdna Hamon syni Nahas vinskap, \u00fev\u00ed fa\u00f0ir hans s\u00fdndi m\u00e9r vinskap; og Dav\u00ed\u00f0 sendi menn a\u00f0 hugga hann \u00fe\u00e1 hann harma\u00f0i f\u00f6\u00f0ur sinn. Og svo komu Dav\u00ed\u00f0s \u00fej\u00f3nar \u00ed land Ammonsbarna til Hanons, til a\u00f0 hugga hann.<a name=\"3\"><span class=\"versanumer\">3<\/span><\/a>\u00de\u00e1 s\u00f6g\u00f0u h\u00f6f\u00f0ingjar Ammonssona til Hanons: s\u00fdnist \u00fe\u00e9r Dav\u00ed\u00f0 hei\u00f0ra f\u00f6\u00f0ur \u00feinn, a\u00f0 hann sendir \u00fe\u00e9r huggara? Eru ekki hans \u00fej\u00f3nar komnir til \u00fe\u00edn \u00ed \u00feeim tilgangi a\u00f0 rannsaka landi\u00f0, ey\u00f0ileggja og nj\u00f3sna?<a name=\"4\"><span class=\"versanumer\">4<\/span><\/a>\u00de\u00e1 t\u00f3k Hanon Dav\u00ed\u00f0s \u00fej\u00f3na og sp\u00e9skar \u00fe\u00e1, og snei\u00f0 af \u00feeim h\u00e1lf kl\u00e6\u00f0in allt a\u00f0 mj\u00f6\u00f0mum og l\u00e9t \u00fe\u00e1 svo fara.<a name=\"5\"><span class=\"versanumer\">5<\/span><\/a>Og menn komu og s\u00f6g\u00f0u Dav\u00ed\u00f0 fr\u00e1 <span class='VideyAth'>(hv\u00f6rnig fari\u00f0 var)<\/span> me\u00f0 mennina, \u00fe\u00e1 sendi hann \u00e1 m\u00f3ti \u00feeim, \u00fev\u00ed mennirnir voru mj\u00f6g sv\u00edvirtir, og sag\u00f0i: veri\u00f0 \u00ed Jer\u00edk\u00f3 \u00feanga\u00f0 til y\u00f0ar skegg sprettur, og komi\u00f0 svo aftur. <br \/><a name=\"6\"><span class=\"versanumer\">6<\/span><\/a>Og sem Ammonssynir s\u00e1u, a\u00f0 \u00feeir voru illa \u00feokka\u00f0ir hj\u00e1 Dav\u00ed\u00f0, sendi Hanon og Ammonssynir \u00fe\u00fasund v\u00e6ttir <span class='VideyAth'>(centener)<\/span> silfurs, til \u00feess a\u00f0 leigja s\u00e9r vagna og rei\u00f0menn fr\u00e1 Mes\u00f3p\u00f3tam\u00eda, fr\u00e1 Syr\u00edu-Maaka og fr\u00e1 S\u00f3ba,<a name=\"7\"><span class=\"versanumer\">7<\/span><\/a>og \u00feeir leig\u00f0u tv\u00e6r og \u00ferj\u00e1tygi \u00fe\u00fasundir vagna, og k\u00f3ng Maaka me\u00f0 li\u00f0i hans, og \u00feeir komu, og settu herb\u00fa\u00f0ir fyrir framan Meaba, og synir Ammons s\u00f6fnu\u00f0ust saman \u00far borgum \u00feeirra, og komu til bardagans.<a name=\"8\"><span class=\"versanumer\">8<\/span><\/a>En \u00fe\u00e1 Dav\u00ed\u00f0 heyr\u00f0i \u00fea\u00f0, sendi hann J\u00f3ab me\u00f0 allan kappaherinn.<a name=\"9\"><span class=\"versanumer\">9<\/span><\/a>Og synir Ammons f\u00f3ru \u00fat, og fylktu <span class='VideyAth'>(li\u00f0i s\u00ednu)<\/span> til orrustu vi\u00f0 borgarhli\u00f0i\u00f0, en k\u00f3ngarnir, sem komnir v\u00f3ru, <span class='VideyAth'>(fylktu s\u00e9r)<\/span> \u00fat af fyrir sig \u00e1 v\u00f6llunum.<a name=\"10\"><span class=\"versanumer\">10<\/span><\/a>N\u00fa s\u00e1 J\u00f3ab s\u00e9r b\u00fainn bardaga b\u00e6\u00f0i \u00e1 bak og fyrir, og hann \u00fatvaldi allt vali\u00f0 li\u00f0 \u00ed \u00cdsrael, og fylkti \u00fev\u00ed til orrustu m\u00f3ti S\u00fdrum,<a name=\"11\"><span class=\"versanumer\">11<\/span><\/a>en hitt f\u00f3lki\u00f0 setti hann undir h\u00f6nd br\u00f3\u00f0ur s\u00edns Ab\u00edsa\u00ed og \u00feeir bjuggu sig \u00fat m\u00f3ti sonum Ammons,<a name=\"12\"><span class=\"versanumer\">12<\/span><\/a>og hann <span class='VideyAth'>(J\u00f3ab)<\/span> sag\u00f0i: ef S\u00fdrar bera mig ofurli\u00f0i, \u00fe\u00e1 skaltu vera m\u00e9r til hj\u00e1lpar, en ef synir Ammons ver\u00f0a \u00fe\u00e9r sterkari, \u00fe\u00e1 mun eg hj\u00e1lpa \u00fe\u00e9r.<a name=\"13\"><span class=\"versanumer\">13<\/span><\/a>Vertu \u00f6ruggur og berjumst hraustlega vegna vors f\u00f3lks, og vegna sta\u00f0a vors Gu\u00f0s. Drottinn gj\u00f6ri hva\u00f0 honum \u00fe\u00f3knast <span class='VideyAth'>a)<\/span>.<a name=\"14\"><span class=\"versanumer\">14<\/span><\/a>Og J\u00f3ab r\u00e9\u00f0ist \u00e1samt \u00fev\u00ed li\u00f0i sem me\u00f0 honum var, til orrustu \u00ed m\u00f3ti S\u00fdrum, og \u00feeir fl\u00fa\u00f0u undan honum.<a name=\"15\"><span class=\"versanumer\">15<\/span><\/a>\u00deegar synir Ammons s\u00e1u, a\u00f0 S\u00fdrar fl\u00fa\u00f0u, h\u00e9ldu \u00feeir einnig \u00e1 fl\u00f3tta fyrir Ab\u00edsa\u00ed br\u00f3\u00f0ur hans, og f\u00f3ru inn \u00ed borgina, en J\u00f3ab kom til Jer\u00fasalem.<a name=\"16\"><span class=\"versanumer\">16<\/span><\/a>Og \u00fe\u00e1 S\u00fdrar s\u00e1u, a\u00f0 \u00feeir voru <span class='VideyAth'>(\u00e1 fl\u00f3tta)<\/span> reknir fyrir \u00cdsraels augliti, sendu \u00feeir \u00fat bo\u00f0, a\u00f0 S\u00fdrar t\u00e6kju sig upp, sem voru hinumegin flj\u00f3tsins <span class='VideyAth'>(Frat)<\/span>, og S\u00f3fak hersh\u00f6f\u00f0ingi Hadaresers var fyrir \u00feeim,<a name=\"17\"><span class=\"versanumer\">17<\/span><\/a>og \u00fea\u00f0 var sagt Dav\u00ed\u00f0, og hann safna\u00f0i saman \u00f6llum \u00cdsrael, og f\u00f3r yfir J\u00f3rdan, og kom a\u00f0 \u00feeim og bj\u00f3st <span class='VideyAth'>(til orrustu)<\/span> m\u00f3ti \u00feeim, og <span class='VideyAth'>(\u00fe\u00e1)<\/span> Dav\u00ed\u00f0 me\u00f0 fylktu li\u00f0i h\u00e1\u00f0i orrustu vi\u00f0 S\u00fdra, b\u00f6r\u00f0ust \u00feeir m\u00f3ti honum,<a name=\"18\"><span class=\"versanumer\">18<\/span><\/a>en S\u00fdrar fl\u00fa\u00f0u undan \u00cdsrael, og Dav\u00ed\u00f0 felldi af S\u00fdrum 7 \u00fe\u00fasund vagna, <span class='VideyAth'>(riddarali\u00f0s)<\/span> og 40 \u00fe\u00fasund f\u00f3tg\u00f6nguli\u00f0s, og l\u00edka drap hann S\u00f3fak hersh\u00f6f\u00f0ingja.<a name=\"19\"><span class=\"versanumer\">19<\/span><\/a>En \u00fe\u00e1 \u00fe\u00e9narar Hadaresers s\u00e1u, a\u00f0 \u00feeir voru felldir af \u00cdsrael, gj\u00f6r\u00f0u \u00feeir fri\u00f0 vi\u00f0 Dav\u00ed\u00f0, og ur\u00f0u hans \u00feegnar; og S\u00fdrar vildu ekki framar veita li\u00f0 sonum Ammons.<\/p>\n<div class=\"footnoteVidey\">V. 9. a. 2 Sam. 8,9. fl.<\/div>\n","protected":false},"excerpt":{"rendered":"<p>Sigur yfir Ammon\u00edtum og s\u00fdrlenskum. 2 Sam. 10. 1Eftir \u00feetta anda\u00f0ist Nahas, k\u00f3ngur Ammonssona, og hans son var\u00f0 k\u00f3ngur \u00ed hans sta\u00f0.2\u00de\u00e1 sag\u00f0i Dav\u00ed\u00f0: eg vil s\u00fdna Hamon syni Nahas vinskap, \u00fev\u00ed fa\u00f0ir hans s\u00fdndi m\u00e9r vinskap; og Dav\u00ed\u00f0 sendi menn a\u00f0 hugga hann \u00fe\u00e1 hann harma\u00f0i f\u00f6\u00f0ur sinn. Og svo komu Dav\u00ed\u00f0s \u00fej\u00f3nar \u00ed land Ammonsbarna til Hanons, til a\u00f0 hugga hann.3\u00de\u00e1 s\u00f6g\u00f0u h\u00f6f\u00f0ingjar Ammonssona til Hanons: s\u00fdnist \u00fe\u00e9r Dav\u00ed\u00f0 hei\u00f0ra f\u00f6\u00f0ur \u00feinn, a\u00f0 hann sendir \u00fe\u00e9r huggara? Eru ekki hans \u00fej\u00f3nar komnir til \u00fe\u00edn \u00ed \u00feeim tilgangi a\u00f0 rannsaka landi\u00f0, ey\u00f0ileggja og nj\u00f3sna?4\u00de\u00e1 t\u00f3k Hanon Dav\u00ed\u00f0s \u00fej\u00f3na og <a href=\"https:\/\/biblian.is\/videy\/fyrri-kronikubok-20-kafli-2\/\"> [&#8230;]<\/a><\/p>\n","protected":false},"author":1,"featured_media":0,"parent":0,"menu_order":0,"comment_status":"open","ping_status":"closed","template":"bibliukaflar.php","meta":{"footnotes":""},"class_list":["post-21206","page","type-page","status-publish","hentry"],"_links":{"self":[{"href":"https:\/\/biblian.is\/videy\/wp-json\/wp\/v2\/pages\/21206","targetHints":{"allow":["GET"]}}],"collection":[{"href":"https:\/\/biblian.is\/videy\/wp-json\/wp\/v2\/pages"}],"about":[{"href":"https:\/\/biblian.is\/videy\/wp-json\/wp\/v2\/types\/page"}],"author":[{"embeddable":true,"href":"https:\/\/biblian.is\/videy\/wp-json\/wp\/v2\/users\/1"}],"replies":[{"embeddable":true,"href":"https:\/\/biblian.is\/videy\/wp-json\/wp\/v2\/comments?post=21206"}],"version-history":[{"count":0,"href":"https:\/\/biblian.is\/videy\/wp-json\/wp\/v2\/pages\/21206\/revisions"}],"wp:attachment":[{"href":"https:\/\/biblian.is\/videy\/wp-json\/wp\/v2\/media?parent=21206"}],"curies":[{"name":"wp","href":"https:\/\/api.w.org\/{rel}","templated":true}]}}