{"id":21205,"date":"2018-01-02T01:00:47","date_gmt":"2018-01-02T01:00:47","guid":{"rendered":"http:\/\/biblian.is\/videy\/fyrri-kronikubok-18-kafli\/"},"modified":"2018-01-13T21:28:15","modified_gmt":"2018-01-13T21:28:15","slug":"fyrri-kronikubok-19-kafli-2","status":"publish","type":"page","link":"https:\/\/biblian.is\/videy\/fyrri-kronikubok-19-kafli-2\/","title":{"rendered":"Fyrri kron\u00edkub\u00f3k 19. kafli"},"content":{"rendered":"<div class=\"fyrirsognVidey\">Sigurvinningar Dav\u00ed\u00f0s. Hans emb\u00e6ttismenn. (2 Sam. 8).<\/div>\n<p><a name=\"1\"><span class=\"versanumer\">1<\/span><\/a>Eftir \u00feetta vann Dav\u00ed\u00f0 Filisteanna, og beyg\u00f0i \u00fe\u00e1, og t\u00f3k \u00far hendi Filisteanna Gat og hennar d\u00e6tur.<a name=\"2\"><span class=\"versanumer\">2<\/span><\/a>Og hann sigra\u00f0i M\u00f3ab\u00edtana, og M\u00f3ab\u00edtar ur\u00f0u Dav\u00ed\u00f0s \u00feegnar  og f\u00e6r\u00f0u <span class='VideyAth'>(honum)<\/span> g\u00e1fur.<a name=\"3\"><span class=\"versanumer\">3<\/span><\/a>Og Dav\u00ed\u00f0 vann Hadareser k\u00f3nginn \u00ed S\u00f3ba \u00ed Hemat, \u00fe\u00e1 hann f\u00f3r til a\u00f0 grundvalla sitt veldi vi\u00f0 \u00e1na Frat.<a name=\"4\"><span class=\"versanumer\">4<\/span><\/a>Og Dav\u00ed\u00f0 t\u00f3k af honum \u00fe\u00fasund vagna og 7 \u00fe\u00fasund rei\u00f0menn og 20 \u00fe\u00fasund f\u00f3tg\u00f6nguli\u00f0s, og lesti alla vagnhestana, og h\u00e9lt a\u00f0eins eftir af \u00feeim einu hundra\u00f0i.<a name=\"5\"><span class=\"versanumer\">5<\/span><\/a>Og s\u00fdrlenskir fr\u00e1 Damaskus komu til li\u00f0s vi\u00f0 Hadareser, k\u00f3nginn \u00ed S\u00f3ba, og Dav\u00ed\u00f0 felldi af s\u00fdrlenskum 22 \u00fe\u00fasund manns.<a name=\"6\"><span class=\"versanumer\">6<\/span><\/a>Og Dav\u00ed\u00f0 l\u00e9t setuli\u00f0 vera \u00ed Damaskus \u00e1 S\u00fdrlandi, og s\u00fdrlenskir ur\u00f0u Dav\u00ed\u00f0s \u00feegnar, sem f\u00e6r\u00f0u <span class='VideyAth'>(honum)<\/span> g\u00e1fur. \u00deannig veitti Drottinn Dav\u00ed\u00f0 sigur, hv\u00f6rt sem hann f\u00f3r.<a name=\"7\"><span class=\"versanumer\">7<\/span><\/a>Og Dav\u00ed\u00f0 t\u00f3k gullskildina, sem Hadaresers \u00feegnar b\u00e1ru og flutti \u00fe\u00e1 til Jer\u00fasalem.<a name=\"8\"><span class=\"versanumer\">8<\/span><\/a>Og \u00far Tibehad og \u00far K\u00fan, borgum Hadaresers t\u00f3k Dav\u00ed\u00f0 mj\u00f6g miki\u00f0 eir. \u00dear af gj\u00f6r\u00f0i Sal\u00f3mon eirhafi\u00f0, og st\u00f3lpana og eir\u00e1h\u00f6ldin.<a name=\"9\"><span class=\"versanumer\">9<\/span><\/a>\u00de\u00e1 To\u00fa konungurinn \u00ed Hemat <span class='VideyAth'>a)<\/span> heyr\u00f0i, a\u00f0 Dav\u00ed\u00f0 hef\u00f0i sigra\u00f0 alla makt Hadaresers k\u00f3ngsins \u00ed S\u00f3ba,<a name=\"10\"><span class=\"versanumer\">10<\/span><\/a>sendi hann Hadoram, son sinn, til Dav\u00ed\u00f0s k\u00f3ngs, til a\u00f0 spyrja um hans velgengni, og \u00f3ska honum til lukku, a\u00f0 hann haf\u00f0i barist vi\u00f0 Hadareser og unni\u00f0 hann, <span class='VideyAth'>(\u00fev\u00ed To\u00fa var \u00ed str\u00ed\u00f0i vi\u00f0 Hadareser)<\/span> og <span class='VideyAth'>(l\u00edka sendi hann)<\/span> alls konar ker af gulli, silfri og eiri.<a name=\"11\"><span class=\"versanumer\">11<\/span><\/a>Einnegin \u00feessi helga\u00f0i Dav\u00ed\u00f0 konungur Drottni, \u00e1samt me\u00f0 \u00fev\u00ed silfri og gulli, sem hann haf\u00f0i teki\u00f0 af \u00f6llum \u00fej\u00f3\u00f0um, af Ed\u00f3m\u00edtum og M\u00f3ab\u00edtum, og af Ammonssonum og af Filisteum, og af Amalek\u00edtum.<a name=\"12\"><span class=\"versanumer\">12<\/span><\/a>Og Abisai, sonur Ser\u00faja, vann Ed\u00f3m\u00edta \u00ed Saltdalnum, 18 \u00fe\u00fasund a\u00f0 t\u00f6lu.<a name=\"13\"><span class=\"versanumer\">13<\/span><\/a>Og hann lag\u00f0i setuli\u00f0 \u00ed Edom, og allt Edomsland komst undir Dav\u00ed\u00f0. Og \u00feannig gaf Drottinn Dav\u00ed\u00f0 sigur hv\u00f6rt sem hann f\u00f3r. <br \/><a name=\"14\"><span class=\"versanumer\">14<\/span><\/a>Og Dav\u00ed\u00f0 r\u00edkti yfir \u00f6llum \u00cdsrael, og l\u00e9t allt sitt f\u00f3lk nj\u00f3ta laga og r\u00e9ttinda.<a name=\"15\"><span class=\"versanumer\">15<\/span><\/a>En J\u00f3ab sonur Ser\u00faja var yfir hernum, og J\u00f3safat, sonur Ahiluds var kanselleri,<a name=\"16\"><span class=\"versanumer\">16<\/span><\/a>og Sadok sonur Ahitubs, og Abimelek, sonur Abiatars voru prestar, og Savfa skrifari.<a name=\"17\"><span class=\"versanumer\">17<\/span><\/a>Og Benaja sonur J\u00f3jada var yfir l\u00edfvaktinni, og synir Dav\u00ed\u00f0s voru \u00feeir fyrstu vi\u00f0 k\u00f3ngsins h\u00f6nd.<\/p>\n<div class=\"footnoteVidey\">V. 21. Devt. 4,7. 2 Sam. 7,23.  V. 27. 2 Sam. 7,29.<\/div>\n","protected":false},"excerpt":{"rendered":"<p>Sigurvinningar Dav\u00ed\u00f0s. Hans emb\u00e6ttismenn. (2 Sam. 8). 1Eftir \u00feetta vann Dav\u00ed\u00f0 Filisteanna, og beyg\u00f0i \u00fe\u00e1, og t\u00f3k \u00far hendi Filisteanna Gat og hennar d\u00e6tur.2Og hann sigra\u00f0i M\u00f3ab\u00edtana, og M\u00f3ab\u00edtar ur\u00f0u Dav\u00ed\u00f0s \u00feegnar og f\u00e6r\u00f0u (honum) g\u00e1fur.3Og Dav\u00ed\u00f0 vann Hadareser k\u00f3nginn \u00ed S\u00f3ba \u00ed Hemat, \u00fe\u00e1 hann f\u00f3r til a\u00f0 grundvalla sitt veldi vi\u00f0 \u00e1na Frat.4Og Dav\u00ed\u00f0 t\u00f3k af honum \u00fe\u00fasund vagna og 7 \u00fe\u00fasund rei\u00f0menn og 20 \u00fe\u00fasund f\u00f3tg\u00f6nguli\u00f0s, og lesti alla vagnhestana, og h\u00e9lt a\u00f0eins eftir af \u00feeim einu hundra\u00f0i.5Og s\u00fdrlenskir fr\u00e1 Damaskus komu til li\u00f0s vi\u00f0 Hadareser, k\u00f3nginn \u00ed S\u00f3ba, og Dav\u00ed\u00f0 felldi af s\u00fdrlenskum 22 \u00fe\u00fasund manns.6Og <a href=\"https:\/\/biblian.is\/videy\/fyrri-kronikubok-19-kafli-2\/\"> [&#8230;]<\/a><\/p>\n","protected":false},"author":1,"featured_media":0,"parent":0,"menu_order":0,"comment_status":"open","ping_status":"closed","template":"bibliukaflar.php","meta":{"footnotes":""},"class_list":["post-21205","page","type-page","status-publish","hentry"],"_links":{"self":[{"href":"https:\/\/biblian.is\/videy\/wp-json\/wp\/v2\/pages\/21205","targetHints":{"allow":["GET"]}}],"collection":[{"href":"https:\/\/biblian.is\/videy\/wp-json\/wp\/v2\/pages"}],"about":[{"href":"https:\/\/biblian.is\/videy\/wp-json\/wp\/v2\/types\/page"}],"author":[{"embeddable":true,"href":"https:\/\/biblian.is\/videy\/wp-json\/wp\/v2\/users\/1"}],"replies":[{"embeddable":true,"href":"https:\/\/biblian.is\/videy\/wp-json\/wp\/v2\/comments?post=21205"}],"version-history":[{"count":0,"href":"https:\/\/biblian.is\/videy\/wp-json\/wp\/v2\/pages\/21205\/revisions"}],"wp:attachment":[{"href":"https:\/\/biblian.is\/videy\/wp-json\/wp\/v2\/media?parent=21205"}],"curies":[{"name":"wp","href":"https:\/\/api.w.org\/{rel}","templated":true}]}}