{"id":21204,"date":"2018-01-02T01:00:47","date_gmt":"2018-01-02T01:00:47","guid":{"rendered":"http:\/\/biblian.is\/videy\/fyrri-kronikubok-17-kafli\/"},"modified":"2018-01-13T21:28:04","modified_gmt":"2018-01-13T21:28:04","slug":"fyrri-kronikubok-18-kafli-2","status":"publish","type":"page","link":"https:\/\/biblian.is\/videy\/fyrri-kronikubok-18-kafli-2\/","title":{"rendered":"Fyrri kron\u00edkub\u00f3k 18. kafli"},"content":{"rendered":"<div class=\"fyrirsognVidey\">Dav\u00ed\u00f0 \u00e1formar a\u00f0 byggja musteri. (2 Sam. 7.)<\/div>\n<p><a name=\"1\"><span class=\"versanumer\">1<\/span><\/a>Og \u00fea\u00f0 ske\u00f0i, \u00fe\u00e1 Dav\u00ed\u00f0 bj\u00f3 \u00ed s\u00ednu h\u00fasi, a\u00f0 hann sag\u00f0i vi\u00f0 sp\u00e1manninn Natan: sj\u00e1! eg b\u00fd \u00ed h\u00fasi af sedrusvi\u00f0, og s\u00e1ttm\u00e1ls\u00f6rk Drottins, <span class='VideyAth'>(er)<\/span> undir d\u00fakum.<a name=\"2\"><span class=\"versanumer\">2<\/span><\/a>Og Natan sag\u00f0i til Dav\u00ed\u00f0s: gj\u00f6r \u00fe\u00fa allt hva\u00f0 \u00fe\u00e9r er \u00ed hug, \u00fev\u00ed Gu\u00f0 er me\u00f0 \u00fe\u00e9r.<a name=\"3\"><span class=\"versanumer\">3<\/span><\/a>Og \u00e1 \u00feeirri s\u00f6mu n\u00f3ttu kom Gu\u00f0s or\u00f0 til Natans, og m\u00e6lti:<a name=\"4\"><span class=\"versanumer\">4<\/span><\/a>far \u00fe\u00fa og tala vi\u00f0 minn \u00fej\u00f3n Dav\u00ed\u00f0s: svo segir Drottinn: \u00fe\u00fa skalt ekki byggja m\u00e9r h\u00fas til \u00edb\u00fa\u00f0ar.<a name=\"5\"><span class=\"versanumer\">5<\/span><\/a>Eg hefi ekki \u00ed h\u00fasi b\u00fai\u00f0 s\u00ed\u00f0an \u00feann dag a\u00f0 flutti \u00cdsrael hinga\u00f0, allt til \u00feessa dags, og eg gekk \u00far tjaldi \u00ed tjald, og \u00far b\u00fasta\u00f0 <span class='VideyAth'>(\u00ed b\u00fasta\u00f0)<\/span>.<a name=\"6\"><span class=\"versanumer\">6<\/span><\/a>Allan \u00feann t\u00edma \u00fe\u00e1 eg var \u00e1 fer\u00f0 me\u00f0 \u00f6llum \u00cdsrael, hefi eg \u00fe\u00e1 tala\u00f0 eitt or\u00f0 vi\u00f0 nokkurn \u00cdsraels d\u00f3mara og sagt: \u00fev\u00ed byggi\u00f0 \u00fe\u00e9r m\u00e9r ekki h\u00fas af sedrusvi\u00f0?<a name=\"7\"><span class=\"versanumer\">7<\/span><\/a>Og seg n\u00fa m\u00ednum \u00fej\u00f3n Dav\u00ed\u00f0: svo segir Drottinn allsherjar: eg hefi teki\u00f0 \u00feig \u00far haglendinu fr\u00e1 hj\u00f6r\u00f0inni til h\u00f6f\u00f0ingja yfir mitt f\u00f3lk \u00cdsrael,<a name=\"8\"><span class=\"versanumer\">8<\/span><\/a>og var me\u00f0 \u00fe\u00e9r hv\u00f6rt sem \u00fe\u00fa f\u00f3rst, og uppr\u00e6tti alla \u00fe\u00edna \u00f3vini fr\u00e1 \u00fe\u00e9r, og eg hefi gj\u00f6rt \u00feitt nafn l\u00edkt nafni hinna miklu \u00e1 j\u00f6r\u00f0inni,<a name=\"9\"><span class=\"versanumer\">9<\/span><\/a>og hefi gefi\u00f0 b\u00fasta\u00f0 m\u00ednu f\u00f3lki \u00cdsrael og gr\u00f3\u00f0ursett \u00fea\u00f0, a\u00f0 \u00fea\u00f0 b\u00fdr \u00e1 s\u00ednum sta\u00f0 og ver\u00f0ur ei framar \u00f3r\u00f3a\u00f0, og limskunnar synir skulu ei framar pl\u00e1ga \u00fea\u00f0, eins og \u00e1\u00f0ur,<a name=\"10\"><span class=\"versanumer\">10<\/span><\/a>og fr\u00e1 \u00feeim t\u00edma a\u00f0 eg setti d\u00f3mara yfir mitt f\u00f3lk \u00cdsrael; og eg hefi au\u00f0m\u00fdkt alla \u00fe\u00edna \u00f3vini og kunngj\u00f6rt \u00fe\u00e9r, a\u00f0 Drottinn muni h\u00fas byggja.<a name=\"11\"><span class=\"versanumer\">11<\/span><\/a>\u00deegar \u00fe\u00ednir dagar eru allir, svo \u00fe\u00fa fer til allra \u00feinna fe\u00f0ra, svo vil eg upphefja \u00e6tt \u00fe\u00edna eftir \u00feig, einn af \u00fe\u00ednum sonum, og sta\u00f0festa hans konungd\u00f3m.<a name=\"12\"><span class=\"versanumer\">12<\/span><\/a>S\u00e1 hinn sami skal byggja m\u00e9r h\u00fas, og eg vil festa hans h\u00e1s\u00e6ti a\u00f0 eil\u00edfu.<a name=\"13\"><span class=\"versanumer\">13<\/span><\/a>Eg vil vera hans fa\u00f0ir og hann skal vera minn son! og eg vil ekki draga m\u00edna n\u00e1\u00f0 \u00ed hl\u00e9 vi\u00f0 hann, eins og eg dr\u00f3 hana \u00ed hl\u00e9 vi\u00f0 hann, eins og eg dr\u00f3 hana \u00ed hl\u00e9 vi\u00f0 \u00feann sem var fyrir \u00feig <span class='VideyAth'>(k\u00f3ngur)<\/span>.<a name=\"14\"><span class=\"versanumer\">14<\/span><\/a>Heldur vil eg sta\u00f0festa hann \u00ed m\u00ednu h\u00fasi og k\u00f3ngsr\u00edki a\u00f0 eil\u00edfu, og hans h\u00e1s\u00e6ti skal fast vera eil\u00edflega.<a name=\"15\"><span class=\"versanumer\">15<\/span><\/a>Samkv\u00e6mt \u00f6llum \u00feessum or\u00f0um og allri \u00feessari opinberan tala\u00f0i Natan vi\u00f0 Dav\u00ed\u00f0.<a name=\"16\"><span class=\"versanumer\">16<\/span><\/a>\u00de\u00e1 gekk Dav\u00ed\u00f0 konungur inn <span class='VideyAth'>(\u00ed tjaldb\u00fa\u00f0ina)<\/span> og settist fyrir augs\u00fdn Drottins og m\u00e6lti: hv\u00f6r em eg Gu\u00f0, Drottinn, og hva\u00f0 mitt h\u00fas a\u00f0 \u00fe\u00fa hefir annast mig hinga\u00f0 til?<a name=\"17\"><span class=\"versanumer\">17<\/span><\/a>Og \u00fea\u00f0 var of l\u00edti\u00f0 fyrir \u00fe\u00ednum augum Gu\u00f0, og \u00fe\u00fa gafst h\u00fasi \u00fe\u00edns \u00fej\u00f3ns fyrirheit <span class='VideyAth'>(\u00e1lengdar)<\/span> sem \u00e1 s\u00e9r langan aldur, og hefir liti\u00f0 \u00e1 mig eftir mannlegum h\u00e6tti, \u00fe\u00fa Gu\u00f0 Drottinn \u00ed h\u00e6\u00f0inni!<a name=\"18\"><span class=\"versanumer\">18<\/span><\/a>Hva\u00f0 skal Dav\u00ed\u00f0 ennframar <span class='VideyAth'>(segja)<\/span> vi\u00f0 \u00feig um hei\u00f0ur \u00fe\u00edns \u00fej\u00f3ns? \u00fe\u00fa \u00feekkir \u00feinn \u00fej\u00f3n.<a name=\"19\"><span class=\"versanumer\">19<\/span><\/a>Drottinn! sakir \u00fe\u00edns \u00fej\u00f3ns og eftir \u00fe\u00ednum vilja hefir \u00fe\u00fa gj\u00f6rt allt \u00feetta mikla og kunngj\u00f6rt allt \u00feetta mikla.<a name=\"20\"><span class=\"versanumer\">20<\/span><\/a>Drottinn, enginn er sem \u00fe\u00fa, og enginn Gu\u00f0 nema \u00fe\u00fa, \u00f6ldungis eins og v\u00e9r h\u00f6fum heyrt me\u00f0 vorum eyrum.<a name=\"21\"><span class=\"versanumer\">21<\/span><\/a>Og hv\u00f6r <span class='VideyAth'>(\u00fej\u00f3\u00f0)<\/span> er sem \u00feitt f\u00f3lk \u00cdsrael, \u00fej\u00f3\u00f0 \u00e1 j\u00f6r\u00f0unni, sem Gu\u00f0 er kominn til a\u00f0 leysa s\u00e9r fyrir f\u00f3lk, og \u00fe\u00e9r nafn a\u00f0 gj\u00f6ra me\u00f0 mikilleika og \u00f3gnunum, \u00ed \u00fev\u00ed \u00fe\u00fa rakst burt \u00fej\u00f3\u00f0ir fr\u00e1 \u00fe\u00ednu f\u00f3lki, sem \u00fe\u00fa leystir \u00far Egyptalandi?<a name=\"22\"><span class=\"versanumer\">22<\/span><\/a>Og svo hefir \u00fe\u00fa a\u00f0 eil\u00edfu gj\u00f6rt \u00feitt f\u00f3lk \u00cdsrael a\u00f0 \u00fe\u00ednu f\u00f3lki, og \u00fe\u00fa Drottinn ert or\u00f0inn \u00fev\u00ed Gu\u00f0.<a name=\"23\"><span class=\"versanumer\">23<\/span><\/a>Og n\u00fa, Drottinn, \u00fea\u00f0 or\u00f0 sem \u00fe\u00fa hefir tala\u00f0 um \u00feinn \u00fej\u00f3n og hans h\u00fas ver\u00f0i satt og eil\u00edft, og gj\u00f6r eins og \u00fe\u00fa hefir tala\u00f0.<a name=\"24\"><span class=\"versanumer\">24<\/span><\/a>J\u00e1, ver\u00f0i \u00fea\u00f0 satt og \u00feitt nafn ver\u00f0i vegsamlegt a\u00f0 eil\u00edfu, svo menn segi: Drottinn herskaranna er \u00cdsraels Gu\u00f0, er Gu\u00f0 \u00ed \u00cdsrael, og h\u00fas Dav\u00ed\u00f0s \u00fe\u00edns \u00fej\u00f3ns s\u00e9 sta\u00f0fast fyrir \u00fe\u00e9r!<a name=\"25\"><span class=\"versanumer\">25<\/span><\/a>\u00fe\u00fa, minn Gu\u00f0, hefur opinbera\u00f0 \u00fe\u00ednum \u00fej\u00f3ni, a\u00f0 \u00fe\u00fa vilt byggja honum h\u00fas; \u00fear fyrir hefir \u00feinn \u00fej\u00f3n r\u00e1\u00f0ist \u00ed a\u00f0 tilbi\u00f0ja \u00feig.<a name=\"26\"><span class=\"versanumer\">26<\/span><\/a>Og n\u00fa Drottinn, \u00fe\u00fa ert Gu\u00f0, og \u00fe\u00fa hefir heiti\u00f0 \u00feessi g\u00e6\u00f0i \u00fe\u00ednum \u00fe\u00e9nara.<a name=\"27\"><span class=\"versanumer\">27<\/span><\/a>Og l\u00e1t \u00fe\u00e9r n\u00fa \u00fe\u00f3knast a\u00f0 blessa h\u00fas \u00fe\u00edns \u00fej\u00f3ns, a\u00f0 \u00fea\u00f0 s\u00e9 eil\u00edflega <span class='VideyAth'>(r\u00edki yfir \u00cdsrael)<\/span> frammi fyrir \u00fe\u00e9r; \u00fev\u00ed s\u00e1 er eil\u00edflega blessa\u00f0ur, sem \u00fe\u00fa Drottinn blessar.<\/p>\n<div class=\"footnoteVidey\">V. 1. 2 Sam. 6,17.  V. 2. 2 Sam. 6,18.  V. 8. S\u00e1lm. 105,1\u201318. Esa. 12,4.<\/div>\n","protected":false},"excerpt":{"rendered":"<p>Dav\u00ed\u00f0 \u00e1formar a\u00f0 byggja musteri. (2 Sam. 7.) 1Og \u00fea\u00f0 ske\u00f0i, \u00fe\u00e1 Dav\u00ed\u00f0 bj\u00f3 \u00ed s\u00ednu h\u00fasi, a\u00f0 hann sag\u00f0i vi\u00f0 sp\u00e1manninn Natan: sj\u00e1! eg b\u00fd \u00ed h\u00fasi af sedrusvi\u00f0, og s\u00e1ttm\u00e1ls\u00f6rk Drottins, (er) undir d\u00fakum.2Og Natan sag\u00f0i til Dav\u00ed\u00f0s: gj\u00f6r \u00fe\u00fa allt hva\u00f0 \u00fe\u00e9r er \u00ed hug, \u00fev\u00ed Gu\u00f0 er me\u00f0 \u00fe\u00e9r.3Og \u00e1 \u00feeirri s\u00f6mu n\u00f3ttu kom Gu\u00f0s or\u00f0 til Natans, og m\u00e6lti:4far \u00fe\u00fa og tala vi\u00f0 minn \u00fej\u00f3n Dav\u00ed\u00f0s: svo segir Drottinn: \u00fe\u00fa skalt ekki byggja m\u00e9r h\u00fas til \u00edb\u00fa\u00f0ar.5Eg hefi ekki \u00ed h\u00fasi b\u00fai\u00f0 s\u00ed\u00f0an \u00feann dag a\u00f0 flutti \u00cdsrael hinga\u00f0, allt til \u00feessa dags, og eg <a href=\"https:\/\/biblian.is\/videy\/fyrri-kronikubok-18-kafli-2\/\"> [&#8230;]<\/a><\/p>\n","protected":false},"author":1,"featured_media":0,"parent":0,"menu_order":0,"comment_status":"open","ping_status":"closed","template":"bibliukaflar.php","meta":{"footnotes":""},"class_list":["post-21204","page","type-page","status-publish","hentry"],"_links":{"self":[{"href":"https:\/\/biblian.is\/videy\/wp-json\/wp\/v2\/pages\/21204","targetHints":{"allow":["GET"]}}],"collection":[{"href":"https:\/\/biblian.is\/videy\/wp-json\/wp\/v2\/pages"}],"about":[{"href":"https:\/\/biblian.is\/videy\/wp-json\/wp\/v2\/types\/page"}],"author":[{"embeddable":true,"href":"https:\/\/biblian.is\/videy\/wp-json\/wp\/v2\/users\/1"}],"replies":[{"embeddable":true,"href":"https:\/\/biblian.is\/videy\/wp-json\/wp\/v2\/comments?post=21204"}],"version-history":[{"count":0,"href":"https:\/\/biblian.is\/videy\/wp-json\/wp\/v2\/pages\/21204\/revisions"}],"wp:attachment":[{"href":"https:\/\/biblian.is\/videy\/wp-json\/wp\/v2\/media?parent=21204"}],"curies":[{"name":"wp","href":"https:\/\/api.w.org\/{rel}","templated":true}]}}