{"id":21203,"date":"2018-01-02T01:00:47","date_gmt":"2018-01-02T01:00:47","guid":{"rendered":"http:\/\/biblian.is\/videy\/fyrri-kronikubok-16-kafli\/"},"modified":"2018-01-13T21:27:53","modified_gmt":"2018-01-13T21:27:53","slug":"fyrri-kronikubok-17-kafli-2","status":"publish","type":"page","link":"https:\/\/biblian.is\/videy\/fyrri-kronikubok-17-kafli-2\/","title":{"rendered":"Fyrri kron\u00edkub\u00f3k 17. kafli"},"content":{"rendered":"<div class=\"fyrirsognVidey\">Sama efni.<\/div>\n<p><a name=\"1\"><span class=\"versanumer\">1<\/span><\/a>Og \u00feeir fluttu inn <span class='VideyAth'>(\u00ed borgina)<\/span> Gu\u00f0s \u00f6rk og settu hana \u00ed tjaldi\u00f0 sem Dav\u00ed\u00f0 haf\u00f0i reist og offru\u00f0u \u00fear brennif\u00f3rn og \u00feakkarf\u00f3rn.<a name=\"2\"><span class=\"versanumer\">2<\/span><\/a>Og sem Dav\u00ed\u00f0 haf\u00f0i enda\u00f0 brennif\u00f3rnar- og \u00feakkarf\u00f3rnar offri\u00f0, blessa\u00f0i hann f\u00f3lki\u00f0 \u00ed nafni Drottins.<a name=\"3\"><span class=\"versanumer\">3<\/span><\/a>Og hann \u00fatb\u00fdtti \u00f6llum \u00cdsrael, m\u00f6nnum og konum, s\u00e9rhv\u00f6rjum heilu brau\u00f0i og <span class='VideyAth'>(kj\u00f6t)<\/span>stykki og m\u00e6lir v\u00edns.<a name=\"4\"><span class=\"versanumer\">4<\/span><\/a>Og hann skipa\u00f0i ni\u00f0ur, fyrir framan Drottins \u00f6rk, Lev\u00edtunum til \u00fej\u00f3nustu a\u00f0 \u00feeir skyldu pr\u00edsa, lofa og vegsama Drottin, \u00cdsraels Gu\u00f0:<a name=\"5\"><span class=\"versanumer\">5<\/span><\/a>Asaf, sem \u00feeim fyrsta, og sem \u00f6\u00f0rum, n\u00e6st honum, Sakaria; Jegiel, og Simiramot og Jehiel og Matitia og El\u00edab og Benaja og \u00d3be\u00f0-Edom og Jegiel me\u00f0 h\u00f6rpum og hlj\u00f3\u00f0p\u00edpum; og Asaf me\u00f0 hvellu horni.<a name=\"6\"><span class=\"versanumer\">6<\/span><\/a>Og Benaja og Jehasiel, prestar <span class='VideyAth'>(bl\u00e9su)<\/span> jafnvel \u00ed b\u00e1s\u00fanur fyrir framan Gu\u00f0s s\u00e1ttm\u00e1ls\u00f6rk.<a name=\"7\"><span class=\"versanumer\">7<\/span><\/a>\u00de\u00e1 \u00e1 \u00feeim sama degi l\u00e9t Dav\u00ed\u00f0 fyrst \u00feakka Drottni fyrir <span class='VideyAth'>(millig\u00f6ngu)<\/span> Asafs og hans br\u00e6\u00f0ra <span class='VideyAth'>(\u00feannig)<\/span>.<a name=\"8\"><span class=\"versanumer\">8<\/span><\/a>\u00deakki\u00f0 Drottni, \u00e1kalli\u00f0 hans nafn, gj\u00f6ri\u00f0 kunnug hans verk me\u00f0al f\u00f3lksins!<a name=\"9\"><span class=\"versanumer\">9<\/span><\/a>Syngi\u00f0 honum, leiki\u00f0 fyrir honum, yrki\u00f0 um allar hans d\u00e1semdir!<a name=\"10\"><span class=\"versanumer\">10<\/span><\/a>st\u00e6ri\u00f0 <span class='VideyAth'>(hr\u00f3si\u00f0)<\/span> y\u00f0ur af hans heilaga nafni, \u00feeirra hjarta sem leita Drottins gle\u00f0ji sig!<a name=\"11\"><span class=\"versanumer\">11<\/span><\/a>leiti\u00f0 Drottins og hans d\u00fdr\u00f0ar, leiti\u00f0 hans auglitis alla t\u00edma!<a name=\"12\"><span class=\"versanumer\">12<\/span><\/a>muni\u00f0 til \u00feeirra d\u00e1semda, sem hann hefir gj\u00f6rt, hans jarteikna, og d\u00f3ma hans munns,<a name=\"13\"><span class=\"versanumer\">13<\/span><\/a>\u00fe\u00e9r \u00cdsraelsb\u00f6rn, hans \u00fej\u00f3nar, synir Jakobs, hans \u00fatv\u00f6ldu.<a name=\"14\"><span class=\"versanumer\">14<\/span><\/a>Hann, Drottinn, er vor Gu\u00f0; hans d\u00f3mar <span class='VideyAth'>(eru)<\/span> \u00e1 allri j\u00f6r\u00f0unni.<a name=\"15\"><span class=\"versanumer\">15<\/span><\/a>Muni\u00f0 \u00e1vallt til hans s\u00e1ttm\u00e1la, \u00feess or\u00f0s, sem hann hefir bo\u00f0i\u00f0, \u00ed \u00fe\u00fasund \u00e6ttli\u00f0i,<a name=\"16\"><span class=\"versanumer\">16<\/span><\/a>\u00feess s\u00e1ttm\u00e1la sem hann gj\u00f6r\u00f0i vi\u00f0 Abraham og sem hann s\u00f3r \u00cdsak;<a name=\"17\"><span class=\"versanumer\">17<\/span><\/a>og hann setti \u00fea\u00f0 Jakob sem reglu, \u00cdsrael eil\u00edfan s\u00e1ttm\u00e1la,<a name=\"18\"><span class=\"versanumer\">18<\/span><\/a>og sag\u00f0i: \u00fe\u00e9r vil eg gefa Kanaansland svo sem y\u00f0ur \u00fatm\u00e6lda erf\u00f0;<a name=\"19\"><span class=\"versanumer\">19<\/span><\/a>\u00fe\u00e1 voru\u00f0 \u00fe\u00e9r enn n\u00fa l\u00edtill h\u00f3pur, f\u00e1ir og framandi \u00ed landinu.<a name=\"20\"><span class=\"versanumer\">20<\/span><\/a>\u00de\u00e1 f\u00f3ru \u00feeir fr\u00e1 f\u00f3lki til f\u00f3lks, og fr\u00e1 einu k\u00f3ngsr\u00edki til annarrar \u00fej\u00f3\u00f0ar.<a name=\"21\"><span class=\"versanumer\">21<\/span><\/a>Hann leyf\u00f0i engum a\u00f0 undir\u00ferykkja \u00fe\u00e1, og straffa\u00f0i k\u00f3ngana sakir \u00feeirra.<a name=\"22\"><span class=\"versanumer\">22<\/span><\/a><span class='VideyAth'>(Og sag\u00f0i)<\/span> \u201esnerti\u00f0 ekki m\u00edna smur\u00f0u og gj\u00f6ri\u00f0 ekkert illt m\u00ednum sp\u00e1m\u00f6nnum\u201c. <br \/><a name=\"23\"><span class=\"versanumer\">23<\/span><\/a>Syngi\u00f0 Drottni, <span class='VideyAth'>(sj\u00e1 S\u00e1lm. 96)<\/span> \u00f6ll l\u00f6nd, kunngj\u00f6ri\u00f0, dag fr\u00e1 degi, hans hj\u00e1lp!<a name=\"24\"><span class=\"versanumer\">24<\/span><\/a>Segi\u00f0 hans d\u00fdr\u00f0 me\u00f0al \u00fej\u00f3\u00f0anna, fr\u00e1 hans d\u00e1semdar verkum me\u00f0al alls f\u00f3lks.<a name=\"25\"><span class=\"versanumer\">25<\/span><\/a>\u00dev\u00ed mikill er Drottinn og mj\u00f6g loflegur, og \u00f3ttalegur fram yfir alla Gu\u00f0i;<a name=\"26\"><span class=\"versanumer\">26<\/span><\/a>\u00fev\u00ed allir Gu\u00f0ir \u00fej\u00f3\u00f0anna eru afgu\u00f0ir, og Drottinn hefir gj\u00f6rt himininn.<a name=\"27\"><span class=\"versanumer\">27<\/span><\/a>H\u00e1tign og lj\u00f3mi er fyrir hans augliti, hei\u00f0ur og f\u00f6gnu\u00f0ur \u00ed hans b\u00fasta\u00f0.<a name=\"28\"><span class=\"versanumer\">28<\/span><\/a>Gefi\u00f0 Drottni, \u00fe\u00e9r \u00fej\u00f3\u00f0a kynkv\u00edslir, hei\u00f0ur og lof!<a name=\"29\"><span class=\"versanumer\">29<\/span><\/a>gefi\u00f0 Drottni hei\u00f0ur hans nafns, framberi\u00f0 g\u00e1fur og komi\u00f0 fyrir hann! og tilbi\u00f0ji\u00f0 Drottin \u00ed heil\u00f6gum skr\u00fa\u00f0a!<a name=\"30\"><span class=\"versanumer\">30<\/span><\/a>n\u00f6tri\u00f0 fyrir honum \u00f6ll l\u00f6nd, heimurinn stendur og bifast ekki.<a name=\"31\"><span class=\"versanumer\">31<\/span><\/a>Himinninn gle\u00f0jist og j\u00f6r\u00f0in fagni; menn segi me\u00f0al \u00fej\u00f3\u00f0anna: Drottinn er konungur!<a name=\"32\"><span class=\"versanumer\">32<\/span><\/a>Sj\u00f3rinn \u00fej\u00f3ti upp, og \u00fea\u00f0 sem hann fyllir, gla\u00f0v\u00e6rt s\u00e9 engi\u00f0 og allt sem \u00e1 \u00fev\u00ed er;<a name=\"33\"><span class=\"versanumer\">33<\/span><\/a>sk\u00f3garins tr\u00e9 fagni Drottni, \u00fev\u00ed hann kemur til a\u00f0 d\u00e6ma j\u00f6r\u00f0ina. <br \/><a name=\"34\"><span class=\"versanumer\">34<\/span><\/a>\u00deakki\u00f0 Drottni, <span class='VideyAth'>(S\u00e1lm. 107,1)<\/span> \u00fev\u00ed hann er g\u00f3\u00f0gjarn, og eil\u00edf er hans n\u00e1\u00f0!<a name=\"35\"><span class=\"versanumer\">35<\/span><\/a>og segi\u00f0: <span class='VideyAth'>(S\u00e1lm. 106,47)<\/span> hj\u00e1lpa oss Gu\u00f0, vor hj\u00e1lp, og safna oss, og bjarga oss fr\u00e1 \u00fej\u00f3\u00f0unum, a\u00f0 v\u00e9r pr\u00edsum \u00feitt heilaga nafn, a\u00f0 v\u00e9r hr\u00f3sum oss af \u00fe\u00ednu lofi.<a name=\"36\"><span class=\"versanumer\">36<\/span><\/a>Vegsama\u00f0ur s\u00e9 Drottinn Gu\u00f0 \u00cdsraels fr\u00e1 eil\u00edf\u00f0 til eil\u00edf\u00f0ar! og allt f\u00f3lki\u00f0 segi: Amen! og lofi Drottin! <br \/><a name=\"37\"><span class=\"versanumer\">37<\/span><\/a>Og hann setti hj\u00e1 s\u00e1ttm\u00e1ls \u00f6rk Drottins, Asaf og hans br\u00e6\u00f0ur, til a\u00f0 \u00fej\u00f3na st\u00f6\u00f0ugt fyrir \u00f6rkinni dag eftir dag;<a name=\"38\"><span class=\"versanumer\">38<\/span><\/a>og \u00d3be\u00f0-Edom, og \u00feeirra br\u00e6\u00f0ur, 68, og \u00d3be\u00f0-Edom, Jeditunsson og Hosa, sem dyraver\u00f0i.<a name=\"39\"><span class=\"versanumer\">39<\/span><\/a>Og Sadok prest, og hans br\u00e6\u00f0ur, prestana, <span class='VideyAth'>(setti hann)<\/span> fyrir tjaldb\u00fa\u00f0 Drottins \u00e1 h\u00e6\u00f0ina \u00ed G\u00edbeon,<a name=\"40\"><span class=\"versanumer\">40<\/span><\/a>til a\u00f0 f\u00e6ra Drottni brennif\u00f3rnir \u00e1 brennif\u00f3rna altarinu st\u00f6\u00f0uglega, kv\u00f6ld og morgun, allt eins og skrifa\u00f0 stendur \u00ed l\u00f6gm\u00e1li Drottins, sem hann bau\u00f0 \u00cdsrael <span class='VideyAth'>(a\u00f0 halda)<\/span>;<a name=\"41\"><span class=\"versanumer\">41<\/span><\/a>og me\u00f0 \u00feeim Heman og Jedut\u00fan, og a\u00f0ra \u00fatvalda sem me\u00f0 nafni voru til teknir, a\u00f0 \u00feakka Drottni, a\u00f0 hans n\u00e1\u00f0 v\u00e6ri eil\u00edf.<a name=\"42\"><span class=\"versanumer\">42<\/span><\/a>Og me\u00f0 \u00feeim Heman og Jedut\u00fan me\u00f0 trumbum og b\u00e1s\u00fanum a\u00f0 hlj\u00f3ma og me\u00f0 hlj\u00f3\u00f0f\u00e6rum Gu\u00f0s; og syni Jedut\u00fans fyrir dyraver\u00f0i.<a name=\"43\"><span class=\"versanumer\">43<\/span><\/a>Og svo gekk allt f\u00f3lk, hv\u00f6r heim til s\u00edn, og Dav\u00ed\u00f0 f\u00f3r og burt til a\u00f0 heilsa s\u00ednu h\u00fasi.<\/p>\n<div class=\"footnoteVidey\"><\/div>\n","protected":false},"excerpt":{"rendered":"<p>Sama efni. 1Og \u00feeir fluttu inn (\u00ed borgina) Gu\u00f0s \u00f6rk og settu hana \u00ed tjaldi\u00f0 sem Dav\u00ed\u00f0 haf\u00f0i reist og offru\u00f0u \u00fear brennif\u00f3rn og \u00feakkarf\u00f3rn.2Og sem Dav\u00ed\u00f0 haf\u00f0i enda\u00f0 brennif\u00f3rnar- og \u00feakkarf\u00f3rnar offri\u00f0, blessa\u00f0i hann f\u00f3lki\u00f0 \u00ed nafni Drottins.3Og hann \u00fatb\u00fdtti \u00f6llum \u00cdsrael, m\u00f6nnum og konum, s\u00e9rhv\u00f6rjum heilu brau\u00f0i og (kj\u00f6t)stykki og m\u00e6lir v\u00edns.4Og hann skipa\u00f0i ni\u00f0ur, fyrir framan Drottins \u00f6rk, Lev\u00edtunum til \u00fej\u00f3nustu a\u00f0 \u00feeir skyldu pr\u00edsa, lofa og vegsama Drottin, \u00cdsraels Gu\u00f0:5Asaf, sem \u00feeim fyrsta, og sem \u00f6\u00f0rum, n\u00e6st honum, Sakaria; Jegiel, og Simiramot og Jehiel og Matitia og El\u00edab og Benaja og \u00d3be\u00f0-Edom og Jegiel me\u00f0 h\u00f6rpum <a href=\"https:\/\/biblian.is\/videy\/fyrri-kronikubok-17-kafli-2\/\"> [&#8230;]<\/a><\/p>\n","protected":false},"author":1,"featured_media":0,"parent":0,"menu_order":0,"comment_status":"open","ping_status":"closed","template":"bibliukaflar.php","meta":{"footnotes":""},"class_list":["post-21203","page","type-page","status-publish","hentry"],"_links":{"self":[{"href":"https:\/\/biblian.is\/videy\/wp-json\/wp\/v2\/pages\/21203","targetHints":{"allow":["GET"]}}],"collection":[{"href":"https:\/\/biblian.is\/videy\/wp-json\/wp\/v2\/pages"}],"about":[{"href":"https:\/\/biblian.is\/videy\/wp-json\/wp\/v2\/types\/page"}],"author":[{"embeddable":true,"href":"https:\/\/biblian.is\/videy\/wp-json\/wp\/v2\/users\/1"}],"replies":[{"embeddable":true,"href":"https:\/\/biblian.is\/videy\/wp-json\/wp\/v2\/comments?post=21203"}],"version-history":[{"count":0,"href":"https:\/\/biblian.is\/videy\/wp-json\/wp\/v2\/pages\/21203\/revisions"}],"wp:attachment":[{"href":"https:\/\/biblian.is\/videy\/wp-json\/wp\/v2\/media?parent=21203"}],"curies":[{"name":"wp","href":"https:\/\/api.w.org\/{rel}","templated":true}]}}